{"id":2673,"date":"2025-05-07T08:00:17","date_gmt":"2025-05-07T08:00:17","guid":{"rendered":"https:\/\/ruikelaiglobal.com\/?post_type=product&#038;p=2673"},"modified":"2025-07-02T05:17:25","modified_gmt":"2025-07-02T05:17:25","slug":"barbecue-flavor-enhancer","status":"publish","type":"product","link":"https:\/\/ruikelaiglobal.com\/vi\/barbecue-flavor-enhancer\/","title":{"rendered":"Ch\u1ea5t t\u0103ng h\u01b0\u01a1ng v\u1ecb cho th\u1ecbt n\u01b0\u1edbng"},"content":{"rendered":"<h2>Ch\u1ea5t t\u0103ng h\u01b0\u01a1ng v\u1ecb cho th\u1ecbt n\u01b0\u1edbng d\u00f9ng trong c\u00f4ng nghi\u1ec7p v\u00e0 d\u1ecbch v\u1ee5 \u1ea9m th\u1ef1c<\/h2>\n<p>Kh\u00e1m ph\u00e1 \u0111\u1ed9 s\u00e2u v\u00e0 \u0111\u1ed9 \u0111\u1ed3ng nh\u1ea5t v\u00f4 song trong c\u00e1c s\u1ea3n ph\u1ea9m n\u01b0\u1edbng c\u1ee7a b\u1ea1n v\u1edbi Ruilisi\u00ae Barbecue Flavor Enhancer 7710. L\u00e0 nh\u00e0 m\u00e1y s\u1ea3n xu\u1ea5t gia v\u1ecb n\u01b0\u1edbng theo \u0111\u01a1n \u0111\u1eb7t h\u00e0ng h\u00e0ng \u0111\u1ea7u, ch\u00fang t\u00f4i \u0111\u00e3 ph\u00e1t tri\u1ec3n lo\u1ea1i b\u1ed9t chuy\u00ean nghi\u1ec7p n\u00e0y d\u00e0nh ri\u00eang cho c\u00e1c nh\u00e0 s\u1ea3n xu\u1ea5t th\u1ef1c ph\u1ea9m c\u00f4ng nghi\u1ec7p, c\u00e1c c\u01a1 s\u1edf d\u1ecbch v\u1ee5 th\u1ef1c ph\u1ea9m quy m\u00f4 l\u1edbn v\u00e0 c\u00e1c th\u01b0\u01a1ng hi\u1ec7u nh\u00e3n hi\u1ec7u ri\u00eang \u0111ang t\u00ecm ki\u1ebfm l\u1ee3i th\u1ebf c\u1ea1nh tranh \u0111\u1ed9c \u0111\u00e1o.<\/p>\n<p>C\u00f4ng th\u1ee9c s\u00e1ng t\u1ea1o c\u1ee7a ch\u00fang t\u00f4i \u0111\u01b0\u1ee3c x\u00e2y d\u1ef1ng d\u1ef1a tr\u00ean c\u00f4ng ngh\u1ec7 ti\u00ean ti\u1ebfn. <b>C\u00f4ng ngh\u1ec7 ng\u00e2m s\u00e2u &amp; kh\u00f3a nhi\u1ec7t<\/b>. H\u1ec7 th\u1ed1ng n\u00e0y s\u1eed d\u1ee5ng m\u1ed9t h\u1ed7n h\u1ee3p \u0111\u1ed9c quy\u1ec1n c\u1ee7a c\u00e1c ti\u1ec1n ch\u1ea5t h\u01b0\u01a1ng v\u1ecb, bao g\u1ed3m chi\u1ebft xu\u1ea5t men c\u00f3 \u0111\u1ed9 ho\u1ea1t t\u00ednh cao, ho\u1ea1t \u0111\u1ed9ng t\u01b0\u01a1ng h\u1ed7 \u0111\u1ec3 t\u1ed1i \u01b0u h\u00f3a ph\u1ea3n \u1ee9ng Maillard s\u00e2u b\u00ean trong ma tr\u1eadn protein. K\u1ebft qu\u1ea3 kh\u00f4ng ch\u1ec9 l\u00e0 m\u1ed9t l\u1edbp gia v\u1ecb b\u1ec1 m\u1eb7t, m\u00e0 l\u00e0 m\u1ed9t h\u01b0\u01a1ng v\u1ecb \u0111\u1eadm \u0111\u00e0, th\u01a1m ngon v\u00e0 ch\u00e2n th\u1ef1c c\u1ee7a barbecue th\u1ea5m s\u00e2u v\u00e0o t\u1eebng s\u1ee3i th\u1ecbt. Ch\u1ea5t t\u0103ng c\u01b0\u1eddng umami n\u00e0y cho c\u00e1c lo\u1ea1i n\u01b0\u1edbc \u01b0\u1edbp v\u00e0 n\u01b0\u1edbc s\u1ed1t barbecue t\u1ea1o ra m\u1ed9t h\u01b0\u01a1ng v\u1ecb th\u1ecbt c\u01a1 b\u1ea3n m\u1ea1nh m\u1ebd v\u00e0 ph\u1ee9c t\u1ea1p.<\/p>\n<p>H\u01a1n n\u1eefa, th\u00e0nh ph\u1ea7n Thermal-Lock \u0111\u1ea3m b\u1ea3o r\u1eb1ng c\u1ea5u tr\u00fac h\u01b0\u01a1ng v\u1ecb \u0111\u01b0\u1ee3c ph\u00e1t tri\u1ec3n k\u1ef9 l\u01b0\u1ee1ng n\u00e0y v\u1eabn \u1ed5n \u0111\u1ecbnh v\u00e0 m\u1ea1nh m\u1ebd, ngay c\u1ea3 khi ph\u1ea3i ch\u1ecbu c\u00e1c y\u00eau c\u1ea7u kh\u1eaft khe c\u1ee7a qu\u00e1 tr\u00ecnh ch\u1ebf bi\u1ebfn c\u00f4ng nghi\u1ec7p nh\u01b0 n\u01b0\u1edbng nhi\u1ec7t \u0111\u1ed9 cao, hun kh\u00f3i, ti\u1ec7t tr\u00f9ng v\u00e0 gi\u1eef n\u00f3ng trong th\u1eddi gian d\u00e0i. H\u01b0\u01a1ng v\u1ecb n\u01b0\u1edbng \u1ed5n \u0111\u1ecbnh nhi\u1ec7t cho th\u1ecbt ch\u1ebf bi\u1ebfn n\u00e0y \u0111\u1ea3m b\u1ea3o t\u00ednh nh\u1ea5t qu\u00e1n gi\u1eefa c\u00e1c l\u00f4 s\u1ea3n ph\u1ea9m v\u00e0 mang l\u1ea1i tr\u1ea3i nghi\u1ec7m c\u1ea3m quan v\u01b0\u1ee3t tr\u1ed9i cho ng\u01b0\u1eddi ti\u00eau d\u00f9ng cu\u1ed1i c\u00f9ng. H\u1ee3p t\u00e1c v\u1edbi nh\u00e0 s\u1ea3n xu\u1ea5t gia v\u1ecb th\u1ecbt h\u00e0ng \u0111\u1ea7u \u0111\u1ec3 n\u00e2ng t\u1ea7m d\u00f2ng s\u1ea3n ph\u1ea9m c\u1ee7a b\u1ea1n v\u1edbi b\u1ed9t h\u01b0\u01a1ng v\u1ecb hun kh\u00f3i nh\u00e3n s\u1ea1ch, mang l\u1ea1i hi\u1ec7u su\u1ea5t \u0111\u00e1ng tin c\u1eady v\u00e0 h\u01b0\u01a1ng v\u1ecb th\u1ef1c s\u1ef1 kh\u00f3 qu\u00ean.<\/p>","protected":false},"excerpt":{"rendered":"<h2><strong><span style=\"color: #cb342d; font-family: Arial, sans-serif;\">M\u00f4 t\u1ea3 s\u1ea3n ph\u1ea9m:<\/span><\/strong><\/h2>\n<div style=\"font-family: Arial, sans-serif; line-height: 1.6;\">\n<ul style=\"list-style: none; padding-left: 0; margin: 0;\">\n<li style=\"margin-bottom: 10px;\"><span style=\"color: #cb342d; margin-right: 8px;\">\u2022<\/span><b>T\u00ednh n\u0103ng:<\/b> C\u00f4ng ngh\u1ec7 th\u1ea9m th\u1ea5u s\u00e2u v\u00e0 kh\u00f3a nhi\u1ec7t ti\u00ean ti\u1ebfn.\n<ul>\n<li><b>L\u1ee3i \u00edch:<\/b> \u0110\u1ea3m b\u1ea3o h\u01b0\u01a1ng v\u1ecb n\u01b0\u1edbng than \u0111\u1eadm \u0111\u00e0, ch\u00e2n th\u1ef1c th\u1ea5m s\u00e2u v\u00e0 ch\u1ecbu \u0111\u01b0\u1ee3c qu\u00e1 tr\u00ecnh x\u1eed l\u00fd \u1edf nhi\u1ec7t \u0111\u1ed9 cao, \u0111\u1ea3m b\u1ea3o s\u1ea3n ph\u1ea9m cu\u1ed1i c\u00f9ng lu\u00f4n ngon mi\u1ec7ng v\u00e0 \u0111\u1ed3ng \u0111\u1ec1u cho kh\u00e1ch h\u00e0ng c\u1ee7a b\u1ea1n.<\/li>\n<\/ul>\n<\/li>\n<li><b><span style=\"color: #cb342d; margin-right: 8px;\">\u2022<\/span>T\u00ednh n\u0103ng:<\/b> H\u01b0\u01a1ng v\u1ecb \u0111\u1eadm \u0111\u00e0 v\u00e0 umami c\u00f4 \u0111\u1eb7c.\n<ul>\n<li><b>L\u1ee3i \u00edch:<\/b> \u0110\u01b0\u1ee3c s\u1ea3n xu\u1ea5t t\u1eeb chi\u1ebft xu\u1ea5t men t\u1ef1 nhi\u00ean, s\u1ea3n ph\u1ea9m mang l\u1ea1i h\u01b0\u01a1ng v\u1ecb \u0111\u1eadm \u0111\u00e0, th\u01a1m ngon, gi\u00fap t\u1ea1o ra c\u00e1c s\u1ea3n ph\u1ea9m c\u00f3 nh\u00e3n s\u1ea1ch b\u1eb1ng c\u00e1ch gi\u1ea3m ho\u1eb7c thay th\u1ebf MSG \u0111\u1ed3ng th\u1eddi t\u0103ng c\u01b0\u1eddng t\u00e1c \u0111\u1ed9ng h\u01b0\u01a1ng v\u1ecb t\u1ed5ng th\u1ec3.<\/li>\n<\/ul>\n<\/li>\n<li><b><span style=\"color: #cb342d; margin-right: 8px;\">\u2022<\/span>T\u00ednh n\u0103ng:<\/b> D\u1ea1ng b\u1ed9t h\u00f2a tan cao.\n<ul>\n<li><b>L\u1ee3i \u00edch:<\/b> S\u1ea3n ph\u1ea9m t\u00edch h\u1ee3p m\u01b0\u1ee3t m\u00e0 v\u00e0o c\u1ea3 h\u1ec7 th\u1ed1ng kh\u00f4 v\u00e0 l\u1ecfng, l\u00e0m cho n\u00f3 tr\u1edf n\u00ean l\u00fd t\u01b0\u1edfng cho nhi\u1ec1u \u1ee9ng d\u1ee5ng gia v\u1ecb th\u1ef1c ph\u1ea9m c\u00f4ng nghi\u1ec7p, bao g\u1ed3m gia v\u1ecb kh\u00f4, n\u01b0\u1edbc \u01b0\u1edbp l\u1ecfng, dung d\u1ecbch ti\u00eam, l\u1edbp ph\u1ee7 v\u00e0 n\u1ec1n s\u1ed1t.<\/li>\n<\/ul>\n<\/li>\n<li><b><span style=\"color: #cb342d; margin-right: 8px;\">\u2022<\/span>T\u00ednh n\u0103ng:<\/b> N\u1ec1n t\u1ea3ng h\u01b0\u01a1ng v\u1ecb \u0111a n\u0103ng.\n<ul>\n<li><b>L\u1ee3i \u00edch:<\/b> Cung c\u1ea5p m\u1ed9t n\u1ec1n t\u1ea3ng n\u01b0\u1edbng BBQ trung t\u00ednh nh\u01b0ng m\u1ea1nh m\u1ebd, gi\u00fap n\u00e2ng cao \u0111a d\u1ea1ng c\u00e1c phong c\u00e1ch h\u01b0\u01a1ng v\u1ecb, t\u1eeb kh\u00f3i g\u1ed7 hickory truy\u1ec1n th\u1ed1ng c\u1ee7a M\u1ef9 \u0111\u1ebfn c\u00e1c bi\u1ebfn th\u1ec3 to\u00e0n c\u1ea7u \u0111ang th\u1ecbnh h\u00e0nh nh\u01b0 H\u00e0n Qu\u1ed1c ho\u1eb7c Cajun, t\u1eeb \u0111\u00f3 \u0111\u1ea9y nhanh chu k\u1ef3 ph\u00e1t tri\u1ec3n s\u1ea3n ph\u1ea9m c\u1ee7a b\u1ea1n.<\/li>\n<\/ul>\n<\/li>\n<li><b><span style=\"color: #cb342d; margin-right: 8px;\">\u2022<\/span>T\u00ednh n\u0103ng:<\/b> \u0110\u01b0\u1ee3c s\u1ea3n xu\u1ea5t t\u1ea1i c\u01a1 s\u1edf \u0111\u01b0\u1ee3c ch\u1ee9ng nh\u1eadn ISO 22000.\n<ul>\n<li><b>L\u1ee3i \u00edch:<\/b> \u0110\u1ea3m b\u1ea3o tu\u00e2n th\u1ee7 c\u00e1c ti\u00eau chu\u1ea9n qu\u1ed1c t\u1ebf cao nh\u1ea5t v\u1ec1 an to\u00e0n th\u1ef1c ph\u1ea9m, ch\u1ea5t l\u01b0\u1ee3ng v\u00e0 truy xu\u1ea5t ngu\u1ed3n g\u1ed1c, cung c\u1ea5p cho b\u1ea1n m\u1ed9t nguy\u00ean li\u1ec7u \u0111\u00e1ng tin c\u1eady v\u00e0 an to\u00e0n cho chu\u1ed7i cung \u1ee9ng to\u00e0n c\u1ea7u c\u1ee7a b\u1ea1n.<\/li>\n<\/ul>\n<\/li>\n<\/ul>\n<\/div>","protected":false},"featured_media":2677,"comment_status":"open","ping_status":"closed","template":"","meta":[],"product_brand":[36],"product_cat":[105,85,18],"product_tag":[106],"class_list":{"0":"post-2673","1":"product","2":"type-product","3":"status-publish","4":"has-post-thumbnail","6":"product_brand-ruilisi","7":"product_cat-barbecue-falvor-seasonings","8":"product_cat-deep-fry-bbq","9":"product_cat-seasoning","10":"product_tag-barbecue-flavor","11":"pa_form-powder","12":"pa_taste-enhancing-meat-flavor","14":"first","15":"instock","16":"shipping-taxable","17":"product-type-simple"},"_links":{"self":[{"href":"https:\/\/ruikelaiglobal.com\/vi\/wp-json\/wp\/v2\/product\/2673","targetHints":{"allow":["GET"]}}],"collection":[{"href":"https:\/\/ruikelaiglobal.com\/vi\/wp-json\/wp\/v2\/product"}],"about":[{"href":"https:\/\/ruikelaiglobal.com\/vi\/wp-json\/wp\/v2\/types\/product"}],"replies":[{"embeddable":true,"href":"https:\/\/ruikelaiglobal.com\/vi\/wp-json\/wp\/v2\/comments?post=2673"}],"wp:featuredmedia":[{"embeddable":true,"href":"https:\/\/ruikelaiglobal.com\/vi\/wp-json\/wp\/v2\/media\/2677"}],"wp:attachment":[{"href":"https:\/\/ruikelaiglobal.com\/vi\/wp-json\/wp\/v2\/media?parent=2673"}],"wp:term":[{"taxonomy":"product_brand","embeddable":true,"href":"https:\/\/ruikelaiglobal.com\/vi\/wp-json\/wp\/v2\/product_brand?post=2673"},{"taxonomy":"product_cat","embeddable":true,"href":"https:\/\/ruikelaiglobal.com\/vi\/wp-json\/wp\/v2\/product_cat?post=2673"},{"taxonomy":"product_tag","embeddable":true,"href":"https:\/\/ruikelaiglobal.com\/vi\/wp-json\/wp\/v2\/product_tag?post=2673"}],"curies":[{"name":"wp","href":"https:\/\/api.w.org\/{rel}","templated":true}]}}