{"id":4063,"date":"2025-08-27T03:17:17","date_gmt":"2025-08-27T03:17:17","guid":{"rendered":"https:\/\/ruikelaiglobal.com\/?page_id=4063"},"modified":"2025-08-27T03:24:23","modified_gmt":"2025-08-27T03:24:23","slug":"enhancing-authentic-richness-mouthfeel","status":"publish","type":"page","link":"https:\/\/ruikelaiglobal.com\/vi\/enhancing-authentic-richness-mouthfeel\/","title":{"rendered":"N\u00e2ng cao \u0111\u1ed9 phong ph\u00fa t\u1ef1 nhi\u00ean v\u00e0 c\u1ea3m gi\u00e1c m\u01b0\u1ee3t m\u00e0 trong mi\u1ec7ng"},"content":{"rendered":"<section class=\"bde-section-4063-100 bde-section\">\n              \n  \n\t    \n      <div class=\"section-background-video\">\n              <video\n          autoplay\n muted\n playsinline\n loop\n>\n        <source src=\"https:\/\/ruikelaiglobal.com\/wp-content\/uploads\/2025\/08\/Video_Ready_Tomato_Soup_Stirring.mp4\" type=\"video\/mp4\" \/>\n      <\/video>\n      <\/div>\n\n\n  <div class=\"section-background-overlay\"><\/div>\n\n\n<div class=\"section-container\"><div class=\"bde-div-4063-101 bde-div\">\n              \n  \n\t\n\n  <div class=\"section-background-overlay\"><\/div>\n\n\n<h1 class=\"bde-heading-4063-102 bde-heading\">\nT\u1ea1o n\u00ean s\u1ef1 h\u1ea5p d\u1eabn: Gi\u1ea3i ph\u00e1p cho h\u01b0\u01a1ng v\u1ecb ch\u00e2n th\u1ef1c v\u00e0 c\u1ea3m gi\u00e1c m\u01b0\u1ee3t m\u00e0 trong mi\u1ec7ng\n<\/h1><div class=\"bde-text-4063-103 bde-text\">\nV\u01b0\u1ee3t xa h\u01b0\u01a1ng v\u1ecb. Mang \u0111\u1ebfn nh\u1eefng k\u1ebft c\u1ea5u th\u1ecfa m\u00e3n v\u00e0 \u0111\u1ed9 phong ph\u00fa s\u00e2u s\u1eafc, ph\u1ee9c t\u1ea1p, \u0111\u1ecbnh ngh\u0129a m\u1ed9t tr\u1ea3i nghi\u1ec7m \u1ea9m th\u1ef1c cao c\u1ea5p.\n<\/div><div class=\"bde-div-4063-104 bde-div\">\n  \n\t\n\n\n\n<div class=\"bde-button-4063-105 bde-button\">\n    \n                                    \n              \n    \n    \n    \n            \n                    \n            \n            \n\n    \n    \n              \n    \n    \n    <a class=\"breakdance-link button-atom button-atom--custom bde-button__button\" href=\"#https:\/\/ruikelaiglobal.com\/texture?\" target=\"_self\" data-type=\"url\"  id=\"#743\" >\n\n    \n        <span class=\"button-atom__text\">N\u00e2ng cao k\u1ebft c\u1ea5u s\u1ea3n ph\u1ea9m c\u1ee7a b\u1ea1n<\/span>\n\n        \n        \n                <\/a>\n\n    \n\n\n<\/div>\n<\/div>\n<\/div><\/div>\n<\/section><section class=\"bde-section-4063-106 bde-section\">\n  \n\t\n\n\n\n<div class=\"section-container\"><h2 class=\"bde-heading-4063-107 bde-heading\">\nT\u1ea1i sao c\u1ea3m gi\u00e1c trong mi\u1ec7ng l\u00e0 ch\u00eca kh\u00f3a \u0111\u1ec3 nh\u1eadn bi\u1ebft h\u01b0\u01a1ng v\u1ecb\n<\/h2><div class=\"bde-text-4063-108 bde-text\">\nH\u01b0\u01a1ng v\u1ecb kh\u00f4ng ch\u1ec9 l\u00e0 nh\u1eefng g\u00ec b\u1ea1n n\u1ebfm \u0111\u01b0\u1ee3c; \u0111\u00f3 l\u00e0 m\u1ed9t tr\u1ea3i nghi\u1ec7m ph\u1ee9c t\u1ea1p, \u0111a gi\u00e1c quan \u0111\u01b0\u1ee3c h\u00ecnh th\u00e0nh trong n\u00e3o b\u1ed9. C\u1ea3m gi\u00e1c trong mi\u1ec7ng \u2014 nh\u1eefng c\u1ea3m gi\u00e1c v\u1eadt l\u00fd v\u00e0 k\u1ebft c\u1ea5u c\u1ee7a th\u1ef1c ph\u1ea9m ho\u1eb7c \u0111\u1ed3 u\u1ed1ng, t\u1eeb \u0111\u1ed9 \u0111\u1eb7c, \u0111\u1ed9 m\u1ecbn \u0111\u1ebfn nhi\u1ec7t \u0111\u1ed9 v\u00e0 \u0111\u1ed9 ch\u00e1t \u2014 l\u00e0 m\u1ed9t th\u00e0nh ph\u1ea7n quan tr\u1ecdng nh\u01b0ng th\u01b0\u1eddng b\u1ecb b\u1ecf qua trong tr\u1ea3i nghi\u1ec7m n\u00e0y. Nh\u1eefng t\u00edn hi\u1ec7u v\u1eadt l\u00fd n\u00e0y \u0111\u01b0\u1ee3c ph\u00e1t hi\u1ec7n b\u1edfi c\u00e1c th\u1ee5 th\u1ec3 h\u00f3a h\u1ecdc v\u00e0 c\u1ea3m gi\u00e1c c\u01a1 th\u1ec3 trong mi\u1ec7ng v\u00e0 \u0111\u01b0\u1ee3c truy\u1ec1n ch\u1ee7 y\u1ebfu qua d\u00e2y th\u1ea7n kinh tam thoa, d\u00e2y th\u1ea7n kinh s\u1ecd l\u1edbn nh\u1ea5t.<br><br>Ph\u1ea3n h\u1ed3i x\u00fac gi\u00e1c n\u00e0y cung c\u1ea5p khung c\u01a1 b\u1ea3n quan tr\u1ecdng \u0111\u1ecbnh h\u00ecnh c\u00e1ch ch\u00fang ta c\u1ea3m nh\u1eadn h\u01b0\u01a1ng v\u1ecb v\u00e0 m\u00f9i th\u01a1m. M\u1ed9t k\u1ebft c\u1ea5u gi\u00e0u c\u00f3, m\u1ecbn m\u00e0ng c\u00f3 th\u1ec3 l\u00e0m n\u1ed5i b\u1eadt c\u00e1c n\u1ed1t v\u1ecb m\u1eb7n (umami) v\u00e0 g\u1ee3i \u00fd cho ng\u01b0\u1eddi ti\u00eau d\u00f9ng v\u1ec1 m\u1ed9t s\u1ea3n ph\u1ea9m sang tr\u1ecdng, ch\u1ea5t l\u01b0\u1ee3ng cao. Ng\u01b0\u1ee3c l\u1ea1i, m\u1ed9t k\u1ebft c\u1ea5u m\u1ecfng, lo\u00e3ng ho\u1eb7c s\u1ea1n c\u00f3 th\u1ec3 l\u00e0m gi\u1ea3m s\u1ee9c h\u1ea5p d\u1eabn c\u1ee7a s\u1ea3n ph\u1ea9m, khi\u1ebfn ngay c\u1ea3 h\u01b0\u01a1ng v\u1ecb c\u00e2n b\u1eb1ng nh\u1ea5t c\u0169ng tr\u1edf n\u00ean nh\u1ea1t nh\u1ebdo ho\u1eb7c k\u00e9m ch\u1ea5t l\u01b0\u1ee3ng. Trong m\u1ed9t s\u1ed1 s\u1ea3n ph\u1ea9m, k\u1ebft c\u1ea5u th\u1eadm ch\u00ed c\u00f2n quan tr\u1ecdng h\u01a1n ch\u00ednh h\u01b0\u01a1ng v\u1ecb trong vi\u1ec7c th\u00fac \u0111\u1ea9y s\u1ef1 ch\u1ea5p nh\u1eadn c\u1ee7a ng\u01b0\u1eddi ti\u00eau d\u00f9ng v\u00e0 th\u00e0nh c\u00f4ng tr\u00ean th\u1ecb tr\u01b0\u1eddng. B\u1eb1ng c\u00e1ch hi\u1ec3u v\u00e0 n\u1eafm v\u1eefng khoa h\u1ecdc v\u1ec1 c\u1ea3m gi\u00e1c trong mi\u1ec7ng, b\u1ea1n c\u00f3 th\u1ec3 khai th\u00e1c h\u1ebft ti\u1ec1m n\u0103ng h\u01b0\u01a1ng v\u1ecb c\u1ee7a s\u1ea3n ph\u1ea9m v\u00e0 gi\u00e0nh \u0111\u01b0\u1ee3c s\u1ef1 trung th\u00e0nh l\u00e2u d\u00e0i c\u1ee7a ng\u01b0\u1eddi ti\u00eau d\u00f9ng.\n<\/div><\/div>\n<\/section><section class=\"bde-section-4063-109 bde-section\">\n  \n\t\n\n\n\n<div class=\"section-container\"><div class=\"bde-div-4063-111 bde-div\">\n  \n\t\n\n\n\n<h2 class=\"bde-heading-4063-110 bde-heading\">\nB\u1ed9 c\u00f4ng c\u1ee5 n\u00e2ng cao gi\u00e1c quan c\u1ee7a ch\u00fang t\u00f4i\n<\/h2><div class=\"bde-image-4063-112 bde-image\">\n<figure class=\"breakdance-image breakdance-image--4069\">\n\t<div class=\"breakdance-image-container\">\n\t\t<div class=\"breakdance-image-clip\"><img decoding=\"async\" class=\"breakdance-image-object\" src=\"https:\/\/ruikelaiglobal.com\/wp-content\/uploads\/2025\/08\/Our-Sensory-Enhancement-Toolkit_RuikelaiGlobal.webp\" width=\"1600\" height=\"794\" srcset=\"https:\/\/ruikelaiglobal.com\/wp-content\/uploads\/2025\/08\/Our-Sensory-Enhancement-Toolkit_RuikelaiGlobal.webp 1600w, https:\/\/ruikelaiglobal.com\/wp-content\/uploads\/2025\/08\/Our-Sensory-Enhancement-Toolkit_RuikelaiGlobal-300x149.webp 300w, https:\/\/ruikelaiglobal.com\/wp-content\/uploads\/2025\/08\/Our-Sensory-Enhancement-Toolkit_RuikelaiGlobal-1024x508.webp 1024w, https:\/\/ruikelaiglobal.com\/wp-content\/uploads\/2025\/08\/Our-Sensory-Enhancement-Toolkit_RuikelaiGlobal-768x381.webp 768w, https:\/\/ruikelaiglobal.com\/wp-content\/uploads\/2025\/08\/Our-Sensory-Enhancement-Toolkit_RuikelaiGlobal-1536x762.webp 1536w, https:\/\/ruikelaiglobal.com\/wp-content\/uploads\/2025\/08\/Our-Sensory-Enhancement-Toolkit_RuikelaiGlobal-18x9.webp 18w, https:\/\/ruikelaiglobal.com\/wp-content\/uploads\/2025\/08\/Our-Sensory-Enhancement-Toolkit_RuikelaiGlobal-800x397.webp 800w\" sizes=\"(max-width: 1600px) 100vw, 1600px\" alt=\"\" title=\"\"><\/div>\n\t<\/div><\/figure>\n\n<\/div>\n<\/div><div class=\"bde-columns-4063-116 bde-columns\"><div class=\"bde-column-4063-117 bde-column\">\n  \n\t\n\n\n\n<div class=\"bde-rich-text-4063-118 bde-rich-text breakdance-rich-text-styles\">\n<h3><span style=\"color: #cb342d;\">T\u00e1i t\u1ea1o s\u1ef1 phong ph\u00fa \u0111\u00edch th\u1ef1c: H\u01b0\u01a1ng v\u1ecb c\u1ee7a th\u1eddi gian<\/span><\/h3>\n<p>Ng\u01b0\u1eddi ti\u00eau d\u00f9ng khao kh\u00e1t nh\u1eefng h\u01b0\u01a1ng v\u1ecb \u0111\u1eadm \u0111\u00e0, ph\u1ee9c t\u1ea1p \u0111\u01b0\u1ee3c h\u00ecnh th\u00e0nh qua h\u00e0ng gi\u1edd n\u1ea5u ch\u1eadm v\u00e0 n\u01b0\u1edbng. Ch\u00fang t\u00f4i g\u1ecdi \u0111\u1ed9 s\u00e2u c\u1ea3m gi\u00e1c ch\u00e2n th\u1ef1c n\u00e0y l\u00e0 \"H\u01b0\u01a1ng v\u1ecb c\u1ee7a Th\u1eddi gian.\" H\u01b0\u01a1ng v\u1ecb ph\u1ea3n \u1ee9ng nhi\u1ec7t c\u1ee7a ch\u00fang t\u00f4i \u0111\u01b0\u1ee3c t\u1ea1o ra th\u00f4ng qua ph\u1ea3n \u1ee9ng Maillard\u2014m\u1ed9t qu\u00e1 tr\u00ecnh h\u00f3a h\u1ecdc t\u1ef1 nhi\u00ean gi\u1eefa axit amin v\u00e0 \u0111\u01b0\u1eddng kh\u1eed d\u01b0\u1edbi t\u00e1c \u0111\u1ed9ng c\u1ee7a nhi\u1ec7t, t\u1ea1o ra nh\u1eefng n\u1ed1t h\u01b0\u01a1ng \u0111\u1eadm \u0111\u00e0, th\u01a1m ngon v\u00e0 \"n\u01b0\u1edbng\" \u0111\u1eb7c tr\u01b0ng c\u1ee7a th\u1ecbt n\u01b0\u1edbng, b\u00e1nh m\u00ec n\u01b0\u1edbng v\u00e0 c\u00e0 ph\u00ea rang. B\u1eb1ng c\u00e1ch ki\u1ec3m so\u00e1t ch\u00ednh x\u00e1c ph\u1ea3n \u1ee9ng n\u00e0y, ch\u00fang t\u00f4i c\u00f3 th\u1ec3 t\u00e1i t\u1ea1o n\u1ec1n t\u1ea3ng h\u01b0\u01a1ng v\u1ecb th\u01a1m ngon \u0111\u00edch th\u1ef1c m\u00e0 ng\u01b0\u1eddi ti\u00eau d\u00f9ng li\u00ean t\u01b0\u1edfng \u0111\u1ebfn s\u1ef1 \u0111\u1eadm \u0111\u00e0 v\u00e0 \u1ea9m th\u1ef1c gia \u0111\u00ecnh, mang \u0111\u1ebfn n\u00f3 m\u00e0 kh\u00f4ng c\u1ea7n \u0111\u1ebfn th\u1eddi gian v\u00e0 chi ph\u00ed t\u1ed1n k\u00e9m c\u1ee7a c\u00e1c ph\u01b0\u01a1ng ph\u00e1p truy\u1ec1n th\u1ed1ng.<\/p>\n<\/div>\n<\/div><div class=\"bde-column-4063-119 bde-column\">\n  \n\t\n\n\n\n<div class=\"bde-rich-text-4063-120 bde-rich-text breakdance-rich-text-styles\">\n<h3><span style=\"color: #cb342d;\"><b>X\u00e2y d\u1ef1ng k\u1ebft c\u1ea5u t\u1ed1t h\u01a1n: Khoa h\u1ecdc v\u1ec1 c\u1ea3m gi\u00e1c trong mi\u1ec7ng<\/b><\/span><\/h3>\n<p>M\u1ed9t n\u1ec1n t\u1ea3ng h\u01b0\u01a1ng v\u1ecb ch\u00e2n th\u1ef1c \u0111\u00f2i h\u1ecfi m\u1ed9t c\u1ea5u tr\u00fac k\u1ebft c\u1ea5u ho\u00e0n h\u1ea3o \u0111\u1ec3 ph\u00e1t huy h\u1ebft t\u00e1c d\u1ee5ng c\u1ee7a n\u00f3. B\u1ed9 s\u01b0u t\u1eadp c\u00e1c ch\u1ea5t t\u1ea1o k\u1ebft c\u1ea5u t\u1ef1 nhi\u00ean v\u00e0 ch\u1ea5t c\u1ea3i thi\u1ec7n c\u1ea3m gi\u00e1c trong mi\u1ec7ng c\u1ee7a ch\u00fang t\u00f4i \u0111\u01b0\u1ee3c thi\u1ebft k\u1ebf \u0111\u1ec3 x\u00e2y d\u1ef1ng tr\u1ea3i nghi\u1ec7m \u1ea9m th\u1ef1c ho\u00e0n h\u1ea3o t\u1eeb \u0111\u1ea7u, gi\u1ea3i quy\u1ebft nh\u1eefng th\u00e1ch th\u1ee9c ph\u1ee9c t\u1ea1p nh\u1ea5t trong c\u00f4ng th\u1ee9c s\u1ea3n ph\u1ea9m tr\u00ean th\u1ecb tr\u01b0\u1eddng hi\u1ec7n nay.<\/p>\n<ul>\n<li>\n<h4><span style=\"color: #cb342d;\"><b>Ch\u1ea5t l\u00e0m m\u1ecbn kh\u00f4ng ch\u1ee9a s\u1eefa:<\/b><\/span><\/h4>\n<\/li>\n<li>\n<p><b><\/b>Ch\u00fang t\u00f4i cung c\u1ea5p c\u00e1c gi\u1ea3i ph\u00e1p t\u1eeb th\u1ef1c v\u1eadt mang l\u1ea1i c\u1ea3m gi\u00e1c m\u1ec1m m\u01b0\u1ee3t, b\u00e9o ng\u1eady v\u00e0 \u0111\u1eadm \u0111\u00e0 cho c\u00e1c s\u1ea3n ph\u1ea9m thay th\u1ebf s\u1eefa, s\u00fap v\u00e0 s\u1ed1t. S\u1eed d\u1ee5ng c\u00e1c ch\u1ea5t hydrocolloid nh\u01b0 gellan gum v\u00e0 xanthan gum, h\u1ec7 th\u1ed1ng c\u1ee7a ch\u00fang t\u00f4i t\u00e1i t\u1ea1o c\u1ea3m gi\u00e1c m\u1ecbn m\u00e0ng, bao ph\u1ee7 v\u00f2m mi\u1ec7ng c\u1ee7a s\u1eefa nguy\u00ean kem, thay th\u1ebf ch\u1ee9c n\u0103ng c\u1ee7a n\u00f3 \u0111\u1ec3 t\u1ea1o ra tr\u1ea3i nghi\u1ec7m th\u1ecfa m\u00e3n.<\/p>\n<\/li>\n<li>\n<h4><span style=\"color: #cb342d;\"><b>Ch\u1ea5t m\u00f4 ph\u1ecfng m\u1ee1 t\u1ef1 nhi\u00ean: <\/b><\/span><\/h4>\n<\/li>\n<li>\n<p>C\u00e1c th\u00e0nh ph\u1ea7n d\u1ef1a tr\u00ean carbohydrate v\u00e0 protein c\u1ee7a ch\u00fang t\u00f4i m\u00f4 ph\u1ecfng \u0111\u1ed9 tr\u01a1n tru v\u00e0 \u0111\u1ed9 b\u00e9o c\u1ee7a ch\u1ea5t b\u00e9o, cho ph\u00e9p gi\u1ea3m \u0111\u00e1ng k\u1ec3 l\u01b0\u1ee3ng ch\u1ea5t b\u00e9o trong c\u00e1c s\u1ea3n ph\u1ea9m nh\u01b0 b\u00e1nh m\u00ec v\u00e0 th\u1ecbt ch\u1ebf bi\u1ebfn m\u00e0 kh\u00f4ng l\u00e0m gi\u1ea3m ch\u1ea5t l\u01b0\u1ee3ng c\u1ea3m quan. C\u00e1c ch\u1ea5t m\u00f4 ph\u1ecfng n\u00e0y li\u00ean k\u1ebft v\u1edbi n\u01b0\u1edbc v\u00e0 b\u1eaft ch\u01b0\u1edbc c\u00e1c t\u00ednh ch\u1ea5t v\u1eadt l\u00fd c\u1ee7a ch\u1ea5t b\u00e9o, \u0111\u1ea3m b\u1ea3o r\u1eb1ng c\u00e1c s\u1ea3n ph\u1ea9m l\u00e0nh m\u1ea1nh v\u1eabn gi\u1eef \u0111\u01b0\u1ee3c \u0111\u1ed9 ngon mi\u1ec7ng v\u00e0 th\u1ecfa m\u00e3n.<\/p>\n<\/li>\n<li>\n<h4><strong><span style=\"color: #cb342d;\">Ch\u1ea5t t\u0103ng c\u01b0\u1eddng \u0111\u1ed9 \u1ea9m v\u00e0 \u0111\u1ed9 ng\u1ecdt:<\/span><\/strong><\/h4>\n<\/li>\n<li>\n<p>Ch\u00fang t\u00f4i cung c\u1ea5p c\u00e1c gi\u1ea3i ph\u00e1p chuy\u00ean bi\u1ec7t cho th\u1ecbt v\u00e0 c\u00e1c s\u1ea3n ph\u1ea9m thay th\u1ebf th\u1ecbt t\u1eeb th\u1ef1c v\u1eadt, gi\u00fap c\u1ea3i thi\u1ec7n \u0111\u00e1ng k\u1ec3 kh\u1ea3 n\u0103ng gi\u1eef n\u01b0\u1edbc, t\u1ea1o ra m\u1ed9t mi\u1ebfng th\u1ecbt m\u1ecdng n\u01b0\u1edbc v\u00e0 ngon ng\u1ecdt. C\u00e1c th\u00e0nh ph\u1ea7n nh\u01b0 methylcellulose t\u1ea1o th\u00e0nh m\u1ed9t l\u1edbp gel \u0111\u00f4ng \u0111\u1eb7c khi n\u1ea5u ch\u00edn, gi\u1eef l\u1ea1i \u0111\u1ed9 \u1ea9m v\u00e0 ch\u1ea5t b\u00e9o, \u0111\u01b0\u1ee3c gi\u1ea3i ph\u00f3ng khi nhai, mang l\u1ea1i tr\u1ea3i nghi\u1ec7m h\u01b0\u01a1ng v\u1ecb \u0111\u1eadm \u0111\u00e0 v\u00e0 k\u00e9o d\u00e0i t\u1eeb \u0111\u1ea7u \u0111\u1ebfn cu\u1ed1i.<\/p>\n<\/li>\n<\/ul>\n<\/div>\n<\/div><\/div><\/div>\n<\/section><section class=\"bde-section-4063-121 bde-section\">\n  \n\t\n\n\n\n<div class=\"section-container\"><div class=\"bde-columns-4063-122 bde-columns\"><div class=\"bde-column-4063-123 bde-column\">\n  \n\t\n\n\n\n<h2 class=\"bde-heading-4063-124 bde-heading\">\nT\u1eadp trung v\u00e0o \u1ee9ng d\u1ee5ng: T\u1ea1o \u0111\u1ed9 \u1ea9m v\u00e0 ngon mi\u1ec7ng cho c\u00e1c s\u1ea3n ph\u1ea9m thay th\u1ebf th\u1ecbt\n<\/h2><div class=\"bde-rich-text-4063-138 bde-rich-text breakdance-rich-text-styles\">\n<p>M\u1ed9t th\u00e1ch th\u1ee9c l\u1edbn trong s\u1ea3n xu\u1ea5t th\u1ecbt th\u1ef1c v\u1eadt l\u00e0 duy tr\u00ec \u0111\u1ed9 \u1ea9m v\u00e0 \u0111\u1ed9 dai c\u1ee7a s\u1ee3i th\u1ecbt m\u00e0 kh\u00f4ng s\u1eed d\u1ee5ng m\u1ee1 \u0111\u1ed9ng v\u1eadt. Nhi\u1ec1u s\u1ea3n ph\u1ea9m t\u01b0\u01a1ng t\u1ef1 th\u1ea5t b\u1ea1i v\u00ec \u0111\u1ed9 \u1ea9m di chuy\u1ec3n ra kh\u1ecfi v\u00f9ng c\u1eafn ho\u1eb7c c\u00e1c h\u01b0\u01a1ng v\u1ecb th\u01a1m ngon bay h\u01a1i trong qu\u00e1 tr\u00ecnh n\u1ea5u n\u01b0\u1edbng. Ph\u01b0\u01a1ng ph\u00e1p t\u00edch h\u1ee3p c\u1ee7a ch\u00fang t\u00f4i gi\u1ea3i quy\u1ebft c\u1ea3 hai kh\u00eda c\u1ea1nh h\u01b0\u01a1ng v\u1ecb v\u00e0 c\u1ea5u tr\u00fac v\u1eadt l\u00fd.<\/p>\n<p><span style=\"color: #cb342d;\"><strong>Gi\u1ea3i ph\u00e1p ba ph\u1ea7n<\/strong>:<\/span><\/p>\n<ul>\n<li><span style=\"color: #cb342d;\"><strong>N\u1ec1n m\u00f3ng m\u1eb7n<\/strong><\/span> \u2014 m\u1ed9t n\u1ec1n h\u01b0\u01a1ng v\u1ecb n\u01b0\u1edbng c\u00f3 h\u01b0\u01a1ng v\u1ecb \u0111\u1eadm \u0111\u00e0, mang l\u1ea1i h\u01b0\u01a1ng v\u1ecb th\u1ecbt \u0111\u1eadm \u0111\u00e0 \u1edf t\u1ea7ng h\u01b0\u01a1ng \u0111\u1ea7u v\u00e0 h\u01b0\u01a1ng v\u1ecb umami k\u00e9o d\u00e0i, t\u1ea1o ra \u0111\u1ed9 s\u00e2u t\u01b0\u01a1ng t\u1ef1 nh\u01b0 m\u00f3n h\u1ea7m ch\u1eadm.<\/li>\n<li><span style=\"color: #cb342d;\"><strong>H\u1ec7 th\u1ed1ng \u0111\u1ed9 \u1ea9m<\/strong><\/span> \u2014 m\u1ed9t ma tr\u1eadn protein gi\u1eef n\u01b0\u1edbc k\u1ebft h\u1ee3p v\u1edbi m\u1ea1ng l\u01b0\u1edbi hydrocolloid, c\u00f3 kh\u1ea3 n\u0103ng gi\u1eef \u1ea9m v\u00e0 gi\u1ea3i ph\u00f3ng \u0111\u1ed9 \u1ea9m m\u1ed9t c\u00e1ch t\u1eeb t\u1eeb trong qu\u00e1 tr\u00ecnh nhai.<\/li>\n<li><span style=\"color: #cb342d;\"><strong>Chi\u1ebfn l\u01b0\u1ee3c m\u00f4 ph\u1ecfng ch\u1ea5t b\u00e9o<\/strong><\/span> \u2014 c\u00e1c gi\u1ecdt lipid \u0111\u01b0\u1ee3c vi nh\u0169 h\u00f3a v\u00e0 c\u00e1c ch\u1ea5t b\u00f4i tr\u01a1n c\u00f3 th\u1ec3 \u0103n \u0111\u01b0\u1ee3c, t\u1ea1o l\u1edbp ph\u1ee7 tr\u00ean v\u00f2m mi\u1ec7ng gi\u1ed1ng nh\u01b0 m\u1ee1 \u0111\u1ed9ng v\u1eadt.<\/li>\n<\/ul>\n<p><span style=\"color: #cb342d;\"><strong>K\u1ebft qu\u1ea3<\/strong>:<\/span> \u1ea4n t\u01b0\u1ee3ng ban \u0111\u1ea7u khi c\u1eafn mi\u1ebfng \u0111\u1ea7u ti\u00ean, v\u1ecb ng\u1ecdt m\u1ecdng n\u01b0\u1edbc k\u00e9o d\u00e0i trong qu\u00e1 tr\u00ecnh nhai, v\u00e0 k\u1ebft th\u00fac s\u1ea1ch s\u1ebd kh\u00f4ng \u0111\u1ec3 l\u1ea1i v\u1ecb \u0111\u1eafng hay t\u1ea1p v\u1ecb.<\/p>\n<p><span style=\"color: #cb342d;\"><strong>Nghi\u00ean c\u1ee9u tr\u01b0\u1eddng h\u1ee3p (ng\u1eafn)<\/strong>:<\/span><\/p>\n<p><span style=\"color: #cb342d;\"><strong>S\u1ea3n ph\u1ea9m<\/strong>:<\/span> M\u1eabu th\u1eed nghi\u1ec7m burger th\u1ef1c v\u1eadt<\/p>\n<p><span style=\"color: #cb342d;\"><strong>M\u1ee5c ti\u00eau<\/strong>:<\/span> T\u0103ng \u0111i\u1ec3m \u0111\u1ed9 ng\u1ecdt c\u1ea3m nh\u1eadn l\u00ean 30% \u0111\u1ed3ng th\u1eddi gi\u1ea3m t\u1ed5ng l\u01b0\u1ee3ng ch\u1ea5t b\u00e9o xu\u1ed1ng 40%.<\/p>\n<p><span style=\"color: #cb342d;\"><strong>Ph\u01b0\u01a1ng ph\u00e1p ti\u1ebfp c\u1eadn<\/strong>:<\/span> C\u00f4ng th\u1ee9c m\u1edbi v\u1edbi c\u01a1 s\u1edf h\u01b0\u01a1ng v\u1ecb rang 0.3% + ma tr\u1eadn \u0111\u1ed9 \u1ea9m 1.5% + h\u1ed7n h\u1ee3p m\u00f4 ph\u1ecfng ch\u1ea5t b\u00e9o 0.8%. N\u01b0\u1edbng th\u1eed nghi\u1ec7m \u1edf 180\u00b0C trong 5 ph\u00fat m\u1ed7i m\u1eb7t.<\/p>\n<p><span style=\"color: #cb342d;\"><strong>K\u1ebft qu\u1ea3<\/strong>:<\/span> Ban gi\u00e1m kh\u1ea3o c\u1ea3m quan b\u00e1o c\u00e1o \u0111\u1ed9 m\u1ecdng n\u01b0\u1edbc +33%, c\u1ea3i thi\u1ec7n \u0111\u1ed9 b\u00e1m mi\u1ec7ng v\u00e0 gi\u1ea3m c\u00e1c h\u01b0\u01a1ng v\u1ecb kh\u00f4ng mong mu\u1ed1n c\u00f2n l\u1ea1i so v\u1edbi m\u1eabu \u0111\u1ed1i ch\u1ee9ng.<\/p>\n<\/div>\n<\/div><div class=\"bde-column-4063-129 bde-column\">\n  \n\t\n\n\n\n<div class=\"bde-image-4063-130 bde-image\">\n<figure class=\"breakdance-image breakdance-image--4095\">\n\t<div class=\"breakdance-image-container\">\n\t\t<div class=\"breakdance-image-clip\"><img decoding=\"async\" class=\"breakdance-image-object\" src=\"https:\/\/ruikelaiglobal.com\/wp-content\/uploads\/2025\/08\/Delivering-Juiciness-in-Meat-Alternatives_Ruikelai-Global.webp\" width=\"800\" height=\"1081\" srcset=\"https:\/\/ruikelaiglobal.com\/wp-content\/uploads\/2025\/08\/Delivering-Juiciness-in-Meat-Alternatives_Ruikelai-Global.webp 800w, https:\/\/ruikelaiglobal.com\/wp-content\/uploads\/2025\/08\/Delivering-Juiciness-in-Meat-Alternatives_Ruikelai-Global-222x300.webp 222w, https:\/\/ruikelaiglobal.com\/wp-content\/uploads\/2025\/08\/Delivering-Juiciness-in-Meat-Alternatives_Ruikelai-Global-758x1024.webp 758w, https:\/\/ruikelaiglobal.com\/wp-content\/uploads\/2025\/08\/Delivering-Juiciness-in-Meat-Alternatives_Ruikelai-Global-768x1038.webp 768w, https:\/\/ruikelaiglobal.com\/wp-content\/uploads\/2025\/08\/Delivering-Juiciness-in-Meat-Alternatives_Ruikelai-Global-9x12.webp 9w\" sizes=\"(max-width: 800px) 100vw, 800px\" alt=\"\" title=\"\"><\/div>\n\t<\/div><\/figure>\n\n<\/div>\n<\/div><\/div><\/div>\n<\/section><section class=\"bde-section-4063-132 bde-section\">\n  \n\t\n\n\n\n<div class=\"section-container\"><div class=\"bde-div-4063-133 bde-div\">\n  \n\t\n\n\n\n<h2 class=\"bde-heading-4063-134 bde-heading\">\n \u0110\u1ed1i t\u00e1c c\u1ee7a b\u1ea1n trong s\u1ef1 xu\u1ea5t s\u1eafc v\u1ec1 gi\u00e1c quan\n<\/h2><div class=\"bde-text-4063-135 bde-text\">\nT\u1ea1o ra h\u1ed3 s\u01a1 c\u1ea3m quan ho\u00e0n h\u1ea3o l\u00e0 m\u1ed9t qu\u00e1 tr\u00ecnh h\u1ee3p t\u00e1c. \u0110\u1ed9i ng\u0169 chuy\u00ean gia h\u01b0\u01a1ng v\u1ecb v\u00e0 nh\u00e0 khoa h\u1ecdc th\u1ef1c ph\u1ea9m c\u1ee7a Ruikelai Global s\u1ebd l\u00e0m vi\u1ec7c ch\u1eb7t ch\u1ebd v\u1edbi b\u1ea1n nh\u01b0 m\u1ed9t ph\u1ea7n m\u1edf r\u1ed9ng c\u1ee7a b\u1ed9 ph\u1eadn R&amp;D c\u1ee7a ch\u00ednh b\u1ea1n. Ch\u00fang t\u00f4i tin r\u1eb1ng s\u1ef1 \u0111\u1ed5i m\u1edbi th\u1ef1c s\u1ef1 \u0111\u1ebfn t\u1eeb s\u1ef1 h\u1ee3p t\u00e1c. C\u00f9ng nhau, ch\u00fang ta s\u1ebd th\u1eed nghi\u1ec7m, ho\u00e0n thi\u1ec7n v\u00e0 t\u1ed1i \u01b0u h\u00f3a c\u00f4ng th\u1ee9c cho \u0111\u1ebfn khi \u0111\u1ea1t \u0111\u01b0\u1ee3c \u0111\u1ed9 phong ph\u00fa v\u00e0 c\u1ea3m gi\u00e1c trong mi\u1ec7ng mong mu\u1ed1n, \u0111\u1ea3m b\u1ea3o s\u1ea3n ph\u1ea9m c\u1ee7a b\u1ea1n n\u1ed5i b\u1eadt v\u00e0 th\u00e0nh c\u00f4ng trong th\u1ecb tr\u01b0\u1eddng c\u1ea1nh tranh.\n<\/div><div class=\"bde-button-4063-136 bde-button\">\n    \n                                    \n    \n    \n    \n    \n            \n                    \n            \n                           \n                       \n                 \n\n    \n    \n    \n                    \n    \n    <a class=\"breakdance-link button-atom button-atom--custom bde-button__button\" href=\"#\" target=\"_self\" data-type=\"action\"  data-action='{\"type\":\"popup\",\"popupOptions\":{\"popupId\":\"3392\",\"popupAction\":\"toggle\"}}' >\n\n    \n        <span class=\"button-atom__text\">Th\u1ea3o lu\u1eadn v\u1ec1 M\u1ee5c ti\u00eau C\u1ea3m gi\u00e1c c\u1ee7a b\u1ea1n<\/span>\n\n        \n        \n                <\/a>\n\n    \n\n\n<\/div><div class=\"bde-social-icons-4063-137 bde-social-icons\">\n                  \n            \n            \n\n    \n    \n    \n    \n    \n    <a class=\"breakdance-link bde-social-icons__icon-wrapper bde-social-icons__icon-facebook\" href=\"https:\/\/www.facebook.com\/RuikelaiGlobal\" target=\"_self\" data-type=\"url\" aria-label=\"Facebook\" rel=\"nofollow noopener\">\n\n             <svg xmlns=\"http:\/\/www.w3.org\/2000\/svg\" width=\"100%\" viewbox=\"0 0 24 24\">\n            <path d=\"M9 8h-3v4h3v12h5v-12h3.642l.358-4h-4v-1.667c0-.955.192-1.333 1.115-1.333h2.885v-5h-3.808c-3.596 0-5.192 1.583-5.192 4.615v3.385z\"\/>\n       <\/svg>\n              <\/a>\n\n                    \n            \n            \n\n    \n    \n    \n    \n    \n    <a class=\"breakdance-link bde-social-icons__icon-wrapper bde-social-icons__icon-twitter\" href=\"https:\/\/twitter.com\/RuikelaiGlobal\" target=\"_self\" data-type=\"url\" aria-label=\"Twitter\" rel=\"nofollow noopener\">\n\n              <svg xmlns=\"http:\/\/www.w3.org\/2000\/svg\" width=\"100%\" viewbox=\"0 0 512 512\">\n          <path d=\"M389.2 48h70.6L305.6 224.2 487 464H345L233.7 318.6 106.5 464H35.8L200.7 275.5 26.8 48H172.4L272.9 180.9 389.2 48zM364.4 421.8h39.1L151.1 88h-42L364.4 421.8z\" \/>\n        <\/svg>\n              <\/a>\n\n                    \n            \n            \n\n    \n    \n    \n    \n    \n    <a class=\"breakdance-link bde-social-icons__icon-wrapper bde-social-icons__icon-instagram\" href=\"https:\/\/www.instagram.com\/ruikelai_global\" target=\"_self\" data-type=\"url\" aria-label=\"Instagram\" rel=\"nofollow noopener\">\n\n             <svg xmlns=\"http:\/\/www.w3.org\/2000\/svg\" width=\"100%\" viewbox=\"0 0 24 24\">\n            <path d=\"M12 2.163c3.204 0 3.584.012 4.85.07 3.252.148 4.771 1.691 4.919 4.919.058 1.265.069 1.645.069 4.849 0 3.205-.012 3.584-.069 4.849-.149 3.225-1.664 4.771-4.919 4.919-1.266.058-1.644.07-4.85.07-3.204 0-3.584-.012-4.849-.07-3.26-.149-4.771-1.699-4.919-4.92-.058-1.265-.07-1.644-.07-4.849 0-3.204.013-3.583.07-4.849.149-3.227 1.664-4.771 4.919-4.919 1.266-.057 1.645-.069 4.849-.069zm0-2.163c-3.259 0-3.667.014-4.947.072-4.358.2-6.78 2.618-6.98 6.98-.059 1.281-.073 1.689-.073 4.948 0 3.259.014 3.668.072 4.948.2 4.358 2.618 6.78 6.98 6.98 1.281.058 1.689.072 4.948.072 3.259 0 3.668-.014 4.948-.072 4.354-.2 6.782-2.618 6.979-6.98.059-1.28.073-1.689.073-4.948 0-3.259-.014-3.667-.072-4.947-.196-4.354-2.617-6.78-6.979-6.98-1.281-.059-1.69-.073-4.949-.073zm0 5.838c-3.403 0-6.162 2.759-6.162 6.162s2.759 6.163 6.162 6.163 6.162-2.759 6.162-6.163c0-3.403-2.759-6.162-6.162-6.162zm0 10.162c-2.209 0-4-1.79-4-4 0-2.209 1.791-4 4-4s4 1.791 4 4c0 2.21-1.791 4-4 4zm6.406-11.845c-.796 0-1.441.645-1.441 1.44s.645 1.44 1.441 1.44c.795 0 1.439-.645 1.439-1.44s-.644-1.44-1.439-1.44z\"\/>\n       <\/svg>\n              <\/a>\n\n                    \n            \n            \n\n    \n    \n    \n    \n    \n    <a class=\"breakdance-link bde-social-icons__icon-wrapper bde-social-icons__icon-youtube\" href=\"https:\/\/www.youtube.com\/@RuikelaiGlobal\" target=\"_self\" data-type=\"url\" aria-label=\"YouTube\" rel=\"nofollow noopener\">\n\n             <svg xmlns=\"http:\/\/www.w3.org\/2000\/svg\" width=\"100%\" viewbox=\"0 0 24 24\">\n            <path d=\"M19.615 3.184c-3.604-.246-11.631-.245-15.23 0-3.897.266-4.356 2.62-4.385 8.816.029 6.185.484 8.549 4.385 8.816 3.6.245 11.626.246 15.23 0 3.897-.266 4.356-2.62 4.385-8.816-.029-6.185-.484-8.549-4.385-8.816zm-10.615 12.816v-8l8 3.993-8 4.007z\"\/>\n       <\/svg>\n              <\/a>\n\n                    \n            \n            \n\n    \n    \n    \n    \n    \n    <a class=\"breakdance-link bde-social-icons__icon-wrapper bde-social-icons__icon-custom\" href=\"mailto:ruikelai@outlook.com?subject=Hi\uff0cI\u2018ll get inHi, I'll Get in Touch for Tailored Flavor Solutions&body=Hi, Mia\" target=\"_self\" data-type=\"contact\" aria-label=\"t\u00f9y ch\u1ec9nh\" >\n\n                        <svg xmlns=\"http:\/\/www.w3.org\/2000\/svg\" id=\"icon-mail\" viewbox=\"0 0 32 32\">\n<path d=\"M26.666 0h-21.332c-2.934 0-5.334 2.4-5.334 5.333v21.333c0 2.934 2.4 5.334 5.334 5.334h21.332c2.936 0 5.334-2.4 5.334-5.334v-21.333c0-2.934-2.398-5.333-5.334-5.333zM8 8h16c0.286 0 0.563 0.061 0.817 0.177l-8.817 10.286-8.817-10.287c0.254-0.116 0.531-0.177 0.817-0.177zM6 22v-12c0-0.042 0.002-0.084 0.004-0.125l5.864 6.842-5.8 5.8c-0.045-0.167-0.069-0.34-0.069-0.517zM24 24h-16c-0.177 0-0.35-0.024-0.517-0.069l5.691-5.691 2.826 3.297 2.826-3.297 5.691 5.691c-0.167 0.045-0.34 0.069-0.517 0.069zM26 22c0 0.177-0.024 0.35-0.069 0.517l-5.8-5.8 5.864-6.842c0.003 0.041 0.004 0.083 0.004 0.125v12z\"\/>\n<\/svg>\n                      <\/a>\n\n    \n<\/div>\n<\/div><\/div>\n<\/section>","protected":false},"excerpt":{"rendered":"<p>Crafting Craveability: Solutions for Authentic Richness and Mouthfeel Go beyond flavor. Deliver the satisfying textures and deep, complex richness that define a premium eating experience. Enhance Your Product&#8217;s Texture Why Mouthfeel is the Secret to Flavor Perception Flavor is not just what you taste; it&#8217;s a complex, multisensory experience constructed in the brain. Mouthfeel\u2014the physical [&hellip;]<\/p>\n","protected":false},"author":1,"featured_media":4065,"parent":0,"menu_order":0,"comment_status":"closed","ping_status":"closed","template":"","meta":{"_breakdance_hide_in_design_set":false,"_breakdance_tags":"","footnotes":""},"class_list":["post-4063","page","type-page","status-publish","has-post-thumbnail","hentry"],"_links":{"self":[{"href":"https:\/\/ruikelaiglobal.com\/vi\/wp-json\/wp\/v2\/pages\/4063","targetHints":{"allow":["GET"]}}],"collection":[{"href":"https:\/\/ruikelaiglobal.com\/vi\/wp-json\/wp\/v2\/pages"}],"about":[{"href":"https:\/\/ruikelaiglobal.com\/vi\/wp-json\/wp\/v2\/types\/page"}],"author":[{"embeddable":true,"href":"https:\/\/ruikelaiglobal.com\/vi\/wp-json\/wp\/v2\/users\/1"}],"replies":[{"embeddable":true,"href":"https:\/\/ruikelaiglobal.com\/vi\/wp-json\/wp\/v2\/comments?post=4063"}],"version-history":[{"count":37,"href":"https:\/\/ruikelaiglobal.com\/vi\/wp-json\/wp\/v2\/pages\/4063\/revisions"}],"predecessor-version":[{"id":4774,"href":"https:\/\/ruikelaiglobal.com\/vi\/wp-json\/wp\/v2\/pages\/4063\/revisions\/4774"}],"wp:featuredmedia":[{"embeddable":true,"href":"https:\/\/ruikelaiglobal.com\/vi\/wp-json\/wp\/v2\/media\/4065"}],"wp:attachment":[{"href":"https:\/\/ruikelaiglobal.com\/vi\/wp-json\/wp\/v2\/media?parent=4063"}],"curies":[{"name":"wp","href":"https:\/\/api.w.org\/{rel}","templated":true}]}}