{"id":1745,"date":"2025-04-06T03:41:36","date_gmt":"2025-04-06T03:41:36","guid":{"rendered":"https:\/\/ruikelaiglobal.com\/?page_id=1745"},"modified":"2025-04-08T12:35:33","modified_gmt":"2025-04-08T12:35:33","slug":"terms-of-use","status":"publish","type":"page","link":"https:\/\/ruikelaiglobal.com\/vi\/terms-of-use\/","title":{"rendered":"\u0110i\u1ec1u kho\u1ea3n s\u1eed d\u1ee5ng"},"content":{"rendered":"<section class=\"bde-section-1745-100 bde-section\">\n  \n\t\n\n\n\n<div class=\"section-container\"><div class=\"bde-rich-text-1745-101 bde-rich-text breakdance-rich-text-styles\">\n<h1>\u0110i\u1ec1u kho\u1ea3n s\u1eed d\u1ee5ng<\/h1>\n<p><\/p>\n<p><strong>Ng\u00e0y c\u00f3 hi\u1ec7u l\u1ef1c: 2 th\u00e1ng 4 n\u0103m 2025<\/strong><\/p>\n<p> <\/p>\n<p>Ch\u00e0o m\u1eebng \u0111\u1ebfn v\u1edbi <strong>RUIKELAI TO\u00c0N C\u1ea6U<\/strong>, S\u1ef1 hi\u1ec7n di\u1ec7n tr\u1ef1c tuy\u1ebfn c\u1ee7a <strong>C\u00f4ng ty TNHH Nguy\u00ean li\u1ec7u Th\u1ef1c ph\u1ea9m Qingdao Ruikelai.<\/strong> (\u201cC\u00f4ng ty\u201d, \u201cch\u00fang t\u00f4i\u201d, \u201cch\u00fang ta\u201d ho\u1eb7c \u201cc\u1ee7a ch\u00fang t\u00f4i\u201d). C\u00e1c \u0110i\u1ec1u kho\u1ea3n S\u1eed d\u1ee5ng (\u201c\u0110i\u1ec1u kho\u1ea3n\u201d) n\u00e0y quy \u0111\u1ecbnh vi\u1ec7c truy c\u1eadp v\u00e0 s\u1eed d\u1ee5ng trang web c\u1ee7a ch\u00fang t\u00f4i t\u1ea1i \u0111\u1ecba ch\u1ec9 <strong><a class=\"\" href=\"https:\/\/ruikelaiglobal.com\/vi\/\">https:\/\/ruikelaiglobal.com<\/a><\/strong> (trang web \u201cSite\u201d), bao g\u1ed3m to\u00e0n b\u1ed9 n\u1ed9i dung, t\u00ednh n\u0103ng v\u00e0 d\u1ecbch v\u1ee5 \u0111\u01b0\u1ee3c cung c\u1ea5p tr\u00ean ho\u1eb7c th\u00f4ng qua trang web. B\u1eb1ng vi\u1ec7c truy c\u1eadp ho\u1eb7c s\u1eed d\u1ee5ng trang web, b\u1ea1n \u0111\u1ed3ng \u00fd tu\u00e2n th\u1ee7 c\u00e1c \u0110i\u1ec1u kho\u1ea3n n\u00e0y. N\u1ebfu b\u1ea1n kh\u00f4ng \u0111\u1ed3ng \u00fd v\u1edbi c\u00e1c \u0110i\u1ec1u kho\u1ea3n n\u00e0y, vui l\u00f2ng kh\u00f4ng s\u1eed d\u1ee5ng trang web.<\/p>\n<p> <\/p>\n<hr class=\"wp-block-separator has-alpha-channel-opacity\" \/>\n<p> <\/p>\n<h2 class=\"wp-block-heading\">1. Ch\u1ea5p nh\u1eadn \u0110i\u1ec1u kho\u1ea3n<\/h2>\n<p> <\/p>\n<p>B\u1eb1ng c\u00e1ch truy c\u1eadp ho\u1eb7c s\u1eed d\u1ee5ng Ruikelai Global, b\u1ea1n x\u00e1c nh\u1eadn r\u1eb1ng b\u1ea1n \u0111\u00e3 \u0111\u1ecdc, hi\u1ec3u v\u00e0 \u0111\u1ed3ng \u00fd tu\u00e2n th\u1ee7 c\u00e1c \u0110i\u1ec1u kho\u1ea3n n\u00e0y c\u0169ng nh\u01b0 b\u1ea5t k\u1ef3 ch\u00ednh s\u00e1ch, h\u01b0\u1edbng d\u1eabn ho\u1eb7c quy t\u1eafc b\u1ed5 sung n\u00e0o c\u00f3 th\u1ec3 \u0111\u01b0\u1ee3c \u0111\u0103ng t\u1ea3i tr\u00ean Trang web t\u1eeb th\u1eddi gian n\u00e0y sang th\u1eddi gian kh\u00e1c.<\/p>\n<p> <\/p>\n<hr class=\"wp-block-separator has-alpha-channel-opacity\" \/>\n<p> <\/p>\n<h2 class=\"wp-block-heading\">2. S\u1eed d\u1ee5ng Trang web<\/h2>\n<p> <\/p>\n<h3 class=\"wp-block-heading\">2.1. \u0110i\u1ec1u ki\u1ec7n tham gia<\/h3>\n<p> <\/p>\n<p>B\u1ea1n x\u00e1c nh\u1eadn v\u00e0 cam k\u1ebft r\u1eb1ng b\u1ea1n \u0111\u00e3 \u0111\u1ee7 18 tu\u1ed5i v\u00e0 c\u00f3 \u0111\u1ee7 n\u0103ng l\u1ef1c ph\u00e1p l\u00fd \u0111\u1ec3 k\u00fd k\u1ebft m\u1ed9t th\u1ecfa thu\u1eadn c\u00f3 hi\u1ec7u l\u1ef1c ph\u00e1p l\u00fd. N\u1ebfu b\u1ea1n truy c\u1eadp ho\u1eb7c s\u1eed d\u1ee5ng Trang web thay m\u1eb7t cho m\u1ed9t t\u1ed5 ch\u1ee9c, b\u1ea1n x\u00e1c nh\u1eadn r\u1eb1ng b\u1ea1n c\u00f3 quy\u1ec1n \u0111\u1ea1i di\u1ec7n cho t\u1ed5 ch\u1ee9c \u0111\u00f3 \u0111\u1ec3 tu\u00e2n th\u1ee7 c\u00e1c \u0110i\u1ec1u kho\u1ea3n n\u00e0y.<\/p>\n<p> <\/p>\n<h3 class=\"wp-block-heading\">2.2. S\u1eed d\u1ee5ng \u0111\u01b0\u1ee3c ph\u00e9p<\/h3>\n<p> <\/p>\n<p>B\u1ea1n ch\u1ec9 \u0111\u01b0\u1ee3c s\u1eed d\u1ee5ng Trang web cho c\u00e1c m\u1ee5c \u0111\u00edch h\u1ee3p ph\u00e1p v\u00e0 tu\u00e2n th\u1ee7 c\u00e1c \u0110i\u1ec1u kho\u1ea3n n\u00e0y. B\u1ea1n \u0111\u1ed3ng \u00fd kh\u00f4ng s\u1eed d\u1ee5ng Trang web:<\/p>\n<p> <\/p>\n<ul class=\"wp-block-list\">\n<li>B\u1ea5t k\u1ef3 h\u00e0nh vi n\u00e0o vi ph\u1ea1m b\u1ea5t k\u1ef3 lu\u1eadt ho\u1eb7c quy \u0111\u1ecbnh n\u00e0o c\u00f3 hi\u1ec7u l\u1ef1c t\u1ea1i \u0111\u1ecba ph\u01b0\u01a1ng, c\u1ea5p t\u1ec9nh, c\u1ea5p qu\u1ed1c gia ho\u1eb7c qu\u1ed1c t\u1ebf.<\/li>\n \n<li>Tham gia ho\u1eb7c khuy\u1ebfn kh\u00edch c\u00e1c ho\u1ea1t \u0111\u1ed9ng gian l\u1eadn, l\u1ea1m d\u1ee5ng ho\u1eb7c g\u00e2y h\u1ea1i.<\/li>\n \n<li>Vi\u1ec7c truy\u1ec1n t\u1ea3i b\u1ea5t k\u1ef3 virus ho\u1eb7c m\u00e3 m\u00e1y t\u00ednh, t\u1ec7p tin ho\u1eb7c ch\u01b0\u01a1ng tr\u00ecnh n\u00e0o c\u00f3 th\u1ec3 g\u00e2y gi\u00e1n \u0111o\u1ea1n, h\u1ee7y ho\u1ea1i ho\u1eb7c h\u1ea1n ch\u1ebf ch\u1ee9c n\u0103ng c\u1ee7a b\u1ea5t k\u1ef3 ph\u1ea7n m\u1ec1m ho\u1eb7c ph\u1ea7n c\u1ee9ng m\u00e1y t\u00ednh n\u00e0o.<\/li>\n<\/ul>\n<p> <\/p>\n<hr class=\"wp-block-separator has-alpha-channel-opacity\" \/>\n<p> <\/p>\n<h2 class=\"wp-block-heading\">3. Quy\u1ec1n s\u1edf h\u1eefu tr\u00ed tu\u1ec7<\/h2>\n<p> <\/p>\n<p>T\u1ea5t c\u1ea3 n\u1ed9i dung tr\u00ean Ruikelai Global, bao g\u1ed3m nh\u01b0ng kh\u00f4ng gi\u1edbi h\u1ea1n \u1edf v\u0103n b\u1ea3n, \u0111\u1ed3 h\u1ecda, logo, h\u00ecnh \u1ea3nh, \u0111o\u1ea1n \u00e2m thanh, t\u00e0i li\u1ec7u t\u1ea3i xu\u1ed1ng k\u1ef9 thu\u1eadt s\u1ed1, t\u1eadp h\u1ee3p d\u1eef li\u1ec7u v\u00e0 ph\u1ea7n m\u1ec1m, l\u00e0 t\u00e0i s\u1ea3n c\u1ee7a C\u00f4ng ty TNHH Nguy\u00ean li\u1ec7u Th\u1ef1c ph\u1ea9m Qingdao Ruikelai ho\u1eb7c c\u00e1c nh\u00e0 cung c\u1ea5p n\u1ed9i dung c\u1ee7a c\u00f4ng ty v\u00e0 \u0111\u01b0\u1ee3c b\u1ea3o v\u1ec7 b\u1edfi lu\u1eadt b\u1ea3n quy\u1ec1n v\u00e0 nh\u00e3n hi\u1ec7u qu\u1ed1c t\u1ebf.<\/p>\n<p> <\/p>\n<p>B\u1ea1n kh\u00f4ng \u0111\u01b0\u1ee3c sao ch\u00e9p, ph\u00e2n ph\u1ed1i, s\u1eeda \u0111\u1ed5i, t\u1ea1o ra c\u00e1c t\u00e1c ph\u1ea9m ph\u00e1i sinh, c\u00f4ng khai hi\u1ec3n th\u1ecb ho\u1eb7c s\u1eed d\u1ee5ng b\u1ea5t k\u1ef3 n\u1ed9i dung n\u00e0o m\u00e0 kh\u00f4ng c\u00f3 s\u1ef1 cho ph\u00e9p b\u1eb1ng v\u0103n b\u1ea3n tr\u01b0\u1edbc c\u1ee7a ch\u00fang t\u00f4i, tr\u1eeb khi \u0111\u01b0\u1ee3c ph\u00e9p r\u00f5 r\u00e0ng theo c\u00e1c \u0110i\u1ec1u kho\u1ea3n n\u00e0y.<\/p>\n<p> <\/p>\n<hr class=\"wp-block-separator has-alpha-channel-opacity\" \/>\n<p> <\/p>\n<h2 class=\"wp-block-heading\">4. N\u1ed9i dung do ng\u01b0\u1eddi d\u00f9ng t\u1ea1o<\/h2>\n<p> <\/p>\n<p>B\u1ea1n c\u00f3 th\u1ec3 c\u00f3 c\u01a1 h\u1ed9i g\u1eedi \u00fd ki\u1ebfn, ph\u1ea3n h\u1ed3i ho\u1eb7c n\u1ed9i dung kh\u00e1c (\u201cN\u1ed9i dung c\u1ee7a Ng\u01b0\u1eddi d\u00f9ng\u201d) l\u00ean Trang web. B\u1eb1ng vi\u1ec7c \u0111\u0103ng b\u1ea5t k\u1ef3 N\u1ed9i dung c\u1ee7a Ng\u01b0\u1eddi d\u00f9ng n\u00e0o, b\u1ea1n c\u1ea5p cho ch\u00fang t\u00f4i gi\u1ea5y ph\u00e9p kh\u00f4ng \u0111\u1ed9c quy\u1ec1n, mi\u1ec5n ph\u00ed, to\u00e0n c\u1ea7u, v\u0129nh vi\u1ec5n v\u00e0 kh\u00f4ng th\u1ec3 thu h\u1ed3i \u0111\u1ec3 s\u1eed d\u1ee5ng, sao ch\u00e9p, s\u1eeda \u0111\u1ed5i, \u0111i\u1ec1u ch\u1ec9nh, xu\u1ea5t b\u1ea3n, d\u1ecbch, ph\u00e2n ph\u1ed1i v\u00e0 hi\u1ec3n th\u1ecb n\u1ed9i dung \u0111\u00f3 tr\u00ean Trang web v\u00e0 li\u00ean quan \u0111\u1ebfn ho\u1ea1t \u0111\u1ed9ng kinh doanh c\u1ee7a ch\u00fang t\u00f4i.<\/p>\n<p> <\/p>\n<p>B\u1ea1n cam k\u1ebft r\u1eb1ng N\u1ed9i dung Ng\u01b0\u1eddi d\u00f9ng c\u1ee7a b\u1ea1n kh\u00f4ng vi ph\u1ea1m quy\u1ec1n s\u1edf h\u1eefu tr\u00ed tu\u1ec7 ho\u1eb7c c\u00e1c quy\u1ec1n kh\u00e1c c\u1ee7a b\u1ea5t k\u1ef3 b\u00ean th\u1ee9 ba n\u00e0o v\u00e0 tu\u00e2n th\u1ee7 t\u1ea5t c\u1ea3 c\u00e1c quy \u0111\u1ecbnh ph\u00e1p lu\u1eadt hi\u1ec7n h\u00e0nh.<\/p>\n<p> <\/p>\n<hr class=\"wp-block-separator has-alpha-channel-opacity\" \/>\n<p> <\/p>\n<h2 class=\"wp-block-heading\">5. Mi\u1ec5n tr\u1eeb tr\u00e1ch nhi\u1ec7m v\u00e0 gi\u1edbi h\u1ea1n tr\u00e1ch nhi\u1ec7m<\/h2>\n<p> <\/p>\n<h3 class=\"wp-block-heading\">5.1. Mi\u1ec5n tr\u1eeb tr\u00e1ch nhi\u1ec7m b\u1ea3o h\u00e0nh<\/h3>\n<p> <\/p>\n<p>Trang web v\u00e0 t\u1ea5t c\u1ea3 th\u00f4ng tin, n\u1ed9i dung, t\u00e0i li\u1ec7u v\u00e0 d\u1ecbch v\u1ee5 \u0111\u01b0\u1ee3c cung c\u1ea5p tr\u00ean ho\u1eb7c th\u00f4ng qua Trang web \u0111\u01b0\u1ee3c cung c\u1ea5p tr\u00ean c\u01a1 s\u1edf \u201cnguy\u00ean tr\u1ea1ng\u201d v\u00e0 \u201ctheo t\u00ecnh tr\u1ea1ng s\u1eb5n c\u00f3\u201d m\u00e0 kh\u00f4ng c\u00f3 b\u1ea5t k\u1ef3 b\u1ea3o \u0111\u1ea3m n\u00e0o, d\u00f9 l\u00e0 r\u00f5 r\u00e0ng hay ng\u1ee5 \u00fd. Ch\u00fang t\u00f4i kh\u00f4ng b\u1ea3o \u0111\u1ea3m r\u1eb1ng Trang web s\u1ebd ho\u1ea1t \u0111\u1ed9ng li\u00ean t\u1ee5c, kh\u00f4ng c\u00f3 l\u1ed7i ho\u1eb7c ho\u00e0n to\u00e0n an to\u00e0n.<\/p>\n<p> <\/p>\n<h3 class=\"wp-block-heading\">5.2. Gi\u1edbi h\u1ea1n tr\u00e1ch nhi\u1ec7m<\/h3>\n<p> <\/p>\n<p>Trong m\u1ecdi tr\u01b0\u1eddng h\u1ee3p, C\u00f4ng ty TNHH Nguy\u00ean li\u1ec7u Th\u1ef1c ph\u1ea9m Qingdao Ruikelai, c\u00e1c c\u00f4ng ty con ho\u1eb7c c\u00e1c b\u00ean c\u1ea5p ph\u00e9p c\u1ee7a c\u00f4ng ty n\u00e0y s\u1ebd kh\u00f4ng ch\u1ecbu tr\u00e1ch nhi\u1ec7m v\u1ec1 b\u1ea5t k\u1ef3 thi\u1ec7t h\u1ea1i tr\u1ef1c ti\u1ebfp, gi\u00e1n ti\u1ebfp, ng\u1eabu nhi\u00ean, \u0111\u1eb7c bi\u1ec7t, do h\u1eadu qu\u1ea3 ho\u1eb7c tr\u1eebng ph\u1ea1t n\u00e0o ph\u00e1t sinh t\u1eeb ho\u1eb7c li\u00ean quan \u0111\u1ebfn vi\u1ec7c b\u1ea1n s\u1eed d\u1ee5ng ho\u1eb7c kh\u00f4ng th\u1ec3 s\u1eed d\u1ee5ng Trang web\u2014k\u1ec3 c\u1ea3 khi ch\u00fang t\u00f4i \u0111\u00e3 \u0111\u01b0\u1ee3c th\u00f4ng b\u00e1o v\u1ec1 kh\u1ea3 n\u0103ng x\u1ea3y ra nh\u1eefng thi\u1ec7t h\u1ea1i \u0111\u00f3.<\/p>\n<p> <\/p>\n<hr class=\"wp-block-separator has-alpha-channel-opacity\" \/>\n<p> <\/p>\n<h2 class=\"wp-block-heading\">6. Li\u00ean k\u1ebft ngo\u00e0i<\/h2>\n<p> <\/p>\n<p>Trang web c\u00f3 th\u1ec3 ch\u1ee9a c\u00e1c li\u00ean k\u1ebft \u0111\u1ebfn c\u00e1c trang web c\u1ee7a b\u00ean th\u1ee9 ba m\u00e0 ch\u00fang t\u00f4i kh\u00f4ng s\u1edf h\u1eefu ho\u1eb7c ki\u1ec3m so\u00e1t. Ch\u00fang t\u00f4i kh\u00f4ng c\u00f3 quy\u1ec1n ki\u1ec3m so\u00e1t v\u00e0 kh\u00f4ng ch\u1ecbu tr\u00e1ch nhi\u1ec7m v\u1ec1 n\u1ed9i dung, ch\u00ednh s\u00e1ch b\u1ea3o m\u1eadt ho\u1eb7c c\u00e1c ho\u1ea1t \u0111\u1ed9ng c\u1ee7a b\u1ea5t k\u1ef3 trang web ho\u1eb7c d\u1ecbch v\u1ee5 c\u1ee7a b\u00ean th\u1ee9 ba n\u00e0o. B\u1ea1n th\u1eeba nh\u1eadn v\u00e0 \u0111\u1ed3ng \u00fd r\u1eb1ng ch\u00fang t\u00f4i s\u1ebd kh\u00f4ng ch\u1ecbu tr\u00e1ch nhi\u1ec7m ho\u1eb7c b\u1ed3i th\u01b0\u1eddng, tr\u1ef1c ti\u1ebfp ho\u1eb7c gi\u00e1n ti\u1ebfp, cho b\u1ea5t k\u1ef3 thi\u1ec7t h\u1ea1i ho\u1eb7c t\u1ed5n th\u1ea5t n\u00e0o g\u00e2y ra ho\u1eb7c li\u00ean quan \u0111\u1ebfn vi\u1ec7c b\u1ea1n s\u1eed d\u1ee5ng b\u1ea5t k\u1ef3 trang web c\u1ee7a b\u00ean th\u1ee9 ba n\u00e0o.<\/p>\n<p> <\/p>\n<hr class=\"wp-block-separator has-alpha-channel-opacity\" \/>\n<p> <\/p>\n<h2 class=\"wp-block-heading\">7. Lu\u1eadt \u00e1p d\u1ee5ng<\/h2>\n<p> <\/p>\n<p>C\u00e1c \u0110i\u1ec1u kho\u1ea3n n\u00e0y s\u1ebd \u0111\u01b0\u1ee3c \u0111i\u1ec1u ch\u1ec9nh v\u00e0 gi\u1ea3i th\u00edch theo lu\u1eadt ph\u00e1p c\u1ee7a C\u1ed9ng h\u00f2a Nh\u00e2n d\u00e2n Trung Hoa, kh\u00f4ng \u00e1p d\u1ee5ng c\u00e1c quy \u0111\u1ecbnh v\u1ec1 xung \u0111\u1ed9t ph\u00e1p lu\u1eadt. B\u1ea5t k\u1ef3 h\u00e0nh \u0111\u1ed9ng ph\u00e1p l\u00fd ho\u1eb7c th\u1ee7 t\u1ee5c n\u00e0o ph\u00e1t sinh t\u1eeb ho\u1eb7c li\u00ean quan \u0111\u1ebfn c\u00e1c \u0110i\u1ec1u kho\u1ea3n n\u00e0y s\u1ebd \u0111\u01b0\u1ee3c kh\u1edfi ki\u1ec7n \u0111\u1ed9c quy\u1ec1n t\u1ea1i c\u00e1c t\u00f2a \u00e1n c\u00f3 th\u1ea9m quy\u1ec1n t\u1ea1i Pingdu, v\u00e0 b\u1ea1n \u0111\u1ed3ng \u00fd v\u1edbi th\u1ea9m quy\u1ec1n c\u00e1 nh\u00e2n c\u1ee7a c\u00e1c t\u00f2a \u00e1n \u0111\u00f3.<\/p>\n<p> <\/p>\n<hr class=\"wp-block-separator has-alpha-channel-opacity\" \/>\n<p> <\/p>\n<h2 class=\"wp-block-heading\">8. Thay \u0111\u1ed5i \u0111\u1ed1i v\u1edbi c\u00e1c \u0110i\u1ec1u kho\u1ea3n n\u00e0y<\/h2>\n<p> <\/p>\n<p>Ch\u00fang t\u00f4i c\u00f3 quy\u1ec1n s\u1eeda \u0111\u1ed5i ho\u1eb7c c\u1eadp nh\u1eadt c\u00e1c \u0110i\u1ec1u kho\u1ea3n n\u00e0y b\u1ea5t c\u1ee9 l\u00fac n\u00e0o. B\u1ea5t k\u1ef3 thay \u0111\u1ed5i n\u00e0o s\u1ebd c\u00f3 hi\u1ec7u l\u1ef1c ngay l\u1eadp t\u1ee9c sau khi \u0111\u01b0\u1ee3c \u0111\u0103ng t\u1ea3i tr\u00ean Trang web, v\u00e0 vi\u1ec7c b\u1ea1n ti\u1ebfp t\u1ee5c s\u1eed d\u1ee5ng Trang web \u0111\u01b0\u1ee3c coi l\u00e0 ch\u1ea5p nh\u1eadn c\u00e1c thay \u0111\u1ed5i \u0111\u00f3. Ch\u00fang t\u00f4i khuy\u1ebfn kh\u00edch b\u1ea1n xem x\u00e9t c\u00e1c \u0110i\u1ec1u kho\u1ea3n n\u00e0y \u0111\u1ecbnh k\u1ef3.<\/p>\n<p> <\/p>\n<hr class=\"wp-block-separator has-alpha-channel-opacity\" \/>\n<p> <\/p>\n<h2 class=\"wp-block-heading\">9. Ch\u1ea5m d\u1ee9t<\/h2>\n<p> <\/p>\n<p>Ch\u00fang t\u00f4i c\u00f3 th\u1ec3 ch\u1ea5m d\u1ee9t ho\u1eb7c t\u1ea1m ng\u1eebng quy\u1ec1n truy c\u1eadp c\u1ee7a b\u1ea1n v\u00e0o Trang web ngay l\u1eadp t\u1ee9c, m\u00e0 kh\u00f4ng c\u1ea7n th\u00f4ng b\u00e1o tr\u01b0\u1edbc ho\u1eb7c ch\u1ecbu tr\u00e1ch nhi\u1ec7m, v\u00ec b\u1ea5t k\u1ef3 l\u00fd do g\u00ec, bao g\u1ed3m c\u1ea3 tr\u01b0\u1eddng h\u1ee3p b\u1ea1n vi ph\u1ea1m c\u00e1c \u0110i\u1ec1u kho\u1ea3n n\u00e0y. Khi ch\u1ea5m d\u1ee9t, quy\u1ec1n s\u1eed d\u1ee5ng Trang web c\u1ee7a b\u1ea1n s\u1ebd ch\u1ea5m d\u1ee9t ngay l\u1eadp t\u1ee9c.<\/p>\n<p> <\/p>\n<hr class=\"wp-block-separator has-alpha-channel-opacity\" \/>\n<p> <\/p>\n<h2 class=\"wp-block-heading\">10. Th\u00f4ng tin li\u00ean h\u1ec7<\/h2>\n<p> <\/p>\n<p>N\u1ebfu b\u1ea1n c\u00f3 b\u1ea5t k\u1ef3 c\u00e2u h\u1ecfi ho\u1eb7c th\u1eafc m\u1eafc n\u00e0o v\u1ec1 c\u00e1c \u0110i\u1ec1u kho\u1ea3n n\u00e0y ho\u1eb7c Trang web, vui l\u00f2ng li\u00ean h\u1ec7 v\u1edbi ch\u00fang t\u00f4i t\u1ea1i:<\/p>\n<p> <\/p>\n<p><strong>C\u00f4ng ty TNHH Nguy\u00ean li\u1ec7u Th\u1ef1c ph\u1ea9m Qingdao Ruikelai.<\/strong><br \/>Email: info@ruikelaiglobal.com<br \/>\u0110\u1ecba ch\u1ec9: S\u1ed1 277 \u0110\u01b0\u1eddng Tr\u00f9ng Kh\u00e1nh, Khu Ph\u00e1t tri\u1ec3n Kinh t\u1ebf B\u00ecnh \u0110\u00f4, Th\u00e0nh ph\u1ed1 Thanh \u0110\u1ea3o, T\u1ec9nh S\u01a1n \u0110\u00f4ng, Trung Qu\u1ed1c<\/p>\n<p> <\/p>\n<hr class=\"wp-block-separator has-alpha-channel-opacity\" \/>\n<p> <\/p>\n<p><em>B\u1eb1ng c\u00e1ch s\u1eed d\u1ee5ng <strong>Ruikelai To\u00e0n c\u1ea7u<\/strong>, B\u1ea1n x\u00e1c nh\u1eadn r\u1eb1ng b\u1ea1n \u0111\u00e3 \u0111\u1ecdc c\u00e1c \u0110i\u1ec1u kho\u1ea3n S\u1eed d\u1ee5ng n\u00e0y v\u00e0 \u0111\u1ed3ng \u00fd tu\u00e2n th\u1ee7 ch\u00fang.<\/em><\/p>\n<p><\/p>\n<\/div><\/div>\n<\/section>","protected":false},"excerpt":{"rendered":"<p>Terms of Use Effective Date: April 2, 2025 Welcome to RUIKELAI GLOBAL, the online presence of Qingdao Ruikelai Food Ingredients Co., Ltd. (\u201cCompany\u201d, \u201cwe\u201d, \u201cus\u201d, or \u201cour\u201d). These Terms of Use (\u201cTerms\u201d) govern your access to and use of our website located at https:\/\/ruikelaiglobal.com (the \u201cSite\u201d), including all content, features, and services offered on or [&hellip;]<\/p>\n","protected":false},"author":1,"featured_media":0,"parent":0,"menu_order":0,"comment_status":"closed","ping_status":"closed","template":"","meta":{"_breakdance_hide_in_design_set":false,"_breakdance_tags":"","footnotes":""},"class_list":["post-1745","page","type-page","status-publish","hentry"],"_links":{"self":[{"href":"https:\/\/ruikelaiglobal.com\/vi\/wp-json\/wp\/v2\/pages\/1745","targetHints":{"allow":["GET"]}}],"collection":[{"href":"https:\/\/ruikelaiglobal.com\/vi\/wp-json\/wp\/v2\/pages"}],"about":[{"href":"https:\/\/ruikelaiglobal.com\/vi\/wp-json\/wp\/v2\/types\/page"}],"author":[{"embeddable":true,"href":"https:\/\/ruikelaiglobal.com\/vi\/wp-json\/wp\/v2\/users\/1"}],"replies":[{"embeddable":true,"href":"https:\/\/ruikelaiglobal.com\/vi\/wp-json\/wp\/v2\/comments?post=1745"}],"version-history":[{"count":5,"href":"https:\/\/ruikelaiglobal.com\/vi\/wp-json\/wp\/v2\/pages\/1745\/revisions"}],"predecessor-version":[{"id":1883,"href":"https:\/\/ruikelaiglobal.com\/vi\/wp-json\/wp\/v2\/pages\/1745\/revisions\/1883"}],"wp:attachment":[{"href":"https:\/\/ruikelaiglobal.com\/vi\/wp-json\/wp\/v2\/media?parent=1745"}],"curies":[{"name":"wp","href":"https:\/\/api.w.org\/{rel}","templated":true}]}}