{"id":893,"date":"2025-03-17T08:30:48","date_gmt":"2025-03-17T08:30:48","guid":{"rendered":"https:\/\/ruikelaiglobal.com\/?post_type=product&#038;p=893"},"modified":"2025-06-02T08:46:03","modified_gmt":"2025-06-02T08:46:03","slug":"gd-6-extra-pure-ethyl-flavor-enhancer","status":"publish","type":"product","link":"https:\/\/ruikelaiglobal.com\/tr\/gd-6-extra-pure-ethyl-flavor-enhancer\/","title":{"rendered":"GD-6 Ekstra Saf Etil Aroma Artt\u0131r\u0131c\u0131"},"content":{"rendered":"<p>GD-6 Ekstra Saf Etil Lezzet Artt\u0131r\u0131c\u0131, g\u0131da \u00fcr\u00fcnlerinizin genel lezzetini y\u00fckseltmek i\u00e7in tasarlanm\u0131\u015f geli\u015fmi\u015f bir katk\u0131 maddesidir. \u00c7orbalar, et sular\u0131, i\u015flenmi\u015f etler ve bitki bazl\u0131 proteinler i\u00e7in \u00f6zel olarak tasarlanan GD-6, dengeli, katmanl\u0131 bir tat deneyimi sa\u011flarken tuzlu notalar\u0131 yo\u011funla\u015ft\u0131ran konsantre bir saf etil bile\u015fikleri art\u0131\u015f\u0131 sunar. Son teknoloji safla\u015ft\u0131rma teknikleri kullan\u0131larak geli\u015ftirilen bu g\u00fc\u00e7lendirici, y\u00fcksek s\u0131cakl\u0131kta i\u015fleme ve uzun s\u00fcreli depolama alt\u0131nda bile tutarl\u0131 performans ve ola\u011fan\u00fcst\u00fc stabiliteyi garanti eder. GDO'suz bile\u015fenlerle haz\u0131rlanan ve yapay katk\u0131 maddeleri i\u00e7ermeyen GD-6, k\u00fcresel temiz etiket trendleriyle uyumludur ve g\u0131da \u00fcreticilerinin \u00fcst\u00fcn lezzet geli\u015ftirme elde etmek i\u00e7in g\u00fcvenebilecekleri \u015feffaf bir \u00e7\u00f6z\u00fcm sunar. Uluslararas\u0131 kalite standartlar\u0131n\u0131 kar\u015f\u0131layan g\u00fc\u00e7l\u00fc, otantik lezzet profilleri ile mutfak kreasyonlar\u0131n\u0131z\u0131 d\u00f6n\u00fc\u015ft\u00fcrmek i\u00e7in GD-6'ya g\u00fcvenin.<\/p>\n<p>&nbsp;<\/p>","protected":false},"excerpt":{"rendered":"<h3 style=\"color: #cb342d; margin-bottom: 12px;\">\u00dcr\u00fcn A\u00e7\u0131klamas\u0131:<\/h3>\n<p><strong data-start=\"934\" data-end=\"966\"><span style=\"color: #cb342d; margin-right: 8px;\">\u2022<\/span>Ultra Saf Etil Ekstraksiyonu:<\/strong> Lezzet profillerini \u00f6nemli \u00f6l\u00e7\u00fcde g\u00fc\u00e7lendiren ve rafine eden y\u00fcksek konsantrasyonda saf etil bile\u015fikleri sa\u011flar.<\/p>\n<p><strong data-start=\"1080\" data-end=\"1107\"><span style=\"color: #cb342d; margin-right: 8px;\">\u2022<\/span>\u00c7ok Y\u00f6nl\u00fc Uygulamalar:<\/strong> \u00c7orbalar, et sular\u0131, i\u015flenmi\u015f etler ve bitki bazl\u0131 proteinler dahil olmak \u00fczere geni\u015f bir \u00fcr\u00fcn yelpazesini geli\u015ftirmek i\u00e7in idealdir.<\/p>\n<p><strong data-start=\"1225\" data-end=\"1244\"><span style=\"color: #cb342d; margin-right: 8px;\">\u2022<\/span>Y\u00fcksek Stabilite:<\/strong> Y\u00fcksek s\u0131cakl\u0131kta i\u015fleme ve uzun raf \u00f6mr\u00fc ko\u015fullar\u0131nda lezzet artt\u0131r\u0131c\u0131 \u00f6zelliklerini korur.<\/p>\n<p><strong data-start=\"1360\" data-end=\"1388\"><span style=\"color: #cb342d; margin-right: 8px;\">\u2022<\/span>Temiz Etiket Form\u00fclasyonu:<\/strong> GDO'suz i\u00e7eriklerle \u00fcretilmi\u015ftir ve tamamen yapay katk\u0131 maddeleri i\u00e7ermez, k\u00fcresel temiz etiket trendlerini destekler.<\/p>\n<p><strong data-start=\"1508\" data-end=\"1531\"><span style=\"color: #cb342d; margin-right: 8px;\">\u2022<\/span>Dengeli Yo\u011funluk:<\/strong> G\u0131dan\u0131n do\u011fal tad\u0131n\u0131 bast\u0131rmadan g\u00fc\u00e7l\u00fc lezzet art\u0131\u015f\u0131 sa\u011flamak i\u00e7in hassas bir \u015fekilde kalibre edilmi\u015ftir.<\/p>\n<p><strong data-start=\"1646\" data-end=\"1668\"><span style=\"color: #cb342d; margin-right: 8px;\">\u2022<\/span>Sertifikal\u0131 Kalite:<\/strong> Uluslararas\u0131 g\u0131da g\u00fcvenli\u011fi standartlar\u0131na uygundur ve her parti i\u00e7in tutarl\u0131, \u00fcst\u00fcn kalite sa\u011flar.<\/p>","protected":false},"featured_media":1328,"comment_status":"closed","ping_status":"closed","template":"","meta":[],"product_brand":[36],"product_cat":[77,17],"product_tag":[69],"class_list":{"0":"post-893","1":"product","2":"type-product","3":"status-publish","4":"has-post-thumbnail","6":"product_brand-ruilisi","7":"product_cat-ethyl-flavor-enhancers","8":"product_cat-flavor","9":"product_tag-powder","10":"pa_form-powder","11":"pa_taste-enhancing-meat-flavor","13":"first","14":"instock","15":"sale","16":"shipping-taxable","17":"purchasable","18":"product-type-simple"},"_links":{"self":[{"href":"https:\/\/ruikelaiglobal.com\/tr\/wp-json\/wp\/v2\/product\/893","targetHints":{"allow":["GET"]}}],"collection":[{"href":"https:\/\/ruikelaiglobal.com\/tr\/wp-json\/wp\/v2\/product"}],"about":[{"href":"https:\/\/ruikelaiglobal.com\/tr\/wp-json\/wp\/v2\/types\/product"}],"replies":[{"embeddable":true,"href":"https:\/\/ruikelaiglobal.com\/tr\/wp-json\/wp\/v2\/comments?post=893"}],"wp:featuredmedia":[{"embeddable":true,"href":"https:\/\/ruikelaiglobal.com\/tr\/wp-json\/wp\/v2\/media\/1328"}],"wp:attachment":[{"href":"https:\/\/ruikelaiglobal.com\/tr\/wp-json\/wp\/v2\/media?parent=893"}],"wp:term":[{"taxonomy":"product_brand","embeddable":true,"href":"https:\/\/ruikelaiglobal.com\/tr\/wp-json\/wp\/v2\/product_brand?post=893"},{"taxonomy":"product_cat","embeddable":true,"href":"https:\/\/ruikelaiglobal.com\/tr\/wp-json\/wp\/v2\/product_cat?post=893"},{"taxonomy":"product_tag","embeddable":true,"href":"https:\/\/ruikelaiglobal.com\/tr\/wp-json\/wp\/v2\/product_tag?post=893"}],"curies":[{"name":"wp","href":"https:\/\/api.w.org\/{rel}","templated":true}]}}