{"id":892,"date":"2025-03-17T08:48:11","date_gmt":"2025-03-17T08:48:11","guid":{"rendered":"https:\/\/ruikelaiglobal.com\/?post_type=product&#038;p=892"},"modified":"2025-06-02T07:40:23","modified_gmt":"2025-06-02T07:40:23","slug":"gd-7-ethyl-flavor-enhancer","status":"publish","type":"product","link":"https:\/\/ruikelaiglobal.com\/tr\/gd-7-ethyl-flavor-enhancer\/","title":{"rendered":"GD-7 Etil Lezzet Artt\u0131r\u0131c\u0131"},"content":{"rendered":"<p>GD-7 Etil Lezzet Artt\u0131r\u0131c\u0131, g\u0131da \u00fcr\u00fcnlerinizin do\u011fal lezzetini y\u00fckseltmek ve rafine etmek i\u00e7in form\u00fcle edilmi\u015f son teknoloji bir katk\u0131 maddesidir. Geli\u015fmi\u015f ekstraksiyon teknikleri kullan\u0131larak geli\u015ftirilen GD-7, tuzlu notalar\u0131 yo\u011funla\u015ft\u0131ran ve daha dengeli, katmanl\u0131 bir tat profili olu\u015fturan konsantre bir etil bile\u015fikleri art\u0131\u015f\u0131 sa\u011flar. \u00c7orbalar, et sular\u0131, i\u015flenmi\u015f etler ve hatta bitki bazl\u0131 proteinler dahil olmak \u00fczere bir dizi uygulama i\u00e7in m\u00fckemmel olan bu g\u00fc\u00e7lendirici, y\u00fcksek s\u0131cakl\u0131kta i\u015fleme ve uzun s\u00fcreli depolama alt\u0131nda tutarl\u0131 performans ve \u00fcst\u00fcn stabilite sa\u011flar. GDO'suz i\u00e7eriklerle haz\u0131rlanan ve yapay katk\u0131 maddeleri i\u00e7ermeyen GD-7, k\u00fcresel temiz etiket trendleriyle uyumludur ve titiz uluslararas\u0131 g\u0131da g\u00fcvenli\u011fi standartlar\u0131n\u0131 kar\u015f\u0131layarak g\u00fcvenilir lezzet artt\u0131r\u0131c\u0131 arayan g\u0131da \u00fcreticileri i\u00e7in ideal bir se\u00e7imdir.<\/p>","protected":false},"excerpt":{"rendered":"<h3 style=\"color: #cb342d; margin-bottom: 12px;\">\u00dcr\u00fcn A\u00e7\u0131klamas\u0131:<\/h3>\n<p><strong data-start=\"840\" data-end=\"874\"><span style=\"color: #cb342d; margin-right: 8px;\">\u2022<\/span>Konsantre Etil Ekstraksiyonu:<\/strong> Genel aroma profilini \u00f6nemli \u00f6l\u00e7\u00fcde geli\u015ftirmek ve rafine etmek i\u00e7in g\u00fc\u00e7l\u00fc bir etil bile\u015fikleri art\u0131\u015f\u0131 sa\u011flar.<\/p>\n<p><strong data-start=\"988\" data-end=\"1014\"><span style=\"color: #cb342d; margin-right: 8px;\">\u2022<\/span>\u00c7ok Y\u00f6nl\u00fc Uygulama:<\/strong> \u00c7orbalar, et sular\u0131, i\u015flenmi\u015f etler ve bitki bazl\u0131 proteinler gibi \u00e7e\u015fitli \u00fcr\u00fcnler i\u00e7in idealdir ve \u00e7e\u015fitli mutfak uygulamalar\u0131nda tutarl\u0131 lezzet geli\u015ftirme sa\u011flar.<\/p>\n<p><strong data-start=\"1191\" data-end=\"1210\"><span style=\"color: #cb342d; margin-right: 8px;\">\u2022<\/span>Y\u00fcksek Stabilite:<\/strong> Y\u00fcksek s\u0131cakl\u0131kta i\u015fleme ve uzun raf \u00f6mr\u00fc ko\u015fullar\u0131nda bile lezzet art\u0131r\u0131c\u0131 \u00f6zelliklerini korur.<\/p>\n<p><strong data-start=\"1332\" data-end=\"1360\"><span style=\"color: #cb342d; margin-right: 8px;\">\u2022<\/span>Temiz Etiket Form\u00fclasyonu:<\/strong> GDO'suz i\u00e7eriklerle \u00fcretilmi\u015ftir ve tamamen yapay katk\u0131 maddeleri i\u00e7ermez, k\u00fcresel temiz etiket trendlerini destekler.<\/p>\n<p><strong data-start=\"1480\" data-end=\"1503\"><span style=\"color: #cb342d; margin-right: 8px;\">\u2022<\/span>Dengeli Yo\u011funluk:<\/strong> G\u0131dan\u0131n do\u011fal tad\u0131n\u0131 bast\u0131rmadan g\u00fc\u00e7l\u00fc ancak dengeli lezzet art\u0131\u015f\u0131 sa\u011flamak i\u00e7in hassas bir \u015fekilde form\u00fcle edilmi\u015ftir.<\/p>\n<p><strong data-start=\"1632\" data-end=\"1654\"><span style=\"color: #cb342d; margin-right: 8px;\">\u2022<\/span>Sertifikal\u0131 Kalite:<\/strong> Uluslararas\u0131 g\u0131da g\u00fcvenli\u011fi standartlar\u0131na uygundur, t\u00fcm uygulamalar i\u00e7in g\u00fcvenilir ve \u00fcst\u00fcn kalite sa\u011flar.<\/p>","protected":false},"featured_media":1467,"comment_status":"closed","ping_status":"closed","template":"","meta":[],"product_brand":[36],"product_cat":[77,17],"product_tag":[69],"class_list":{"0":"post-892","1":"product","2":"type-product","3":"status-publish","4":"has-post-thumbnail","6":"product_brand-ruilisi","7":"product_cat-ethyl-flavor-enhancers","8":"product_cat-flavor","9":"product_tag-powder","10":"pa_form-powder","11":"pa_taste-enhancing-meat-flavor","13":"first","14":"instock","15":"sale","16":"shipping-taxable","17":"purchasable","18":"product-type-simple"},"_links":{"self":[{"href":"https:\/\/ruikelaiglobal.com\/tr\/wp-json\/wp\/v2\/product\/892","targetHints":{"allow":["GET"]}}],"collection":[{"href":"https:\/\/ruikelaiglobal.com\/tr\/wp-json\/wp\/v2\/product"}],"about":[{"href":"https:\/\/ruikelaiglobal.com\/tr\/wp-json\/wp\/v2\/types\/product"}],"replies":[{"embeddable":true,"href":"https:\/\/ruikelaiglobal.com\/tr\/wp-json\/wp\/v2\/comments?post=892"}],"wp:featuredmedia":[{"embeddable":true,"href":"https:\/\/ruikelaiglobal.com\/tr\/wp-json\/wp\/v2\/media\/1467"}],"wp:attachment":[{"href":"https:\/\/ruikelaiglobal.com\/tr\/wp-json\/wp\/v2\/media?parent=892"}],"wp:term":[{"taxonomy":"product_brand","embeddable":true,"href":"https:\/\/ruikelaiglobal.com\/tr\/wp-json\/wp\/v2\/product_brand?post=892"},{"taxonomy":"product_cat","embeddable":true,"href":"https:\/\/ruikelaiglobal.com\/tr\/wp-json\/wp\/v2\/product_cat?post=892"},{"taxonomy":"product_tag","embeddable":true,"href":"https:\/\/ruikelaiglobal.com\/tr\/wp-json\/wp\/v2\/product_tag?post=892"}],"curies":[{"name":"wp","href":"https:\/\/api.w.org\/{rel}","templated":true}]}}