{"id":4912,"date":"2026-01-25T06:33:16","date_gmt":"2026-01-25T06:33:16","guid":{"rendered":"https:\/\/ruikelaiglobal.com\/?post_type=product&#038;p=4912"},"modified":"2026-01-25T06:33:17","modified_gmt":"2026-01-25T06:33:17","slug":"sriracha-protein-mayo","status":"publish","type":"product","link":"https:\/\/ruikelaiglobal.com\/tr\/sriracha-protein-mayo\/","title":{"rendered":"Sriracha Protein Mayo"},"content":{"rendered":"<h2>RUIKELAI OEM Y\u00fcksek Proteinli Sriracha Vegan Mayo - 12g Proteinli Bitki Bazl\u0131 Fitness Sosu<\/h2>\n<p><strong>RUIKELAI<\/strong> <strong>Sriracha Protein Mayo<\/strong> \u201cbitki bazl\u0131 etik\u201d ve \u201csporcu beslenmesi\u201d aras\u0131ndaki bo\u015flu\u011fu doldurmak i\u00e7in tasarlanm\u0131\u015f devrim niteli\u011finde i\u015flevsel bir \u00e7e\u015fnidir. Genellikle besin de\u011feri olmayan (y\u00fcksek ya\u011f, d\u00fc\u015f\u00fck protein) geleneksel vegan mayonezlerin aksine, tescilli Pickering Em\u00fclsiyon teknolojimiz, tipik olarak bitki proteinleriyle ili\u015fkilendirilen p\u00fct\u00fcrl\u00fc doku olmadan 100 g ba\u015f\u0131na 12 g GDO'suz Bezelye Protein \u0130zolat\u0131n\u0131 ask\u0131ya almam\u0131z\u0131 sa\u011flar.<\/p>\n<p>Flying Goose gibi pazar liderlerine lezzet konusunda rakip olurken beslenme konusunda da onlar\u0131 geride b\u0131rakan, rafa dayan\u0131kl\u0131 (pH 3.5-4.0), kremsi ve keskin bir sos yaratmak i\u00e7in y\u00fcksek par\u00e7alay\u0131c\u0131l\u0131 bir homojenizasyon i\u015flemi kullan\u0131yoruz. Bu \u201cMavi Okyanus\u201d \u00fcr\u00fcn\u00fc, Avustralya ve AB gibi pazarlarda geli\u015fen fitness ve flexitarian sekt\u00f6rlerini hedeflemektedir. Qingdao'da bir kaynak \u00fcretici olarak, tam <a href=\"https:\/\/ruikelaiglobal.com\/tr\/flavor-solutions\/\">OEM\/ODM hizmetleri<\/a>, B\u00f6ylece Bat\u0131l\u0131 ortak paketleyicilere g\u00f6re \u00f6nemli marj avantajlar\u0131yla kendi \u201cFitness Mayo\u201d markan\u0131z\u0131 piyasaya s\u00fcrebilirsiniz.<\/p>","protected":false},"excerpt":{"rendered":"<p><strong>Y\u00fcksek Protein \u0130\u00e7eri\u011fi:<\/strong> 100 g'da \u226512 g Bitki Proteini (standart mayonezde &lt;1 g&#039;a k\u0131yasla).<\/p>\n<p><strong>Vegan ve Alerjen Dostu:<\/strong> 100% Yumurtas\u0131z, S\u00fcts\u00fcz, Bezelye Protein \u0130zolat\u0131 kullanan.<\/p>\n<p><strong>\u00dcst\u00fcn Doku:<\/strong> Tescilli em\u00fclsiyon teknolojisi ayr\u0131\u015fmay\u0131 ve kumlanmay\u0131 \u00f6nler.<\/p>\n<p><strong>Otantik Lezzet:<\/strong> Ger\u00e7ek fermente biber ve sar\u0131msak koyu bir Sriracha vuru\u015fu sa\u011flar.<\/p>\n<p><strong>Rafa dayan\u0131kl\u0131d\u0131r:<\/strong> Asitlendirilmi\u015f form\u00fclasyon (pH &lt;4,0) ortam ko\u015fullar\u0131nda perakende depolama i\u00e7in uygundur.<\/p>\n<p><strong>Temiz Etiket Se\u00e7enekleri:<\/strong> Do\u011fal renkler (Paprika) ve do\u011fal koruyucular ile mevcuttur.<\/p>","protected":false},"featured_media":4914,"comment_status":"open","ping_status":"closed","template":"","meta":[],"product_brand":[24],"product_cat":[83,50,18],"product_tag":[187,185,180,183,186,184,134,188,182,181],"class_list":{"0":"post-4912","1":"product","2":"type-product","3":"status-publish","4":"has-post-thumbnail","6":"product_brand-ruikelai","7":"product_cat-sauces","8":"product_cat-all-products","9":"product_cat-seasoning","10":"product_tag-egg-free-mayo","11":"product_tag-fitness-food","12":"product_tag-high-protein-sauce","13":"product_tag-keto-condiment","14":"product_tag-oem-condiment","15":"product_tag-plant-based-meat-alternative","16":"product_tag-private-label-sauce","17":"product_tag-spicy-dipping-sauce","18":"product_tag-sriracha-mayo","19":"product_tag-vegan-mayonnaise","20":"pa_form-concentrate","22":"first","23":"instock","24":"shipping-taxable","25":"product-type-simple"},"_links":{"self":[{"href":"https:\/\/ruikelaiglobal.com\/tr\/wp-json\/wp\/v2\/product\/4912","targetHints":{"allow":["GET"]}}],"collection":[{"href":"https:\/\/ruikelaiglobal.com\/tr\/wp-json\/wp\/v2\/product"}],"about":[{"href":"https:\/\/ruikelaiglobal.com\/tr\/wp-json\/wp\/v2\/types\/product"}],"replies":[{"embeddable":true,"href":"https:\/\/ruikelaiglobal.com\/tr\/wp-json\/wp\/v2\/comments?post=4912"}],"wp:featuredmedia":[{"embeddable":true,"href":"https:\/\/ruikelaiglobal.com\/tr\/wp-json\/wp\/v2\/media\/4914"}],"wp:attachment":[{"href":"https:\/\/ruikelaiglobal.com\/tr\/wp-json\/wp\/v2\/media?parent=4912"}],"wp:term":[{"taxonomy":"product_brand","embeddable":true,"href":"https:\/\/ruikelaiglobal.com\/tr\/wp-json\/wp\/v2\/product_brand?post=4912"},{"taxonomy":"product_cat","embeddable":true,"href":"https:\/\/ruikelaiglobal.com\/tr\/wp-json\/wp\/v2\/product_cat?post=4912"},{"taxonomy":"product_tag","embeddable":true,"href":"https:\/\/ruikelaiglobal.com\/tr\/wp-json\/wp\/v2\/product_tag?post=4912"}],"curies":[{"name":"wp","href":"https:\/\/api.w.org\/{rel}","templated":true}]}}