{"id":2673,"date":"2025-05-07T08:00:17","date_gmt":"2025-05-07T08:00:17","guid":{"rendered":"https:\/\/ruikelaiglobal.com\/?post_type=product&#038;p=2673"},"modified":"2025-07-02T05:17:25","modified_gmt":"2025-07-02T05:17:25","slug":"barbecue-flavor-enhancer","status":"publish","type":"product","link":"https:\/\/ruikelaiglobal.com\/tr\/barbecue-flavor-enhancer\/","title":{"rendered":"Barbek\u00fc Lezzet Artt\u0131r\u0131c\u0131"},"content":{"rendered":"<h2>End\u00fcstriyel ve G\u0131da Hizmeti Uygulamalar\u0131 i\u00e7in Toptan Barbek\u00fc Lezzet Artt\u0131r\u0131c\u0131<\/h2>\n<p>Ruilisi\u00ae Barbek\u00fc Lezzet Artt\u0131r\u0131c\u0131 7710 ile barbek\u00fc \u00fcr\u00fcnlerinizde benzersiz derinlik ve tutarl\u0131l\u0131\u011f\u0131n kilidini a\u00e7\u0131n. \u00d6nde gelen bir \u00f6zel d\u00f6kme Barbek\u00fc Lezzet Artt\u0131r\u0131c\u0131 fabrikas\u0131 olarak, bu profesyonel s\u0131n\u0131f tozu \u00f6zellikle end\u00fcstriyel g\u0131da \u00fcreticileri, b\u00fcy\u00fck \u00f6l\u00e7ekli g\u0131da hizmeti operasyonlar\u0131 ve farkl\u0131 bir rekabet avantaj\u0131 arayan \u00f6zel markalar i\u00e7in tasarlad\u0131k.<\/p>\n<p>Yenilik\u00e7i form\u00fcl\u00fcm\u00fcz ileri teknoloji \u00fczerine kurulmu\u015ftur <b>Deep-Infusion &amp; Thermal-Lock Teknolojisi<\/b>. Bu sistem, protein matrisinin derinliklerindeki Maillard reaksiyonunu optimize etmek i\u00e7in sinerjik olarak \u00e7al\u0131\u015fan y\u00fcksek etkili maya \u00f6zleri de dahil olmak \u00fczere \u00f6zel bir lezzet \u00f6nc\u00fcs\u00fc kar\u0131\u015f\u0131m\u0131 kullan\u0131r. Sonu\u00e7 sadece y\u00fczey seviyesinde bir baharat de\u011fil, etin her lifine n\u00fcfuz eden zengin, lezzetli ve otantik bir barbek\u00fc karakteridir. Barbek\u00fc enjeksiyonlar\u0131 ve marinatlar i\u00e7in bu umami artt\u0131r\u0131c\u0131, sa\u011flam ve karma\u015f\u0131k temel bir et tad\u0131 yarat\u0131r.<\/p>\n<p>Ayr\u0131ca, Thermal-Lock bile\u015feni, titizlikle geli\u015ftirilen bu aroma profilinin y\u00fcksek \u0131s\u0131da \u0131zgara, t\u00fcts\u00fcleme, imbikleme ve uzun s\u00fcreli s\u0131cak tutma gibi end\u00fcstriyel i\u015flemlerin zorlu taleplerine maruz kald\u0131\u011f\u0131nda bile stabil ve g\u00fc\u00e7l\u00fc kalmas\u0131n\u0131 sa\u011flar. \u0130\u015flenmi\u015f etler i\u00e7in bu \u0131s\u0131ya dayan\u0131kl\u0131 \u0131zgara aromas\u0131, partiden partiye tutarl\u0131l\u0131\u011f\u0131 ve son t\u00fcketiciniz i\u00e7in \u00fcst\u00fcn bir duyusal deneyimi garanti eder. G\u00fcvenilir performans ve ger\u00e7ekten unutulmaz bir tat sunan temiz etiketli bir duman aromas\u0131 tozu ile \u00fcr\u00fcn hatt\u0131n\u0131z\u0131 y\u00fckseltmek i\u00e7in \u00f6nde gelen bir et \u00e7e\u015fnisi \u00fcreticisi ile ortakl\u0131k kurun.<\/p>","protected":false},"excerpt":{"rendered":"<h2><strong><span style=\"color: #cb342d; font-family: Arial, sans-serif;\">\u00dcr\u00fcn A\u00e7\u0131klamas\u0131:<\/span><\/strong><\/h2>\n<div style=\"font-family: Arial, sans-serif; line-height: 1.6;\">\n<ul style=\"list-style: none; padding-left: 0; margin: 0;\">\n<li style=\"margin-bottom: 10px;\"><span style=\"color: #cb342d; margin-right: 8px;\">\u2022<\/span><b>\u00d6zellik:<\/b> Geli\u015fmi\u015f Derin \u0130nf\u00fczyon ve Termal Kilit Teknolojisi.\n<ul>\n<li><b>Fayda:<\/b> Sa\u011flam, otantik barbek\u00fc lezzetinin derinlere n\u00fcfuz etmesini ve y\u00fcksek s\u0131cakl\u0131kta i\u015flemeye dayanmas\u0131n\u0131 sa\u011flayarak m\u00fc\u015fterileriniz i\u00e7in tutarl\u0131 ve lezzetli bir son \u00fcr\u00fcn garanti eder.<\/li>\n<\/ul>\n<\/li>\n<li><b><span style=\"color: #cb342d; margin-right: 8px;\">\u2022<\/span>\u00d6zellik:<\/b> Konsantre Tuzlu ve Umami Profili.\n<ul>\n<li><b>Fayda:<\/b> Do\u011fal maya \u00f6zleri ile g\u00fc\u00e7lendirilen bu \u00fcr\u00fcn, zengin ve etli bir tat sunarken, genel lezzet etkisini art\u0131r\u0131rken MSG'yi azaltarak veya de\u011fi\u015ftirerek temiz etiketli \u00fcr\u00fcnlerin olu\u015fturulmas\u0131na olanak tan\u0131r.<\/li>\n<\/ul>\n<\/li>\n<li><b><span style=\"color: #cb342d; margin-right: 8px;\">\u2022<\/span>\u00d6zellik:<\/b> Y\u00fcksek \u00c7\u00f6z\u00fcn\u00fcrl\u00fckl\u00fc Toz Formu.\n<ul>\n<li><b>Fayda:<\/b> Hem kuru hem de s\u0131v\u0131 sistemlere sorunsuz bir \u015fekilde entegre olarak kuru ovmalar, s\u0131v\u0131 marinatlar, enjeksiyonlar, s\u0131rlar ve sos bazlar\u0131 dahil olmak \u00fczere \u00e7ok \u00e7e\u015fitli end\u00fcstriyel g\u0131da baharat uygulamalar\u0131 i\u00e7in idealdir.<\/li>\n<\/ul>\n<\/li>\n<li><b><span style=\"color: #cb342d; margin-right: 8px;\">\u2022<\/span>\u00d6zellik:<\/b> \u00c7ok Y\u00f6nl\u00fc Lezzet Temeli.\n<ul>\n<li><b>Fayda:<\/b> Klasik Amerikan hickory duman\u0131ndan Kore veya Cajun gibi pop\u00fcler k\u00fcresel varyasyonlara kadar geni\u015f bir lezzet profili yelpazesini geli\u015ftiren n\u00f6tr ancak sa\u011flam bir barbek\u00fc omurgas\u0131 sa\u011flayarak \u00fcr\u00fcn geli\u015ftirme d\u00f6ng\u00fcn\u00fcz\u00fc h\u0131zland\u0131r\u0131r.<\/li>\n<\/ul>\n<\/li>\n<li><b><span style=\"color: #cb342d; margin-right: 8px;\">\u2022<\/span>\u00d6zellik:<\/b> ISO22000 Sertifikal\u0131 bir Tesisten temin edilmi\u015ftir.\n<ul>\n<li><b>Fayda:<\/b> G\u0131da g\u00fcvenli\u011fi, kalitesi ve izlenebilirli\u011fi i\u00e7in en y\u00fcksek uluslararas\u0131 standartlara ba\u011fl\u0131l\u0131\u011f\u0131 garanti ederek k\u00fcresel tedarik zinciriniz i\u00e7in g\u00fcvenilir ve emniyetli bir bile\u015fen sa\u011flar.<\/li>\n<\/ul>\n<\/li>\n<\/ul>\n<\/div>","protected":false},"featured_media":2677,"comment_status":"open","ping_status":"closed","template":"","meta":[],"product_brand":[36],"product_cat":[105,85,18],"product_tag":[106],"class_list":{"0":"post-2673","1":"product","2":"type-product","3":"status-publish","4":"has-post-thumbnail","6":"product_brand-ruilisi","7":"product_cat-barbecue-falvor-seasonings","8":"product_cat-deep-fry-bbq","9":"product_cat-seasoning","10":"product_tag-barbecue-flavor","11":"pa_form-powder","12":"pa_taste-enhancing-meat-flavor","14":"first","15":"instock","16":"shipping-taxable","17":"product-type-simple"},"_links":{"self":[{"href":"https:\/\/ruikelaiglobal.com\/tr\/wp-json\/wp\/v2\/product\/2673","targetHints":{"allow":["GET"]}}],"collection":[{"href":"https:\/\/ruikelaiglobal.com\/tr\/wp-json\/wp\/v2\/product"}],"about":[{"href":"https:\/\/ruikelaiglobal.com\/tr\/wp-json\/wp\/v2\/types\/product"}],"replies":[{"embeddable":true,"href":"https:\/\/ruikelaiglobal.com\/tr\/wp-json\/wp\/v2\/comments?post=2673"}],"wp:featuredmedia":[{"embeddable":true,"href":"https:\/\/ruikelaiglobal.com\/tr\/wp-json\/wp\/v2\/media\/2677"}],"wp:attachment":[{"href":"https:\/\/ruikelaiglobal.com\/tr\/wp-json\/wp\/v2\/media?parent=2673"}],"wp:term":[{"taxonomy":"product_brand","embeddable":true,"href":"https:\/\/ruikelaiglobal.com\/tr\/wp-json\/wp\/v2\/product_brand?post=2673"},{"taxonomy":"product_cat","embeddable":true,"href":"https:\/\/ruikelaiglobal.com\/tr\/wp-json\/wp\/v2\/product_cat?post=2673"},{"taxonomy":"product_tag","embeddable":true,"href":"https:\/\/ruikelaiglobal.com\/tr\/wp-json\/wp\/v2\/product_tag?post=2673"}],"curies":[{"name":"wp","href":"https:\/\/api.w.org\/{rel}","templated":true}]}}