{"id":239,"date":"2025-02-19T08:52:55","date_gmt":"2025-02-19T08:52:55","guid":{"rendered":"https:\/\/ruikelaiglobal.com\/?post_type=product&#038;p=239"},"modified":"2025-06-09T06:07:57","modified_gmt":"2025-06-09T06:07:57","slug":"roubaowang-f5045-a-seasoning","status":"publish","type":"product","link":"https:\/\/ruikelaiglobal.com\/tr\/roubaowang-f5045-a-seasoning\/","title":{"rendered":"RUIKELAI RouBaoWang F5045-A Baharat"},"content":{"rendered":"<p data-start=\"0\" data-end=\"563\"><strong>RUIKELAI<\/strong>\u2019in toptan sat\u0131\u015f\u0131 <strong>RouBaoWang F5045-A Baharat<\/strong> her yeme\u011fe zengin, otantik et umamisi ve dengeli tuzluluk sa\u011flar. \u00c7in'deki en iyi baharat \u00fcreticisi olarak, OEM g\u0131da katk\u0131 maddeleri fabrikam\u0131z, b\u00fcy\u00fck \u00f6l\u00e7ekli yemek kitlerini, marine edilmi\u015f proteinleri, \u00e7orbalar\u0131 ve soslar\u0131 kolayla\u015ft\u0131rmak i\u00e7in bu toplu RouBaoWang baharat\u0131n\u0131 \u00fcretmektedir. ISO9001, ISO22000 ve FDA FFR sertifikal\u0131 baharatlar\u0131m\u0131z, \u00f6zel baharatlar i\u00e7in ideal olan uluslararas\u0131 g\u0131da g\u00fcvenli\u011fi standartlar\u0131n\u0131 kar\u015f\u0131lamaktad\u0131r. <a href=\"https:\/\/ruikelaiglobal.com\/tr\/flavor-solutions\/\">OEM hizmetleri<\/a>, zincir restoranlardaki \u00c7in tarz\u0131 men\u00fcleri ve haz\u0131r yemek hatlar\u0131n\u0131 birinci s\u0131n\u0131f baharatlar ve g\u0131da s\u0131n\u0131f\u0131 aromalarla y\u00fckseltir, her partide tutarl\u0131 lezzet ve verimlilik sa\u011flar.<\/p>","protected":false},"excerpt":{"rendered":"<h3 style=\"color: #cb342d; margin-bottom: 12px;\">\u00dcr\u00fcn A\u00e7\u0131klamas\u0131:<\/h3>\n<p data-start=\"592\" data-end=\"674\"><strong data-start=\"592\" data-end=\"613\"><span style=\"color: #cb342d; margin-right: 8px;\">\u2022<\/span>Derin Umami Etkisi<\/strong>: Etlere, \u00e7orbalara ve soslara g\u00fc\u00e7l\u00fc tuzlu derinlik katar.<\/p>\n<p data-start=\"592\" data-end=\"674\"><strong data-start=\"677\" data-end=\"696\"><span style=\"color: #cb342d; margin-right: 8px;\">\u2022<\/span>\u00c7ok Y\u00f6nl\u00fc Kullan\u0131m<\/strong>: Marinasyon, \u0131zgara, kavurma, g\u00fcve\u00e7 ve baharat kitleri i\u00e7in m\u00fckemmeldir.<\/p>\n<p data-start=\"592\" data-end=\"674\"><strong data-start=\"774\" data-end=\"797\"><span style=\"color: #cb342d; margin-right: 8px;\">\u2022<\/span>Premium Toplu Tedarik<\/strong>: \u00d6nde gelen bir OEM g\u0131da katk\u0131 maddeleri fabrikas\u0131ndan toptan RouBaoWang baharat\u0131.<\/p>\n<p data-start=\"592\" data-end=\"674\"><strong data-start=\"877\" data-end=\"900\"><span style=\"color: #cb342d; margin-right: 8px;\">\u2022<\/span>\u00d6zel OEM Hizmetleri<\/strong>: Markan\u0131z\u0131n benzersiz lezzet profiline uygun \u00f6zel form\u00fclasyonlar.<\/p>\n<p data-start=\"592\" data-end=\"674\"><strong data-start=\"973\" data-end=\"998\"><span style=\"color: #cb342d; margin-right: 8px;\">\u2022<\/span>Kullan\u0131c\u0131 Dostu Form\u00fcl<\/strong>: Profesyonel ve end\u00fcstriyel mutfaklar i\u00e7in tasarlanm\u0131\u015f kolay kar\u0131\u015fan toz.<\/p>\n<p data-start=\"592\" data-end=\"674\"><strong data-start=\"1076\" data-end=\"1104\"><span style=\"color: #cb342d; margin-right: 8px;\">\u2022<\/span>Sekt\u00f6r Lideri Kalite<\/strong>: ISO akreditasyonlu tesislerimizden, \u00c7in'deki en iyi baharat \u00fcreticisine g\u00fcvenin.<\/p>","protected":false},"featured_media":2929,"comment_status":"closed","ping_status":"closed","template":"","meta":[],"product_brand":[24],"product_cat":[95,18],"product_tag":[69],"class_list":{"0":"post-239","1":"product","2":"type-product","3":"status-publish","4":"has-post-thumbnail","6":"product_brand-ruikelai","7":"product_cat-meat-flavor-enhancers","8":"product_cat-seasoning","9":"product_tag-powder","10":"pa_form-powder","11":"pa_taste-meat-flavor","13":"first","14":"instock","15":"sale","16":"shipping-taxable","17":"purchasable","18":"product-type-simple"},"_links":{"self":[{"href":"https:\/\/ruikelaiglobal.com\/tr\/wp-json\/wp\/v2\/product\/239","targetHints":{"allow":["GET"]}}],"collection":[{"href":"https:\/\/ruikelaiglobal.com\/tr\/wp-json\/wp\/v2\/product"}],"about":[{"href":"https:\/\/ruikelaiglobal.com\/tr\/wp-json\/wp\/v2\/types\/product"}],"replies":[{"embeddable":true,"href":"https:\/\/ruikelaiglobal.com\/tr\/wp-json\/wp\/v2\/comments?post=239"}],"wp:featuredmedia":[{"embeddable":true,"href":"https:\/\/ruikelaiglobal.com\/tr\/wp-json\/wp\/v2\/media\/2929"}],"wp:attachment":[{"href":"https:\/\/ruikelaiglobal.com\/tr\/wp-json\/wp\/v2\/media?parent=239"}],"wp:term":[{"taxonomy":"product_brand","embeddable":true,"href":"https:\/\/ruikelaiglobal.com\/tr\/wp-json\/wp\/v2\/product_brand?post=239"},{"taxonomy":"product_cat","embeddable":true,"href":"https:\/\/ruikelaiglobal.com\/tr\/wp-json\/wp\/v2\/product_cat?post=239"},{"taxonomy":"product_tag","embeddable":true,"href":"https:\/\/ruikelaiglobal.com\/tr\/wp-json\/wp\/v2\/product_tag?post=239"}],"curies":[{"name":"wp","href":"https:\/\/api.w.org\/{rel}","templated":true}]}}