{"id":3,"date":"2025-02-13T00:34:18","date_gmt":"2025-02-13T00:34:18","guid":{"rendered":"https:\/\/ruikelaiglobal.com\/?page_id=3"},"modified":"2025-04-08T12:49:27","modified_gmt":"2025-04-08T12:49:27","slug":"privacy-policy","status":"publish","type":"page","link":"https:\/\/ruikelaiglobal.com\/tr\/privacy-policy\/","title":{"rendered":"Gizlilik Politikas\u0131"},"content":{"rendered":"<section class=\"bde-section-3-100 bde-section\">\n  \n\t\n\n\n\n<div class=\"section-container\"><div class=\"bde-rich-text-3-101 bde-rich-text breakdance-rich-text-styles\">\n<h1>Gizlilik Politikas\u0131<\/h1>\n<p><\/p>\n<p>RUIKELAI GLOBAL'i (\"biz\", \"bize\", \"bizim\") ziyaret etti\u011finiz i\u00e7in te\u015fekk\u00fcr ederiz. Gizlili\u011finize de\u011fer veriyoruz ve ki\u015fisel bilgilerinizi korumay\u0131 taahh\u00fct ediyoruz. Bu Gizlilik Politikas\u0131, https:\/\/ruikelaiglobal.com adresimizi (\"Site\") ziyaret etti\u011finizde ve hizmetlerimizi kulland\u0131\u011f\u0131n\u0131zda bilgilerinizi nas\u0131l toplad\u0131\u011f\u0131m\u0131z\u0131, kulland\u0131\u011f\u0131m\u0131z\u0131 ve if\u015fa etti\u011fimizi a\u00e7\u0131klamaktad\u0131r.<\/p>\n<p> <\/p>\n<h2 class=\"wp-block-heading\"><strong>1. Toplad\u0131\u011f\u0131m\u0131z Bilgiler<\/strong><\/h2>\n<p> <\/p>\n<h3 class=\"wp-block-heading\"><strong>1.1 Ki\u015fisel Bilgiler<\/strong><\/h3>\n<p> <\/p>\n<p>Ad\u0131n\u0131z, e-posta adresiniz, telefon numaran\u0131z, posta adresiniz ve vermeyi se\u00e7ti\u011finiz di\u011fer bilgiler gibi do\u011frudan bize sa\u011flad\u0131\u011f\u0131n\u0131z ki\u015fisel bilgileri toplayabiliriz.<\/p>\n<p> <\/p>\n<h3 class=\"wp-block-heading\"><strong>1.2 Kullan\u0131m Verileri<\/strong><\/h3>\n<p> <\/p>\n<p>Sitemizi her ziyaret etti\u011finizde taray\u0131c\u0131n\u0131z\u0131n g\u00f6nderdi\u011fi bilgileri toplayabiliriz. Bu, bilgisayar\u0131n\u0131z\u0131n \u0130nternet Protokol\u00fc (IP) adresi, taray\u0131c\u0131 t\u00fcr\u00fc, taray\u0131c\u0131 s\u00fcr\u00fcm\u00fc, Sitemizin ziyaret etti\u011finiz sayfalar\u0131, ziyaretinizin saati ve tarihi, bu sayfalarda ge\u00e7irilen s\u00fcre ve di\u011fer te\u015fhis verileri gibi bilgileri i\u00e7erebilir.<\/p>\n<p> <\/p>\n<h3 class=\"wp-block-heading\"><strong>1.3 \u00c7erezler ve \u0130zleme Teknolojileri<\/strong><\/h3>\n<p> <\/p>\n<p>Sitemizdeki etkinli\u011fi izlemek ve belirli bilgileri tutmak i\u00e7in \u00e7erezleri ve benzer izleme teknolojilerini kullan\u0131r\u0131z. \u00c7erezler, anonim benzersiz bir tan\u0131mlay\u0131c\u0131 i\u00e7erebilen k\u00fc\u00e7\u00fck miktarlarda veri i\u00e7eren dosyalard\u0131r. Taray\u0131c\u0131n\u0131za t\u00fcm \u00e7erezleri reddetmesi veya bir \u00e7erez g\u00f6nderildi\u011finde bunu belirtmesi talimat\u0131n\u0131 verebilirsiniz. Ancak, \u00e7erezleri kabul etmezseniz, Sitemizin baz\u0131 b\u00f6l\u00fcmlerini kullanamayabilirsiniz.<\/p>\n<p> <\/p>\n<h2 class=\"wp-block-heading\"><strong>2. Bilgilerinizi Nas\u0131l Kullan\u0131yoruz<\/strong><\/h2>\n<p> <\/p>\n<p>Toplanan bilgileri a\u015fa\u011f\u0131dakiler de dahil olmak \u00fczere \u00e7e\u015fitli ama\u00e7lar i\u00e7in kullan\u0131r\u0131z:<\/p>\n<p> <\/p>\n<p>Sitemizi ve hizmetlerimizi sa\u011flamak ve s\u00fcrd\u00fcrmek i\u00e7in<br \/>Sitemiz ve hizmetlerimizdeki de\u011fi\u015fiklikler hakk\u0131nda sizi bilgilendirmek i\u00e7in<br \/>Bunu yapmay\u0131 se\u00e7ti\u011finizde Sitemizin etkile\u015fimli \u00f6zelliklerine kat\u0131lman\u0131za izin vermek i\u00e7in<br \/>M\u00fc\u015fteri deste\u011fi sa\u011flamak<br \/>Sitemizi ve hizmetlerimizi geli\u015ftirebilmemiz i\u00e7in analiz veya de\u011ferli bilgiler toplamak<br \/>Sitemizin kullan\u0131m\u0131n\u0131 izlemek i\u00e7in<br \/>Teknik sorunlar\u0131 tespit etmek, \u00f6nlemek ve ele almak<br \/>Size pazarlama ve promosyon ileti\u015fimleri g\u00f6ndermek i\u00e7in<\/p>\n<p> <\/p>\n<h2 class=\"wp-block-heading\"><strong>3. Bilgilerinizin Payla\u015f\u0131lmas\u0131<\/strong><\/h2>\n<p> <\/p>\n<p>Ki\u015fisel bilgilerinizi \u00fc\u00e7\u00fcnc\u00fc taraflara satm\u0131yor veya kiralam\u0131yoruz. Bilgilerinizi \u015fu ki\u015filerle payla\u015fabiliriz:<\/p>\n<p> <\/p>\n<p>Hizmet sa\u011flay\u0131c\u0131lar: Sitemizi ve hizmetlerimizi kolayla\u015ft\u0131rmak, bizim ad\u0131m\u0131za hizmetleri sa\u011flamak, Site ile ilgili hizmetleri ger\u00e7ekle\u015ftirmek veya Sitemizin ve hizmetlerimizin nas\u0131l kullan\u0131ld\u0131\u011f\u0131n\u0131 analiz etmemize yard\u0131mc\u0131 olmak i\u00e7in \u00fc\u00e7\u00fcnc\u00fc taraf \u015firketleri ve bireyleri istihdam edebiliriz.<br \/>Yasal gereklilikler: Yasalar\u0131n gerektirmesi halinde veya resmi makamlar\u0131n ge\u00e7erli taleplerine yan\u0131t olarak ki\u015fisel bilgilerinizi if\u015fa edebiliriz.<\/p>\n<p> <\/p>\n<h2 class=\"wp-block-heading\"><strong>4. Bilgilerinizin G\u00fcvenli\u011fi<\/strong><\/h2>\n<p> <\/p>\n<p>Ki\u015fisel bilgilerinizi kay\u0131p, k\u00f6t\u00fcye kullan\u0131m ve yetkisiz eri\u015fim, if\u015fa, de\u011fi\u015ftirme veya imhaya kar\u015f\u0131 korumak i\u00e7in makul ad\u0131mlar at\u0131yoruz. Ancak, hi\u00e7bir \u0130nternet veya e-posta iletimi hi\u00e7bir zaman tamamen g\u00fcvenli veya hatas\u0131z de\u011fildir. \u00d6zellikle, Sitemize veya Sitemizden g\u00f6nderilen e-postalar g\u00fcvenli olmayabilir.<\/p>\n<p> <\/p>\n<h2 class=\"wp-block-heading\"><strong>5. Veri Koruma Haklar\u0131n\u0131z<\/strong><\/h2>\n<p> <\/p>\n<p>Bulundu\u011funuz yere ba\u011fl\u0131 olarak, ki\u015fisel bilgilerinizle ilgili a\u015fa\u011f\u0131daki haklara sahip olabilirsiniz:<\/p>\n<p> <\/p>\n<p>Eri\u015fim hakk\u0131: Ki\u015fisel verilerinizin kopyalar\u0131n\u0131 talep etme hakk\u0131na sahipsiniz.<br \/>D\u00fczeltme hakk\u0131: Yanl\u0131\u015f oldu\u011funa inand\u0131\u011f\u0131n\u0131z bilgileri d\u00fczeltmemizi veya eksiksiz oldu\u011funa inand\u0131\u011f\u0131n\u0131z bilgileri tamamlamam\u0131z\u0131 talep etme hakk\u0131na sahipsiniz<\/p>\n<p> <\/p>\n<p>Daha fazlas\u0131n\u0131 \u00f6\u011frenmek i\u00e7in\u00a0<a href=\"https:\/\/ruikelaiglobal.com\/tr\/contact\/\" data-type=\"link\" data-id=\"https:\/\/ruikelaiglobal.com\/contact\/\"><u><strong>Bize Ula\u015f\u0131n<\/strong><\/u><\/a>\u00a0\u015eimdi!<\/p>\n<p><\/p>\n<\/div><\/div>\n<\/section>","protected":false},"excerpt":{"rendered":"<p>Privacy Policy Thank you for visiting RUIKELAI GLOBAL (&#8220;we&#8221;, &#8220;us&#8221;, &#8220;our&#8221;). We value your privacy and are committed to protecting your personal information. This Privacy Policy explains how we collect, use, and disclose your information when you visit our https:\/\/ruikelaiglobal.com (the &#8220;Site&#8221;) and use our services. 1. Information We Collect 1.1 Personal Information We may [&hellip;]<\/p>\n","protected":false},"author":1,"featured_media":0,"parent":0,"menu_order":0,"comment_status":"closed","ping_status":"open","template":"","meta":{"_breakdance_hide_in_design_set":false,"_breakdance_tags":"","footnotes":""},"class_list":["post-3","page","type-page","status-publish","hentry"],"_links":{"self":[{"href":"https:\/\/ruikelaiglobal.com\/tr\/wp-json\/wp\/v2\/pages\/3","targetHints":{"allow":["GET"]}}],"collection":[{"href":"https:\/\/ruikelaiglobal.com\/tr\/wp-json\/wp\/v2\/pages"}],"about":[{"href":"https:\/\/ruikelaiglobal.com\/tr\/wp-json\/wp\/v2\/types\/page"}],"author":[{"embeddable":true,"href":"https:\/\/ruikelaiglobal.com\/tr\/wp-json\/wp\/v2\/users\/1"}],"replies":[{"embeddable":true,"href":"https:\/\/ruikelaiglobal.com\/tr\/wp-json\/wp\/v2\/comments?post=3"}],"version-history":[{"count":3,"href":"https:\/\/ruikelaiglobal.com\/tr\/wp-json\/wp\/v2\/pages\/3\/revisions"}],"predecessor-version":[{"id":1880,"href":"https:\/\/ruikelaiglobal.com\/tr\/wp-json\/wp\/v2\/pages\/3\/revisions\/1880"}],"wp:attachment":[{"href":"https:\/\/ruikelaiglobal.com\/tr\/wp-json\/wp\/v2\/media?parent=3"}],"curies":[{"name":"wp","href":"https:\/\/api.w.org\/{rel}","templated":true}]}}