{"id":899,"date":"2025-03-17T09:03:21","date_gmt":"2025-03-17T09:03:21","guid":{"rendered":"https:\/\/ruikelaiglobal.com\/?post_type=product&#038;p=899"},"modified":"2025-06-02T07:06:38","modified_gmt":"2025-06-02T07:06:38","slug":"concentrated-fresh-flavor-powder","status":"publish","type":"product","link":"https:\/\/ruikelaiglobal.com\/fr\/concentrated-fresh-flavor-powder\/","title":{"rendered":"Ar\u00f4me frais concentr\u00e9 en poudre"},"content":{"rendered":"<p>Notre <strong>Ar\u00f4me frais concentr\u00e9 en poudre<\/strong> est un assaisonnement de qualit\u00e9 sup\u00e9rieure con\u00e7u pour donner un go\u00fbt authentique et vibrant \u00e0 vos plats. \u00c9labor\u00e9 \u00e0 partir d'ingr\u00e9dients frais soigneusement s\u00e9lectionn\u00e9s et \u00e0 l'aide de techniques d'extraction avanc\u00e9es, cet assaisonnement en poudre intensifie les profils de go\u00fbt naturels pour les soupes, les sauces, les snacks et les plats pr\u00e9par\u00e9s. Sa forte concentration garantit que m\u00eame une petite quantit\u00e9 a un fort impact sur l'assaisonnement, am\u00e9liorant ainsi l'attrait g\u00e9n\u00e9ral et la coh\u00e9rence de vos recettes. Avec une formulation sans additifs artificiels et des ingr\u00e9dients sans OGM, c'est le choix id\u00e9al pour les cuisines professionnelles et les fabricants de produits alimentaires qui cherchent \u00e0 rehausser leurs solutions d'assaisonnement avec une qualit\u00e9 naturelle et concentr\u00e9e.<\/p>","protected":false},"excerpt":{"rendered":"<h3 style=\"color: #cb342d; margin-bottom: 12px;\">Description du produit :<\/h3>\n<p><strong data-start=\"751\" data-end=\"768\"><span style=\"color: #cb342d; margin-right: 8px;\">\u2022<\/span>Grande puissance :<\/strong> L'effet d'assaisonnement est intense, ce qui vous permet d'obtenir un go\u00fbt robuste avec une utilisation minimale.<\/p>\n<p><strong data-start=\"868\" data-end=\"897\"><span style=\"color: #cb342d; margin-right: 8px;\">\u2022<\/span>Premium Natural Sourcing :<\/strong> Fabriqu\u00e9 \u00e0 partir d'ingr\u00e9dients frais et de haute qualit\u00e9 pour garantir l'authenticit\u00e9 de l'assaisonnement.<\/p>\n<p><strong data-start=\"989\" data-end=\"1015\"><span style=\"color: #cb342d; margin-right: 8px;\">\u2022<\/span>Application polyvalente :<\/strong> Id\u00e9al pour diverses utilisations culinaires, des soupes et sauces aux aliments transform\u00e9s et plats pr\u00e9par\u00e9s.<\/p>\n<p><strong data-start=\"1111\" data-end=\"1138\"><span style=\"color: #cb342d; margin-right: 8px;\">\u2022<\/span>Engagement en faveur d'un label propre :<\/strong> Formul\u00e9 pour r\u00e9pondre aux normes modernes de labellisation propre, il garantit une solution d'assaisonnement naturelle sans additifs artificiels.<\/p>\n<p><strong data-start=\"1260\" data-end=\"1281\"><span style=\"color: #cb342d; margin-right: 8px;\">\u2022<\/span>Int\u00e9gration facile :<\/strong> Se dissout sans probl\u00e8me dans les recettes, assurant une distribution uniforme de l'assaisonnement et un go\u00fbt constant dans tout le plat.<\/p>\n<p><strong data-start=\"1402\" data-end=\"1425\"><span style=\"color: #cb342d; margin-right: 8px;\">\u2022<\/span>Performance stable :<\/strong> Conserve sa force d'assaisonnement et son ar\u00f4me dans des conditions de traitement \u00e0 haute temp\u00e9rature et de longues p\u00e9riodes de stockage, ce qui en fait un choix fiable pour les applications domestiques et industrielles.<\/p>","protected":false},"featured_media":1462,"comment_status":"closed","ping_status":"closed","template":"","meta":[],"product_brand":[24],"product_cat":[31,18],"product_tag":[69],"class_list":{"0":"post-899","1":"product","2":"type-product","3":"status-publish","4":"has-post-thumbnail","6":"product_brand-ruikelai","7":"product_cat-chicken-bouillon-seasoning","8":"product_cat-seasoning","9":"product_tag-powder","10":"pa_form-powder","11":"pa_taste-chicken-flavor","13":"first","14":"instock","15":"sale","16":"shipping-taxable","17":"purchasable","18":"product-type-simple"},"_links":{"self":[{"href":"https:\/\/ruikelaiglobal.com\/fr\/wp-json\/wp\/v2\/product\/899","targetHints":{"allow":["GET"]}}],"collection":[{"href":"https:\/\/ruikelaiglobal.com\/fr\/wp-json\/wp\/v2\/product"}],"about":[{"href":"https:\/\/ruikelaiglobal.com\/fr\/wp-json\/wp\/v2\/types\/product"}],"replies":[{"embeddable":true,"href":"https:\/\/ruikelaiglobal.com\/fr\/wp-json\/wp\/v2\/comments?post=899"}],"wp:featuredmedia":[{"embeddable":true,"href":"https:\/\/ruikelaiglobal.com\/fr\/wp-json\/wp\/v2\/media\/1462"}],"wp:attachment":[{"href":"https:\/\/ruikelaiglobal.com\/fr\/wp-json\/wp\/v2\/media?parent=899"}],"wp:term":[{"taxonomy":"product_brand","embeddable":true,"href":"https:\/\/ruikelaiglobal.com\/fr\/wp-json\/wp\/v2\/product_brand?post=899"},{"taxonomy":"product_cat","embeddable":true,"href":"https:\/\/ruikelaiglobal.com\/fr\/wp-json\/wp\/v2\/product_cat?post=899"},{"taxonomy":"product_tag","embeddable":true,"href":"https:\/\/ruikelaiglobal.com\/fr\/wp-json\/wp\/v2\/product_tag?post=899"}],"curies":[{"name":"wp","href":"https:\/\/api.w.org\/{rel}","templated":true}]}}