{"id":893,"date":"2025-03-17T08:30:48","date_gmt":"2025-03-17T08:30:48","guid":{"rendered":"https:\/\/ruikelaiglobal.com\/?post_type=product&#038;p=893"},"modified":"2025-06-02T08:46:03","modified_gmt":"2025-06-02T08:46:03","slug":"gd-6-extra-pure-ethyl-flavor-enhancer","status":"publish","type":"product","link":"https:\/\/ruikelaiglobal.com\/fr\/gd-6-extra-pure-ethyl-flavor-enhancer\/","title":{"rendered":"GD-6 Extra Pure Ethyl Flavor Enhancer (exhausteur de go\u00fbt \u00e9thylique extra pur)"},"content":{"rendered":"<p>L'exhausteur de go\u00fbt GD-6 Extra Pure Ethyl est un additif avanc\u00e9 con\u00e7u pour rehausser la saveur globale de vos produits alimentaires. Sp\u00e9cialement con\u00e7u pour les soupes, les bouillons, les viandes transform\u00e9es et les prot\u00e9ines d'origine v\u00e9g\u00e9tale, le GD-6 fournit un apport concentr\u00e9 de compos\u00e9s \u00e9thyliques purs qui intensifient les notes savoureuses tout en garantissant une exp\u00e9rience gustative \u00e9quilibr\u00e9e et stratifi\u00e9e. D\u00e9velopp\u00e9 \u00e0 l'aide de techniques de purification de pointe, cet exhausteur garantit des performances constantes et une stabilit\u00e9 exceptionnelle, m\u00eame en cas de traitement \u00e0 haute temp\u00e9rature et de stockage prolong\u00e9. Fabriqu\u00e9 \u00e0 partir d'ingr\u00e9dients sans OGM et sans additifs artificiels, le GD-6 s'aligne sur les tendances mondiales en mati\u00e8re d'\u00e9tiquetage propre, offrant une solution transparente sur laquelle les fabricants de produits alimentaires peuvent compter pour obtenir un rehaussement de go\u00fbt de premi\u00e8re qualit\u00e9. Faites confiance \u00e0 GD-6 pour transformer vos cr\u00e9ations culinaires avec des profils de saveurs robustes et authentiques qui r\u00e9pondent aux normes de qualit\u00e9 internationales.<\/p>\n<p>&nbsp;<\/p>","protected":false},"excerpt":{"rendered":"<h3 style=\"color: #cb342d; margin-bottom: 12px;\">Description du produit :<\/h3>\n<p><strong data-start=\"934\" data-end=\"966\"><span style=\"color: #cb342d; margin-right: 8px;\">\u2022<\/span>Extraction \u00e9thylique ultra-pure :<\/strong> Fournit une forte concentration de compos\u00e9s \u00e9thyliques purs qui amplifient et affinent de mani\u00e8re significative les profils de saveurs.<\/p>\n<p><strong data-start=\"1080\" data-end=\"1107\"><span style=\"color: #cb342d; margin-right: 8px;\">\u2022<\/span>Applications polyvalentes :<\/strong> Id\u00e9al pour am\u00e9liorer une large gamme de produits, notamment les soupes, les bouillons, les viandes transform\u00e9es et les prot\u00e9ines d'origine v\u00e9g\u00e9tale.<\/p>\n<p><strong data-start=\"1225\" data-end=\"1244\"><span style=\"color: #cb342d; margin-right: 8px;\">\u2022<\/span>Stabilit\u00e9 \u00e9lev\u00e9e :<\/strong> Conserve ses propri\u00e9t\u00e9s d'exhausteur de go\u00fbt pendant le traitement \u00e0 haute temp\u00e9rature et la dur\u00e9e de conservation prolong\u00e9e.<\/p>\n<p><strong data-start=\"1360\" data-end=\"1388\"><span style=\"color: #cb342d; margin-right: 8px;\">\u2022<\/span>Formulation propre \u00e0 l'\u00e9tiquette :<\/strong> Fabriqu\u00e9s \u00e0 partir d'ingr\u00e9dients sans OGM et totalement exempts d'additifs artificiels, ils soutiennent les tendances mondiales en mati\u00e8re de labellisation propre.<\/p>\n<p><strong data-start=\"1508\" data-end=\"1531\"><span style=\"color: #cb342d; margin-right: 8px;\">\u2022<\/span>Intensit\u00e9 \u00e9quilibr\u00e9e :<\/strong> Pr\u00e9cis\u00e9ment calibr\u00e9 pour fournir une am\u00e9lioration robuste de la saveur sans \u00e9craser le go\u00fbt naturel de l'aliment.<\/p>\n<p><strong data-start=\"1646\" data-end=\"1668\"><span style=\"color: #cb342d; margin-right: 8px;\">\u2022<\/span>Qualit\u00e9 certifi\u00e9e :<\/strong> Conforme aux normes internationales de s\u00e9curit\u00e9 alimentaire, il garantit une qualit\u00e9 constante et sup\u00e9rieure pour chaque lot.<\/p>","protected":false},"featured_media":1328,"comment_status":"closed","ping_status":"closed","template":"","meta":[],"product_brand":[36],"product_cat":[77,17],"product_tag":[69],"class_list":{"0":"post-893","1":"product","2":"type-product","3":"status-publish","4":"has-post-thumbnail","6":"product_brand-ruilisi","7":"product_cat-ethyl-flavor-enhancers","8":"product_cat-flavor","9":"product_tag-powder","10":"pa_form-powder","11":"pa_taste-enhancing-meat-flavor","13":"first","14":"instock","15":"sale","16":"shipping-taxable","17":"purchasable","18":"product-type-simple"},"_links":{"self":[{"href":"https:\/\/ruikelaiglobal.com\/fr\/wp-json\/wp\/v2\/product\/893","targetHints":{"allow":["GET"]}}],"collection":[{"href":"https:\/\/ruikelaiglobal.com\/fr\/wp-json\/wp\/v2\/product"}],"about":[{"href":"https:\/\/ruikelaiglobal.com\/fr\/wp-json\/wp\/v2\/types\/product"}],"replies":[{"embeddable":true,"href":"https:\/\/ruikelaiglobal.com\/fr\/wp-json\/wp\/v2\/comments?post=893"}],"wp:featuredmedia":[{"embeddable":true,"href":"https:\/\/ruikelaiglobal.com\/fr\/wp-json\/wp\/v2\/media\/1328"}],"wp:attachment":[{"href":"https:\/\/ruikelaiglobal.com\/fr\/wp-json\/wp\/v2\/media?parent=893"}],"wp:term":[{"taxonomy":"product_brand","embeddable":true,"href":"https:\/\/ruikelaiglobal.com\/fr\/wp-json\/wp\/v2\/product_brand?post=893"},{"taxonomy":"product_cat","embeddable":true,"href":"https:\/\/ruikelaiglobal.com\/fr\/wp-json\/wp\/v2\/product_cat?post=893"},{"taxonomy":"product_tag","embeddable":true,"href":"https:\/\/ruikelaiglobal.com\/fr\/wp-json\/wp\/v2\/product_tag?post=893"}],"curies":[{"name":"wp","href":"https:\/\/api.w.org\/{rel}","templated":true}]}}