{"id":892,"date":"2025-03-17T08:48:11","date_gmt":"2025-03-17T08:48:11","guid":{"rendered":"https:\/\/ruikelaiglobal.com\/?post_type=product&#038;p=892"},"modified":"2025-06-02T07:40:23","modified_gmt":"2025-06-02T07:40:23","slug":"gd-7-ethyl-flavor-enhancer","status":"publish","type":"product","link":"https:\/\/ruikelaiglobal.com\/fr\/gd-7-ethyl-flavor-enhancer\/","title":{"rendered":"GD-7 Ethyl exhausteur de go\u00fbt"},"content":{"rendered":"<p>L'exhausteur de go\u00fbt \u00e9thylique GD-7 est un additif de pointe con\u00e7u pour rehausser et affiner la saveur naturelle de vos produits alimentaires. D\u00e9velopp\u00e9 \u00e0 l'aide de techniques d'extraction avanc\u00e9es, le GD-7 infuse un concentr\u00e9 de compos\u00e9s \u00e9thyliques qui intensifient les notes savoureuses et cr\u00e9ent un profil gustatif plus \u00e9quilibr\u00e9 et stratifi\u00e9. Parfait pour une gamme d'applications comprenant les soupes, les bouillons, les viandes transform\u00e9es et m\u00eame les prot\u00e9ines d'origine v\u00e9g\u00e9tale, cet exhausteur garantit des performances constantes et une stabilit\u00e9 sup\u00e9rieure dans le cadre d'un traitement \u00e0 haute temp\u00e9rature et d'un stockage prolong\u00e9. Fabriqu\u00e9 \u00e0 partir d'ingr\u00e9dients sans OGM et sans additifs artificiels, le GD-7 s'aligne sur les tendances mondiales en mati\u00e8re d'\u00e9tiquetage propre et r\u00e9pond aux normes internationales rigoureuses en mati\u00e8re de s\u00e9curit\u00e9 alimentaire, ce qui en fait un choix id\u00e9al pour les fabricants de produits alimentaires \u00e0 la recherche d'un exhausteur de go\u00fbt fiable.<\/p>","protected":false},"excerpt":{"rendered":"<h3 style=\"color: #cb342d; margin-bottom: 12px;\">Description du produit :<\/h3>\n<p><strong data-start=\"840\" data-end=\"874\"><span style=\"color: #cb342d; margin-right: 8px;\">\u2022<\/span>Extraction \u00e9thylique concentr\u00e9e :<\/strong> Fournit un puissant apport de compos\u00e9s \u00e9thyliques pour am\u00e9liorer et affiner de mani\u00e8re significative le profil de saveur global.<\/p>\n<p><strong data-start=\"988\" data-end=\"1014\"><span style=\"color: #cb342d; margin-right: 8px;\">\u2022<\/span>Application polyvalente :<\/strong> Id\u00e9al pour divers produits tels que les soupes, les bouillons, les viandes transform\u00e9es et les prot\u00e9ines d'origine v\u00e9g\u00e9tale, pour une am\u00e9lioration constante de la saveur dans diverses applications culinaires.<\/p>\n<p><strong data-start=\"1191\" data-end=\"1210\"><span style=\"color: #cb342d; margin-right: 8px;\">\u2022<\/span>Stabilit\u00e9 \u00e9lev\u00e9e :<\/strong> Conserve ses propri\u00e9t\u00e9s d'exhausteur de go\u00fbt m\u00eame pendant le traitement \u00e0 haute temp\u00e9rature et dans des conditions de conservation prolong\u00e9e.<\/p>\n<p><strong data-start=\"1332\" data-end=\"1360\"><span style=\"color: #cb342d; margin-right: 8px;\">\u2022<\/span>Formulation propre \u00e0 l'\u00e9tiquette :<\/strong> Fabriqu\u00e9s \u00e0 partir d'ingr\u00e9dients sans OGM et totalement exempts d'additifs artificiels, ils soutiennent les tendances mondiales en mati\u00e8re de labellisation propre.<\/p>\n<p><strong data-start=\"1480\" data-end=\"1503\"><span style=\"color: #cb342d; margin-right: 8px;\">\u2022<\/span>Intensit\u00e9 \u00e9quilibr\u00e9e :<\/strong> Formul\u00e9 avec pr\u00e9cision, il permet de rehausser la saveur de mani\u00e8re robuste et \u00e9quilibr\u00e9e sans dominer le go\u00fbt inh\u00e9rent de l'aliment.<\/p>\n<p><strong data-start=\"1632\" data-end=\"1654\"><span style=\"color: #cb342d; margin-right: 8px;\">\u2022<\/span>Qualit\u00e9 certifi\u00e9e :<\/strong> Conforme aux normes internationales de s\u00e9curit\u00e9 alimentaire, il garantit une qualit\u00e9 sup\u00e9rieure et fiable pour toutes les applications.<\/p>","protected":false},"featured_media":1467,"comment_status":"closed","ping_status":"closed","template":"","meta":[],"product_brand":[36],"product_cat":[77,17],"product_tag":[69],"class_list":{"0":"post-892","1":"product","2":"type-product","3":"status-publish","4":"has-post-thumbnail","6":"product_brand-ruilisi","7":"product_cat-ethyl-flavor-enhancers","8":"product_cat-flavor","9":"product_tag-powder","10":"pa_form-powder","11":"pa_taste-enhancing-meat-flavor","13":"first","14":"instock","15":"sale","16":"shipping-taxable","17":"purchasable","18":"product-type-simple"},"_links":{"self":[{"href":"https:\/\/ruikelaiglobal.com\/fr\/wp-json\/wp\/v2\/product\/892","targetHints":{"allow":["GET"]}}],"collection":[{"href":"https:\/\/ruikelaiglobal.com\/fr\/wp-json\/wp\/v2\/product"}],"about":[{"href":"https:\/\/ruikelaiglobal.com\/fr\/wp-json\/wp\/v2\/types\/product"}],"replies":[{"embeddable":true,"href":"https:\/\/ruikelaiglobal.com\/fr\/wp-json\/wp\/v2\/comments?post=892"}],"wp:featuredmedia":[{"embeddable":true,"href":"https:\/\/ruikelaiglobal.com\/fr\/wp-json\/wp\/v2\/media\/1467"}],"wp:attachment":[{"href":"https:\/\/ruikelaiglobal.com\/fr\/wp-json\/wp\/v2\/media?parent=892"}],"wp:term":[{"taxonomy":"product_brand","embeddable":true,"href":"https:\/\/ruikelaiglobal.com\/fr\/wp-json\/wp\/v2\/product_brand?post=892"},{"taxonomy":"product_cat","embeddable":true,"href":"https:\/\/ruikelaiglobal.com\/fr\/wp-json\/wp\/v2\/product_cat?post=892"},{"taxonomy":"product_tag","embeddable":true,"href":"https:\/\/ruikelaiglobal.com\/fr\/wp-json\/wp\/v2\/product_tag?post=892"}],"curies":[{"name":"wp","href":"https:\/\/api.w.org\/{rel}","templated":true}]}}