{"id":371,"date":"2025-02-28T06:41:29","date_gmt":"2025-02-28T06:41:29","guid":{"rendered":"https:\/\/ruikelaiglobal.com\/?post_type=product&#038;p=371"},"modified":"2025-06-05T01:27:33","modified_gmt":"2025-06-05T01:27:33","slug":"mg-7-ethyl-flavor-enhancer","status":"publish","type":"product","link":"https:\/\/ruikelaiglobal.com\/fr\/mg-7-ethyl-flavor-enhancer\/","title":{"rendered":"MG-7 Ethyl Renfor\u00e7ateur d'ar\u00f4me"},"content":{"rendered":"<p data-start=\"253\" data-end=\"1128\"><strong data-start=\"158\" data-end=\"188\">MG-7 Ethyl Renfor\u00e7ateur d'ar\u00f4me<\/strong> de <strong data-start=\"194\" data-end=\"213\">RUIKELAI GLOBAL<\/strong>\u00a0est un exhausteur de go\u00fbt polyvalent de haute qualit\u00e9 con\u00e7u pour rehausser la saveur de vos plats. Ce produit est parfait pour les applications d'ar\u00f4mes de viande et de plats sal\u00e9s, garantissant une exp\u00e9rience gustative am\u00e9lior\u00e9e. En tant qu'ingr\u00e9dient de premier ordre pour les services alimentaires, le MG-7 est id\u00e9al pour les solutions d'assaisonnement pour la cuisine chinoise, les ingr\u00e9dients pour les plats pr\u00e9par\u00e9s et les plats \u00e0 base de viande. <strong><a href=\"https:\/\/ruikelaiglobal.com\/fr\/flavor-solutions\/\">assaisonnements OEM personnalis\u00e9s<\/a><\/strong> pour les cha\u00eenes de restaurants. Fabriqu\u00e9 dans des conditions certifi\u00e9es ISO22000, ce produit est \u00e9labor\u00e9 \u00e0 partir d'ar\u00f4mes et d'\u00e9pices de qualit\u00e9 alimentaire, garantissant les normes de qualit\u00e9 et de s\u00e9curit\u00e9 les plus \u00e9lev\u00e9es pour une utilisation dans la production alimentaire. Le MG-7 est un outil essentiel pour les chefs et les fabricants qui cherchent \u00e0 cr\u00e9er des saveurs authentiques, riches et \u00e9quilibr\u00e9es dans leurs produits.<\/p>\n<p data-start=\"253\" data-end=\"1128\">","protected":false},"excerpt":{"rendered":"<h3 style=\"color: #cb342d; margin-bottom: 12px;\">Description du produit :<\/h3>\n<p><strong data-start=\"991\" data-end=\"1030\"><span style=\"color: #cb342d; margin-right: 8px;\">\u2022<\/span>Am\u00e9lioration des profils sal\u00e9s et savoureux :<\/strong> Con\u00e7u pour apporter une saveur sal\u00e9e robuste et authentique, le MG-7 est parfait pour l'aromatisation des viandes et des bouillons.<\/p>\n<p><strong data-start=\"1177\" data-end=\"1206\"><span style=\"color: #cb342d; margin-right: 8px;\">\u2022<\/span>Composition de haute qualit\u00e9 :<\/strong> Fabriqu\u00e9 \u00e0 partir d'ar\u00f4mes et d'\u00e9pices de qualit\u00e9 alimentaire pour garantir la puret\u00e9 et la coh\u00e9rence de chaque lot.<\/p>\n<p><strong data-start=\"1307\" data-end=\"1334\"><span style=\"color: #cb342d; margin-right: 8px;\">\u2022<\/span>Applications polyvalentes :<\/strong> Id\u00e9al pour une large gamme d'applications alimentaires, notamment les sauces, les soupes, la poudre de bouillon d'os, les assaisonnements pour bouillon de poulet, les huiles d'assaisonnement comestibles et les solutions de repas pr\u00eats \u00e0 consommer.<\/p>\n<p><strong data-start=\"1508\" data-end=\"1539\"><span style=\"color: #cb342d; margin-right: 8px;\">\u2022<\/span>Additifs naturels et s\u00fbrs :<\/strong> Formul\u00e9s avec des additifs alimentaires naturels qui r\u00e9pondent aux tendances \"clean-label\" et aux exigences de transparence des consommateurs.<\/p>\n<p><strong data-start=\"1661\" data-end=\"1696\"><span style=\"color: #cb342d; margin-right: 8px;\">\u2022<\/span>Personnalisable pour les clients B-End :<\/strong> Offre des services d'assaisonnement sur mesure pour les entreprises qui cherchent \u00e0 cr\u00e9er des profils de saveurs uniques pour leurs produits.<\/p>\n<p><strong data-start=\"1818\" data-end=\"1850\"><span style=\"color: #cb342d; margin-right: 8px;\">\u2022<\/span>Conformit\u00e9 aux normes mondiales :<\/strong> Fabriqu\u00e9s conform\u00e9ment aux exigences des assaisonnements certifi\u00e9s ISO22000, ils garantissent le plus haut niveau de qualit\u00e9 et de s\u00e9curit\u00e9 alimentaire pour les march\u00e9s internationaux.<\/p>\n<p><strong data-start=\"2005\" data-end=\"2029\"><span style=\"color: #cb342d; margin-right: 8px;\">\u2022<\/span>Formule de haute puret\u00e9 :<\/strong> Apporte une am\u00e9lioration propre et efficace \u00e0 vos plats sans alt\u00e9rer l'\u00e9quilibre des saveurs d'origine.<\/p>","protected":false},"featured_media":1208,"comment_status":"closed","ping_status":"closed","template":"","meta":[],"product_brand":[36],"product_cat":[77,17],"product_tag":[69],"class_list":{"0":"post-371","1":"product","2":"type-product","3":"status-publish","4":"has-post-thumbnail","6":"product_brand-ruilisi","7":"product_cat-ethyl-flavor-enhancers","8":"product_cat-flavor","9":"product_tag-powder","10":"pa_form-powder","11":"pa_taste-enhancing-meat-flavor","13":"first","14":"instock","15":"sale","16":"featured","17":"shipping-taxable","18":"purchasable","19":"product-type-simple"},"_links":{"self":[{"href":"https:\/\/ruikelaiglobal.com\/fr\/wp-json\/wp\/v2\/product\/371","targetHints":{"allow":["GET"]}}],"collection":[{"href":"https:\/\/ruikelaiglobal.com\/fr\/wp-json\/wp\/v2\/product"}],"about":[{"href":"https:\/\/ruikelaiglobal.com\/fr\/wp-json\/wp\/v2\/types\/product"}],"replies":[{"embeddable":true,"href":"https:\/\/ruikelaiglobal.com\/fr\/wp-json\/wp\/v2\/comments?post=371"}],"wp:featuredmedia":[{"embeddable":true,"href":"https:\/\/ruikelaiglobal.com\/fr\/wp-json\/wp\/v2\/media\/1208"}],"wp:attachment":[{"href":"https:\/\/ruikelaiglobal.com\/fr\/wp-json\/wp\/v2\/media?parent=371"}],"wp:term":[{"taxonomy":"product_brand","embeddable":true,"href":"https:\/\/ruikelaiglobal.com\/fr\/wp-json\/wp\/v2\/product_brand?post=371"},{"taxonomy":"product_cat","embeddable":true,"href":"https:\/\/ruikelaiglobal.com\/fr\/wp-json\/wp\/v2\/product_cat?post=371"},{"taxonomy":"product_tag","embeddable":true,"href":"https:\/\/ruikelaiglobal.com\/fr\/wp-json\/wp\/v2\/product_tag?post=371"}],"curies":[{"name":"wp","href":"https:\/\/api.w.org\/{rel}","templated":true}]}}