{"id":3579,"date":"2025-07-25T06:36:37","date_gmt":"2025-07-25T06:36:37","guid":{"rendered":"https:\/\/ruikelaiglobal.com\/?post_type=product&#038;p=3579"},"modified":"2025-07-25T06:36:38","modified_gmt":"2025-07-25T06:36:38","slug":"honey-sriracha-sauce","status":"publish","type":"product","link":"https:\/\/ruikelaiglobal.com\/fr\/honey-sriracha-sauce\/","title":{"rendered":"Sauce Sriracha au miel"},"content":{"rendered":"<h2>Sauce Sriracha au miel : Une saveur authentique pour la restauration, l'industrie et les marques de distributeurs<\/h2>\n<p>La sauce Sriracha au miel de Ruikelai Global permet d'obtenir le profil de saveur \u2018douce chaleur\u2019 tr\u00e8s en vogue, dont les consommateurs raffolent. Con\u00e7ue de mani\u00e8re experte pour les applications commerciales, notre sauce offre un \u00e9quilibre parfait entre le miel riche et floral et la chaleur vive et piquante de la sriracha authentique. Cette solution polyvalente et de longue conservation assure une uniformit\u00e9 absolue d'un lot \u00e0 l'autre, r\u00e9duisant ainsi la main-d'\u0153uvre interne et permettant \u00e0 votre \u00e9quipe culinaire de cr\u00e9er des plats inoubliables en toute confiance.<\/p>\n<h3><b>Pour le chef : Un \u00e9quilibre parfait entre la chaleur et la douceur : Profil de saveur et applications culinaires<\/b><\/h3>\n<h4><b>Notes de d\u00e9gustation et profil sensoriel<\/b><\/h4>\n<p><b>Ar\u00f4me :<\/b> Vif et piquant avec des notes distinctes d'ail et de piment, \u00e9quilibr\u00e9 par un parfum subtil et doux de miel.<\/p>\n<p><b>Saveur :<\/b> Une exp\u00e9rience \u00e0 plusieurs niveaux qui commence par la douceur florale du miel pur, rapidement suivie par les notes savoureuses, aill\u00e9es et piquantes de l'authentique sriracha.<\/p>\n<p><b>Texture :<\/b> Un gla\u00e7age soyeux et visqueux qui enrobe parfaitement les ingr\u00e9dients, offrant une sensation collante et satisfaisante en bouche.<\/p>\n<p><b>Niveau de chaleur :<\/b> Une chaleur agr\u00e9able et moyenne (environ 2 000-2 500 sur l'\u00e9chelle de Scoville) qui donne un coup de fouet satisfaisant sans dominer les autres ingr\u00e9dients.<\/p>\n<h4><b>Suggestions d'accords et inspiration de menu<\/b><\/h4>\n<ul>\n<li><b>Gla\u00e7age :<\/b> Parfait pour finir les ailes de poulet, les c\u00f4tes de porc, le saumon ou les l\u00e9gumes r\u00f4tis. <span class=\"button-container hide-from-message-actions ng-star-inserted\">\u00a0 \u00a0<\/span>\n<div class=\"container ng-tns-c2351497041-462 hide\">\n<div class=\"carousel-container ng-tns-c2351497041-462\"><\/div>\n<\/div>\n<\/li>\n<li><b>Sauce de trempage :<\/b> Servir avec des hors-d'\u0153uvre comme des rouleaux de printemps, des filets de poulet, des tempuras ou des frites. <span class=\"button-container hide-from-message-actions ng-star-inserted\">\u00a0 \u00a0<\/span>\n<div class=\"container ng-tns-c2351497041-463 hide\">\n<div class=\"carousel-container ng-tns-c2351497041-463\"><\/div>\n<\/div>\n<\/li>\n<li><b>Tartinade pour sandwichs et hamburgers :<\/b> M\u00e9langer avec de la mayonnaise pour obtenir un a\u00efoli cr\u00e9meux et \u00e9pic\u00e9 ou utiliser directement sur les sandwichs au poulet frit, les tacos et les hamburgers. <span class=\"button-container hide-from-message-actions ng-star-inserted\">\u00a0 \u00a0<\/span>\n<div class=\"container ng-tns-c2351497041-464 hide\">\n<div class=\"carousel-container ng-tns-c2351497041-464\"><\/div>\n<\/div>\n<\/li>\n<li><b>Stir-Fry et bols de nouilles :<\/b> Incorporez-les dans des saut\u00e9s ou des plats de nouilles pour une am\u00e9lioration instantan\u00e9e de la saveur sucr\u00e9e et \u00e9pic\u00e9e. <span class=\"button-container hide-from-message-actions ng-star-inserted\">\u00a0 \u00a0<\/span>\n<div class=\"container ng-tns-c2351497041-465 hide\">\n<div class=\"carousel-container ng-tns-c2351497041-465\"><\/div>\n<\/div>\n<\/li>\n<li><b>Pizza Drizzle :<\/b> Versez un filet sur les pizzas pour une saveur moderne et tr\u00e8s tendance. <span class=\"button-container hide-from-message-actions ng-star-inserted\">\u00a0 \u00a0<\/span>\n<div class=\"container ng-tns-c2351497041-466 hide\">\n<div class=\"carousel-container ng-tns-c2351497041-466\"><\/div>\n<\/div>\n<\/li>\n<\/ul>\n<h4><b>Options de formulation personnalis\u00e9e<\/b><\/h4>\n<p>En tant que premier fabricant de sauces B2B, nous sommes sp\u00e9cialis\u00e9s dans les solutions personnalis\u00e9es. Travaillez en partenariat avec notre \u00e9quipe de recherche et d\u00e9veloppement pour cr\u00e9er une sauce Honey Sriracha exclusive pour votre marque. Nous pouvons ajuster les param\u00e8tres cl\u00e9s, notamment<\/p>\n<ul>\n<li><b>Niveau de chaleur :<\/b> Cibler un indice de Scoville sp\u00e9cifique.<\/li>\n<li><b>Douceur et acidit\u00e9 :<\/b> Modifiez le brix et le pH pour obtenir l'\u00e9quilibre souhait\u00e9.<\/li>\n<li><b>Viscosit\u00e9 :<\/b> Formulez pour des applications sp\u00e9cifiques, qu'il s'agisse d'un gla\u00e7age fin ou d'une sauce \u00e9paisse \u00e0 tremper.<\/li>\n<li><b>Profil de l'ingr\u00e9dient :<\/b> D\u00e9velopper des versions \"clean label\", sans OGM ou sans allerg\u00e8nes. <span class=\"button-container hide-from-message-actions ng-star-inserted\"> \u00a0 <\/span><\/li>\n<\/ul>\n<p>&nbsp;<\/p>\n<h3><b>Pour l'acheteur : Sp\u00e9cifications techniques et emballage pour votre cha\u00eene d'approvisionnement<\/b><\/h3>\n<h4><b>Param\u00e8tres du produit<\/b><\/h4>\n<p>Voir le tableau d\u00e9taill\u00e9<strong>Informations compl\u00e9mentaires <\/strong>ci-dessous.<\/p>\n<h4><b>Certifications et conformit\u00e9<\/b><\/h4>\n<p>Nos installations de fabrication respectent les normes mondiales les plus strictes. Ce produit est fabriqu\u00e9 dans une installation conforme aux normes ISO 22000 et FDA. D'autres certifications, telles que Halal ou Kosher, peuvent \u00eatre obtenues sur demande pour des formulations personnalis\u00e9es.<span class=\"button-container hide-from-message-actions ng-star-inserted\">\u00a0<\/span><\/p>\n<div class=\"container ng-tns-c2351497041-468 hide\">\n<div class=\"carousel-container ng-tns-c2351497041-468\">\n<div class=\"carousel-content ng-tns-c2351497041-468\">\n<h4 class=\"sources-carousel-source ng-tns-c2351497041-468 hide ng-star-inserted\" data-test-id=\"sources-carousel-source\"><b>Dur\u00e9e de conservation et instructions de stockage<\/b><\/h4>\n<\/div>\n<\/div>\n<\/div>\n<p><b>Dur\u00e9e de conservation :<\/b> 210 jours Ambiant.<\/p>\n<p><b>Stockage :<\/b> Conserver dans un environnement frais et sec \u00e0 temp\u00e9rature ambiante (50-80\u00b0F \/ 10-27\u00b0C). Ne pas congeler. Pour une qualit\u00e9 optimale, r\u00e9frig\u00e9rer apr\u00e8s ouverture.<\/p>\n<div class=\"container ng-tns-c2351497041-469 hide\">\n<div class=\"carousel-container ng-tns-c2351497041-469\">\n<div class=\"carousel-content ng-tns-c2351497041-469\">\n<div class=\"sources-carousel-source ng-tns-c2351497041-469 hide ng-star-inserted\" data-test-id=\"sources-carousel-source\"><\/div>\n<\/div>\n<\/div>\n<\/div>\n<h3><b>Pour l'entreprise : Des solutions aromatiques dans l'air du temps pour stimuler l'innovation des menus et les ventes<\/b><\/h3>\n<h4><b>Profiter de la tendance \u2018Sweet Heat\u2019 (chaleur douce)<\/b><\/h4>\n<p>Tirez parti de l'une des tendances aromatiques qui se d\u00e9veloppent le plus rapidement dans le secteur de la restauration. Le miel chaud est le condiment qui conna\u00eet la plus forte croissance dans les menus, et la demande d'ar\u00f4mes \u00e0 base de sriracha devrait augmenter de mani\u00e8re significative. Proposer une option miel sriracha sur votre menu positionne votre marque comme moderne et r\u00e9active aux envies des consommateurs.<\/p>\n<div class=\"container ng-tns-c2351497041-470 hide\">\n<div class=\"carousel-container ng-tns-c2351497041-470\">\n<div class=\"carousel-content ng-tns-c2351497041-470\">\n<h4 class=\"sources-carousel-source ng-tns-c2351497041-470 hide ng-star-inserted\" data-test-id=\"sources-carousel-source\"><b>Avantages d'une \u00e9tiquette propre<\/b><\/h4>\n<\/div>\n<\/div>\n<\/div>\n<p>R\u00e9pondez aux exigences des consommateurs soucieux de leur sant\u00e9. Nous pouvons formuler cette sauce de mani\u00e8re \u00e0 ce qu'elle soit exempte de sirop de ma\u00efs \u00e0 haute teneur en fructose, de colorants artificiels, d'ar\u00f4mes artificiels et de glutamate monosodique, ce qui vous permet de faire figurer sur votre menu des all\u00e9gations \u201cclean-label\u201d (\u00e9tiquette propre).<\/p>\n<div class=\"container ng-tns-c2351497041-471 hide\">\n<div class=\"carousel-container ng-tns-c2351497041-471\">\n<div class=\"carousel-content ng-tns-c2351497041-471\">\n<h4 class=\"sources-carousel-source ng-tns-c2351497041-471 hide ng-star-inserted\" data-test-id=\"sources-carousel-source\"><b>Exemples d'appel de menu<\/b><\/h4>\n<\/div>\n<\/div>\n<\/div>\n<p>Renforcez l'attrait de votre menu en utilisant un langage descriptif et attrayant. Essayez des intitul\u00e9s tels que :<\/p>\n<ul>\n<li><a href=\"#\"><i>Gla\u00e7age artisanal au miel et \u00e0 la sriracha<\/i><\/a><\/li>\n<li><a href=\"#\"><i>Sauce chili douce Signature<\/i><\/a><\/li>\n<li><a href=\"#\"><i>Bruine de sriracha Golden Fire<\/i><\/a><\/li>\n<\/ul>","protected":false},"excerpt":{"rendered":"<h3 style=\"color: #cb342d; margin-bottom: 12px;\">Description du produit :<\/h3>\n<p><b><strong data-start=\"1348\" data-end=\"1363\"><span style=\"color: #cb342d; margin-right: 8px;\">\u2022<\/span><\/strong>Profil authentique de la \u2018chaleur douce\u2019 :<\/b> Un m\u00e9lange parfaitement \u00e9quilibr\u00e9 de miel riche et floral et de la chaleur vive et aill\u00e9e des piments m\u00fbris au soleil.<\/p>\n<p><b><strong data-start=\"1348\" data-end=\"1363\"><span style=\"color: #cb342d; margin-right: 8px;\">\u2022<\/span><\/strong>Efficacit\u00e9 op\u00e9rationnelle :<\/b> Une sauce pr\u00eate \u00e0 l'emploi, de longue conservation, qui permet d'\u00e9conomiser du temps de pr\u00e9paration en arri\u00e8re-boutique et de garantir une uniformit\u00e9 absolue des saveurs dans tous les \u00e9tablissements.<\/p>\n<p><b><strong data-start=\"1348\" data-end=\"1363\"><span style=\"color: #cb342d; margin-right: 8px;\">\u2022<\/span><\/strong>Enti\u00e8rement personnalisable :<\/b> Disponible pour les marques de distributeurs et les formulations personnalis\u00e9es. Ajustez la chaleur, le go\u00fbt sucr\u00e9 et la viscosit\u00e9 pour cr\u00e9er une sauce caract\u00e9ristique de votre marque.<\/p>\n<p><b><strong data-start=\"1348\" data-end=\"1363\"><span style=\"color: #cb342d; margin-right: 8px;\">\u2022<\/span><\/strong>Applications polyvalentes :<\/b> Un gla\u00e7age id\u00e9al pour les prot\u00e9ines, une trempette pour les hors-d'\u0153uvre, une p\u00e2te \u00e0 tartiner pour les sandwichs ou une base pour les vinaigrettes et les marinades.<\/p>\n<p><b><strong data-start=\"1348\" data-end=\"1363\"><span style=\"color: #cb342d; margin-right: 8px;\">\u2022<\/span><\/strong>Options d'\u00e9tiquetage propre disponibles :<\/b> Peut \u00eatre formul\u00e9 sans sirop de ma\u00efs \u00e0 haute teneur en fructose, sans colorants ni ar\u00f4mes artificiels pour r\u00e9pondre aux exigences des consommateurs modernes.<\/p>","protected":false},"featured_media":3587,"comment_status":"open","ping_status":"closed","template":"","meta":[],"product_brand":[24],"product_cat":[88,83,18],"product_tag":[143,133,141,140,136,132,135,130,139,138,134,144,137,131,142],"class_list":{"0":"post-3579","1":"product","2":"type-product","3":"status-publish","4":"has-post-thumbnail","6":"product_brand-ruikelai","7":"product_cat-chili-seasonings","8":"product_cat-sauces","9":"product_cat-seasoning","10":"product_tag-b2b-food-supplier","11":"product_tag-bulk-sauce","12":"product_tag-clean-label-sauce","13":"product_tag-custom-sauce-manufacturer","14":"product_tag-dipping-sauce","15":"product_tag-foodservice-sauce","16":"product_tag-glaze","17":"product_tag-honey-sriracha","18":"product_tag-industrial-ingredients","19":"product_tag-oem-sauce","20":"product_tag-private-label-sauce","21":"product_tag-restaurant-supplier","22":"product_tag-sriracha-supplier","23":"product_tag-sweet-chili-sauce","24":"product_tag-wing-sauce","25":"pa_form-concentrate","26":"pa_taste-chili-flavor","28":"first","29":"instock","30":"shipping-taxable","31":"product-type-simple"},"_links":{"self":[{"href":"https:\/\/ruikelaiglobal.com\/fr\/wp-json\/wp\/v2\/product\/3579","targetHints":{"allow":["GET"]}}],"collection":[{"href":"https:\/\/ruikelaiglobal.com\/fr\/wp-json\/wp\/v2\/product"}],"about":[{"href":"https:\/\/ruikelaiglobal.com\/fr\/wp-json\/wp\/v2\/types\/product"}],"replies":[{"embeddable":true,"href":"https:\/\/ruikelaiglobal.com\/fr\/wp-json\/wp\/v2\/comments?post=3579"}],"wp:featuredmedia":[{"embeddable":true,"href":"https:\/\/ruikelaiglobal.com\/fr\/wp-json\/wp\/v2\/media\/3587"}],"wp:attachment":[{"href":"https:\/\/ruikelaiglobal.com\/fr\/wp-json\/wp\/v2\/media?parent=3579"}],"wp:term":[{"taxonomy":"product_brand","embeddable":true,"href":"https:\/\/ruikelaiglobal.com\/fr\/wp-json\/wp\/v2\/product_brand?post=3579"},{"taxonomy":"product_cat","embeddable":true,"href":"https:\/\/ruikelaiglobal.com\/fr\/wp-json\/wp\/v2\/product_cat?post=3579"},{"taxonomy":"product_tag","embeddable":true,"href":"https:\/\/ruikelaiglobal.com\/fr\/wp-json\/wp\/v2\/product_tag?post=3579"}],"curies":[{"name":"wp","href":"https:\/\/api.w.org\/{rel}","templated":true}]}}