{"id":297,"date":"2025-02-24T02:44:51","date_gmt":"2025-02-24T02:44:51","guid":{"rendered":"https:\/\/ruikelaiglobal.com\/?post_type=product&#038;p=297"},"modified":"2025-06-05T01:40:46","modified_gmt":"2025-06-05T01:40:46","slug":"ethyl-maltol-pure-flavor-type","status":"publish","type":"product","link":"https:\/\/ruikelaiglobal.com\/fr\/ethyl-maltol-pure-flavor-type\/","title":{"rendered":"Ethyl Maltol, Type d'ar\u00f4me pur"},"content":{"rendered":"<p>Con\u00e7u par <strong>RUIKELAI<\/strong> experts en mati\u00e8re d'ar\u00f4mes de viande et fournis par un important fournisseur asiatique d'additifs alimentaires, notre <strong>Ethyl Maltol, Type d'ar\u00f4me pur<\/strong> est r\u00e9put\u00e9 pour son go\u00fbt fruit\u00e9 prononc\u00e9. Cet additif polyvalent de qualit\u00e9 alimentaire est con\u00e7u pour \u00e9quilibrer et renforcer le go\u00fbt sucr\u00e9 et la fra\u00eecheur dans toute une gamme de produits. Qu'il soit utilis\u00e9 dans les boissons, les boissons froides, les boissons alcoolis\u00e9es, les produits laitiers, le pain, les p\u00e2tisseries ou m\u00eame comme \u00e9l\u00e9ment dans les solutions d'assaisonnement chinoises, il inhibe syst\u00e9matiquement l'amertume, l'aigreur et l'astringence pour offrir un profil gustatif id\u00e9al.<\/p>","protected":false},"excerpt":{"rendered":"<h3 style=\"color: #cb342d; margin-bottom: 12px;\">Description du produit :<\/h3>\n<p><strong data-start=\"2928\" data-end=\"2956\"><span style=\"color: #cb342d; margin-right: 8px;\">\u2022<\/span>Profil fruit\u00e9 distinct :<\/strong> Ajoute une note fruit\u00e9e vibrante et naturelle qui rafra\u00eechit et \u00e9gaye diverses applications dans le domaine des aliments et des boissons.<\/p>\n<p><strong data-start=\"3063\" data-end=\"3094\"><span style=\"color: #cb342d; margin-right: 8px;\">\u2022<\/span>Am\u00e9lioration \u00e9quilibr\u00e9e du go\u00fbt :<\/strong> Masque les \u00e9l\u00e9ments gustatifs ind\u00e9sirables tels que l'amertume et l'aigreur, garantissant ainsi une saveur plus douce et plus \u00e9quilibr\u00e9e.<\/p>\n<p><strong data-start=\"3205\" data-end=\"3239\"><span style=\"color: #cb342d; margin-right: 8px;\">\u2022<\/span>Polyvalent et multi-application :<\/strong> Parfait pour le th\u00e9 au lait, les boissons froides, le pain et les g\u00e2teaux, la sauce soja et m\u00eame les produits \u00e0 base de viande - ce qui en fait l'un des ingr\u00e9dients pr\u00e9f\u00e9r\u00e9s des plats pr\u00e9par\u00e9s et des assaisonnements personnalis\u00e9s. <strong>Service OEM<\/strong> solutions.<\/p>\n<p><strong data-start=\"3414\" data-end=\"3436\"><span style=\"color: #cb342d; margin-right: 8px;\">\u2022<\/span>Assurance qualit\u00e9 :<\/strong> Produit en tant qu'additif alimentaire naturel selon les normes certifi\u00e9es ISO9001 et ISO22000 par l'un des principaux fabricants chinois d'ar\u00f4mes sal\u00e9s.<\/p>","protected":false},"featured_media":1193,"comment_status":"closed","ping_status":"closed","template":"","meta":[],"product_brand":[24],"product_cat":[89,17],"product_tag":[69],"class_list":{"0":"post-297","1":"product","2":"type-product","3":"status-publish","4":"has-post-thumbnail","6":"product_brand-ruikelai","7":"product_cat-ethyl-maltol","8":"product_cat-flavor","9":"product_tag-powder","10":"pa_form-powder","11":"pa_taste-enhancing-meat-flavor","13":"first","14":"instock","15":"sale","16":"shipping-taxable","17":"purchasable","18":"product-type-simple"},"_links":{"self":[{"href":"https:\/\/ruikelaiglobal.com\/fr\/wp-json\/wp\/v2\/product\/297","targetHints":{"allow":["GET"]}}],"collection":[{"href":"https:\/\/ruikelaiglobal.com\/fr\/wp-json\/wp\/v2\/product"}],"about":[{"href":"https:\/\/ruikelaiglobal.com\/fr\/wp-json\/wp\/v2\/types\/product"}],"replies":[{"embeddable":true,"href":"https:\/\/ruikelaiglobal.com\/fr\/wp-json\/wp\/v2\/comments?post=297"}],"wp:featuredmedia":[{"embeddable":true,"href":"https:\/\/ruikelaiglobal.com\/fr\/wp-json\/wp\/v2\/media\/1193"}],"wp:attachment":[{"href":"https:\/\/ruikelaiglobal.com\/fr\/wp-json\/wp\/v2\/media?parent=297"}],"wp:term":[{"taxonomy":"product_brand","embeddable":true,"href":"https:\/\/ruikelaiglobal.com\/fr\/wp-json\/wp\/v2\/product_brand?post=297"},{"taxonomy":"product_cat","embeddable":true,"href":"https:\/\/ruikelaiglobal.com\/fr\/wp-json\/wp\/v2\/product_cat?post=297"},{"taxonomy":"product_tag","embeddable":true,"href":"https:\/\/ruikelaiglobal.com\/fr\/wp-json\/wp\/v2\/product_tag?post=297"}],"curies":[{"name":"wp","href":"https:\/\/api.w.org\/{rel}","templated":true}]}}