{"id":3972,"date":"2025-08-27T07:08:46","date_gmt":"2025-08-27T07:08:46","guid":{"rendered":"https:\/\/ruikelaiglobal.com\/?page_id=3972"},"modified":"2025-08-27T08:09:33","modified_gmt":"2025-08-27T08:09:33","slug":"taste-modulation-off-note-masking","status":"publish","type":"page","link":"https:\/\/ruikelaiglobal.com\/fr\/taste-modulation-off-note-masking\/","title":{"rendered":"Modulation du go\u00fbt et masquage de la note basse"},"content":{"rendered":"<section class=\"bde-section-3972-100 bde-section\">\n              \n  \n\t\n\n  <div class=\"section-background-overlay\"><\/div>\n\n\n<div class=\"section-container\"><div class=\"bde-div-3972-101 bde-div\">\n              \n  \n\t\n\n  <div class=\"section-background-overlay\"><\/div>\n\n\n<h1 class=\"bde-heading-3972-102 bde-heading\">\nD\u00e9verrouiller le go\u00fbt parfait : Solutions avanc\u00e9es pour le masquage des notes parasites et la modulation de la saveur\n<\/h1><div class=\"bde-text-3972-103 bde-text\">\n \u00c9liminez l'amertume, l'astringence et les notes m\u00e9talliques ind\u00e9sirables de vos formulations. Nos solutions de masquage cibl\u00e9es laissent briller la v\u00e9ritable saveur de votre produit.\n<\/div><div class=\"bde-div-3972-104 bde-div\">\n  \n\t\n\n\n\n<div class=\"bde-button-3972-105 bde-button\">\n    \n                                    \n              \n    \n    \n    \n            \n                    \n            \n            \n\n    \n    \n              \n    \n    \n    <a class=\"breakdance-link button-atom button-atom--custom bde-button__button\" href=\"# https:\/\/ruikelaiglobal.com\/taste-challenge\/\" target=\"_self\" data-type=\"url\"  id=\"#743\" >\n\n    \n        <span class=\"button-atom__text\">Relevez le d\u00e9fi du go\u00fbt<\/span>\n\n        \n        \n                <\/a>\n\n    \n\n\n<\/div>\n<\/div>\n<\/div><\/div>\n<\/section><section class=\"bde-section-3972-112 bde-section\">\n  \n\t\n\n\n\n<div class=\"section-container\"><div class=\"bde-columns-3972-113 bde-columns\"><div class=\"bde-column-3972-114 bde-column\">\n  \n\t\n\n\n\n<div class=\"bde-fancy-divider-3972-118 bde-fancy-divider\">\n\n\n<div class=\"bde-fancy-divider__wrapper\">\n  <div class=\"bde-fancy-divider__separator has-content has-content-flex-end\">\n  \t    \t    \t          <div class=\"bde-fancy-divider__content bde-fancy-divider__content--text\">\n          Solutions\n          <\/div>\n    \t      <\/div>\n<\/div>\n\n<\/div><h2 class=\"bde-heading-3972-116 bde-heading\">\nLe dilemme du formulateur : quand des ingr\u00e9dients sains cr\u00e9ent des go\u00fbts ind\u00e9sirables\n<\/h2>\n<\/div><div class=\"bde-column-3972-115 bde-column\">\n  \n\t\n\n\n\n<div class=\"bde-rich-text-3972-119 bde-rich-text breakdance-rich-text-styles\">\n<p>Vous avez m\u00e9ticuleusement s\u00e9lectionn\u00e9 les ingr\u00e9dients les plus b\u00e9n\u00e9fiques pour votre nouveau produit. Des prot\u00e9ines d'origine v\u00e9g\u00e9tale pour un impact nutritionnel puissant, des vitamines et des min\u00e9raux pour l'enrichissement et des \u00e9dulcorants naturels pour r\u00e9pondre aux exigences de l'\u00e9tiquetage propre. Pourtant, une frustration famili\u00e8re appara\u00eet : ces ajouts \"sains\" ont d\u00e9tourn\u00e9 le profil de saveur.<\/p>\n<p>C'est le dilemme du formulateur. Les composants m\u00eames qui conf\u00e8rent \u00e0 votre produit une qualit\u00e9 nutritionnelle sup\u00e9rieure introduisent souvent des notes ind\u00e9sirables : le go\u00fbt de terre et de haricot des prot\u00e9ines de pois, l'amertume prononc\u00e9e de la caf\u00e9ine et des vitamines, une texture s\u00e8che semblable \u00e0 celle du carton ou un go\u00fbt m\u00e9tallique prononc\u00e9 d\u00fb au chlorure de potassium. M\u00eame les \u00e9dulcorants \u00e0 haute intensit\u00e9 comme la st\u00e9via peuvent laisser un arri\u00e8re-go\u00fbt artificiel persistant. Vous vous retrouvez avec un produit qui r\u00e9pond \u00e0 toutes les exigences nutritionnelles, mais qui \u00e9choue au test le plus critique : le go\u00fbt.<\/p>\n<\/div>\n<\/div><\/div><\/div>\n<\/section><section class=\"bde-section-3972-120 bde-section\">\n  \n\t\n\n\n\n<div class=\"section-container\"><h2 class=\"bde-heading-3972-121 bde-heading\">\nNotre bo\u00eete \u00e0 outils de modulation du go\u00fbt : Des solutions cibl\u00e9es pour chaque d\u00e9fi\n<\/h2><div class=\"bde-rich-text-3972-122 bde-rich-text breakdance-rich-text-styles\">\n<p>Pour surmonter les notes parasites, il faut plus qu'un simple agent masquant ; il faut une solution pr\u00e9cise et cibl\u00e9e. Notre bo\u00eete \u00e0 outils de modulation gustative avanc\u00e9e est con\u00e7ue pour r\u00e9pondre \u00e0 des d\u00e9fis sensoriels sp\u00e9cifiques, vous permettant de perfectionner la saveur, l'ar\u00f4me et la texture de votre produit. Explorez nos solutions pour trouver celle qui convient le mieux \u00e0 votre formulation.<\/p>\n<\/div><div class=\"bde-grid-3972-123 bde-grid\">\n  \n\t\n\n\n\n<div class=\"bde-div-3972-124 bde-div\">\n              \n  \n\t\n\n  <div class=\"section-background-overlay\"><\/div>\n\n\n<div class=\"bde-text-3972-140 bde-text\">\n\ud83c\udf3f\n<\/div><h3 class=\"bde-heading-3972-126 bde-heading\">\nMasquer l'amertume et l'astringence\n<\/h3><div class=\"bde-text-3972-127 bde-text\">\nSp\u00e9cialement con\u00e7u pour les notes am\u00e8res et rudes communes aux prot\u00e9ines v\u00e9g\u00e9tales (pois, soja), \u00e0 la caf\u00e9ine et aux polyph\u00e9nols riches en antioxydants. Nos modulateurs naturels att\u00e9nuent l'amertume et \u00e9liminent la sensation s\u00e8che et piquante de l'astringence, cr\u00e9ant ainsi une exp\u00e9rience \u00e9quilibr\u00e9e et beaucoup plus agr\u00e9able pour le consommateur.\n<\/div>\n<\/div><div class=\"bde-div-3972-128 bde-div\">\n              \n  \n\t\n\n  <div class=\"section-background-overlay\"><\/div>\n\n\n<div class=\"bde-text-3972-141 bde-text\">\n\u2699\ufe0f \n<\/div><h3 class=\"bde-heading-3972-130 bde-heading\">\nNeutralisation des notes m\u00e9talliques et chimiques\n<\/h3><div class=\"bde-text-3972-131 bde-text\">\nCiblez efficacement les notes m\u00e9talliques et chimiques distinctes souvent associ\u00e9es aux fortifications min\u00e9rales telles que le chlorure de potassium (pour la r\u00e9duction du sodium) et certaines vitamines. Nos solutions neutralisent ces saveurs ind\u00e9sirables au niveau des r\u00e9cepteurs, garantissant une finition propre et neutre.\n<\/div>\n<\/div><div class=\"bde-div-3972-132 bde-div\">\n              \n  \n\t\n\n  <div class=\"section-background-overlay\"><\/div>\n\n\n<div class=\"bde-text-3972-142 bde-text\">\n\ud83e\udd63\n<\/div><h3 class=\"bde-heading-3972-134 bde-heading\">\n Am\u00e9lioration de la sensation en bouche et de la richesse\n<\/h3><div class=\"bde-text-3972-135 bde-text\">\nAller au-del\u00e0 du masquage des saveurs pour reconstruire l'exp\u00e9rience sensorielle compl\u00e8te. Lorsque l'on r\u00e9duit les sucres ou les graisses, les produits peuvent perdre leur texture satisfaisante. Nos modulateurs de sensation en bouche r\u00e9tablissent une sensation de corps, d'onctuosit\u00e9 et de richesse, ce qui est essentiel pour l'acceptation et le plaisir du consommateur.\n<\/div>\n<\/div><div class=\"bde-div-3972-136 bde-div\">\n              \n  \n\t\n\n  <div class=\"section-background-overlay\"><\/div>\n\n\n<div class=\"bde-text-3972-143 bde-text\">\n\u2728 \n<\/div><h3 class=\"bde-heading-3972-138 bde-heading\">\n\u00c9quilibrer les \u00e9dulcorants de haute intensit\u00e9\n<\/h3><div class=\"bde-text-3972-139 bde-text\">\nPerfectionnez le profil sucr\u00e9 de vos produits \u00e0 teneur r\u00e9duite en sucre. Nos modulateurs sont con\u00e7us pour cibler et r\u00e9duire sp\u00e9cifiquement l'arri\u00e8re-go\u00fbt ind\u00e9sirable des \u00e9dulcorants \u00e0 haute intensit\u00e9 tels que la st\u00e9via et le sucralose, cr\u00e9ant ainsi un go\u00fbt propre qui imite plus fid\u00e8lement l'exp\u00e9rience du sucre.\n<\/div>\n<\/div>\n<\/div><\/div>\n<\/section><section class=\"bde-section-3972-144 bde-section\">\n  \n\t\n\n\n\n<div class=\"section-container\"><div class=\"bde-columns-3972-145 bde-columns\"><div class=\"bde-column-3972-152 bde-column\">\n  \n\t\n\n\n\n<div class=\"bde-image-3972-153 bde-image\">\n<figure class=\"breakdance-image breakdance-image--3995\">\n\t<div class=\"breakdance-image-container\">\n\t\t<div class=\"breakdance-image-clip\"><img decoding=\"async\" class=\"breakdance-image-object\" src=\"https:\/\/ruikelaiglobal.com\/wp-content\/uploads\/2025\/08\/Flavor-Modulation_RuikelaiGlobal.webp\" width=\"1280\" height=\"635\" srcset=\"https:\/\/ruikelaiglobal.com\/wp-content\/uploads\/2025\/08\/Flavor-Modulation_RuikelaiGlobal.webp 1280w, https:\/\/ruikelaiglobal.com\/wp-content\/uploads\/2025\/08\/Flavor-Modulation_RuikelaiGlobal-300x149.webp 300w, https:\/\/ruikelaiglobal.com\/wp-content\/uploads\/2025\/08\/Flavor-Modulation_RuikelaiGlobal-1024x508.webp 1024w, https:\/\/ruikelaiglobal.com\/wp-content\/uploads\/2025\/08\/Flavor-Modulation_RuikelaiGlobal-768x381.webp 768w, https:\/\/ruikelaiglobal.com\/wp-content\/uploads\/2025\/08\/Flavor-Modulation_RuikelaiGlobal-18x9.webp 18w, https:\/\/ruikelaiglobal.com\/wp-content\/uploads\/2025\/08\/Flavor-Modulation_RuikelaiGlobal-800x397.webp 800w\" sizes=\"(max-width: 1280px) 100vw, 1280px\" alt=\"\" title=\"\"><\/div>\n\t<\/div><\/figure>\n\n<\/div>\n<\/div><div class=\"bde-column-3972-146 bde-column\">\n  \n\t\n\n\n\n<h2 class=\"bde-heading-3972-147 bde-heading\">\nComment fonctionne le masquage des ar\u00f4mes : La science de la perception\n<\/h2><div class=\"bde-text-3972-149 bde-text\">\nLa v\u00e9ritable modulation du go\u00fbt ne rel\u00e8ve pas de la magie, mais d'une science sensorielle avanc\u00e9e. Les saveurs ind\u00e9sirables comme l'amertume sont per\u00e7ues lorsque des mol\u00e9cules sp\u00e9cifiques pr\u00e9sentes dans vos ingr\u00e9dients se lient aux r\u00e9cepteurs gustatifs de la langue, envoyant ainsi un signal \"off-note\" au cerveau.<br><br>Nos agents masquants agissent au niveau mol\u00e9culaire pour emp\u00eacher cela. Les mol\u00e9cules contenues dans nos solutions sont pr\u00e9cis\u00e9ment con\u00e7ues pour interagir avec ces r\u00e9cepteurs gustatifs, en particulier la famille TAS2R responsable de la perception de l'amertume. Elles agissent comme un bouclier, emp\u00eachant physiquement les compos\u00e9s ind\u00e9sirables d'activer le r\u00e9cepteur. Cette intervention stoppe le signal hors-note avant m\u00eame qu'il ne commence, sans pour autant ternir le profil gustatif global de votre produit ou introduire de nouveaux go\u00fbts. Le r\u00e9sultat est un produit propre et \u00e9quilibr\u00e9 o\u00f9 les ar\u00f4mes souhait\u00e9s peuvent enfin briller.\n<\/div>\n<\/div><\/div><\/div>\n<\/section><section class=\"bde-section-3972-154 bde-section\">\n  \n\t\n\n\n\n<div class=\"section-container\"><div class=\"bde-columns-3972-158 bde-columns\"><div class=\"bde-column-3972-161 bde-column\">\n  \n\t\n\n\n\n<h2 class=\"bde-heading-3972-162 bde-heading\">\nApplication Deep Dive : Cr\u00e9er des produits \u00e0 base de plantes au go\u00fbt exquis\n<\/h2><div class=\"bde-rich-text-3972-164 bde-rich-text breakdance-rich-text-styles\">\n<p>La th\u00e9orie est une chose, les r\u00e9sultats concrets en sont une autre. D\u00e9couvrez dans cette \u00e9tude de cas comment nos solutions cibl\u00e9es s'associent pour r\u00e9soudre un probl\u00e8me de formulation courant.<\/p>\n<ul>\n<li>\n<p><span style=\"color: #cb342d;\"><b>Le d\u00e9fi :<\/b><\/span> Un nouveau shake prot\u00e9in\u00e9 \u00e0 base de plantes, formul\u00e9 avec des prot\u00e9ines de pois, \u00e9tait parfait d'un point de vue nutritionnel mais \u00e9chouait aux tests sensoriels. Les consommateurs ont fait \u00e9tat d'une forte amertume et de notes secondaires \"b\u00e9antes\", ainsi que d'une texture d\u00e9sagr\u00e9ablement fine et crayeuse.<\/p>\n<\/li>\n<li>\n<p><span style=\"color: #cb342d;\"><b>La solution :<\/b><\/span> Nos experts ont d'abord appliqu\u00e9 un agent masquant l'amertume, sp\u00e9cialement con\u00e7u pour les prot\u00e9ines v\u00e9g\u00e9tales. Cette solution se lie aux r\u00e9cepteurs responsables de l'amertume et neutralise efficacement les saveurs ind\u00e9sirables de l'isolat de prot\u00e9ines de pois.<\/p>\n<\/li>\n<li>\n<p><span style=\"color: #cb342d;\"><b>L'am\u00e9lioration :<\/b><\/span> Les notes parasites ayant disparu, l'\u00e9tape suivante consistait \u00e0 s'attaquer \u00e0 la texture. Nous avons introduit un modulateur de sensation en bouche pour cr\u00e9er un corps plus cr\u00e9meux et plus lisse, imitant la richesse d'un milk-shake traditionnel \u00e0 base de produits laitiers.<\/p>\n<\/li>\n<li>\n<p><span style=\"color: #cb342d;\"><b>Le r\u00e9sultat :<\/b><\/span> Un d\u00e9licieux shake prot\u00e9in\u00e9 au go\u00fbt pur qui r\u00e9pond \u00e0 la fois aux besoins nutritionnels et aux pr\u00e9f\u00e9rences des consommateurs. Le produit final pr\u00e9sente une texture lisse et cr\u00e9meuse et un profil de saveurs \u00e9quilibr\u00e9, transformant une formulation difficile en un succ\u00e8s pr\u00eat \u00e0 \u00eatre commercialis\u00e9.<\/p>\n<\/li>\n<\/ul>\n<\/div>\n<\/div><div class=\"bde-column-3972-159 bde-column\">\n  \n\t\n\n\n\n<div class=\"bde-image-3972-160 bde-image\">\n<figure class=\"breakdance-image breakdance-image--4000\">\n\t<div class=\"breakdance-image-container\">\n\t\t<div class=\"breakdance-image-clip\"><img decoding=\"async\" class=\"breakdance-image-object\" src=\"https:\/\/ruikelaiglobal.com\/wp-content\/uploads\/2025\/08\/Plant-Based-Products-Application_RuikelaiGlobal.webp\" width=\"1200\" height=\"800\" srcset=\"https:\/\/ruikelaiglobal.com\/wp-content\/uploads\/2025\/08\/Plant-Based-Products-Application_RuikelaiGlobal.webp 1200w, https:\/\/ruikelaiglobal.com\/wp-content\/uploads\/2025\/08\/Plant-Based-Products-Application_RuikelaiGlobal-300x200.webp 300w, https:\/\/ruikelaiglobal.com\/wp-content\/uploads\/2025\/08\/Plant-Based-Products-Application_RuikelaiGlobal-1024x683.webp 1024w, https:\/\/ruikelaiglobal.com\/wp-content\/uploads\/2025\/08\/Plant-Based-Products-Application_RuikelaiGlobal-768x512.webp 768w, https:\/\/ruikelaiglobal.com\/wp-content\/uploads\/2025\/08\/Plant-Based-Products-Application_RuikelaiGlobal-18x12.webp 18w, https:\/\/ruikelaiglobal.com\/wp-content\/uploads\/2025\/08\/Plant-Based-Products-Application_RuikelaiGlobal-800x533.webp 800w\" sizes=\"(max-width: 1200px) 100vw, 1200px\" alt=\"\" title=\"\"><\/div>\n\t<\/div><\/figure>\n\n<\/div>\n<\/div><\/div><\/div>\n<\/section><section class=\"bde-section-3972-106 bde-section\">\n  \n\t\n\n\n\n<div class=\"section-container\"><div class=\"bde-div-3972-107 bde-div\">\n  \n\t\n\n\n\n<h2 class=\"bde-heading-3972-108 bde-heading\">\nPartenariat avec nos experts en modulation du go\u00fbt\n<\/h2><div class=\"bde-rich-text-3972-111 bde-rich-text breakdance-rich-text-styles\">\n<p>Vous avez surmont\u00e9 la complexit\u00e9 des go\u00fbts ind\u00e9sirables et vous savez maintenant qu'un produit final d\u00e9licieux est \u00e0 port\u00e9e de main. Chez Ruikelai Global, nous comprenons que chaque formulation pr\u00e9sente un ensemble unique de d\u00e9fis sensoriels. C'est l\u00e0 qu'un simple fournisseur d'ingr\u00e9dients ne suffit pas et qu'un v\u00e9ritable partenaire de formulation devient essentiel. C'est pourquoi nous ne nous contentons pas de vendre des solutions, et notre \u00e9quipe de scientifiques exp\u00e9riment\u00e9s en mati\u00e8re d'ar\u00f4mes et de sp\u00e9cialistes des applications devient une extension de votre d\u00e9partement R&amp;D.<\/p>\n<p>Nous adoptons une approche collaborative, en travaillant en \u00e9troite collaboration avec vous pour :<\/p>\n<ul>\n<li>\n<p><span style=\"color: #cb342d;\"><b>Analyser minutieusement vos probl\u00e8mes de go\u00fbt sp\u00e9cifiques :<\/b><\/span> Nous identifions pr\u00e9cis\u00e9ment les notes parasites qui entravent le potentiel de votre produit.<\/p>\n<\/li>\n<li>\n<p><span style=\"color: #cb342d;\"><b>D\u00e9velopper des syst\u00e8mes de modulation du go\u00fbt sur mesure :<\/b><\/span> En nous appuyant sur notre bo\u00eete \u00e0 outils compl\u00e8te, nous formulons des solutions optimis\u00e9es pour vos ingr\u00e9dients et applications uniques.<\/p>\n<\/li>\n<li>\n<p><span style=\"color: #cb342d;\"><b>Fournir des conseils et un soutien pour la candidature :<\/b><\/span> Nous vous aidons \u00e0 int\u00e9grer nos modulateurs de mani\u00e8re transparente dans votre processus de production, afin de garantir des performances et un go\u00fbt optimaux.<\/p>\n<\/li>\n<li>\n<p><span style=\"color: #cb342d;\"><b>R\u00e9p\u00e9tez et affinez pour obtenir des r\u00e9sultats parfaits :<\/b><\/span> Nous ne nous arr\u00eatons pas tant que votre produit n'a pas atteint le profil de saveur propre et d\u00e9licieux souhait\u00e9, qui trouvera un \u00e9cho aupr\u00e8s des consommateurs.<\/p>\n<\/li>\n<\/ul>\n<p>Ne laissez pas les obstacles \u00e0 la formulation limiter votre innovation. Exploitez tout le potentiel de vos ingr\u00e9dients sains et cr\u00e9ez des produits vraiment exceptionnels.<\/p>\n<\/div><div class=\"bde-button-3972-110 bde-button\">\n    \n                                    \n    \n    \n    \n    \n            \n                    \n            \n                           \n                       \n                 \n\n    \n    \n    \n                    \n    \n    <a class=\"breakdance-link button-atom button-atom--custom bde-button__button\" href=\"#\" target=\"_self\" data-type=\"action\"  data-action='{\"type\":\"popup\",\"popupOptions\":{\"popupId\":\"3392\",\"popupAction\":\"toggle\"}}' >\n\n    \n        <span class=\"button-atom__text\">Demander une consultation technique<\/span>\n\n        \n        \n                <\/a>\n\n    \n\n\n<\/div><div class=\"bde-div-3972-169 bde-div\">\n  \n\t\n\n\n\n<div class=\"bde-text-3972-170 bde-text\">\nPartager sur :\n<\/div><div class=\"bde-social-icons-3972-171 bde-social-icons\">\n                  \n            \n            \n\n    \n    \n    \n    \n    \n    <a class=\"breakdance-link bde-social-icons__icon-wrapper bde-social-icons__icon-facebook\" href=\"https:\/\/www.facebook.com\/RuikelaiGlobal\" target=\"_self\" data-type=\"url\" aria-label=\"facebook\" rel=\"nofollow noopener\">\n\n             <svg xmlns=\"http:\/\/www.w3.org\/2000\/svg\" width=\"100%\" viewbox=\"0 0 24 24\">\n            <path d=\"M9 8h-3v4h3v12h5v-12h3.642l.358-4h-4v-1.667c0-.955.192-1.333 1.115-1.333h2.885v-5h-3.808c-3.596 0-5.192 1.583-5.192 4.615v3.385z\"\/>\n       <\/svg>\n              <\/a>\n\n                    \n            \n            \n\n    \n    \n    \n    \n    \n    <a class=\"breakdance-link bde-social-icons__icon-wrapper bde-social-icons__icon-twitter\" href=\"https:\/\/twitter.com\/RuikelaiGlobal\" target=\"_self\" data-type=\"url\" aria-label=\"twitter\" rel=\"nofollow noopener\">\n\n              <svg xmlns=\"http:\/\/www.w3.org\/2000\/svg\" width=\"100%\" viewbox=\"0 0 512 512\">\n          <path d=\"M389.2 48h70.6L305.6 224.2 487 464H345L233.7 318.6 106.5 464H35.8L200.7 275.5 26.8 48H172.4L272.9 180.9 389.2 48zM364.4 421.8h39.1L151.1 88h-42L364.4 421.8z\" \/>\n        <\/svg>\n              <\/a>\n\n                    \n            \n            \n\n    \n    \n    \n    \n    \n    <a class=\"breakdance-link bde-social-icons__icon-wrapper bde-social-icons__icon-instagram\" href=\"https:\/\/www.instagram.com\/ruikelai_global\" target=\"_self\" data-type=\"url\" aria-label=\"instagram\" rel=\"nofollow noopener\">\n\n             <svg xmlns=\"http:\/\/www.w3.org\/2000\/svg\" width=\"100%\" viewbox=\"0 0 24 24\">\n            <path d=\"M12 2.163c3.204 0 3.584.012 4.85.07 3.252.148 4.771 1.691 4.919 4.919.058 1.265.069 1.645.069 4.849 0 3.205-.012 3.584-.069 4.849-.149 3.225-1.664 4.771-4.919 4.919-1.266.058-1.644.07-4.85.07-3.204 0-3.584-.012-4.849-.07-3.26-.149-4.771-1.699-4.919-4.92-.058-1.265-.07-1.644-.07-4.849 0-3.204.013-3.583.07-4.849.149-3.227 1.664-4.771 4.919-4.919 1.266-.057 1.645-.069 4.849-.069zm0-2.163c-3.259 0-3.667.014-4.947.072-4.358.2-6.78 2.618-6.98 6.98-.059 1.281-.073 1.689-.073 4.948 0 3.259.014 3.668.072 4.948.2 4.358 2.618 6.78 6.98 6.98 1.281.058 1.689.072 4.948.072 3.259 0 3.668-.014 4.948-.072 4.354-.2 6.782-2.618 6.979-6.98.059-1.28.073-1.689.073-4.948 0-3.259-.014-3.667-.072-4.947-.196-4.354-2.617-6.78-6.979-6.98-1.281-.059-1.69-.073-4.949-.073zm0 5.838c-3.403 0-6.162 2.759-6.162 6.162s2.759 6.163 6.162 6.163 6.162-2.759 6.162-6.163c0-3.403-2.759-6.162-6.162-6.162zm0 10.162c-2.209 0-4-1.79-4-4 0-2.209 1.791-4 4-4s4 1.791 4 4c0 2.21-1.791 4-4 4zm6.406-11.845c-.796 0-1.441.645-1.441 1.44s.645 1.44 1.441 1.44c.795 0 1.439-.645 1.439-1.44s-.644-1.44-1.439-1.44z\"\/>\n       <\/svg>\n              <\/a>\n\n                    \n            \n            \n\n    \n    \n    \n    \n    \n    <a class=\"breakdance-link bde-social-icons__icon-wrapper bde-social-icons__icon-youtube\" href=\"https:\/\/www.youtube.com\/@RuikelaiGlobal\" target=\"_self\" data-type=\"url\" aria-label=\"youtube\" rel=\"nofollow noopener\">\n\n             <svg xmlns=\"http:\/\/www.w3.org\/2000\/svg\" width=\"100%\" viewbox=\"0 0 24 24\">\n            <path d=\"M19.615 3.184c-3.604-.246-11.631-.245-15.23 0-3.897.266-4.356 2.62-4.385 8.816.029 6.185.484 8.549 4.385 8.816 3.6.245 11.626.246 15.23 0 3.897-.266 4.356-2.62 4.385-8.816-.029-6.185-.484-8.549-4.385-8.816zm-10.615 12.816v-8l8 3.993-8 4.007z\"\/>\n       <\/svg>\n              <\/a>\n\n                    \n            \n            \n\n    \n    \n    \n    \n    \n    <a class=\"breakdance-link bde-social-icons__icon-wrapper bde-social-icons__icon-custom\" href=\"mailto:ruikelai@outlook.com?subject=Hi\uff0cI\u2018ll get inHi, I'll Get in Touch for Tailored Flavor Solutions&body=Hi, Mia\" target=\"_self\" data-type=\"contact\" aria-label=\"sur mesure\" >\n\n                        <svg xmlns=\"http:\/\/www.w3.org\/2000\/svg\" id=\"icon-mail\" viewbox=\"0 0 32 32\">\n<path d=\"M26.666 0h-21.332c-2.934 0-5.334 2.4-5.334 5.333v21.333c0 2.934 2.4 5.334 5.334 5.334h21.332c2.936 0 5.334-2.4 5.334-5.334v-21.333c0-2.934-2.398-5.333-5.334-5.333zM8 8h16c0.286 0 0.563 0.061 0.817 0.177l-8.817 10.286-8.817-10.287c0.254-0.116 0.531-0.177 0.817-0.177zM6 22v-12c0-0.042 0.002-0.084 0.004-0.125l5.864 6.842-5.8 5.8c-0.045-0.167-0.069-0.34-0.069-0.517zM24 24h-16c-0.177 0-0.35-0.024-0.517-0.069l5.691-5.691 2.826 3.297 2.826-3.297 5.691 5.691c-0.167 0.045-0.34 0.069-0.517 0.069zM26 22c0 0.177-0.024 0.35-0.069 0.517l-5.8-5.8 5.864-6.842c0.003 0.041 0.004 0.083 0.004 0.125v12z\"\/>\n<\/svg>\n                      <\/a>\n\n    \n<\/div>\n<\/div>\n<\/div><\/div>\n<\/section>","protected":false},"excerpt":{"rendered":"<p>Unlocking Perfect Taste: Advanced Solutions for Off-Note Masking and Flavor Modulation Eliminate bitterness, astringency, and metallic off-notes from your formulations. Our targeted masking solutions let your product&#8217;s true flavor shine. Solve Your Taste Challenge Solutions The Formulator&#8217;s Dilemma: When Healthy Ingredients Create Unwanted Tastes You\u2019ve meticulously sourced the most beneficial ingredients for your new product. [&hellip;]<\/p>\n","protected":false},"author":1,"featured_media":3974,"parent":0,"menu_order":0,"comment_status":"closed","ping_status":"closed","template":"","meta":{"_breakdance_hide_in_design_set":false,"_breakdance_tags":"","footnotes":""},"class_list":["post-3972","page","type-page","status-publish","has-post-thumbnail","hentry"],"_links":{"self":[{"href":"https:\/\/ruikelaiglobal.com\/fr\/wp-json\/wp\/v2\/pages\/3972","targetHints":{"allow":["GET"]}}],"collection":[{"href":"https:\/\/ruikelaiglobal.com\/fr\/wp-json\/wp\/v2\/pages"}],"about":[{"href":"https:\/\/ruikelaiglobal.com\/fr\/wp-json\/wp\/v2\/types\/page"}],"author":[{"embeddable":true,"href":"https:\/\/ruikelaiglobal.com\/fr\/wp-json\/wp\/v2\/users\/1"}],"replies":[{"embeddable":true,"href":"https:\/\/ruikelaiglobal.com\/fr\/wp-json\/wp\/v2\/comments?post=3972"}],"version-history":[{"count":40,"href":"https:\/\/ruikelaiglobal.com\/fr\/wp-json\/wp\/v2\/pages\/3972\/revisions"}],"predecessor-version":[{"id":4854,"href":"https:\/\/ruikelaiglobal.com\/fr\/wp-json\/wp\/v2\/pages\/3972\/revisions\/4854"}],"wp:featuredmedia":[{"embeddable":true,"href":"https:\/\/ruikelaiglobal.com\/fr\/wp-json\/wp\/v2\/media\/3974"}],"wp:attachment":[{"href":"https:\/\/ruikelaiglobal.com\/fr\/wp-json\/wp\/v2\/media?parent=3972"}],"curies":[{"name":"wp","href":"https:\/\/api.w.org\/{rel}","templated":true}]}}