{"id":1745,"date":"2025-04-06T03:41:36","date_gmt":"2025-04-06T03:41:36","guid":{"rendered":"https:\/\/ruikelaiglobal.com\/?page_id=1745"},"modified":"2025-04-08T12:35:33","modified_gmt":"2025-04-08T12:35:33","slug":"terms-of-use","status":"publish","type":"page","link":"https:\/\/ruikelaiglobal.com\/fr\/terms-of-use\/","title":{"rendered":"Conditions d'utilisation"},"content":{"rendered":"<section class=\"bde-section-1745-100 bde-section\">\n  \n\t\n\n\n\n<div class=\"section-container\"><div class=\"bde-rich-text-1745-101 bde-rich-text breakdance-rich-text-styles\">\n<h1>Conditions d'utilisation<\/h1>\n<p><\/p>\n<p><strong>Date d'entr\u00e9e en vigueur : 2 avril 2025<\/strong><\/p>\n<p> <\/p>\n<p>Bienvenue \u00e0 <strong>RUIKELAI GLOBAL<\/strong>, la pr\u00e9sence en ligne de <strong>Qingdao Ruikelai Food Ingredients Co. Ltd.<\/strong> (\u201cl'entreprise\u201d, \u201cnous\u201d, \u201cnotre\u201d ou \u201cnos\u201d). Les pr\u00e9sentes conditions d'utilisation (\u201cconditions\u201d) r\u00e9gissent votre acc\u00e8s et votre utilisation de notre site web situ\u00e9 \u00e0 l'adresse suivante <strong><a class=\"\" href=\"https:\/\/ruikelaiglobal.com\/fr\/\">https:\/\/ruikelaiglobal.com<\/a><\/strong> (le \u201cSite\u201d), y compris l'ensemble du contenu, des fonctionnalit\u00e9s et des services offerts sur ou par l'interm\u00e9diaire du Site. En acc\u00e9dant au site ou en l'utilisant, vous acceptez d'\u00eatre li\u00e9 par les pr\u00e9sentes conditions. Si vous n'acceptez pas ces conditions, veuillez ne pas utiliser le site.<\/p>\n<p> <\/p>\n<hr class=\"wp-block-separator has-alpha-channel-opacity\" \/>\n<p> <\/p>\n<h2 class=\"wp-block-heading\">1. Acceptation des conditions<\/h2>\n<p> <\/p>\n<p>En acc\u00e9dant \u00e0 Ruikelai Global ou en l'utilisant, vous reconnaissez avoir lu, compris et accept\u00e9 d'\u00eatre li\u00e9 par les pr\u00e9sentes conditions et par toute politique, directive ou r\u00e8gle suppl\u00e9mentaire pouvant \u00eatre publi\u00e9e sur le site de temps \u00e0 autre.<\/p>\n<p> <\/p>\n<hr class=\"wp-block-separator has-alpha-channel-opacity\" \/>\n<p> <\/p>\n<h2 class=\"wp-block-heading\">2. Utilisation du site<\/h2>\n<p> <\/p>\n<h3 class=\"wp-block-heading\">2.1. \u00c9ligibilit\u00e9<\/h3>\n<p> <\/p>\n<p>Vous d\u00e9clarez et garantissez que vous avez au moins 18 ans et que vous \u00eates capable de conclure un accord juridiquement contraignant. Si vous acc\u00e9dez au site ou l'utilisez au nom d'une entit\u00e9, vous d\u00e9clarez que vous avez le pouvoir de lier cette entit\u00e9 aux pr\u00e9sentes conditions.<\/p>\n<p> <\/p>\n<h3 class=\"wp-block-heading\">2.2. Utilisation autoris\u00e9e<\/h3>\n<p> <\/p>\n<p>Vous ne pouvez utiliser le site qu'\u00e0 des fins l\u00e9gales et conform\u00e9ment aux pr\u00e9sentes conditions. Vous acceptez de ne pas utiliser le site :<\/p>\n<p> <\/p>\n<ul class=\"wp-block-list\">\n<li>D'une mani\u00e8re qui enfreint toute loi ou r\u00e9glementation locale, nationale ou internationale applicable.<\/li>\n \n<li>s'engager dans des activit\u00e9s frauduleuses, abusives ou nuisibles ou en faire la promotion.<\/li>\n \n<li>Transmettre des virus ou d'autres codes informatiques, fichiers ou programmes susceptibles d'interrompre, de d\u00e9truire ou de limiter la fonctionnalit\u00e9 de tout logiciel ou mat\u00e9riel informatique.<\/li>\n<\/ul>\n<p> <\/p>\n<hr class=\"wp-block-separator has-alpha-channel-opacity\" \/>\n<p> <\/p>\n<h2 class=\"wp-block-heading\">3. Droits de propri\u00e9t\u00e9 intellectuelle<\/h2>\n<p> <\/p>\n<p>Tout le contenu de Ruikelai Global, y compris, mais sans s'y limiter, les textes, les graphiques, les logos, les images, les clips audio, les t\u00e9l\u00e9chargements num\u00e9riques, les compilations de donn\u00e9es et les logiciels, est la propri\u00e9t\u00e9 de Qingdao Ruikelai Food Ingredients Co., Ltd. ou de ses fournisseurs de contenu et est prot\u00e9g\u00e9 par les lois internationales sur les droits d'auteur et les marques d\u00e9pos\u00e9es.<\/p>\n<p> <\/p>\n<p>Vous ne pouvez pas reproduire, distribuer, modifier, cr\u00e9er des \u0153uvres d\u00e9riv\u00e9es, afficher publiquement ou utiliser de toute autre mani\u00e8re le contenu sans notre autorisation \u00e9crite pr\u00e9alable, sauf dans les cas express\u00e9ment autoris\u00e9s par les pr\u00e9sentes conditions.<\/p>\n<p> <\/p>\n<hr class=\"wp-block-separator has-alpha-channel-opacity\" \/>\n<p> <\/p>\n<h2 class=\"wp-block-heading\">4. Contenu de l'utilisateur<\/h2>\n<p> <\/p>\n<p>Vous pouvez avoir la possibilit\u00e9 de soumettre des commentaires, des r\u00e9actions ou d'autres contenus (\u201ccontenu utilisateur\u201d) sur le site. En publiant un contenu utilisateur, vous nous accordez une licence non exclusive, libre de redevances, mondiale, perp\u00e9tuelle et irr\u00e9vocable d'utilisation, de reproduction, de modification, d'adaptation, de publication, de traduction, de distribution et d'affichage de ce contenu sur le site et dans le cadre de nos activit\u00e9s.<\/p>\n<p> <\/p>\n<p>Vous d\u00e9clarez que votre contenu utilisateur ne porte pas atteinte aux droits de propri\u00e9t\u00e9 intellectuelle ou \u00e0 d'autres droits d'un tiers et qu'il est conforme \u00e0 toutes les lois applicables.<\/p>\n<p> <\/p>\n<hr class=\"wp-block-separator has-alpha-channel-opacity\" \/>\n<p> <\/p>\n<h2 class=\"wp-block-heading\">5. Clauses de non-responsabilit\u00e9 et limitation de la responsabilit\u00e9<\/h2>\n<p> <\/p>\n<h3 class=\"wp-block-heading\">5.1. Exclusion de garantie<\/h3>\n<p> <\/p>\n<p>Le site et l'ensemble des informations, du contenu, du mat\u00e9riel et des services fournis sur ou par l'interm\u00e9diaire du site sont fournis \u201cen l'\u00e9tat\u201d et \u201cselon la disponibilit\u00e9\u201d, sans aucune garantie de quelque nature que ce soit, expresse ou implicite. Nous ne garantissons pas que le site sera ininterrompu, exempt d'erreurs ou totalement s\u00e9curis\u00e9.<\/p>\n<p> <\/p>\n<h3 class=\"wp-block-heading\">5.2. Limitation de la responsabilit\u00e9<\/h3>\n<p> <\/p>\n<p>En aucun cas Qingdao Ruikelai Food Ingredients Co., Ltd, ses affili\u00e9s ou ses conc\u00e9dants de licence ne pourront \u00eatre tenus responsables des dommages directs, indirects, accessoires, sp\u00e9ciaux, cons\u00e9cutifs ou punitifs d\u00e9coulant de l'utilisation ou de l'incapacit\u00e9 d'utiliser le site, m\u00eame si nous avons \u00e9t\u00e9 inform\u00e9s de la possibilit\u00e9 de tels dommages.<\/p>\n<p> <\/p>\n<hr class=\"wp-block-separator has-alpha-channel-opacity\" \/>\n<p> <\/p>\n<h2 class=\"wp-block-heading\">6. Liens externes<\/h2>\n<p> <\/p>\n<p>Le site peut contenir des liens vers des sites web de tiers qui ne nous appartiennent pas et ne sont pas contr\u00f4l\u00e9s par nous. Nous n'avons aucun contr\u00f4le sur le contenu, les politiques de confidentialit\u00e9 ou les pratiques des sites ou services tiers et n'assumons aucune responsabilit\u00e9 \u00e0 cet \u00e9gard. Vous reconnaissez et acceptez que nous ne soyons pas responsables, directement ou indirectement, de tout dommage ou perte caus\u00e9 par ou en rapport avec votre utilisation d'un site web tiers.<\/p>\n<p> <\/p>\n<hr class=\"wp-block-separator has-alpha-channel-opacity\" \/>\n<p> <\/p>\n<h2 class=\"wp-block-heading\">7. Droit applicable<\/h2>\n<p> <\/p>\n<p>Les pr\u00e9sentes conditions sont r\u00e9gies et interpr\u00e9t\u00e9es conform\u00e9ment aux lois de la R\u00e9publique populaire de Chine, sans tenir compte des dispositions relatives aux conflits de lois. Toute action en justice ou proc\u00e9dure d\u00e9coulant des pr\u00e9sentes conditions ou s'y rapportant doit \u00eatre port\u00e9e exclusivement devant les tribunaux comp\u00e9tents situ\u00e9s \u00e0 Pingdu, et vous acceptez par la pr\u00e9sente la comp\u00e9tence personnelle de ces tribunaux.<\/p>\n<p> <\/p>\n<hr class=\"wp-block-separator has-alpha-channel-opacity\" \/>\n<p> <\/p>\n<h2 class=\"wp-block-heading\">8. Modifications des pr\u00e9sentes conditions<\/h2>\n<p> <\/p>\n<p>Nous nous r\u00e9servons le droit de modifier ou de mettre \u00e0 jour les pr\u00e9sentes conditions \u00e0 tout moment. Toute modification entrera en vigueur d\u00e8s sa publication sur le site, et le fait de continuer \u00e0 utiliser le site constitue une acceptation de ces modifications. Nous vous encourageons \u00e0 consulter r\u00e9guli\u00e8rement les pr\u00e9sentes conditions.<\/p>\n<p> <\/p>\n<hr class=\"wp-block-separator has-alpha-channel-opacity\" \/>\n<p> <\/p>\n<h2 class=\"wp-block-heading\">9. R\u00e9siliation<\/h2>\n<p> <\/p>\n<p>Nous pouvons r\u00e9silier ou suspendre votre acc\u00e8s au site imm\u00e9diatement, sans pr\u00e9avis ni responsabilit\u00e9, pour quelque raison que ce soit, y compris si vous enfreignez les pr\u00e9sentes conditions. En cas de r\u00e9siliation, votre droit d'utiliser le site cessera imm\u00e9diatement.<\/p>\n<p> <\/p>\n<hr class=\"wp-block-separator has-alpha-channel-opacity\" \/>\n<p> <\/p>\n<h2 class=\"wp-block-heading\">10. Informations sur les contacts<\/h2>\n<p> <\/p>\n<p>Si vous avez des questions ou des pr\u00e9occupations concernant les pr\u00e9sentes conditions ou le site, veuillez nous contacter \u00e0 l'adresse suivante :<\/p>\n<p> <\/p>\n<p><strong>Qingdao Ruikelai Food Ingredients Co. Ltd.<\/strong><br \/>Courriel : info@ruikelaiglobal.com<br \/>Adresse : No.277 Chongqing Rd, Pingdu Ecnomic Development Zone, Qingdao City, Shandong Province, China<\/p>\n<p> <\/p>\n<hr class=\"wp-block-separator has-alpha-channel-opacity\" \/>\n<p> <\/p>\n<p><em>En utilisant <strong>Ruikelai Global<\/strong>, Vous reconnaissez avoir lu les pr\u00e9sentes conditions d'utilisation et acceptez d'\u00eatre li\u00e9 par elles.<\/em><\/p>\n<p><\/p>\n<\/div><\/div>\n<\/section>","protected":false},"excerpt":{"rendered":"<p>Terms of Use Effective Date: April 2, 2025 Welcome to RUIKELAI GLOBAL, the online presence of Qingdao Ruikelai Food Ingredients Co., Ltd. (\u201cCompany\u201d, \u201cwe\u201d, \u201cus\u201d, or \u201cour\u201d). These Terms of Use (\u201cTerms\u201d) govern your access to and use of our website located at https:\/\/ruikelaiglobal.com (the \u201cSite\u201d), including all content, features, and services offered on or [&hellip;]<\/p>\n","protected":false},"author":1,"featured_media":0,"parent":0,"menu_order":0,"comment_status":"closed","ping_status":"closed","template":"","meta":{"_breakdance_hide_in_design_set":false,"_breakdance_tags":"","footnotes":""},"class_list":["post-1745","page","type-page","status-publish","hentry"],"_links":{"self":[{"href":"https:\/\/ruikelaiglobal.com\/fr\/wp-json\/wp\/v2\/pages\/1745","targetHints":{"allow":["GET"]}}],"collection":[{"href":"https:\/\/ruikelaiglobal.com\/fr\/wp-json\/wp\/v2\/pages"}],"about":[{"href":"https:\/\/ruikelaiglobal.com\/fr\/wp-json\/wp\/v2\/types\/page"}],"author":[{"embeddable":true,"href":"https:\/\/ruikelaiglobal.com\/fr\/wp-json\/wp\/v2\/users\/1"}],"replies":[{"embeddable":true,"href":"https:\/\/ruikelaiglobal.com\/fr\/wp-json\/wp\/v2\/comments?post=1745"}],"version-history":[{"count":5,"href":"https:\/\/ruikelaiglobal.com\/fr\/wp-json\/wp\/v2\/pages\/1745\/revisions"}],"predecessor-version":[{"id":1883,"href":"https:\/\/ruikelaiglobal.com\/fr\/wp-json\/wp\/v2\/pages\/1745\/revisions\/1883"}],"wp:attachment":[{"href":"https:\/\/ruikelaiglobal.com\/fr\/wp-json\/wp\/v2\/media?parent=1745"}],"curies":[{"name":"wp","href":"https:\/\/api.w.org\/{rel}","templated":true}]}}