{"id":918,"date":"2025-03-18T01:04:08","date_gmt":"2025-03-18T01:04:08","guid":{"rendered":"https:\/\/ruikelaiglobal.com\/?post_type=product&#038;p=918"},"modified":"2025-06-11T06:02:17","modified_gmt":"2025-06-11T06:02:17","slug":"meat-fragrant-king","status":"publish","type":"product","link":"https:\/\/ruikelaiglobal.com\/es\/meat-fragrant-king\/","title":{"rendered":"Carne Fragante Rey"},"content":{"rendered":"<h2>Rey Fragante de la Carne: Potenciador del sabor de la carne de primera calidad<\/h2>\n<p>Meat Fragrant King es un potenciador del sabor de la carne en polvo de primera calidad meticulosamente formulado para potenciar la profundidad de la carne, la riqueza umami y el atractivo arom\u00e1tico en la producci\u00f3n industrial de alimentos. Esta mezcla concentrada de prote\u00ednas hidrolizadas, extractos de levadura y especias naturales se integra perfectamente en salchichas, hamburguesas, adobos, guisos, rellenos e incluso en alternativas c\u00e1rnicas vegetales. Al intensificar la carnosidad inherente y enmascarar las notas extra\u00f1as, Meat Fragrant King eleva los perfiles de sabor de los productos al tiempo que reduce la necesidad de costosos s\u00f3lidos c\u00e1rnicos. Como uno de los principales proveedores de saborizantes c\u00e1rnicos en polvo de Ruikelai, esta f\u00f3rmula con certificaci\u00f3n ISO y etiqueta limpia garantiza la consistencia entre lotes, flujos de trabajo de condimentaci\u00f3n racionalizados y un rendimiento escalable, perfecto para procesadores de alimentos, plantas c\u00e1rnicas y fabricantes de platos preparados que buscan resultados aut\u00e9nticos y sabrosos.<\/p>","protected":false},"excerpt":{"rendered":"<h3 style=\"color: #cb342d; margin-bottom: 12px;\">Descripci\u00f3n del producto:<\/h3>\n<p data-start=\"799\" data-end=\"925\"><strong data-start=\"799\" data-end=\"819\"><span style=\"color: #cb342d; margin-right: 8px;\">\u2022<\/span>Aumento profundo del umami<\/strong>: Act\u00faa como potenciador umami de la carne en la cocina industrial para enriquecer la profundidad del sabor en todos los productos c\u00e1rnicos.<\/p>\n<p data-start=\"928\" data-end=\"1066\"><strong data-start=\"928\" data-end=\"954\"><span style=\"color: #cb342d; margin-right: 8px;\">\u2022<\/span>Aplicaciones vers\u00e1tiles<\/strong>: Condimento salado ideal para aplicaciones de carne procesada, desde salchichas y hamburguesas hasta guisos y rellenos.<\/p>\n<p data-start=\"1069\" data-end=\"1191\"><strong data-start=\"1069\" data-end=\"1089\"><span style=\"color: #cb342d; margin-right: 8px;\">\u2022<\/span>A granel y al por mayor<\/strong>: Disponible Rey Fragante de Carne al por mayor directamente de nuestro proveedor chino de condimentos de carne en polvo.<\/p>\n<p data-start=\"1194\" data-end=\"1297\"><strong data-start=\"1194\" data-end=\"1217\"><span style=\"color: #cb342d; margin-right: 8px;\">\u2022<\/span>F\u00f3rmula de etiquetado limpio<\/strong>: Utiliza especias naturales y prote\u00ednas hidrolizadas, sin colorantes ni aromas artificiales.<\/p>\n<p data-start=\"1194\" data-end=\"1297\"><strong data-start=\"1300\" data-end=\"1318\"><span style=\"color: #cb342d; margin-right: 8px;\">\u2022<\/span>Alta estabilidad<\/strong>: Mantiene su potencia gracias a la cocci\u00f3n a alta temperatura y a su larga conservaci\u00f3n.<\/p>\n<p data-start=\"1194\" data-end=\"1297\"><strong data-start=\"1393\" data-end=\"1413\"><span style=\"color: #cb342d; margin-right: 8px;\">\u2022<\/span>F\u00e1cil adquisici\u00f3n<\/strong>: Compre r\u00e1pidamente el condimento Meat Fragrant King en l\u00ednea con soporte OEM para mezclas personalizadas.<\/p>","protected":false},"featured_media":1457,"comment_status":"closed","ping_status":"closed","template":"","meta":[],"product_brand":[24],"product_cat":[95,18],"product_tag":[71,69],"class_list":{"0":"post-918","1":"product","2":"type-product","3":"status-publish","4":"has-post-thumbnail","6":"product_brand-ruikelai","7":"product_cat-meat-flavor-enhancers","8":"product_cat-seasoning","9":"product_tag-meat-flavor","10":"product_tag-powder","11":"pa_form-powder","12":"pa_taste-enhancing-meat-flavor","14":"first","15":"instock","16":"sale","17":"shipping-taxable","18":"purchasable","19":"product-type-simple"},"_links":{"self":[{"href":"https:\/\/ruikelaiglobal.com\/es\/wp-json\/wp\/v2\/product\/918","targetHints":{"allow":["GET"]}}],"collection":[{"href":"https:\/\/ruikelaiglobal.com\/es\/wp-json\/wp\/v2\/product"}],"about":[{"href":"https:\/\/ruikelaiglobal.com\/es\/wp-json\/wp\/v2\/types\/product"}],"replies":[{"embeddable":true,"href":"https:\/\/ruikelaiglobal.com\/es\/wp-json\/wp\/v2\/comments?post=918"}],"wp:featuredmedia":[{"embeddable":true,"href":"https:\/\/ruikelaiglobal.com\/es\/wp-json\/wp\/v2\/media\/1457"}],"wp:attachment":[{"href":"https:\/\/ruikelaiglobal.com\/es\/wp-json\/wp\/v2\/media?parent=918"}],"wp:term":[{"taxonomy":"product_brand","embeddable":true,"href":"https:\/\/ruikelaiglobal.com\/es\/wp-json\/wp\/v2\/product_brand?post=918"},{"taxonomy":"product_cat","embeddable":true,"href":"https:\/\/ruikelaiglobal.com\/es\/wp-json\/wp\/v2\/product_cat?post=918"},{"taxonomy":"product_tag","embeddable":true,"href":"https:\/\/ruikelaiglobal.com\/es\/wp-json\/wp\/v2\/product_tag?post=918"}],"curies":[{"name":"wp","href":"https:\/\/api.w.org\/{rel}","templated":true}]}}