{"id":899,"date":"2025-03-17T09:03:21","date_gmt":"2025-03-17T09:03:21","guid":{"rendered":"https:\/\/ruikelaiglobal.com\/?post_type=product&#038;p=899"},"modified":"2025-06-02T07:06:38","modified_gmt":"2025-06-02T07:06:38","slug":"concentrated-fresh-flavor-powder","status":"publish","type":"product","link":"https:\/\/ruikelaiglobal.com\/es\/concentrated-fresh-flavor-powder\/","title":{"rendered":"Sabor fresco concentrado en polvo"},"content":{"rendered":"<p>Nuestra <strong>Sabor fresco concentrado en polvo<\/strong> es un condimento de primera calidad dise\u00f1ado para aportar un sabor aut\u00e9ntico y vibrante a sus platos. Elaborado a partir de ingredientes frescos cuidadosamente seleccionados mediante avanzadas t\u00e9cnicas de extracci\u00f3n, este condimento en polvo intensifica los perfiles de sabor naturales de sopas, salsas, aperitivos y platos preparados. Su alta concentraci\u00f3n garantiza que incluso una peque\u00f1a cantidad proporcione un fuerte impacto sazonador, mejorando el atractivo general y la consistencia de sus recetas. Con una formulaci\u00f3n de etiquetado limpio, sin aditivos artificiales e ingredientes no modificados gen\u00e9ticamente, es la opci\u00f3n ideal para cocinas profesionales y fabricantes de alimentos que buscan elevar sus soluciones de condimentaci\u00f3n con calidad natural y concentrada.<\/p>","protected":false},"excerpt":{"rendered":"<h3 style=\"color: #cb342d; margin-bottom: 12px;\">Descripci\u00f3n del producto:<\/h3>\n<p><strong data-start=\"751\" data-end=\"768\"><span style=\"color: #cb342d; margin-right: 8px;\">\u2022<\/span>Alta potencia:<\/strong> Proporciona un intenso efecto sazonador, lo que le permite conseguir un sabor intenso con un uso m\u00ednimo.<\/p>\n<p><strong data-start=\"868\" data-end=\"897\"><span style=\"color: #cb342d; margin-right: 8px;\">\u2022<\/span>Origen natural de primera calidad:<\/strong> Elaborado con ingredientes frescos de alta calidad para garantizar una aut\u00e9ntica experiencia de condimentaci\u00f3n.<\/p>\n<p><strong data-start=\"989\" data-end=\"1015\"><span style=\"color: #cb342d; margin-right: 8px;\">\u2022<\/span>Aplicaci\u00f3n vers\u00e1til:<\/strong> Ideal para diversos usos culinarios, desde sopas y salsas hasta alimentos procesados y platos preparados.<\/p>\n<p><strong data-start=\"1111\" data-end=\"1138\"><span style=\"color: #cb342d; margin-right: 8px;\">\u2022<\/span>Compromiso de etiqueta limpia:<\/strong> Formulado para cumplir las normas modernas de etiquetado limpio, garantiza una soluci\u00f3n de condimento natural sin aditivos artificiales.<\/p>\n<p><strong data-start=\"1260\" data-end=\"1281\"><span style=\"color: #cb342d; margin-right: 8px;\">\u2022<\/span>F\u00e1cil integraci\u00f3n:<\/strong> Se disuelve perfectamente en las recetas, proporcionando una distribuci\u00f3n uniforme de los condimentos y un sabor homog\u00e9neo en todo el plato.<\/p>\n<p><strong data-start=\"1402\" data-end=\"1425\"><span style=\"color: #cb342d; margin-right: 8px;\">\u2022<\/span>Rendimiento estable:<\/strong> Conserva su fuerza sazonadora y su aroma en procesos a altas temperaturas y largos periodos de almacenamiento, lo que la convierte en una opci\u00f3n fiable tanto para aplicaciones dom\u00e9sticas como industriales.<\/p>","protected":false},"featured_media":1462,"comment_status":"closed","ping_status":"closed","template":"","meta":[],"product_brand":[24],"product_cat":[31,18],"product_tag":[69],"class_list":{"0":"post-899","1":"product","2":"type-product","3":"status-publish","4":"has-post-thumbnail","6":"product_brand-ruikelai","7":"product_cat-chicken-bouillon-seasoning","8":"product_cat-seasoning","9":"product_tag-powder","10":"pa_form-powder","11":"pa_taste-chicken-flavor","13":"first","14":"instock","15":"sale","16":"shipping-taxable","17":"purchasable","18":"product-type-simple"},"_links":{"self":[{"href":"https:\/\/ruikelaiglobal.com\/es\/wp-json\/wp\/v2\/product\/899","targetHints":{"allow":["GET"]}}],"collection":[{"href":"https:\/\/ruikelaiglobal.com\/es\/wp-json\/wp\/v2\/product"}],"about":[{"href":"https:\/\/ruikelaiglobal.com\/es\/wp-json\/wp\/v2\/types\/product"}],"replies":[{"embeddable":true,"href":"https:\/\/ruikelaiglobal.com\/es\/wp-json\/wp\/v2\/comments?post=899"}],"wp:featuredmedia":[{"embeddable":true,"href":"https:\/\/ruikelaiglobal.com\/es\/wp-json\/wp\/v2\/media\/1462"}],"wp:attachment":[{"href":"https:\/\/ruikelaiglobal.com\/es\/wp-json\/wp\/v2\/media?parent=899"}],"wp:term":[{"taxonomy":"product_brand","embeddable":true,"href":"https:\/\/ruikelaiglobal.com\/es\/wp-json\/wp\/v2\/product_brand?post=899"},{"taxonomy":"product_cat","embeddable":true,"href":"https:\/\/ruikelaiglobal.com\/es\/wp-json\/wp\/v2\/product_cat?post=899"},{"taxonomy":"product_tag","embeddable":true,"href":"https:\/\/ruikelaiglobal.com\/es\/wp-json\/wp\/v2\/product_tag?post=899"}],"curies":[{"name":"wp","href":"https:\/\/api.w.org\/{rel}","templated":true}]}}