{"id":892,"date":"2025-03-17T08:48:11","date_gmt":"2025-03-17T08:48:11","guid":{"rendered":"https:\/\/ruikelaiglobal.com\/?post_type=product&#038;p=892"},"modified":"2025-06-02T07:40:23","modified_gmt":"2025-06-02T07:40:23","slug":"gd-7-ethyl-flavor-enhancer","status":"publish","type":"product","link":"https:\/\/ruikelaiglobal.com\/es\/gd-7-ethyl-flavor-enhancer\/","title":{"rendered":"Potenciador del sabor GD-7 Ethyl"},"content":{"rendered":"<p>El potenciador del sabor et\u00edlico GD-7 es un aditivo de vanguardia formulado para elevar y refinar el sabor natural de sus productos alimenticios. Desarrollado mediante t\u00e9cnicas de extracci\u00f3n avanzadas, GD-7 infunde un impulso concentrado de compuestos et\u00edlicos que intensifican las notas saladas y crean un perfil de sabor m\u00e1s equilibrado y estratificado. Perfecto para una amplia gama de aplicaciones, como sopas, caldos, carnes procesadas e incluso prote\u00ednas vegetales, este potenciador garantiza un rendimiento constante y una estabilidad superior en procesos a alta temperatura y almacenamiento prolongado. Elaborado con ingredientes no modificados gen\u00e9ticamente y sin aditivos artificiales, GD-7 se ajusta a las tendencias mundiales de etiquetado limpio y cumple las rigurosas normas internacionales de seguridad alimentaria, lo que lo convierte en la opci\u00f3n ideal para los fabricantes de alimentos que buscan un potenciador del sabor fiable.<\/p>","protected":false},"excerpt":{"rendered":"<h3 style=\"color: #cb342d; margin-bottom: 12px;\">Descripci\u00f3n del producto:<\/h3>\n<p><strong data-start=\"840\" data-end=\"874\"><span style=\"color: #cb342d; margin-right: 8px;\">\u2022<\/span>Extracci\u00f3n concentrada de etilo:<\/strong> Proporciona un potente refuerzo de compuestos et\u00edlicos para mejorar y refinar significativamente el perfil de sabor general.<\/p>\n<p><strong data-start=\"988\" data-end=\"1014\"><span style=\"color: #cb342d; margin-right: 8px;\">\u2022<\/span>Aplicaci\u00f3n vers\u00e1til:<\/strong> Ideal para diversos productos, como sopas, caldos, carnes procesadas y prote\u00ednas vegetales, ya que proporciona una mejora constante del sabor en diversas aplicaciones culinarias.<\/p>\n<p><strong data-start=\"1191\" data-end=\"1210\"><span style=\"color: #cb342d; margin-right: 8px;\">\u2022<\/span>Alta estabilidad:<\/strong> Mantiene sus propiedades potenciadoras del sabor incluso durante el procesado a altas temperaturas y en condiciones de conservaci\u00f3n prolongada.<\/p>\n<p><strong data-start=\"1332\" data-end=\"1360\"><span style=\"color: #cb342d; margin-right: 8px;\">\u2022<\/span>Formulaci\u00f3n de etiqueta limpia:<\/strong> Elaborado con ingredientes no modificados gen\u00e9ticamente y totalmente libre de aditivos artificiales, apoya las tendencias mundiales de etiquetado limpio.<\/p>\n<p><strong data-start=\"1480\" data-end=\"1503\"><span style=\"color: #cb342d; margin-right: 8px;\">\u2022<\/span>Intensidad equilibrada:<\/strong> Formulado con precisi\u00f3n para potenciar un sabor intenso y equilibrado sin opacar el sabor inherente de los alimentos.<\/p>\n<p><strong data-start=\"1632\" data-end=\"1654\"><span style=\"color: #cb342d; margin-right: 8px;\">\u2022<\/span>Calidad certificada:<\/strong> Cumple las normas internacionales de seguridad alimentaria, lo que garantiza una calidad fiable y superior para todas las aplicaciones.<\/p>","protected":false},"featured_media":1467,"comment_status":"closed","ping_status":"closed","template":"","meta":[],"product_brand":[36],"product_cat":[77,17],"product_tag":[69],"class_list":{"0":"post-892","1":"product","2":"type-product","3":"status-publish","4":"has-post-thumbnail","6":"product_brand-ruilisi","7":"product_cat-ethyl-flavor-enhancers","8":"product_cat-flavor","9":"product_tag-powder","10":"pa_form-powder","11":"pa_taste-enhancing-meat-flavor","13":"first","14":"instock","15":"sale","16":"shipping-taxable","17":"purchasable","18":"product-type-simple"},"_links":{"self":[{"href":"https:\/\/ruikelaiglobal.com\/es\/wp-json\/wp\/v2\/product\/892","targetHints":{"allow":["GET"]}}],"collection":[{"href":"https:\/\/ruikelaiglobal.com\/es\/wp-json\/wp\/v2\/product"}],"about":[{"href":"https:\/\/ruikelaiglobal.com\/es\/wp-json\/wp\/v2\/types\/product"}],"replies":[{"embeddable":true,"href":"https:\/\/ruikelaiglobal.com\/es\/wp-json\/wp\/v2\/comments?post=892"}],"wp:featuredmedia":[{"embeddable":true,"href":"https:\/\/ruikelaiglobal.com\/es\/wp-json\/wp\/v2\/media\/1467"}],"wp:attachment":[{"href":"https:\/\/ruikelaiglobal.com\/es\/wp-json\/wp\/v2\/media?parent=892"}],"wp:term":[{"taxonomy":"product_brand","embeddable":true,"href":"https:\/\/ruikelaiglobal.com\/es\/wp-json\/wp\/v2\/product_brand?post=892"},{"taxonomy":"product_cat","embeddable":true,"href":"https:\/\/ruikelaiglobal.com\/es\/wp-json\/wp\/v2\/product_cat?post=892"},{"taxonomy":"product_tag","embeddable":true,"href":"https:\/\/ruikelaiglobal.com\/es\/wp-json\/wp\/v2\/product_tag?post=892"}],"curies":[{"name":"wp","href":"https:\/\/api.w.org\/{rel}","templated":true}]}}