{"id":371,"date":"2025-02-28T06:41:29","date_gmt":"2025-02-28T06:41:29","guid":{"rendered":"https:\/\/ruikelaiglobal.com\/?post_type=product&#038;p=371"},"modified":"2025-06-05T01:27:33","modified_gmt":"2025-06-05T01:27:33","slug":"mg-7-ethyl-flavor-enhancer","status":"publish","type":"product","link":"https:\/\/ruikelaiglobal.com\/es\/mg-7-ethyl-flavor-enhancer\/","title":{"rendered":"MG-7 Potenciador del sabor et\u00edlico"},"content":{"rendered":"<p data-start=\"253\" data-end=\"1128\"><strong data-start=\"158\" data-end=\"188\">MG-7 Potenciador del sabor et\u00edlico<\/strong> de <strong data-start=\"194\" data-end=\"213\">RUIKELAI GLOBAL<\/strong>\u00a0es un potenciador del sabor vers\u00e1til y de alta calidad dise\u00f1ado para elevar el sabor salado de sus platos. Este producto es perfecto para aplicaciones en platos con sabor a carne y salados, garantizando una experiencia de sabor mejorada. Como ingrediente de primera calidad para el servicio alimentario, MG-7 es ideal para su uso en soluciones de condimentaci\u00f3n de cocina china, ingredientes de comidas precocinadas, y <strong><a href=\"https:\/\/ruikelaiglobal.com\/es\/flavor-solutions\/\">condimentos OEM personalizados<\/a><\/strong> para cadenas de restaurantes. Fabricado bajo las condiciones de la certificaci\u00f3n ISO22000, este producto se elabora a partir de sabores y especias de calidad alimentaria, garantizando los m\u00e1s altos est\u00e1ndares de calidad y seguridad para su uso en la producci\u00f3n de alimentos. MG-7 es una herramienta esencial para chefs y fabricantes que buscan crear sabores aut\u00e9nticos, ricos y equilibrados en sus ofertas.<\/p>\n<p data-start=\"253\" data-end=\"1128\">","protected":false},"excerpt":{"rendered":"<h3 style=\"color: #cb342d; margin-bottom: 12px;\">Descripci\u00f3n del producto:<\/h3>\n<p><strong data-start=\"991\" data-end=\"1030\"><span style=\"color: #cb342d; margin-right: 8px;\">\u2022<\/span>Perfiles salados y salados mejorados:<\/strong> Dise\u00f1ado para proporcionar un robusto y aut\u00e9ntico sabor salado, MG-7 es perfecto para aromatizar carnes y caldos.<\/p>\n<p><strong data-start=\"1177\" data-end=\"1206\"><span style=\"color: #cb342d; margin-right: 8px;\">\u2022<\/span>Composici\u00f3n de alta calidad:<\/strong> Elaborado con aromas y especias de calidad alimentaria para garantizar la pureza y la uniformidad de cada lote.<\/p>\n<p><strong data-start=\"1307\" data-end=\"1334\"><span style=\"color: #cb342d; margin-right: 8px;\">\u2022<\/span>Aplicaciones vers\u00e1tiles:<\/strong> Ideal para una amplia gama de aplicaciones alimentarias, como salsas, sopas, caldo de huesos en polvo, condimento de caldo de pollo, aceite condimentado comestible y soluciones de comidas listas para consumir.<\/p>\n<p><strong data-start=\"1508\" data-end=\"1539\"><span style=\"color: #cb342d; margin-right: 8px;\">\u2022<\/span>Aditivos naturales y seguros:<\/strong> Formulado con aditivos alimentarios naturales que se ajustan a las tendencias de etiquetado limpio y a las exigencias de transparencia de los consumidores.<\/p>\n<p><strong data-start=\"1661\" data-end=\"1696\"><span style=\"color: #cb342d; margin-right: 8px;\">\u2022<\/span>Personalizable para clientes finales B:<\/strong> Ofrece servicios OEM de condimentos personalizados para empresas que buscan crear perfiles de sabor \u00fanicos para sus productos.<\/p>\n<p><strong data-start=\"1818\" data-end=\"1850\"><span style=\"color: #cb342d; margin-right: 8px;\">\u2022<\/span>Cumplimiento de normas mundiales:<\/strong> Fabricados para cumplir los requisitos de los condimentos con certificaci\u00f3n ISO22000, lo que garantiza el m\u00e1ximo nivel de calidad y seguridad alimentaria para los mercados internacionales.<\/p>\n<p><strong data-start=\"2005\" data-end=\"2029\"><span style=\"color: #cb342d; margin-right: 8px;\">\u2022<\/span>F\u00f3rmula de alta pureza:<\/strong> Proporciona un realce limpio y eficaz a sus platos sin alterar el equilibrio del sabor original.<\/p>","protected":false},"featured_media":1208,"comment_status":"closed","ping_status":"closed","template":"","meta":[],"product_brand":[36],"product_cat":[77,17],"product_tag":[69],"class_list":{"0":"post-371","1":"product","2":"type-product","3":"status-publish","4":"has-post-thumbnail","6":"product_brand-ruilisi","7":"product_cat-ethyl-flavor-enhancers","8":"product_cat-flavor","9":"product_tag-powder","10":"pa_form-powder","11":"pa_taste-enhancing-meat-flavor","13":"first","14":"instock","15":"sale","16":"featured","17":"shipping-taxable","18":"purchasable","19":"product-type-simple"},"_links":{"self":[{"href":"https:\/\/ruikelaiglobal.com\/es\/wp-json\/wp\/v2\/product\/371","targetHints":{"allow":["GET"]}}],"collection":[{"href":"https:\/\/ruikelaiglobal.com\/es\/wp-json\/wp\/v2\/product"}],"about":[{"href":"https:\/\/ruikelaiglobal.com\/es\/wp-json\/wp\/v2\/types\/product"}],"replies":[{"embeddable":true,"href":"https:\/\/ruikelaiglobal.com\/es\/wp-json\/wp\/v2\/comments?post=371"}],"wp:featuredmedia":[{"embeddable":true,"href":"https:\/\/ruikelaiglobal.com\/es\/wp-json\/wp\/v2\/media\/1208"}],"wp:attachment":[{"href":"https:\/\/ruikelaiglobal.com\/es\/wp-json\/wp\/v2\/media?parent=371"}],"wp:term":[{"taxonomy":"product_brand","embeddable":true,"href":"https:\/\/ruikelaiglobal.com\/es\/wp-json\/wp\/v2\/product_brand?post=371"},{"taxonomy":"product_cat","embeddable":true,"href":"https:\/\/ruikelaiglobal.com\/es\/wp-json\/wp\/v2\/product_cat?post=371"},{"taxonomy":"product_tag","embeddable":true,"href":"https:\/\/ruikelaiglobal.com\/es\/wp-json\/wp\/v2\/product_tag?post=371"}],"curies":[{"name":"wp","href":"https:\/\/api.w.org\/{rel}","templated":true}]}}