{"id":272,"date":"2025-02-22T06:01:51","date_gmt":"2025-02-22T06:01:51","guid":{"rendered":"https:\/\/ruikelaiglobal.com\/?post_type=product&#038;p=272"},"modified":"2025-06-11T02:20:44","modified_gmt":"2025-06-11T02:20:44","slug":"ethyl-maltol-caramel-flavor-type","status":"publish","type":"product","link":"https:\/\/ruikelaiglobal.com\/es\/ethyl-maltol-caramel-flavor-type\/","title":{"rendered":"Maltol et\u00edlico, Tipo de sabor caramelo"},"content":{"rendered":"<h2>Ethyl Maltol, Caramel Flavor Type - Bulk Food Grade Supplier<\/h2>\n<p><strong>Maltol et\u00edlico, Tipo de sabor caramelo<\/strong> es un polvo de grado alimentario dise\u00f1ado para uso industrial a granel, que proporciona matices c\u00e1lidos de caramelo y bayas que superan a los del tipo puro. Nuestro potenciador con certificaci\u00f3n ISO se disuelve instant\u00e1neamente para aumentar el dulzor percibido hasta 20% y enriquecer el aroma en panader\u00eda, confiter\u00eda, bebidas, salsas y jarabes. Como proveedor l\u00edder de maltol et\u00edlico industrial, ofrecemos maltol et\u00edlico de caramelo al por mayor para panader\u00eda, servicios de aderezo de maltol et\u00edlico OEM y formulaciones personalizadas, proporcionando una calidad constante, una gran pureza y un atractivo de etiqueta limpia para los fabricantes de alimentos de todo el mundo.<\/p>","protected":false},"excerpt":{"rendered":"<h3 style=\"color: #cb342d; margin-bottom: 12px;\">Descripci\u00f3n del producto:<\/h3>\n<p data-start=\"1007\" data-end=\"1096\"><strong data-start=\"1007\" data-end=\"1035\"><span style=\"color: #cb342d; margin-right: 8px;\">\u2022<\/span>Perfil de caramelo inconfundible<\/strong>: Profundas notas de toffee y bayas se diferencian del tipo Puro.<\/p>\n<p data-start=\"1099\" data-end=\"1178\"><strong data-start=\"1099\" data-end=\"1129\"><span style=\"color: #cb342d; margin-right: 8px;\">\u2022<\/span>Calidad alimentaria y certificaci\u00f3n ISO<\/strong>: Cumple estrictas normas de seguridad y calidad.<\/p>\n<p data-start=\"1181\" data-end=\"1262\"><strong data-start=\"1181\" data-end=\"1203\"><span style=\"color: #cb342d; margin-right: 8px;\">\u2022<\/span>Polvo de gran pureza<\/strong>: \u226599,5% maltol et\u00edlico para un dulzor y un aroma constantes.<\/p>\n<p data-start=\"1265\" data-end=\"1342\"><strong data-start=\"1265\" data-end=\"1287\"><span style=\"color: #cb342d; margin-right: 8px;\">\u2022<\/span>Solubilidad instant\u00e1nea<\/strong>: Dispersi\u00f3n r\u00e1pida en sistemas acuosos, grasos y alcoh\u00f3licos.<\/p>\n<p data-start=\"1345\" data-end=\"1432\"><strong data-start=\"1345\" data-end=\"1368\"><span style=\"color: #cb342d; margin-right: 8px;\">\u2022<\/span>Ayuda para reducir el az\u00facar<\/strong>: Aumenta el dulzor percibido, permitiendo cortes de az\u00facar de hasta 20%.<\/p>\n<p data-start=\"1435\" data-end=\"1527\"><strong data-start=\"1435\" data-end=\"1461\"><span style=\"color: #cb342d; margin-right: 8px;\">\u2022<\/span>Aplicaciones vers\u00e1tiles<\/strong>: Ideal para panader\u00eda, pasteler\u00eda, bebidas, salsas y jarabes.<\/p>\n<p data-start=\"1530\" data-end=\"1616\"><strong data-start=\"1530\" data-end=\"1555\"><span style=\"color: #cb342d; margin-right: 8px;\">\u2022<\/span>OEM y servicios personalizados<\/strong>: Adapte los perfiles de sabor y las mezclas de marca propia a escala.<\/p>\n<p data-start=\"1619\" data-end=\"1721\"><strong data-start=\"1619\" data-end=\"1634\"><span style=\"color: #cb342d; margin-right: 8px;\">\u2022<\/span>Suministro a granel<\/strong>: Precios competitivos en la venta al por mayor de maltol et\u00edlico de caramelo para panader\u00eda y producci\u00f3n de alimentos.<\/p>\n<p>&nbsp;<\/p>","protected":false},"featured_media":1198,"comment_status":"closed","ping_status":"closed","template":"","meta":[],"product_brand":[24],"product_cat":[89,17],"product_tag":[69],"class_list":{"0":"post-272","1":"product","2":"type-product","3":"status-publish","4":"has-post-thumbnail","6":"product_brand-ruikelai","7":"product_cat-ethyl-maltol","8":"product_cat-flavor","9":"product_tag-powder","10":"pa_form-powder","11":"pa_taste-enhancing-meat-flavor","13":"first","14":"instock","15":"sale","16":"shipping-taxable","17":"purchasable","18":"product-type-simple"},"_links":{"self":[{"href":"https:\/\/ruikelaiglobal.com\/es\/wp-json\/wp\/v2\/product\/272","targetHints":{"allow":["GET"]}}],"collection":[{"href":"https:\/\/ruikelaiglobal.com\/es\/wp-json\/wp\/v2\/product"}],"about":[{"href":"https:\/\/ruikelaiglobal.com\/es\/wp-json\/wp\/v2\/types\/product"}],"replies":[{"embeddable":true,"href":"https:\/\/ruikelaiglobal.com\/es\/wp-json\/wp\/v2\/comments?post=272"}],"wp:featuredmedia":[{"embeddable":true,"href":"https:\/\/ruikelaiglobal.com\/es\/wp-json\/wp\/v2\/media\/1198"}],"wp:attachment":[{"href":"https:\/\/ruikelaiglobal.com\/es\/wp-json\/wp\/v2\/media?parent=272"}],"wp:term":[{"taxonomy":"product_brand","embeddable":true,"href":"https:\/\/ruikelaiglobal.com\/es\/wp-json\/wp\/v2\/product_brand?post=272"},{"taxonomy":"product_cat","embeddable":true,"href":"https:\/\/ruikelaiglobal.com\/es\/wp-json\/wp\/v2\/product_cat?post=272"},{"taxonomy":"product_tag","embeddable":true,"href":"https:\/\/ruikelaiglobal.com\/es\/wp-json\/wp\/v2\/product_tag?post=272"}],"curies":[{"name":"wp","href":"https:\/\/api.w.org\/{rel}","templated":true}]}}