{"id":2664,"date":"2025-05-07T06:10:44","date_gmt":"2025-05-07T06:10:44","guid":{"rendered":"https:\/\/ruikelaiglobal.com\/?post_type=product&#038;p=2664"},"modified":"2025-06-02T03:22:48","modified_gmt":"2025-06-02T03:22:48","slug":"extra-beef-essence-powder","status":"publish","type":"product","link":"https:\/\/ruikelaiglobal.com\/es\/extra-beef-essence-powder\/","title":{"rendered":"Extra Beef Essence Polvo"},"content":{"rendered":"<p><strong>Extra Beef Essence Polvo<\/strong> es un condimento altamente concentrado que realza r\u00e1pidamente el sabor de cualquier plato. Perfectamente formulado para realzar el sabor natural de la carne de vacuno, es ideal para productos c\u00e1rnicos, adobos, rellenos, bases para ollas calientes, sopas y una amplia gama de platos cocinados. S\u00f3lo una peque\u00f1a cantidad aporta notas ricas y carnosas y un aroma duradero, agilizando la preparaci\u00f3n de recetas y proporcionando un sabor uniforme en cada lote.<\/p>","protected":false},"excerpt":{"rendered":"<h3 style=\"color: #cb342d; margin-bottom: 12px;\">Descripci\u00f3n del producto:<\/h3>\n<ul style=\"list-style: none; padding-left: 20px; margin: 0;\">\n<li style=\"margin-bottom: 8px;\"><span style=\"color: #cb342d; margin-right: 8px;\">\u2022<\/span><strong data-start=\"478\" data-end=\"509\">F\u00f3rmula ultraconcentrada:<\/strong> Proporciona un intenso poder sazonador de la carne de vacuno con un uso m\u00ednimo.<\/li>\n<li style=\"margin-bottom: 8px;\"><span style=\"color: #cb342d; margin-right: 8px;\">\u2022<\/span><strong data-start=\"573\" data-end=\"596\">Aumento r\u00e1pido del sabor:<\/strong> Infunde r\u00e1pidamente a los platos aut\u00e9nticas y ricas notas de carne de vacuno.<\/li>\n<li style=\"margin-bottom: 8px;\"><span style=\"color: #cb342d; margin-right: 8px;\">\u2022<\/span><strong data-start=\"658\" data-end=\"685\">Aplicaciones vers\u00e1tiles:<\/strong> Perfecto para productos c\u00e1rnicos, adobos, rellenos, bases para ollas calientes, sopas y platos cocinados.<\/li>\n<li style=\"margin-bottom: 8px;\"><span style=\"color: #cb342d; margin-right: 8px;\">\u2022<\/span><strong data-start=\"779\" data-end=\"802\">Calidad constante:<\/strong> El tama\u00f1o uniforme de los gr\u00e1nulos y su estabilidad garantizan siempre un realce fiable del sabor.<\/li>\n<li style=\"margin-bottom: 8px;\"><span style=\"color: #cb342d; margin-right: 8px;\">\u2022<\/span><strong data-start=\"890\" data-end=\"906\">F\u00e1cil de usar:<\/strong> S\u00f3lo tiene que a\u00f1adirlo a las recetas, sin necesidad de pasos adicionales, para conseguir el m\u00e1ximo efecto sazonador.<\/li>\n<\/ul>","protected":false},"featured_media":2686,"comment_status":"open","ping_status":"closed","template":"","meta":[],"product_brand":[24],"product_cat":[18,91],"product_tag":[104],"class_list":{"0":"post-2664","1":"product","2":"type-product","3":"status-publish","4":"has-post-thumbnail","6":"product_brand-ruikelai","7":"product_cat-seasoning","8":"product_cat-beef-flavor-concentrate-seasonings","9":"product_tag-beef-flavor","10":"pa_form-powder","11":"pa_taste-beef-flavor","13":"first","14":"instock","15":"shipping-taxable","16":"product-type-simple"},"_links":{"self":[{"href":"https:\/\/ruikelaiglobal.com\/es\/wp-json\/wp\/v2\/product\/2664","targetHints":{"allow":["GET"]}}],"collection":[{"href":"https:\/\/ruikelaiglobal.com\/es\/wp-json\/wp\/v2\/product"}],"about":[{"href":"https:\/\/ruikelaiglobal.com\/es\/wp-json\/wp\/v2\/types\/product"}],"replies":[{"embeddable":true,"href":"https:\/\/ruikelaiglobal.com\/es\/wp-json\/wp\/v2\/comments?post=2664"}],"wp:featuredmedia":[{"embeddable":true,"href":"https:\/\/ruikelaiglobal.com\/es\/wp-json\/wp\/v2\/media\/2686"}],"wp:attachment":[{"href":"https:\/\/ruikelaiglobal.com\/es\/wp-json\/wp\/v2\/media?parent=2664"}],"wp:term":[{"taxonomy":"product_brand","embeddable":true,"href":"https:\/\/ruikelaiglobal.com\/es\/wp-json\/wp\/v2\/product_brand?post=2664"},{"taxonomy":"product_cat","embeddable":true,"href":"https:\/\/ruikelaiglobal.com\/es\/wp-json\/wp\/v2\/product_cat?post=2664"},{"taxonomy":"product_tag","embeddable":true,"href":"https:\/\/ruikelaiglobal.com\/es\/wp-json\/wp\/v2\/product_tag?post=2664"}],"curies":[{"name":"wp","href":"https:\/\/api.w.org\/{rel}","templated":true}]}}