{"id":4004,"date":"2025-08-27T05:56:13","date_gmt":"2025-08-27T05:56:13","guid":{"rendered":"https:\/\/ruikelaiglobal.com\/?page_id=4004"},"modified":"2025-08-27T06:05:01","modified_gmt":"2025-08-27T06:05:01","slug":"sugar-salt-reduction-solutions","status":"publish","type":"page","link":"https:\/\/ruikelaiglobal.com\/es\/sugar-salt-reduction-solutions\/","title":{"rendered":"Soluciones para reducir el az\u00facar y la sal"},"content":{"rendered":"<section class=\"bde-section-4004-100 bde-section\">\n              \n  \n\t\n\n  <div class=\"section-background-overlay\"><\/div>\n\n\n<div class=\"section-container\"><div class=\"bde-div-4004-101 bde-div\">\n              \n  \n\t\n\n  <div class=\"section-background-overlay\"><\/div>\n\n\n<h1 class=\"bde-heading-4004-102 bde-heading\">\nProductos m\u00e1s sanos, sabor sin concesiones: Soluciones avanzadas de reducci\u00f3n de az\u00facar y sal\n<\/h1><div class=\"bde-text-4004-103 bde-text\">\nCumpla los objetivos sanitarios mundiales y la demanda de los consumidores. Nuestras soluciones integradas permiten reducir significativamente el az\u00facar y la sal, conservando al mismo tiempo la experiencia sensorial que esperan sus clientes.\n<\/div><div class=\"bde-div-4004-104 bde-div\">\n  \n\t\n\n\n\n<div class=\"bde-button-4004-105 bde-button\">\n    \n                                    \n              \n    \n    \n    \n            \n                    \n            \n            \n\n    \n    \n              \n    \n    \n    <a class=\"breakdance-link button-atom button-atom--custom bde-button__button\" href=\"#https:\/\/ruikelaiglobal.com\/reduction-solutions\/\" target=\"_self\" data-type=\"url\"  id=\"#743\" >\n\n    \n        <span class=\"button-atom__text\">Explore las soluciones de reducci\u00f3n<\/span>\n\n        \n        \n                <\/a>\n\n    \n\n\n<\/div>\n<\/div>\n<\/div><\/div>\n<\/section><section class=\"bde-section-4004-106 bde-section\">\n  \n\t\n\n\n\n<div class=\"section-container\"><h2 class=\"bde-heading-4004-113 bde-heading\">\nEl mandato mundial de f\u00f3rmulas m\u00e1s saludables\n<\/h2><div class=\"bde-columns-4004-107 bde-columns\"><div class=\"bde-column-4004-108 bde-column\">\n  \n\t\n\n\n\n<div class=\"bde-image-4004-109 bde-image\">\n<figure class=\"breakdance-image breakdance-image--4013\">\n\t<div class=\"breakdance-image-container\">\n\t\t<div class=\"breakdance-image-clip\"><img decoding=\"async\" class=\"breakdance-image-object\" src=\"https:\/\/ruikelaiglobal.com\/wp-content\/uploads\/2025\/08\/The-Global-Mandate-for-Healthier-Formulations_RuikelaiGlobal.webp\" width=\"1200\" height=\"800\" srcset=\"https:\/\/ruikelaiglobal.com\/wp-content\/uploads\/2025\/08\/The-Global-Mandate-for-Healthier-Formulations_RuikelaiGlobal.webp 1200w, https:\/\/ruikelaiglobal.com\/wp-content\/uploads\/2025\/08\/The-Global-Mandate-for-Healthier-Formulations_RuikelaiGlobal-300x200.webp 300w, https:\/\/ruikelaiglobal.com\/wp-content\/uploads\/2025\/08\/The-Global-Mandate-for-Healthier-Formulations_RuikelaiGlobal-1024x683.webp 1024w, https:\/\/ruikelaiglobal.com\/wp-content\/uploads\/2025\/08\/The-Global-Mandate-for-Healthier-Formulations_RuikelaiGlobal-768x512.webp 768w, https:\/\/ruikelaiglobal.com\/wp-content\/uploads\/2025\/08\/The-Global-Mandate-for-Healthier-Formulations_RuikelaiGlobal-18x12.webp 18w, https:\/\/ruikelaiglobal.com\/wp-content\/uploads\/2025\/08\/The-Global-Mandate-for-Healthier-Formulations_RuikelaiGlobal-800x533.webp 800w\" sizes=\"(max-width: 1200px) 100vw, 1200px\" alt=\"\" title=\"\"><\/div>\n\t<\/div><\/figure>\n\n<\/div>\n<\/div><div class=\"bde-column-4004-110 bde-column\">\n  \n\t\n\n\n\n<div class=\"bde-text-4004-112 bde-text\">\nLa poderosa convergencia de la presi\u00f3n normativa y la demanda de los consumidores ha situado la reducci\u00f3n del az\u00facar y el sodio entre las prioridades de la industria alimentaria. No se trata de una tendencia pasajera, sino de un cambio fundamental del mercado. La Organizaci\u00f3n Mundial de la Salud (OMS) recomienda que los adultos consuman menos de 2.000 mg de sodio (equivalente a 5 gramos de sal) al d\u00eda, pero la media mundial es m\u00e1s del doble, con 4.310 mg. Se calcula que este exceso provoca 1,89 millones de muertes al a\u00f1o. \u00a0 <br>En respuesta, los gobiernos est\u00e1n tomando medidas decisivas. La Administraci\u00f3n de Alimentos y Medicamentos de EE.UU. (FDA) est\u00e1 guiando a la industria a trav\u00e9s de una estrategia de reducci\u00f3n por fases, con objetivos iniciales encaminados a reducir la ingesta media de sodio de 3.400 mg a 3.000 mg al d\u00eda, con nuevas reducciones previstas. Esfuerzos paralelos, como la Iniciativa Nacional para la Reducci\u00f3n de la Sal y el Az\u00facar (NSSRI), han establecido objetivos voluntarios de reducci\u00f3n del az\u00facar para 15 categor\u00edas de alimentos y bebidas. La consecuci\u00f3n de estos objetivos podr\u00eda evitar millones de episodios cardiovasculares y casos de diabetes, lo que supondr\u00eda un ahorro de m\u00e1s de $160.000 millones en costes sanitarios de por vida. \u00a0 <br>Este impulso normativo se ve amplificado por un poderoso movimiento dirigido por los consumidores. Hoy en d\u00eda, los compradores buscan activamente productos m\u00e1s sanos, con \"etiquetas limpias\", y examinan minuciosamente las listas de ingredientes para evitar el exceso de az\u00facar y sal. Para los fabricantes de alimentos, la reformulaci\u00f3n estrat\u00e9gica ya no es s\u00f3lo una cuesti\u00f3n de cumplimiento: es una oportunidad cr\u00edtica para la innovaci\u00f3n, el liderazgo de mercado y el crecimiento sostenible.\n<\/div>\n<\/div><\/div><\/div>\n<\/section><section class=\"bde-section-4004-114 bde-section\">\n  \n\t\n\n\n\n<div class=\"section-container\"><h2 class=\"bde-heading-4004-125 bde-heading\">\nResolver el rompecabezas de la reducci\u00f3n de az\u00facar: m\u00e1s all\u00e1 del dulzor\n<\/h2><div class=\"bde-text-4004-124 bde-text\">\nEliminar el az\u00facar es mucho m\u00e1s complejo que simplemente sustituir el dulzor. El az\u00facar es un caballo de batalla multifuncional que contribuye a la textura esencial, el cuerpo, la conservaci\u00f3n y el equilibrio general del sabor de un producto. Por lo tanto, una estrategia de reducci\u00f3n del az\u00facar que tenga \u00e9xito debe ser hol\u00edstica, deconstruyendo las m\u00faltiples funciones del az\u00facar y reconstruyendo cada una de ellas con un conjunto sin\u00e9rgico de ingredientes avanzados.\n<\/div><div class=\"bde-columns-4004-115 bde-columns\"><div class=\"bde-column-4004-116 bde-column\">\n  \n\t\n\n\n\n<h3 class=\"bde-heading-4004-118 bde-heading\">\n\ud83d\udca7Reconstruir la sensaci\u00f3n en boca y el cuerpo\n<\/h3><div class=\"bde-text-4004-119 bde-text\">\nLos potenciadores de la sensaci\u00f3n en boca y el cuerpo, que incluyen ingredientes especializados a base de fibra, est\u00e1n dise\u00f1ados para restaurar la textura rica y con cuerpo que se pierde en las f\u00f3rmulas reducidas en az\u00facar, garantizando una experiencia satisfactoria para el consumidor.\n<\/div><h3 class=\"bde-heading-4004-120 bde-heading\">\n\ud83d\udee1\ufe0fMasking Regusto a edulcorante\n<\/h3><div class=\"bde-text-4004-121 bde-text\">\nLos edulcorantes de alta intensidad, como la estevia, pueden dejar un regusto amargo o met\u00e1lico. Nuestros agentes enmascarantes especializados neutralizan estas notas, proporcionando un perfil de dulzor limpio y similar al del az\u00facar.\n<\/div><h3 class=\"bde-heading-4004-126 bde-heading\">\n\ud83d\udc45 Mejora de la percepci\u00f3n general del sabor\n<\/h3><div class=\"bde-text-4004-127 bde-text\">\nEl az\u00facar tambi\u00e9n act\u00faa como portador de sabor. Nuestros moduladores de dulzor trabajan en sinergia con otros sabores de la formulaci\u00f3n para garantizar una experiencia de sabor equilibrada e impactante de principio a fin.\n<\/div>\n<\/div><div class=\"bde-column-4004-122 bde-column\">\n  \n\t\n\n\n\n<div class=\"bde-image-4004-123 bde-image\">\n<figure class=\"breakdance-image breakdance-image--4016\">\n\t<div class=\"breakdance-image-container\">\n\t\t<div class=\"breakdance-image-clip\"><img decoding=\"async\" class=\"breakdance-image-object\" src=\"https:\/\/ruikelaiglobal.com\/wp-content\/uploads\/2025\/08\/Solving-the-Sugar-Reduction-Puzzle-Beyond-Sweetness_RuikelaiGlobal.webp\" width=\"1200\" height=\"600\" srcset=\"https:\/\/ruikelaiglobal.com\/wp-content\/uploads\/2025\/08\/Solving-the-Sugar-Reduction-Puzzle-Beyond-Sweetness_RuikelaiGlobal.webp 1200w, https:\/\/ruikelaiglobal.com\/wp-content\/uploads\/2025\/08\/Solving-the-Sugar-Reduction-Puzzle-Beyond-Sweetness_RuikelaiGlobal-300x150.webp 300w, https:\/\/ruikelaiglobal.com\/wp-content\/uploads\/2025\/08\/Solving-the-Sugar-Reduction-Puzzle-Beyond-Sweetness_RuikelaiGlobal-1024x512.webp 1024w, https:\/\/ruikelaiglobal.com\/wp-content\/uploads\/2025\/08\/Solving-the-Sugar-Reduction-Puzzle-Beyond-Sweetness_RuikelaiGlobal-768x384.webp 768w, https:\/\/ruikelaiglobal.com\/wp-content\/uploads\/2025\/08\/Solving-the-Sugar-Reduction-Puzzle-Beyond-Sweetness_RuikelaiGlobal-18x9.webp 18w, https:\/\/ruikelaiglobal.com\/wp-content\/uploads\/2025\/08\/Solving-the-Sugar-Reduction-Puzzle-Beyond-Sweetness_RuikelaiGlobal-800x400.webp 800w\" sizes=\"(max-width: 1200px) 100vw, 1200px\" alt=\"\" title=\"\"><\/div>\n\t<\/div><\/figure>\n\n<\/div>\n<\/div><\/div><\/div>\n<\/section><section class=\"bde-section-4004-128 bde-section\">\n  \n\t\n\n\n\n<div class=\"section-container\"><div class=\"bde-columns-4004-129 bde-columns\"><div class=\"bde-column-4004-130 bde-column\">\n  \n\t\n\n\n\n<div class=\"bde-image-4004-131 bde-image\">\n<figure class=\"breakdance-image breakdance-image--4032\">\n\t<div class=\"breakdance-image-container\">\n\t\t<div class=\"breakdance-image-clip\"><img decoding=\"async\" class=\"breakdance-image-object\" src=\"https:\/\/ruikelaiglobal.com\/wp-content\/uploads\/2025\/08\/Mastering-Salt-Reduction-Rebuilding-the-Complete-Savory-Experience_RuikelaiGlobal-1.webp\" width=\"1200\" height=\"800\" srcset=\"https:\/\/ruikelaiglobal.com\/wp-content\/uploads\/2025\/08\/Mastering-Salt-Reduction-Rebuilding-the-Complete-Savory-Experience_RuikelaiGlobal-1.webp 1200w, https:\/\/ruikelaiglobal.com\/wp-content\/uploads\/2025\/08\/Mastering-Salt-Reduction-Rebuilding-the-Complete-Savory-Experience_RuikelaiGlobal-1-300x200.webp 300w, https:\/\/ruikelaiglobal.com\/wp-content\/uploads\/2025\/08\/Mastering-Salt-Reduction-Rebuilding-the-Complete-Savory-Experience_RuikelaiGlobal-1-1024x683.webp 1024w, https:\/\/ruikelaiglobal.com\/wp-content\/uploads\/2025\/08\/Mastering-Salt-Reduction-Rebuilding-the-Complete-Savory-Experience_RuikelaiGlobal-1-768x512.webp 768w, https:\/\/ruikelaiglobal.com\/wp-content\/uploads\/2025\/08\/Mastering-Salt-Reduction-Rebuilding-the-Complete-Savory-Experience_RuikelaiGlobal-1-18x12.webp 18w, https:\/\/ruikelaiglobal.com\/wp-content\/uploads\/2025\/08\/Mastering-Salt-Reduction-Rebuilding-the-Complete-Savory-Experience_RuikelaiGlobal-1-800x533.webp 800w\" sizes=\"(max-width: 1200px) 100vw, 1200px\" alt=\"\" title=\"\"><\/div>\n\t<\/div><\/figure>\n\n<\/div>\n<\/div><div class=\"bde-column-4004-132 bde-column\">\n  \n\t\n\n\n\n<h2 class=\"bde-heading-4004-133 bde-heading\">\nDominar la reducci\u00f3n de sal: Reconstruyendo la Experiencia Salada Completa\n<\/h2><div class=\"bde-rich-text-4004-135 bde-rich-text breakdance-rich-text-styles\">\n<p>La contribuci\u00f3n de la sal al sabor es un viaje din\u00e1mico, no una \u00fanica nota. Es lo que llamamos la \"curva de la sal\": un impacto salado inicial, una fase de mayor cuerpo y sensaci\u00f3n en boca, y un regusto limpio. La simple eliminaci\u00f3n de la sal o su sustituci\u00f3n por cloruro pot\u00e1sico (KCl) interrumpe esta curva, dando lugar a un perfil de sabor plano y a notas amargas o met\u00e1licas no deseadas. El enfoque de Ruikelai consiste en reconstruir toda esta experiencia sensorial. Utilizamos una combinaci\u00f3n de <b>Sabores salados de gran impacto<\/b> para dar el golpe salado inicial, <b>extractos de levadura ricos en umami<\/b> para dar profundidad al sabor y kokumi (\"sabor a boca\"), y especializados\u00a0<b>potenciadores de la sensaci\u00f3n en boca<\/b> para reproducir todas las funciones de la sal, creando un viaje sensorial completo y satisfactorio.<\/p>\n<\/div>\n<\/div><\/div><\/div>\n<\/section><section class=\"bde-section-4004-136 bde-section\">\n  \n\t\n\n\n\n<div class=\"section-container\"><h2 class=\"bde-heading-4004-137 bde-heading\">\nNuestra cartera de tecnolog\u00edas de reducci\u00f3n\n<\/h2><div class=\"bde-grid-4004-139 bde-grid\">\n  \n\t\n\n\n\n<div class=\"bde-div-4004-140 bde-div\">\n              \n  \n\t\n\n  <div class=\"section-background-overlay\"><\/div>\n\n\n<div class=\"bde-text-4004-141 bde-text\">\n\ud83c\udf3f\n<\/div><h3 class=\"bde-heading-4004-142 bde-heading\">\nModuladores naturales del sabor dulce\n<\/h3><div class=\"bde-text-4004-143 bde-text\">\nNuestras soluciones de etiquetado limpio mejoran la percepci\u00f3n del dulzor, permitiendo una reducci\u00f3n del az\u00facar de hasta 30-50%. Est\u00e1n dise\u00f1adas por expertos para enmascarar los matices de los edulcorantes de alta intensidad y ofrecer un sabor equilibrado similar al del az\u00facar.\n<\/div>\n<\/div><div class=\"bde-div-4004-144 bde-div\">\n              \n  \n\t\n\n  <div class=\"section-background-overlay\"><\/div>\n\n\n<div class=\"bde-text-4004-145 bde-text\">\n\ud83e\uddc2 \n<\/div><h3 class=\"bde-heading-4004-146 bde-heading\">\nSabores salados de alto impacto y sistemas umami\n<\/h3><div class=\"bde-text-4004-147 bde-text\">\nEsta gama de aromas naturales, que incluye extractos bot\u00e1nicos y fermentos, proporciona una potente impresi\u00f3n salada, lo que permite una importante reducci\u00f3n de sodio (hasta 40%) en aplicaciones como aperitivos y carnes procesadas. Se combinan con nuestros extractos de levadura ricos en umami para crear una sensaci\u00f3n en boca y una profundidad saladas.\n<\/div>\n<\/div><div class=\"bde-div-4004-148 bde-div\">\n              \n  \n\t\n\n  <div class=\"section-background-overlay\"><\/div>\n\n\n<div class=\"bde-text-4004-149 bde-text\">\n\ud83d\udca7\n<\/div><h3 class=\"bde-heading-4004-150 bde-heading\">\nPotenciadores de la sensaci\u00f3n en boca y el cuerpo\n<\/h3><div class=\"bde-text-4004-151 bde-text\">\nNuestra gama de ingredientes de origen vegetal restaura la viscosidad, la riqueza y la textura que se pierden al eliminar el az\u00facar o la grasa. Estas soluciones garantizan una experiencia satisfactoria para el consumidor en bebidas, productos l\u00e1cteos y productos horneados, proporcionando la sensaci\u00f3n en boca indulgente del original con todas las calor\u00edas.\n<\/div>\n<\/div>\n<\/div><\/div>\n<\/section><section class=\"bde-section-4004-156 bde-section\">\n  \n\t\n\n\n\n<div class=\"section-container\"><div class=\"bde-columns-4004-157 bde-columns\"><div class=\"bde-column-4004-160 bde-column\">\n  \n\t\n\n\n\n<h2 class=\"bde-heading-4004-161 bde-heading\">\n\u00c9xito de una aplicaci\u00f3n: Un condimento bajo en sodio para aperitivos\n<\/h2><div class=\"bde-rich-text-4004-163 bde-rich-text breakdance-rich-text-styles\">\n<p><span style=\"color: #cb342d;\"><b>El reto:<\/b><\/span> Una marca l\u00edder de aperitivos necesitaba reducir el sodio en 35% en su condimento BBQ m\u00e1s vendido sin comprometer el sabor intenso que encantaba a los consumidores.<span class=\"button-container hide-from-message-actions ng-star-inserted\">\u00a0<\/span><\/p>\n<p><span style=\"color: #cb342d;\"><b>La soluci\u00f3n:<\/b><\/span> Dise\u00f1amos una soluci\u00f3n a medida para reconstruir el perfil sensorial completo. Combinamos un <b>sabor salado de alto impacto<\/b> para el sabor inicial, un <b>Extracto de levadura Angel FA62<\/b> para dar profundidad al umami y complejidad al sabor, y un toque de <b>extracto de piment\u00f3n ahumado<\/b> para igualar el aut\u00e9ntico perfil de sabor de la barbacoa.<\/p>\n<p><span style=\"color: #cb342d;\"><b>El resultado:<\/b><\/span> El condimento reformulado alcanz\u00f3 el objetivo de reducci\u00f3n de sodio 35%, mientras que las pruebas del panel de consumidores confirmaron que igualaba el perfil de sabor y la preferencia general del original. Este \u00e9xito pone de relieve nuestra capacidad para cumplir los objetivos de salud sin sacrificar el sabor.<\/p>\n<\/div>\n<\/div><div class=\"bde-column-4004-158 bde-column\">\n  \n\t\n\n\n\n<div class=\"bde-image-4004-159 bde-image\">\n<figure class=\"breakdance-image breakdance-image--4046\">\n\t<div class=\"breakdance-image-container\">\n\t\t<div class=\"breakdance-image-clip\"><img decoding=\"async\" class=\"breakdance-image-object\" src=\"https:\/\/ruikelaiglobal.com\/wp-content\/uploads\/2025\/08\/Application-Success-Story-A-Low-Sodium-Snack-Seasoning_RuikelaiGlobal.webp\" width=\"1200\" height=\"596\" srcset=\"https:\/\/ruikelaiglobal.com\/wp-content\/uploads\/2025\/08\/Application-Success-Story-A-Low-Sodium-Snack-Seasoning_RuikelaiGlobal.webp 1200w, https:\/\/ruikelaiglobal.com\/wp-content\/uploads\/2025\/08\/Application-Success-Story-A-Low-Sodium-Snack-Seasoning_RuikelaiGlobal-300x149.webp 300w, https:\/\/ruikelaiglobal.com\/wp-content\/uploads\/2025\/08\/Application-Success-Story-A-Low-Sodium-Snack-Seasoning_RuikelaiGlobal-1024x509.webp 1024w, https:\/\/ruikelaiglobal.com\/wp-content\/uploads\/2025\/08\/Application-Success-Story-A-Low-Sodium-Snack-Seasoning_RuikelaiGlobal-768x381.webp 768w, https:\/\/ruikelaiglobal.com\/wp-content\/uploads\/2025\/08\/Application-Success-Story-A-Low-Sodium-Snack-Seasoning_RuikelaiGlobal-18x9.webp 18w, https:\/\/ruikelaiglobal.com\/wp-content\/uploads\/2025\/08\/Application-Success-Story-A-Low-Sodium-Snack-Seasoning_RuikelaiGlobal-800x397.webp 800w\" sizes=\"(max-width: 1200px) 100vw, 1200px\" alt=\"\" title=\"\"><\/div>\n\t<\/div><\/figure>\n\n<\/div>\n<\/div><\/div><\/div>\n<\/section><section class=\"bde-section-4004-164 bde-section\">\n  \n\t\n\n\n\n<div class=\"section-container\"><div class=\"bde-columns-4004-165 bde-columns\"><div class=\"bde-column-4004-166 bde-column\">\n  \n\t\n\n\n\n<div class=\"bde-image-4004-167 bde-image\">\n<figure class=\"breakdance-image breakdance-image--4053\">\n\t<div class=\"breakdance-image-container\">\n\t\t<div class=\"breakdance-image-clip\"><img decoding=\"async\" class=\"breakdance-image-object\" src=\"https:\/\/ruikelaiglobal.com\/wp-content\/uploads\/2025\/08\/Reformulate-the-formula_RuikelaiGlobal.webp\" width=\"1200\" height=\"800\" srcset=\"https:\/\/ruikelaiglobal.com\/wp-content\/uploads\/2025\/08\/Reformulate-the-formula_RuikelaiGlobal.webp 1200w, https:\/\/ruikelaiglobal.com\/wp-content\/uploads\/2025\/08\/Reformulate-the-formula_RuikelaiGlobal-300x200.webp 300w, https:\/\/ruikelaiglobal.com\/wp-content\/uploads\/2025\/08\/Reformulate-the-formula_RuikelaiGlobal-1024x683.webp 1024w, https:\/\/ruikelaiglobal.com\/wp-content\/uploads\/2025\/08\/Reformulate-the-formula_RuikelaiGlobal-768x512.webp 768w, https:\/\/ruikelaiglobal.com\/wp-content\/uploads\/2025\/08\/Reformulate-the-formula_RuikelaiGlobal-18x12.webp 18w, https:\/\/ruikelaiglobal.com\/wp-content\/uploads\/2025\/08\/Reformulate-the-formula_RuikelaiGlobal-800x533.webp 800w\" sizes=\"(max-width: 1200px) 100vw, 1200px\" alt=\"\" title=\"\"><\/div>\n\t<\/div><\/figure>\n\n<\/div>\n<\/div><div class=\"bde-column-4004-168 bde-column\">\n  \n\t\n\n\n\n<h2 class=\"bde-heading-4004-169 bde-heading\">\nReformulemos juntos\n<\/h2><div class=\"bde-text-4004-170 bde-text\">\nCada proyecto de reformulaci\u00f3n es \u00fanico. El \u00e9xito de su producto depende de una soluci\u00f3n adaptada a sus requisitos espec\u00edficos de producto, proceso y etiquetado. Le invitamos a colaborar con el equipo t\u00e9cnico especializado de Ruikelai. Vayamos m\u00e1s all\u00e1 de la simple sustituci\u00f3n de ingredientes y desarrollemos conjuntamente una soluci\u00f3n personalizada que cumpla sus objetivos de salud y supere las expectativas de sus consumidores.\n<\/div><div class=\"bde-button-4004-171 bde-button\">\n    \n                                    \n    \n    \n    \n    \n            \n                    \n            \n                           \n                       \n                 \n\n    \n    \n    \n                    \n    \n    <a class=\"breakdance-link button-atom button-atom--custom bde-button__button\" href=\"#\" target=\"_self\" data-type=\"action\"  data-action='{\"type\":\"popup\",\"popupOptions\":{\"popupId\":\"3392\",\"popupAction\":\"toggle\"}}' >\n\n    \n        <span class=\"button-atom__text\">Inicie su proyecto de reformulaci\u00f3n<\/span>\n\n        \n        \n                <\/a>\n\n    \n\n\n<\/div><div class=\"bde-div-4004-176 bde-div\">\n  \n\t\n\n\n\n<div class=\"bde-text-4004-177 bde-text\">\nCompartir en:\n<\/div><div class=\"bde-social-icons-4004-178 bde-social-icons\">\n                  \n            \n            \n\n    \n    \n    \n    \n    \n    <a class=\"breakdance-link bde-social-icons__icon-wrapper bde-social-icons__icon-facebook\" href=\"https:\/\/www.facebook.com\/RuikelaiGlobal\" target=\"_self\" data-type=\"url\" aria-label=\"facebook\" rel=\"nofollow noopener\">\n\n             <svg xmlns=\"http:\/\/www.w3.org\/2000\/svg\" width=\"100%\" viewbox=\"0 0 24 24\">\n            <path d=\"M9 8h-3v4h3v12h5v-12h3.642l.358-4h-4v-1.667c0-.955.192-1.333 1.115-1.333h2.885v-5h-3.808c-3.596 0-5.192 1.583-5.192 4.615v3.385z\"\/>\n       <\/svg>\n              <\/a>\n\n                    \n            \n            \n\n    \n    \n    \n    \n    \n    <a class=\"breakdance-link bde-social-icons__icon-wrapper bde-social-icons__icon-twitter\" href=\"https:\/\/twitter.com\/RuikelaiGlobal\" target=\"_self\" data-type=\"url\" aria-label=\"twitter\" rel=\"nofollow noopener\">\n\n              <svg xmlns=\"http:\/\/www.w3.org\/2000\/svg\" width=\"100%\" viewbox=\"0 0 512 512\">\n          <path d=\"M389.2 48h70.6L305.6 224.2 487 464H345L233.7 318.6 106.5 464H35.8L200.7 275.5 26.8 48H172.4L272.9 180.9 389.2 48zM364.4 421.8h39.1L151.1 88h-42L364.4 421.8z\" \/>\n        <\/svg>\n              <\/a>\n\n                    \n            \n            \n\n    \n    \n    \n    \n    \n    <a class=\"breakdance-link bde-social-icons__icon-wrapper bde-social-icons__icon-instagram\" href=\"https:\/\/www.instagram.com\/ruikelai_global\" target=\"_self\" data-type=\"url\" aria-label=\"instagram\" rel=\"nofollow noopener\">\n\n             <svg xmlns=\"http:\/\/www.w3.org\/2000\/svg\" width=\"100%\" viewbox=\"0 0 24 24\">\n            <path d=\"M12 2.163c3.204 0 3.584.012 4.85.07 3.252.148 4.771 1.691 4.919 4.919.058 1.265.069 1.645.069 4.849 0 3.205-.012 3.584-.069 4.849-.149 3.225-1.664 4.771-4.919 4.919-1.266.058-1.644.07-4.85.07-3.204 0-3.584-.012-4.849-.07-3.26-.149-4.771-1.699-4.919-4.92-.058-1.265-.07-1.644-.07-4.849 0-3.204.013-3.583.07-4.849.149-3.227 1.664-4.771 4.919-4.919 1.266-.057 1.645-.069 4.849-.069zm0-2.163c-3.259 0-3.667.014-4.947.072-4.358.2-6.78 2.618-6.98 6.98-.059 1.281-.073 1.689-.073 4.948 0 3.259.014 3.668.072 4.948.2 4.358 2.618 6.78 6.98 6.98 1.281.058 1.689.072 4.948.072 3.259 0 3.668-.014 4.948-.072 4.354-.2 6.782-2.618 6.979-6.98.059-1.28.073-1.689.073-4.948 0-3.259-.014-3.667-.072-4.947-.196-4.354-2.617-6.78-6.979-6.98-1.281-.059-1.69-.073-4.949-.073zm0 5.838c-3.403 0-6.162 2.759-6.162 6.162s2.759 6.163 6.162 6.163 6.162-2.759 6.162-6.163c0-3.403-2.759-6.162-6.162-6.162zm0 10.162c-2.209 0-4-1.79-4-4 0-2.209 1.791-4 4-4s4 1.791 4 4c0 2.21-1.791 4-4 4zm6.406-11.845c-.796 0-1.441.645-1.441 1.44s.645 1.44 1.441 1.44c.795 0 1.439-.645 1.439-1.44s-.644-1.44-1.439-1.44z\"\/>\n       <\/svg>\n              <\/a>\n\n                    \n            \n            \n\n    \n    \n    \n    \n    \n    <a class=\"breakdance-link bde-social-icons__icon-wrapper bde-social-icons__icon-youtube\" href=\"https:\/\/www.youtube.com\/@RuikelaiGlobal\" target=\"_self\" data-type=\"url\" aria-label=\"youtube\" rel=\"nofollow noopener\">\n\n             <svg xmlns=\"http:\/\/www.w3.org\/2000\/svg\" width=\"100%\" viewbox=\"0 0 24 24\">\n            <path d=\"M19.615 3.184c-3.604-.246-11.631-.245-15.23 0-3.897.266-4.356 2.62-4.385 8.816.029 6.185.484 8.549 4.385 8.816 3.6.245 11.626.246 15.23 0 3.897-.266 4.356-2.62 4.385-8.816-.029-6.185-.484-8.549-4.385-8.816zm-10.615 12.816v-8l8 3.993-8 4.007z\"\/>\n       <\/svg>\n              <\/a>\n\n                    \n            \n            \n\n    \n    \n    \n    \n    \n    <a class=\"breakdance-link bde-social-icons__icon-wrapper bde-social-icons__icon-custom\" href=\"mailto:ruikelai@outlook.com?subject=Hi\uff0cI\u2018ll get inHi, I'll Get in Touch for Tailored Flavor Solutions&body=Hi, Mia\" target=\"_self\" data-type=\"contact\" aria-label=\"personalizado\" >\n\n                        <svg xmlns=\"http:\/\/www.w3.org\/2000\/svg\" id=\"icon-mail\" viewbox=\"0 0 32 32\">\n<path d=\"M26.666 0h-21.332c-2.934 0-5.334 2.4-5.334 5.333v21.333c0 2.934 2.4 5.334 5.334 5.334h21.332c2.936 0 5.334-2.4 5.334-5.334v-21.333c0-2.934-2.398-5.333-5.334-5.333zM8 8h16c0.286 0 0.563 0.061 0.817 0.177l-8.817 10.286-8.817-10.287c0.254-0.116 0.531-0.177 0.817-0.177zM6 22v-12c0-0.042 0.002-0.084 0.004-0.125l5.864 6.842-5.8 5.8c-0.045-0.167-0.069-0.34-0.069-0.517zM24 24h-16c-0.177 0-0.35-0.024-0.517-0.069l5.691-5.691 2.826 3.297 2.826-3.297 5.691 5.691c-0.167 0.045-0.34 0.069-0.517 0.069zM26 22c0 0.177-0.024 0.35-0.069 0.517l-5.8-5.8 5.864-6.842c0.003 0.041 0.004 0.083 0.004 0.125v12z\"\/>\n<\/svg>\n                      <\/a>\n\n    \n<\/div>\n<\/div>\n<\/div><\/div><\/div>\n<\/section>","protected":false},"excerpt":{"rendered":"<p>Healthier Products, Uncompromised Taste: Advanced Sugar and Salt Reduction Solutions Meet global health targets and consumer demand. Our integrated solutions enable significant sugar and salt reduction while preserving the sensory experience your customers expect. Explore Reduction Solutions The Global Mandate for Healthier Formulations A powerful convergence of regulatory pressure and consumer demand has placed sugar [&hellip;]<\/p>\n","protected":false},"author":1,"featured_media":4006,"parent":0,"menu_order":0,"comment_status":"closed","ping_status":"closed","template":"","meta":{"_breakdance_hide_in_design_set":false,"_breakdance_tags":"","footnotes":""},"class_list":["post-4004","page","type-page","status-publish","has-post-thumbnail","hentry"],"_links":{"self":[{"href":"https:\/\/ruikelaiglobal.com\/es\/wp-json\/wp\/v2\/pages\/4004","targetHints":{"allow":["GET"]}}],"collection":[{"href":"https:\/\/ruikelaiglobal.com\/es\/wp-json\/wp\/v2\/pages"}],"about":[{"href":"https:\/\/ruikelaiglobal.com\/es\/wp-json\/wp\/v2\/types\/page"}],"author":[{"embeddable":true,"href":"https:\/\/ruikelaiglobal.com\/es\/wp-json\/wp\/v2\/users\/1"}],"replies":[{"embeddable":true,"href":"https:\/\/ruikelaiglobal.com\/es\/wp-json\/wp\/v2\/comments?post=4004"}],"version-history":[{"count":72,"href":"https:\/\/ruikelaiglobal.com\/es\/wp-json\/wp\/v2\/pages\/4004\/revisions"}],"predecessor-version":[{"id":4820,"href":"https:\/\/ruikelaiglobal.com\/es\/wp-json\/wp\/v2\/pages\/4004\/revisions\/4820"}],"wp:featuredmedia":[{"embeddable":true,"href":"https:\/\/ruikelaiglobal.com\/es\/wp-json\/wp\/v2\/media\/4006"}],"wp:attachment":[{"href":"https:\/\/ruikelaiglobal.com\/es\/wp-json\/wp\/v2\/media?parent=4004"}],"curies":[{"name":"wp","href":"https:\/\/api.w.org\/{rel}","templated":true}]}}