{"id":3,"date":"2025-02-13T00:34:18","date_gmt":"2025-02-13T00:34:18","guid":{"rendered":"https:\/\/ruikelaiglobal.com\/?page_id=3"},"modified":"2025-04-08T12:49:27","modified_gmt":"2025-04-08T12:49:27","slug":"privacy-policy","status":"publish","type":"page","link":"https:\/\/ruikelaiglobal.com\/es\/privacy-policy\/","title":{"rendered":"Pol\u00edtica de privacidad"},"content":{"rendered":"<section class=\"bde-section-3-100 bde-section\">\n  \n\t\n\n\n\n<div class=\"section-container\"><div class=\"bde-rich-text-3-101 bde-rich-text breakdance-rich-text-styles\">\n<h1>Pol\u00edtica de privacidad<\/h1>\n<p><\/p>\n<p>Gracias por visitar RUIKELAI GLOBAL (\"nosotros\", \"nos\", \"nuestro\"). Valoramos su privacidad y nos comprometemos a proteger su informaci\u00f3n personal. Esta Pol\u00edtica de Privacidad explica c\u00f3mo recopilamos, utilizamos y divulgamos su informaci\u00f3n cuando visita nuestro https:\/\/ruikelaiglobal.com (el \"Sitio\") y utiliza nuestros servicios.<\/p>\n<p> <\/p>\n<h2 class=\"wp-block-heading\"><strong>1. Informaci\u00f3n que recopilamos<\/strong><\/h2>\n<p> <\/p>\n<h3 class=\"wp-block-heading\"><strong>1.1 Informaci\u00f3n personal<\/strong><\/h3>\n<p> <\/p>\n<p>Podemos recopilar informaci\u00f3n personal que usted nos proporcione directamente, como su nombre, direcci\u00f3n de correo electr\u00f3nico, n\u00famero de tel\u00e9fono, direcci\u00f3n postal y cualquier otra informaci\u00f3n que decida facilitarnos.<\/p>\n<p> <\/p>\n<h3 class=\"wp-block-heading\"><strong>1.2 Datos de uso<\/strong><\/h3>\n<p> <\/p>\n<p>Podemos recopilar informaci\u00f3n que su navegador env\u00eda cada vez que visita nuestro Sitio. Esto puede incluir informaci\u00f3n como la direcci\u00f3n de protocolo de Internet (IP) de su ordenador, el tipo de navegador, la versi\u00f3n del navegador, las p\u00e1ginas de nuestro Sitio que visita, la hora y la fecha de su visita, el tiempo empleado en esas p\u00e1ginas y otros datos de diagn\u00f3stico.<\/p>\n<p> <\/p>\n<h3 class=\"wp-block-heading\"><strong>1.3 Cookies y tecnolog\u00edas de seguimiento<\/strong><\/h3>\n<p> <\/p>\n<p>Utilizamos cookies y tecnolog\u00edas de seguimiento similares para rastrear la actividad en nuestro Sitio y conservar cierta informaci\u00f3n. Las cookies son archivos con peque\u00f1as cantidades de datos que pueden incluir un identificador \u00fanico an\u00f3nimo. Puede configurar su navegador para que rechace todas las cookies o para que le indique cu\u00e1ndo se env\u00eda una cookie. Sin embargo, si no acepta las cookies, es posible que no pueda utilizar algunas partes de nuestro Sitio.<\/p>\n<p> <\/p>\n<h2 class=\"wp-block-heading\"><strong>2. C\u00f3mo utilizamos su informaci\u00f3n<\/strong><\/h2>\n<p> <\/p>\n<p>Utilizamos la informaci\u00f3n recopilada para diversos fines, entre ellos:<\/p>\n<p> <\/p>\n<p>Para proporcionar y mantener nuestro Sitio y nuestros servicios<br \/>Para notificarle cambios en nuestro Sitio y nuestros servicios<br \/>Permitirle participar en funciones interactivas de nuestro Sitio cuando usted decida hacerlo<br \/>Prestar asistencia al cliente<br \/>Para recopilar an\u00e1lisis o informaci\u00f3n valiosa que nos permita mejorar nuestro Sitio y nuestros servicios.<br \/>Supervisar el uso de nuestro sitio web<br \/>Detectar, prevenir y resolver problemas t\u00e9cnicos<br \/>Para enviarle comunicaciones promocionales y de marketing<\/p>\n<p> <\/p>\n<h2 class=\"wp-block-heading\"><strong>3. Compartir su informaci\u00f3n<\/strong><\/h2>\n<p> <\/p>\n<p>No vendemos ni alquilamos su informaci\u00f3n personal a terceros. Podemos compartir su informaci\u00f3n con:<\/p>\n<p> <\/p>\n<p>Proveedores de servicios: Podemos contratar a empresas y personas de terceros para facilitar nuestro Sitio y nuestros servicios, prestar los servicios en nuestro nombre, realizar servicios relacionados con el Sitio o ayudarnos a analizar c\u00f3mo se utilizan nuestro Sitio y nuestros servicios.<br \/>Requisitos legales: Podemos revelar su informaci\u00f3n personal si as\u00ed lo exige la ley o en respuesta a solicitudes v\u00e1lidas de las autoridades p\u00fablicas.<\/p>\n<p> <\/p>\n<h2 class=\"wp-block-heading\"><strong>4. Seguridad de su informaci\u00f3n<\/strong><\/h2>\n<p> <\/p>\n<p>Tomamos medidas razonables para proteger su informaci\u00f3n personal frente a p\u00e9rdidas, usos indebidos y accesos no autorizados, divulgaci\u00f3n, alteraci\u00f3n o destrucci\u00f3n. Sin embargo, ninguna transmisi\u00f3n por Internet o correo electr\u00f3nico es totalmente segura o est\u00e1 libre de errores. En particular, el correo electr\u00f3nico enviado a o desde nuestro Sitio puede no ser seguro.<\/p>\n<p> <\/p>\n<h2 class=\"wp-block-heading\"><strong>5. Sus derechos en materia de protecci\u00f3n de datos<\/strong><\/h2>\n<p> <\/p>\n<p>Dependiendo de su ubicaci\u00f3n, puede tener los siguientes derechos en relaci\u00f3n con su informaci\u00f3n personal:<\/p>\n<p> <\/p>\n<p>Derecho de acceso: Tiene derecho a solicitar copias de sus datos personales.<br \/>Derecho de rectificaci\u00f3n: Tiene derecho a solicitar que corrijamos cualquier informaci\u00f3n que considere inexacta o a completar la informaci\u00f3n que considere<\/p>\n<p> <\/p>\n<p>M\u00e1s informaci\u00f3n\u00a0<a href=\"https:\/\/ruikelaiglobal.com\/es\/contact\/\" data-type=\"link\" data-id=\"https:\/\/ruikelaiglobal.com\/contact\/\"><u><strong>Contacte con nosotros<\/strong><\/u><\/a>\u00a0\u00a1Ahora!<\/p>\n<p><\/p>\n<\/div><\/div>\n<\/section>","protected":false},"excerpt":{"rendered":"<p>Privacy Policy Thank you for visiting RUIKELAI GLOBAL (&#8220;we&#8221;, &#8220;us&#8221;, &#8220;our&#8221;). We value your privacy and are committed to protecting your personal information. This Privacy Policy explains how we collect, use, and disclose your information when you visit our https:\/\/ruikelaiglobal.com (the &#8220;Site&#8221;) and use our services. 1. Information We Collect 1.1 Personal Information We may [&hellip;]<\/p>\n","protected":false},"author":1,"featured_media":0,"parent":0,"menu_order":0,"comment_status":"closed","ping_status":"open","template":"","meta":{"_breakdance_hide_in_design_set":false,"_breakdance_tags":"","footnotes":""},"class_list":["post-3","page","type-page","status-publish","hentry"],"_links":{"self":[{"href":"https:\/\/ruikelaiglobal.com\/es\/wp-json\/wp\/v2\/pages\/3","targetHints":{"allow":["GET"]}}],"collection":[{"href":"https:\/\/ruikelaiglobal.com\/es\/wp-json\/wp\/v2\/pages"}],"about":[{"href":"https:\/\/ruikelaiglobal.com\/es\/wp-json\/wp\/v2\/types\/page"}],"author":[{"embeddable":true,"href":"https:\/\/ruikelaiglobal.com\/es\/wp-json\/wp\/v2\/users\/1"}],"replies":[{"embeddable":true,"href":"https:\/\/ruikelaiglobal.com\/es\/wp-json\/wp\/v2\/comments?post=3"}],"version-history":[{"count":3,"href":"https:\/\/ruikelaiglobal.com\/es\/wp-json\/wp\/v2\/pages\/3\/revisions"}],"predecessor-version":[{"id":1880,"href":"https:\/\/ruikelaiglobal.com\/es\/wp-json\/wp\/v2\/pages\/3\/revisions\/1880"}],"wp:attachment":[{"href":"https:\/\/ruikelaiglobal.com\/es\/wp-json\/wp\/v2\/media?parent=3"}],"curies":[{"name":"wp","href":"https:\/\/api.w.org\/{rel}","templated":true}]}}