{"id":1745,"date":"2025-04-06T03:41:36","date_gmt":"2025-04-06T03:41:36","guid":{"rendered":"https:\/\/ruikelaiglobal.com\/?page_id=1745"},"modified":"2025-04-08T12:35:33","modified_gmt":"2025-04-08T12:35:33","slug":"terms-of-use","status":"publish","type":"page","link":"https:\/\/ruikelaiglobal.com\/es\/terms-of-use\/","title":{"rendered":"Condiciones de uso"},"content":{"rendered":"<section class=\"bde-section-1745-100 bde-section\">\n  \n\t\n\n\n\n<div class=\"section-container\"><div class=\"bde-rich-text-1745-101 bde-rich-text breakdance-rich-text-styles\">\n<h1>Condiciones de uso<\/h1>\n<p><\/p>\n<p><strong>Fecha de entrada en vigor: 2 de abril de 2025<\/strong><\/p>\n<p> <\/p>\n<p>Bienvenido a <strong>RUIKELAI GLOBAL<\/strong>la presencia en l\u00ednea de <strong>Qingdao Ruikelai Food Ingredients Co.<\/strong> (\"Empresa\", \"nosotros\", \"nos\" o \"nuestro\"). Las presentes Condiciones de uso (\"Condiciones\") regulan su acceso y uso de nuestro sitio web, ubicado en <strong><a class=\"\" href=\"https:\/\/ruikelaiglobal.com\/es\/\">https:\/\/ruikelaiglobal.com<\/a><\/strong> (el \"Sitio\"), incluidos todos los contenidos, funciones y servicios ofrecidos en el Sitio o a trav\u00e9s de \u00e9l. Al acceder o utilizar el Sitio, usted acepta quedar vinculado por las presentes Condiciones. Si no las acepta, le rogamos que no utilice el Sitio.<\/p>\n<p> <\/p>\n<hr class=\"wp-block-separator has-alpha-channel-opacity\" \/>\n<p> <\/p>\n<h2 class=\"wp-block-heading\">1. Aceptaci\u00f3n de las condiciones<\/h2>\n<p> <\/p>\n<p>Al acceder o utilizar Ruikelai Global, usted reconoce que ha le\u00eddo, comprendido y aceptado estas Condiciones y cualquier pol\u00edtica, directriz o norma adicional que pueda publicarse en el Sitio de vez en cuando.<\/p>\n<p> <\/p>\n<hr class=\"wp-block-separator has-alpha-channel-opacity\" \/>\n<p> <\/p>\n<h2 class=\"wp-block-heading\">2. Uso del sitio web<\/h2>\n<p> <\/p>\n<h3 class=\"wp-block-heading\">2.1. Elegibilidad<\/h3>\n<p> <\/p>\n<p>Usted declara y garantiza que tiene al menos 18 a\u00f1os de edad y que es capaz de suscribir un acuerdo legalmente vinculante. Si accede o utiliza el Sitio en nombre de una entidad, declara que tiene autoridad para vincular a dicha entidad a las presentes Condiciones.<\/p>\n<p> <\/p>\n<h3 class=\"wp-block-heading\">2.2. Uso permitido<\/h3>\n<p> <\/p>\n<p>S\u00f3lo podr\u00e1 utilizar el Sitio para fines l\u00edcitos y de conformidad con las presentes Condiciones. Usted se compromete a no utilizar el Sitio:<\/p>\n<p> <\/p>\n<ul class=\"wp-block-list\">\n<li>De cualquier forma que infrinja cualquier ley o normativa local, estatal, nacional o internacional aplicable.<\/li>\n \n<li>Participar o promover actividades fraudulentas, abusivas o perjudiciales.<\/li>\n \n<li>Transmitir virus u otros c\u00f3digos inform\u00e1ticos, archivos o programas que puedan interrumpir, destruir o limitar la funcionalidad de cualquier software o hardware inform\u00e1tico.<\/li>\n<\/ul>\n<p> <\/p>\n<hr class=\"wp-block-separator has-alpha-channel-opacity\" \/>\n<p> <\/p>\n<h2 class=\"wp-block-heading\">3. Derechos de propiedad intelectual<\/h2>\n<p> <\/p>\n<p>Todo el contenido de Ruikelai Global, incluyendo pero no limitado a texto, gr\u00e1ficos, logotipos, im\u00e1genes, clips de audio, descargas digitales, compilaciones de datos y software, es propiedad de Qingdao Ruikelai Food Ingredients Co., Ltd. o de sus proveedores de contenido y est\u00e1 protegido por las leyes internacionales de derechos de autor y marcas registradas.<\/p>\n<p> <\/p>\n<p>Queda prohibida la reproducci\u00f3n, distribuci\u00f3n, modificaci\u00f3n, creaci\u00f3n de obras derivadas, exposici\u00f3n p\u00fablica o cualquier otro uso de los contenidos sin nuestra autorizaci\u00f3n previa por escrito, salvo en los casos expresamente permitidos por las presentes Condiciones.<\/p>\n<p> <\/p>\n<hr class=\"wp-block-separator has-alpha-channel-opacity\" \/>\n<p> <\/p>\n<h2 class=\"wp-block-heading\">4. Contenido del usuario<\/h2>\n<p> <\/p>\n<p>Es posible que tenga la oportunidad de enviar comentarios, opiniones u otros contenidos (\"Contenido del usuario\") al Sitio. Al publicar cualquier Contenido de Usuario, usted nos otorga una licencia no exclusiva, libre de regal\u00edas, mundial, perpetua e irrevocable para usar, reproducir, modificar, adaptar, publicar, traducir, distribuir y mostrar dicho contenido en el Sitio y en relaci\u00f3n con nuestro negocio.<\/p>\n<p> <\/p>\n<p>Usted declara que su Contenido de Usuario no infringe los derechos de propiedad intelectual ni otros derechos de terceros y que cumple todas las leyes aplicables.<\/p>\n<p> <\/p>\n<hr class=\"wp-block-separator has-alpha-channel-opacity\" \/>\n<p> <\/p>\n<h2 class=\"wp-block-heading\">5. Renuncias y limitaci\u00f3n de responsabilidad<\/h2>\n<p> <\/p>\n<h3 class=\"wp-block-heading\">5.1. Renuncia de garant\u00edas<\/h3>\n<p> <\/p>\n<p>El Sitio y toda la informaci\u00f3n, contenido, materiales y servicios proporcionados en o a trav\u00e9s del Sitio se facilitan \"tal cual\" y \"seg\u00fan disponibilidad\", sin garant\u00edas de ning\u00fan tipo, ni expresas ni impl\u00edcitas. No garantizamos que el Sitio sea ininterrumpido, est\u00e9 libre de errores o sea completamente seguro.<\/p>\n<p> <\/p>\n<h3 class=\"wp-block-heading\">5.2. Limitaci\u00f3n de responsabilidad<\/h3>\n<p> <\/p>\n<p>En ning\u00fan caso Qingdao Ruikelai Food Ingredients Co., Ltd., sus filiales o sus licenciantes ser\u00e1n responsables de ning\u00fan da\u00f1o directo, indirecto, incidental, especial, consecuente o punitivo que surja de o est\u00e9 relacionado con el uso o la imposibilidad de usar el Sitio, incluso si hemos sido advertidos de la posibilidad de tales da\u00f1os.<\/p>\n<p> <\/p>\n<hr class=\"wp-block-separator has-alpha-channel-opacity\" \/>\n<p> <\/p>\n<h2 class=\"wp-block-heading\">6. Enlaces externos<\/h2>\n<p> <\/p>\n<p>El Sitio puede contener enlaces a sitios web de terceros que no son de nuestra propiedad ni est\u00e1n bajo nuestro control. No tenemos ning\u00fan control ni asumimos ninguna responsabilidad por el contenido, las pol\u00edticas de privacidad o las pr\u00e1cticas de los sitios o servicios de terceros. Usted reconoce y acepta que no seremos responsables, directa o indirectamente, de cualquier da\u00f1o o p\u00e9rdida causados por o en relaci\u00f3n con su uso de cualquier sitio web de terceros.<\/p>\n<p> <\/p>\n<hr class=\"wp-block-separator has-alpha-channel-opacity\" \/>\n<p> <\/p>\n<h2 class=\"wp-block-heading\">7. Derecho aplicable<\/h2>\n<p> <\/p>\n<p>Estos T\u00e9rminos se regir\u00e1n e interpretar\u00e1n de acuerdo con las leyes de la Rep\u00fablica Popular de China, sin tener en cuenta su conflicto de disposiciones legales. Cualquier acci\u00f3n legal o procedimiento que surja de o en relaci\u00f3n con estos T\u00e9rminos se llevar\u00e1 a cabo exclusivamente en los tribunales correspondientes ubicados en Pingdu, y por la presente usted acepta la jurisdicci\u00f3n personal de dichos tribunales.<\/p>\n<p> <\/p>\n<hr class=\"wp-block-separator has-alpha-channel-opacity\" \/>\n<p> <\/p>\n<h2 class=\"wp-block-heading\">8. Modificaciones de las presentes condiciones<\/h2>\n<p> <\/p>\n<p>Nos reservamos el derecho a modificar o actualizar estas Condiciones en cualquier momento. Cualquier cambio ser\u00e1 efectivo inmediatamente despu\u00e9s de su publicaci\u00f3n en el Sitio, y su uso continuado del Sitio constituye la aceptaci\u00f3n de dichos cambios. Le recomendamos que revise estas Condiciones peri\u00f3dicamente.<\/p>\n<p> <\/p>\n<hr class=\"wp-block-separator has-alpha-channel-opacity\" \/>\n<p> <\/p>\n<h2 class=\"wp-block-heading\">9. Terminaci\u00f3n<\/h2>\n<p> <\/p>\n<p>Podemos terminar o suspender su acceso al Sitio inmediatamente, sin previo aviso ni responsabilidad, por cualquier motivo, incluso si incumple estas Condiciones. En caso de rescisi\u00f3n, cesar\u00e1 inmediatamente su derecho a utilizar el Sitio.<\/p>\n<p> <\/p>\n<hr class=\"wp-block-separator has-alpha-channel-opacity\" \/>\n<p> <\/p>\n<h2 class=\"wp-block-heading\">10. Informaci\u00f3n de contacto<\/h2>\n<p> <\/p>\n<p>Si tiene alguna pregunta o duda sobre estas Condiciones o el Sitio, p\u00f3ngase en contacto con nosotros en:<\/p>\n<p> <\/p>\n<p><strong>Qingdao Ruikelai Food Ingredients Co.<\/strong><br \/>Correo electr\u00f3nico: info@ruikelaiglobal.com<br \/>Direcci\u00f3n: No.277 Chongqing Rd, Pingdu Ecnomic Development Zone, Qingdao City, provincia de Shandong, China<\/p>\n<p> <\/p>\n<hr class=\"wp-block-separator has-alpha-channel-opacity\" \/>\n<p> <\/p>\n<p><em>Utilizando <strong>Ruikelai Global<\/strong>reconoce que ha le\u00eddo estas Condiciones de uso y que acepta regirse por ellas.<\/em><\/p>\n<p><\/p>\n<\/div><\/div>\n<\/section>","protected":false},"excerpt":{"rendered":"<p>Terms of Use Effective Date: April 2, 2025 Welcome to RUIKELAI GLOBAL, the online presence of Qingdao Ruikelai Food Ingredients Co., Ltd. (\u201cCompany\u201d, \u201cwe\u201d, \u201cus\u201d, or \u201cour\u201d). These Terms of Use (\u201cTerms\u201d) govern your access to and use of our website located at https:\/\/ruikelaiglobal.com (the \u201cSite\u201d), including all content, features, and services offered on or [&hellip;]<\/p>\n","protected":false},"author":1,"featured_media":0,"parent":0,"menu_order":0,"comment_status":"closed","ping_status":"closed","template":"","meta":{"_breakdance_hide_in_design_set":false,"_breakdance_tags":"","footnotes":""},"class_list":["post-1745","page","type-page","status-publish","hentry"],"_links":{"self":[{"href":"https:\/\/ruikelaiglobal.com\/es\/wp-json\/wp\/v2\/pages\/1745","targetHints":{"allow":["GET"]}}],"collection":[{"href":"https:\/\/ruikelaiglobal.com\/es\/wp-json\/wp\/v2\/pages"}],"about":[{"href":"https:\/\/ruikelaiglobal.com\/es\/wp-json\/wp\/v2\/types\/page"}],"author":[{"embeddable":true,"href":"https:\/\/ruikelaiglobal.com\/es\/wp-json\/wp\/v2\/users\/1"}],"replies":[{"embeddable":true,"href":"https:\/\/ruikelaiglobal.com\/es\/wp-json\/wp\/v2\/comments?post=1745"}],"version-history":[{"count":5,"href":"https:\/\/ruikelaiglobal.com\/es\/wp-json\/wp\/v2\/pages\/1745\/revisions"}],"predecessor-version":[{"id":1883,"href":"https:\/\/ruikelaiglobal.com\/es\/wp-json\/wp\/v2\/pages\/1745\/revisions\/1883"}],"wp:attachment":[{"href":"https:\/\/ruikelaiglobal.com\/es\/wp-json\/wp\/v2\/media?parent=1745"}],"curies":[{"name":"wp","href":"https:\/\/api.w.org\/{rel}","templated":true}]}}