{"id":2812,"date":"2025-05-26T01:20:33","date_gmt":"2025-05-26T01:20:33","guid":{"rendered":"https:\/\/ruikelaiglobal.com\/?post_type=product&#038;p=2812"},"modified":"2025-06-02T02:31:51","modified_gmt":"2025-06-02T02:31:51","slug":"chicken-bone-extract-seasoning","status":"publish","type":"product","link":"https:\/\/ruikelaiglobal.com\/eo\/chicken-bone-extract-seasoning\/","title":{"rendered":"Spica\u0135o el ekstrakto de kokida osto"},"content":{"rendered":"<p>Ruikelai <strong>Spica\u0135o el ekstrakto de kokida osto<\/strong> Estas \u0109io-en-unu ingredienco sen MSG, farita el koncentrita ekstrakto de kokidaj ostoj. \u011ci liveras duoblan fre\u015decon kaj guston kompare al tradicia kokida esenco, donante al viandoj, marinadoj, kolbasoj, supoj, far\u0109oj kaj pladoj silkan teksturon kaj ri\u0109an, tavoligitan aromon, kiu plialtigas \u0109iun mordeton.<\/p>","protected":false},"excerpt":{"rendered":"<h3 style=\"color: #cb342d; margin-bottom: 12px;\">Produkta priskribo:<\/h3>\n<p class=\"\" data-start=\"385\" data-end=\"444\"><strong data-start=\"385\" data-end=\"414\"><span style=\"color: #cb342d; margin-right: 8px;\">\u2022<\/span>Duobla fre\u015deco kaj gusto<\/strong> kontra\u016d kokida esenco kaj MSG<\/p>\n<p class=\"\" data-start=\"447\" data-end=\"567\"><strong data-start=\"447\" data-end=\"474\"><span style=\"color: #cb342d; margin-right: 8px;\">\u2022<\/span>\u0108io-en-unu-multflankeco:<\/strong> viandoj, marinitaj produktoj, kolbasoj, \u015dinkoj, supoj, far\u0109a\u0135oj, spica\u0135oj, kaj kuiritaj pladoj<\/p>\n<p class=\"\" data-start=\"570\" data-end=\"635\"><strong data-start=\"570\" data-end=\"588\"><span style=\"color: #cb342d; margin-right: 8px;\">\u2022<\/span>Silka teksturo:<\/strong> plibonigas bu\u015dsenton kaj sorbadon de ingrediencoj<\/p>\n<p class=\"\" data-start=\"638\" data-end=\"717\"><strong data-start=\"638\" data-end=\"660\"><span style=\"color: #cb342d; margin-right: 8px;\">\u2022<\/span>Arom-plibonigo:<\/strong> Plialtigas la bazan aromon kaj parfumon, igante gustojn ekflori.<\/p>\n<p class=\"\" data-start=\"720\" data-end=\"810\"><strong data-start=\"720\" data-end=\"744\"><span style=\"color: #cb342d; margin-right: 8px;\">\u2022<\/span>Naturaj &amp; Efikaj:<\/strong> Unupa\u015da aldono por tuja, longda\u016dra plibonigo de la gusto.<\/p>","protected":false},"featured_media":2813,"comment_status":"open","ping_status":"closed","template":"","meta":[],"product_brand":[24],"product_cat":[18,31],"product_tag":[107],"class_list":{"0":"post-2812","1":"product","2":"type-product","3":"status-publish","4":"has-post-thumbnail","6":"product_brand-ruikelai","7":"product_cat-seasoning","8":"product_cat-chicken-bouillon-seasoning","9":"product_tag-chicken-flavor","10":"pa_form-concentrate","11":"pa_taste-chicken-flavor","13":"first","14":"instock","15":"shipping-taxable","16":"product-type-simple"},"_links":{"self":[{"href":"https:\/\/ruikelaiglobal.com\/eo\/wp-json\/wp\/v2\/product\/2812","targetHints":{"allow":["GET"]}}],"collection":[{"href":"https:\/\/ruikelaiglobal.com\/eo\/wp-json\/wp\/v2\/product"}],"about":[{"href":"https:\/\/ruikelaiglobal.com\/eo\/wp-json\/wp\/v2\/types\/product"}],"replies":[{"embeddable":true,"href":"https:\/\/ruikelaiglobal.com\/eo\/wp-json\/wp\/v2\/comments?post=2812"}],"wp:featuredmedia":[{"embeddable":true,"href":"https:\/\/ruikelaiglobal.com\/eo\/wp-json\/wp\/v2\/media\/2813"}],"wp:attachment":[{"href":"https:\/\/ruikelaiglobal.com\/eo\/wp-json\/wp\/v2\/media?parent=2812"}],"wp:term":[{"taxonomy":"product_brand","embeddable":true,"href":"https:\/\/ruikelaiglobal.com\/eo\/wp-json\/wp\/v2\/product_brand?post=2812"},{"taxonomy":"product_cat","embeddable":true,"href":"https:\/\/ruikelaiglobal.com\/eo\/wp-json\/wp\/v2\/product_cat?post=2812"},{"taxonomy":"product_tag","embeddable":true,"href":"https:\/\/ruikelaiglobal.com\/eo\/wp-json\/wp\/v2\/product_tag?post=2812"}],"curies":[{"name":"wp","href":"https:\/\/api.w.org\/{rel}","templated":true}]}}