{"id":2673,"date":"2025-05-07T08:00:17","date_gmt":"2025-05-07T08:00:17","guid":{"rendered":"https:\/\/ruikelaiglobal.com\/?post_type=product&#038;p=2673"},"modified":"2025-07-02T05:17:25","modified_gmt":"2025-07-02T05:17:25","slug":"barbecue-flavor-enhancer","status":"publish","type":"product","link":"https:\/\/ruikelaiglobal.com\/eo\/barbecue-flavor-enhancer\/","title":{"rendered":"Barbekua gusto-plibonigilo"},"content":{"rendered":"<h2>Granda\u0135a kradrostospica plibonigilo por industriaj kaj man\u011dservaj aplikoj<\/h2>\n<p>Malfermu senekzemplan profundon kaj konsekvencon en viaj barbekuaj produktoj kun Ruilisi\u00ae Barbecue Flavor Enhancer 7710. Kiel gvida fabrikejo de la\u016dmendaj amasaj barbekuaj gustplibonigiloj, ni projektis \u0109i tiun profesian pulvoron specife por industriaj man\u011da\u0135produktantoj, grandskalaj man\u011dservaj operacioj kaj privatetikedaj markoj ser\u0109antaj distingan konkurencivan avanta\u011don.<\/p>\n<p>Nia noviga formulo bazi\u011das sur progresintaj <b>Teknologio de profunda infuzo kaj termika \u015dloso<\/b>. \u0108i tiu sistemo uzas proprietan miksa\u0135on de gustoprekursoroj, inkluzive de altpotencaj gistaj ekstraktoj, kiuj sinergie laboras por optimumigi la Maillard-reagon profunde en la proteina matrico. La rezulto ne estas nur surfaca spica\u0135o, sed ri\u0109a, bongusta kaj a\u016dtentika barbekua karaktero, kiu penetras \u0109iun fibron de la viando. \u0108i tiu umamipliigilo por barbekuaj injektoj kaj marinadoj kreas fundamentan viandan guston, kiu estas forta kaj kompleksa.<\/p>\n<p>Krome, la komponanto Thermal-Lock certigas, ke \u0109i tiu zorge evoluigita gustoprofilo restas stabila kaj potenca, e\u0109 kiam submetita al la rigoraj postuloj de industria prilaborado, kiel alt-temperatura kradrostado, fumado, retortado kaj longda\u016dra varmtenado. \u0108i tiu varmestabila kradrosta gusto por prilaboritaj vianda\u0135oj garantias konsistencon de aro al aro kaj superan sensan sperton por via fina konsumanto. Kunlaboru kun \u0109efklasa fabrikanto de viandaj spica\u0135oj por altigi vian produktaron per pura-etikeda pulvoro de fumgusto, kiu liveras fidindan efikecon kaj vere neforgeseblan guston.<\/p>","protected":false},"excerpt":{"rendered":"<h2><strong><span style=\"color: #cb342d; font-family: Arial, sans-serif;\">Produkta priskribo:<\/span><\/strong><\/h2>\n<div style=\"font-family: Arial, sans-serif; line-height: 1.6;\">\n<ul style=\"list-style: none; padding-left: 0; margin: 0;\">\n<li style=\"margin-bottom: 10px;\"><span style=\"color: #cb342d; margin-right: 8px;\">\u2022<\/span><b>\u0108efa trajto:<\/b> Altnivela teknologio de profunda infuzo kaj termika \u015dlosado.\n<ul>\n<li><b>Utilo:<\/b> Certigas, ke fortika, a\u016dtentika barbekua gusto profunde penetras kaj eltenas alt-temperaturan prilaboradon, garantiante konstantan kaj bongustan finan produkton por viaj klientoj.<\/li>\n<\/ul>\n<\/li>\n<li><b><span style=\"color: #cb342d; margin-right: 8px;\">\u2022<\/span>\u0108efa trajto:<\/b> Koncentrita sala kaj umamia profilo.\n<ul>\n<li><b>Utilo:<\/b> Subtenata de naturaj gistaj ekstraktoj, \u011di liveras ri\u0109an, viandan guston, ebligante la kreadon de produktoj kun pura etikedo per redukto a\u016d anstata\u016digo de MSG dum plifortigado de la \u011denerala gust-efiko.<\/li>\n<\/ul>\n<\/li>\n<li><b><span style=\"color: #cb342d; margin-right: 8px;\">\u2022<\/span>\u0108efa trajto:<\/b> Tre solvebla pulvora formo.\n<ul>\n<li><b>Utilo:<\/b> Integri\u011das senprobleme en amba\u016d sekaj kaj likvaj sistemoj, kio igas \u011din ideala por vasta gamo da industriaj man\u011da\u0135aj spica\u0135aplikoj, inkluzive de sekaj frotadoj, likvaj marinadoj, injektoj, glazuroj kaj sa\u016dcbazoj.<\/li>\n<\/ul>\n<\/li>\n<li><b><span style=\"color: #cb342d; margin-right: 8px;\">\u2022<\/span>\u0108efa trajto:<\/b> Plurflanka Gusto-Bazo.\n<ul>\n<li><b>Utilo:<\/b> Provizas ne\u016dtralan sed fortikan barbekuan bazon, kiu plibonigas vastan spektron de gustoprofiloj, de klasika usona hickory-fumo \u011dis modernaj tutmondaj varia\u0135oj kiel koreaj a\u016d kajunaj, akcelante vian produkt-disvolvan ciklon.<\/li>\n<\/ul>\n<\/li>\n<li><b><span style=\"color: #cb342d; margin-right: 8px;\">\u2022<\/span>\u0108efa trajto:<\/b> Fontigita el instala\u0135o atestita la\u016d ISO 22000.\n<ul>\n<li><b>Utilo:<\/b> Garantias la observon de la plej altaj internaciaj normoj pri man\u011da\u0135a sekureco, kvalito kaj spurebleco, provizante al vi fidindan kaj sekuran ingrediencon por via tutmonda provizo\u0109eno.<\/li>\n<\/ul>\n<\/li>\n<\/ul>\n<\/div>","protected":false},"featured_media":2677,"comment_status":"open","ping_status":"closed","template":"","meta":[],"product_brand":[36],"product_cat":[105,85,18],"product_tag":[106],"class_list":{"0":"post-2673","1":"product","2":"type-product","3":"status-publish","4":"has-post-thumbnail","6":"product_brand-ruilisi","7":"product_cat-barbecue-falvor-seasonings","8":"product_cat-deep-fry-bbq","9":"product_cat-seasoning","10":"product_tag-barbecue-flavor","11":"pa_form-powder","12":"pa_taste-enhancing-meat-flavor","14":"first","15":"instock","16":"shipping-taxable","17":"product-type-simple"},"_links":{"self":[{"href":"https:\/\/ruikelaiglobal.com\/eo\/wp-json\/wp\/v2\/product\/2673","targetHints":{"allow":["GET"]}}],"collection":[{"href":"https:\/\/ruikelaiglobal.com\/eo\/wp-json\/wp\/v2\/product"}],"about":[{"href":"https:\/\/ruikelaiglobal.com\/eo\/wp-json\/wp\/v2\/types\/product"}],"replies":[{"embeddable":true,"href":"https:\/\/ruikelaiglobal.com\/eo\/wp-json\/wp\/v2\/comments?post=2673"}],"wp:featuredmedia":[{"embeddable":true,"href":"https:\/\/ruikelaiglobal.com\/eo\/wp-json\/wp\/v2\/media\/2677"}],"wp:attachment":[{"href":"https:\/\/ruikelaiglobal.com\/eo\/wp-json\/wp\/v2\/media?parent=2673"}],"wp:term":[{"taxonomy":"product_brand","embeddable":true,"href":"https:\/\/ruikelaiglobal.com\/eo\/wp-json\/wp\/v2\/product_brand?post=2673"},{"taxonomy":"product_cat","embeddable":true,"href":"https:\/\/ruikelaiglobal.com\/eo\/wp-json\/wp\/v2\/product_cat?post=2673"},{"taxonomy":"product_tag","embeddable":true,"href":"https:\/\/ruikelaiglobal.com\/eo\/wp-json\/wp\/v2\/product_tag?post=2673"}],"curies":[{"name":"wp","href":"https:\/\/api.w.org\/{rel}","templated":true}]}}