{"id":253,"date":"2025-02-21T01:19:24","date_gmt":"2025-02-21T01:19:24","guid":{"rendered":"https:\/\/ruikelaiglobal.com\/?post_type=product&#038;p=253"},"modified":"2025-06-09T02:15:16","modified_gmt":"2025-06-09T02:15:16","slug":"meaty-ethyl-flavor-enhancer","status":"publish","type":"product","link":"https:\/\/ruikelaiglobal.com\/eo\/meaty-ethyl-flavor-enhancer\/","title":{"rendered":"Viandeca Etila Gustplifortigilo"},"content":{"rendered":"<p class=\"FirstParagraph\">La grosa komerco de Qingdao Ruikelai <strong>Viandeca Etila Gustplifortigilo<\/strong> \u011ci liveras potencan umamian plifortigon kaj ekvilibrajn salajn notojn al viandaj pladoj, sa\u016dcoj, man\u011detoj kaj plant-bazitaj proteinoj. Perfekta por industria-skala man\u011doproduktado kaj por linioj de pretman\u011da\u0135oj, \u011di infuzas a\u016dtentan, multtavolan viandan aromon sen maski naturajn gustojn. Kiel la plej bona spica\u0135fabrikanto en \u0108inio, nia <a href=\"https:\/\/ruikelaiglobal.com\/eo\/flavor-solutions\/\">Originalaj ekipa\u0135fabrikantaj nutra\u0135aj aldona\u0135oj<\/a> Fabriko ofertas \u0109i tiun multflankan plibonigilon por simpligi la formuladon kaj certigi konstantan guston en marinadoj, buljonoj, prilaboritaj viandoj kaj viando-anstata\u016da\u0135oj.<\/p>","protected":false},"excerpt":{"rendered":"<h3 style=\"color: #cb342d; margin-bottom: 12px;\">Produkta priskribo:<\/h3>\n<p data-start=\"605\" data-end=\"739\"><strong data-start=\"605\" data-end=\"639\"><span style=\"color: #cb342d; margin-right: 8px;\">\u2022<\/span>Plurdimensia Forta Efiko<\/strong>Intensigas naturajn viandajn subtonojn por supoj, sa\u016dcoj, prilaboritaj viandoj kaj plant-bazitaj proteinoj.<\/p>\n<p data-start=\"742\" data-end=\"850\"><strong data-start=\"742\" data-end=\"763\"><span style=\"color: #cb342d; margin-right: 8px;\">\u2022<\/span>Preta por pura etikedo<\/strong>Ne-GMO-formulo sen aldona\u0135oj, kiu perfekte kongruas kun naturaj spicoj kaj herboj.<\/p>\n<p data-start=\"853\" data-end=\"959\"><strong data-start=\"853\" data-end=\"881\"><span style=\"color: #cb342d; margin-right: 8px;\">\u2022<\/span>Alt-varma kaj brete stabila<\/strong>: Konservas la gustan integrecon dum kuirado, retortado kaj longda\u016dra stokado.<\/p>\n<p data-start=\"962\" data-end=\"1073\"><strong data-start=\"962\" data-end=\"990\"><span style=\"color: #cb342d; margin-right: 8px;\">\u2022<\/span>Personigita kontrolo de saleco<\/strong>Precize kalibrita salplifortigo sen superforti la delikatajn viandajn nuancojn.<\/p>\n<p data-start=\"1076\" data-end=\"1200\"><strong data-start=\"1076\" data-end=\"1111\"><span style=\"color: #cb342d; margin-right: 8px;\">\u2022<\/span>OEM-aj kaj la\u016dmendaj kondimentaj servoj<\/strong>Ideala por OEM-servoj pri personigita gustigado\u2014adaptu gustprofilojn al la bezonoj de via marko.<\/p>\n<p data-start=\"1203\" data-end=\"1329\"><strong data-start=\"1203\" data-end=\"1228\"><span style=\"color: #cb342d; margin-right: 8px;\">\u2022<\/span>Tutmonda Provizpartnero<\/strong>De niaj ISO-atestitaj fabrikoj \u011dis via linio, profitu de la plej bona spica\u0135fabrikanto en \u0108inio.<\/p>","protected":false},"featured_media":2908,"comment_status":"open","ping_status":"closed","template":"","meta":[],"product_brand":[24],"product_cat":[77,17],"product_tag":[124,69],"class_list":{"0":"post-253","1":"product","2":"type-product","3":"status-publish","4":"has-post-thumbnail","6":"product_brand-ruikelai","7":"product_cat-ethyl-flavor-enhancers","8":"product_cat-flavor","9":"product_tag-flavor-enhancer","10":"product_tag-powder","11":"pa_form-powder","12":"pa_taste-enhancing-meat-flavor","14":"first","15":"instock","16":"sale","17":"shipping-taxable","18":"purchasable","19":"product-type-simple"},"_links":{"self":[{"href":"https:\/\/ruikelaiglobal.com\/eo\/wp-json\/wp\/v2\/product\/253","targetHints":{"allow":["GET"]}}],"collection":[{"href":"https:\/\/ruikelaiglobal.com\/eo\/wp-json\/wp\/v2\/product"}],"about":[{"href":"https:\/\/ruikelaiglobal.com\/eo\/wp-json\/wp\/v2\/types\/product"}],"replies":[{"embeddable":true,"href":"https:\/\/ruikelaiglobal.com\/eo\/wp-json\/wp\/v2\/comments?post=253"}],"wp:featuredmedia":[{"embeddable":true,"href":"https:\/\/ruikelaiglobal.com\/eo\/wp-json\/wp\/v2\/media\/2908"}],"wp:attachment":[{"href":"https:\/\/ruikelaiglobal.com\/eo\/wp-json\/wp\/v2\/media?parent=253"}],"wp:term":[{"taxonomy":"product_brand","embeddable":true,"href":"https:\/\/ruikelaiglobal.com\/eo\/wp-json\/wp\/v2\/product_brand?post=253"},{"taxonomy":"product_cat","embeddable":true,"href":"https:\/\/ruikelaiglobal.com\/eo\/wp-json\/wp\/v2\/product_cat?post=253"},{"taxonomy":"product_tag","embeddable":true,"href":"https:\/\/ruikelaiglobal.com\/eo\/wp-json\/wp\/v2\/product_tag?post=253"}],"curies":[{"name":"wp","href":"https:\/\/api.w.org\/{rel}","templated":true}]}}