{"id":4099,"date":"2025-08-27T07:35:50","date_gmt":"2025-08-27T07:35:50","guid":{"rendered":"https:\/\/ruikelaiglobal.com\/?page_id=4099"},"modified":"2025-08-27T07:46:30","modified_gmt":"2025-08-27T07:46:30","slug":"flavor-stability-shelf-life-extension","status":"publish","type":"page","link":"https:\/\/ruikelaiglobal.com\/eo\/flavor-stability-shelf-life-extension\/","title":{"rendered":"Gusta stabileco kaj plilongigo de la breta vivo"},"content":{"rendered":"<section class=\"bde-section-4099-100 bde-section\">\n              \n  \n\t\n\n  <div class=\"section-background-overlay\"><\/div>\n\n\n<div class=\"section-container\"><div class=\"bde-div-4099-101 bde-div\">\n              \n  \n\t\n\n  <div class=\"section-background-overlay\"><\/div>\n\n\n<h1 class=\"bde-heading-4099-102 bde-heading\">\nKonservado de Perfekteco: Solvoj por Gustostabileco kaj Plilongigo de Konservebleco\n<\/h1><div class=\"bde-text-4099-103 bde-text\">\nCertigu, ke la gusto, fre\u015deco kaj kvalito de via produkto da\u016dras. Malkovru niajn altnivelajn teknologiojn por protekti la guston kaj plilongigi la konservadotempon.\n<\/div><div class=\"bde-div-4099-104 bde-div\">\n  \n\t\n\n\n\n<div class=\"bde-button-4099-105 bde-button\">\n    \n                                    \n              \n    \n    \n    \n            \n                    \n            \n            \n\n    \n    \n              \n    \n    \n    <a class=\"breakdance-link button-atom button-atom--custom bde-button__button\" href=\"#https:\/\/ruikelaiglobal.com\/Preservation-Technologies\/\" target=\"_self\" data-type=\"url\"  id=\"#743\" >\n\n    \n        <span class=\"button-atom__text\">Esploru konservadajn teknologiojn<\/span>\n\n        \n        \n                <\/a>\n\n    \n\n\n<\/div>\n<\/div>\n<\/div><\/div>\n<\/section><section class=\"bde-section-4099-106 bde-section\">\n  \n\t\n\n\n\n<div class=\"section-container\"><div class=\"bde-columns-4099-107 bde-columns\"><div class=\"bde-column-4099-108 bde-column\">\n  \n\t\n\n\n\n<div class=\"bde-fancy-divider-4099-109 bde-fancy-divider\">\n\n\n<div class=\"bde-fancy-divider__wrapper\">\n  <div class=\"bde-fancy-divider__separator has-content has-content-flex-end\">\n  \t    \t    \t          <div class=\"bde-fancy-divider__content bde-fancy-divider__content--text\">\n          Solvoj\n          <\/div>\n    \t      <\/div>\n<\/div>\n\n<\/div><h2 class=\"bde-heading-4099-110 bde-heading\">\nLa Alta Kosto de Malstabileco: Protektado de Via Marko kaj Redukto de Mal\u015dparo\n<\/h2>\n<\/div><div class=\"bde-column-4099-111 bde-column\">\n  \n\t\n\n\n\n<div class=\"bde-rich-text-4099-112 bde-rich-text breakdance-rich-text-styles\">\n<p>Produktputri\u011do kaj sensa degenero estas pli ol nur operaciaj obstakloj; ili estas gravaj minacoj al via profito kaj markoreputacio. \u0108iujare, man\u011da\u0135a mal\u015dparo kostas al la tutmonda ekonomio pli ol $10 milionojn, kun granda parto rezultanta el produktoj perdantaj sian kvaliton anta\u016d ol ili povas esti konsumitaj. Por man\u011da\u0135fabrikanto, tio traduki\u011das al rektaj perdoj pro for\u0135etita stoko kaj nerektaj kostoj pro malefikecoj en laboro kaj utila\u0135oj. Krome, unu sola man\u011da\u0135a revoko povas kosti avera\u011de 10 milionojn da dolaroj en rektaj elspezoj, ne inkluzive de la longda\u016dra dama\u011do al la fido de konsumantoj kaj la lojaleco al la marko. Investante en efikan konservadon, vi ne nur protektas viajn produktojn, sed anka\u016d plifortigas la enga\u011di\u011don de via marko al da\u016dripovo \u2014 valoro \u0109iam pli grava por konsumantoj \u2014 aktive reduktante man\u011da\u0135an mal\u015dparon.<\/p>\n<\/div>\n<\/div><\/div><\/div>\n<\/section><section class=\"bde-section-4099-113 bde-section\">\n  \n\t\n\n\n\n<div class=\"section-container\"><h2 class=\"bde-heading-4099-114 bde-heading\">\nDuobla aliro al konservado\n<\/h2><div class=\"bde-columns-4099-128 bde-columns\"><div class=\"bde-column-4099-129 bde-column\">\n  \n\t\n\n\n\n<div class=\"bde-text-4099-117 bde-text\">\n\ud83e\udda0\n<\/div><h3 class=\"bde-heading-4099-118 bde-heading\">\nCertigo de Mikroba Stabileco (Man\u011da\u0135a Sekureco)\n<\/h3><div class=\"bde-text-4099-119 bde-text\">\nLa unua linio de defendo en konservado estas certigi la sekurecon de la produkto. Tio implicas malhelpi la kreskon de putri\u011digaj mikroorganismoj kiel bakterioj, gistoj kaj \u015dimoj, kiuj estas \u0109efaj ka\u016dzoj de man\u011dotoksaj malsanoj kaj reprenoj de produktoj. Niaj antimicrobiaj solvoj kun pura etikedo, derivitaj el naturaj fontoj kiel fermentado, efike plilongigas la konservadotempon kaj protektas la sanon de konsumantoj, permesante al vi liveri produktojn kiuj estas samtempe sekuraj kaj sen nedezirataj sintezaj konserviloj.\n<\/div>\n<\/div><div class=\"bde-column-4099-130 bde-column\">\n  \n\t\n\n\n\n<div class=\"bde-text-4099-121 bde-text\">\n\ud83c\udfa8\n<\/div><h3 class=\"bde-heading-4099-122 bde-heading\">\nKonservado de sensa stabileco (gusto kaj koloro)\n<\/h3><div class=\"bde-text-4099-123 bde-text\">\nPreter sekureco, estas esence protekti la celitan sensan sperton, kiu difinas vian produkton. Gusto, koloro kaj aromo estas sentemaj al degradado pro mediaj faktoroj kiel oksidi\u011do, lumo kaj varmo, kio kondukas al malagrablaj notoj, ranceco kaj senkolori\u011do. Niaj altnivelaj solvoj, inkluzive de botanik-bazitaj antioksidantoj kaj gust-enkapsuligo, protektas \u0109i tiujn delikatajn kompona\u0135ojn, certigante, ke via produkto gustas, odoras kaj aspektas tiel perfekte en sia lasta tago kiel en sia unua.\n<\/div>\n<\/div><\/div><\/div>\n<\/section><section class=\"bde-section-4099-131 bde-section\">\n  \n\t\n\n\n\n<div class=\"section-container\"><h2 class=\"bde-heading-4099-132 bde-heading\">\nTeknologia Prezento: Altnivelaj Sistemoj por Protektado de Gusto\n<\/h2><div class=\"bde-grid-4099-133 bde-grid\">\n  \n\t\n\n\n\n<div class=\"bde-div-4099-134 bde-div\">\n              \n  \n\t\n\n  <div class=\"section-background-overlay\"><\/div>\n\n\n<div class=\"bde-text-4099-135 bde-text\">\n\ud83e\uddea\n<\/div><h3 class=\"bde-heading-4099-136 bde-heading\">\nNaturaj antimikrobianoj kaj fermenta\u0135oj\n<\/h3><div class=\"bde-text-4099-137 bde-text\">\nNia portofolio de ingrediencoj kun pura etikedo, kiel fermentita tritika faruno kaj kultivita dekstroz, nature malhelpas mikrobian kaduki\u011don en vasta gamo da aplikoj, de bakitaj produktoj \u011dis prilaboritaj viandoj. \u0108i tiuj ingrediencoj estas efikaj, konsumant-amikaj alternativoj al sintezaj konserviloj kiel kalcia propionato, helpante vin atingi pli simplan, pli travideblan liston de ingrediencoj.\n<\/div>\n<\/div><div class=\"bde-div-4099-138 bde-div\">\n              \n  \n\t\n\n  <div class=\"section-background-overlay\"><\/div>\n\n\n<div class=\"bde-text-4099-139 bde-text\">\n\ud83c\udf3f\n<\/div><h3 class=\"bde-heading-4099-140 bde-heading\">\nAntioksidaj Botanikaj Miksa\u0135oj\n<\/h3><div class=\"bde-text-4099-141 bde-text\">\nUtiligu la potencon de la naturo per niaj normigitaj ekstraktoj el fontoj kiel rosmareno, verda teo kaj acerolo. \u0108i tiuj potencaj miksa\u0135oj protektas kontra\u016d oksidi\u011do per ne\u016dtraligo de liberaj radikaloj, malhelpas rancidi\u011don en grasoj kaj oleoj kaj konservas la fre\u015dan guston kaj viglan koloron de viaj produktoj.\n<\/div>\n<\/div><div class=\"bde-div-4099-142 bde-div\">\n              \n  \n\t\n\n  <div class=\"section-background-overlay\"><\/div>\n\n\n<div class=\"bde-text-4099-143 bde-text\">\n\ud83e\uddec\n<\/div><h3 class=\"bde-heading-4099-144 bde-heading\">\nAltnivela gusto-enkapsulado\n<\/h3><div class=\"bde-text-4099-145 bde-text\">\nNia plej moderna enkapsuliga teknologio kreas mikroskopan, protektan barieron \u0109irka\u016d volatilaj gustomolekuloj. \u011ci protektas ilin kontra\u016d varmo, oksigeno kaj humido dum prilaborado kaj stokado, certigante potencan, kontrolitan liberigon de gusto en la momento de konsumado por supera sensa sperto.\n<\/div>\n<\/div>\n<\/div><\/div>\n<\/section><section class=\"bde-section-4099-182 bde-section\">\n  \n\t\n\n\n\n<div class=\"section-container\"><div class=\"bde-columns-4099-183 bde-columns\"><div class=\"bde-column-4099-186 bde-column\">\n  \n\t\n\n\n\n<h2 class=\"bde-heading-4099-187 bde-heading\">\nAplika Fokuso: Konservado de fre\u015deco en bakitaj produktoj\n<\/h2><div class=\"bde-rich-text-4099-188 bde-rich-text breakdance-rich-text-styles\">\n<p>Imagu fabrikanton de enpakitaj muffin-oj, kiu celas plilongigi la konserveblon de tipaj 7 tagoj al pli ol 14 tagoj, reduktante resendojn kaj ruba\u0135ojn. Per nia duobla aliro, tio estas atingebla. Unue, fermentita tritika ingredienco estas enkorpigita en la paston por inhibicii \u015dimkreskon, tiel traktante Mikroban Stabilecon kaj certigante, ke la produkto restu sekura kaj vide alloga. Due, oni uzas enkapsulitan vanilan guston por protekti la delikatan aromon kontra\u016d malkomponi\u011do dum bakado kaj stokado. Tio certigas Sensan Stabilecon, liverante al la konsumanto fre\u015dan, aroman vanilan sperton, e\u0109 semajnojn post la produktado.<\/p>\n<\/div>\n<\/div><div class=\"bde-column-4099-184 bde-column\">\n  \n\t\n\n\n\n<div class=\"bde-image-4099-185 bde-image\">\n<figure class=\"breakdance-image breakdance-image--4138\">\n\t<div class=\"breakdance-image-container\">\n\t\t<div class=\"breakdance-image-clip\"><img decoding=\"async\" class=\"breakdance-image-object\" src=\"https:\/\/ruikelaiglobal.com\/wp-content\/uploads\/2025\/08\/Maintaining-Freshness-in-Baked-Goods_RuikelaiGlobal.webp\" width=\"1200\" height=\"597\" srcset=\"https:\/\/ruikelaiglobal.com\/wp-content\/uploads\/2025\/08\/Maintaining-Freshness-in-Baked-Goods_RuikelaiGlobal.webp 1200w, https:\/\/ruikelaiglobal.com\/wp-content\/uploads\/2025\/08\/Maintaining-Freshness-in-Baked-Goods_RuikelaiGlobal-300x149.webp 300w, https:\/\/ruikelaiglobal.com\/wp-content\/uploads\/2025\/08\/Maintaining-Freshness-in-Baked-Goods_RuikelaiGlobal-1024x509.webp 1024w, https:\/\/ruikelaiglobal.com\/wp-content\/uploads\/2025\/08\/Maintaining-Freshness-in-Baked-Goods_RuikelaiGlobal-768x382.webp 768w, https:\/\/ruikelaiglobal.com\/wp-content\/uploads\/2025\/08\/Maintaining-Freshness-in-Baked-Goods_RuikelaiGlobal-18x9.webp 18w, https:\/\/ruikelaiglobal.com\/wp-content\/uploads\/2025\/08\/Maintaining-Freshness-in-Baked-Goods_RuikelaiGlobal-800x398.webp 800w\" sizes=\"(max-width: 1200px) 100vw, 1200px\" alt=\"\" title=\"\"><\/div>\n\t<\/div><\/figure>\n\n<\/div>\n<\/div><\/div><\/div>\n<\/section><section class=\"bde-section-4099-189 bde-section\">\n  \n\t\n\n\n\n<div class=\"section-container\"><div class=\"bde-div-4099-190 bde-div\">\n  \n\t\n\n\n\n<h2 class=\"bde-heading-4099-191 bde-heading\">\nKunlaboru kun ni por da\u016dra kvalito\n<\/h2><div class=\"bde-text-4099-192 bde-text\">\nPor protekti la integrecon de via produkto necesas pli ol nur ingrediencoj; necesas partnereco. La spertuloj de nia teknika teamo pretas kunlabori kun vi por solvi viajn specifajn konservadajn defiojn. Ni povas fari ampleksajn studojn pri breta vivda\u016dro kaj rekomendi adaptitan sistemon de solvoj, desegnitan por plenumi la unikajn bezonojn de via produkta matrico, prilaboradaj kondi\u0109oj kaj provizo\u0109eno. Ni laboru kune por enkonstrui da\u016dran kvaliton en \u0109iun produkton, kiun vi kreas.\n<\/div><div class=\"bde-button-4099-193 bde-button\">\n    \n                                    \n    \n    \n    \n    \n            \n                    \n            \n                           \n                       \n                 \n\n    \n    \n    \n                    \n    \n    <a class=\"breakdance-link button-atom button-atom--custom bde-button__button\" href=\"#\" target=\"_self\" data-type=\"action\"  data-action='{\"type\":\"popup\",\"popupOptions\":{\"popupId\":\"3392\",\"popupAction\":\"toggle\"}}' >\n\n    \n        <span class=\"button-atom__text\">Petu stabilecan konsulton<\/span>\n\n        \n        \n                <\/a>\n\n    \n\n\n<\/div><div class=\"bde-div-4099-212 bde-div\">\n  \n\t\n\n\n\n<div class=\"bde-text-4099-213 bde-text\">\nKunhavigu en:\n<\/div><div class=\"bde-social-icons-4099-214 bde-social-icons\">\n                  \n            \n            \n\n    \n    \n    \n    \n    \n    <a class=\"breakdance-link bde-social-icons__icon-wrapper bde-social-icons__icon-facebook\" href=\"https:\/\/www.facebook.com\/RuikelaiGlobal\" target=\"_self\" data-type=\"url\" aria-label=\"Fejsbuko\" rel=\"nofollow noopener\">\n\n             <svg xmlns=\"http:\/\/www.w3.org\/2000\/svg\" width=\"100%\" viewbox=\"0 0 24 24\">\n            <path d=\"M9 8h-3v4h3v12h5v-12h3.642l.358-4h-4v-1.667c0-.955.192-1.333 1.115-1.333h2.885v-5h-3.808c-3.596 0-5.192 1.583-5.192 4.615v3.385z\"\/>\n       <\/svg>\n              <\/a>\n\n                    \n            \n            \n\n    \n    \n    \n    \n    \n    <a class=\"breakdance-link bde-social-icons__icon-wrapper bde-social-icons__icon-twitter\" href=\"https:\/\/twitter.com\/RuikelaiGlobal\" target=\"_self\" data-type=\"url\" aria-label=\"Tvitero\" rel=\"nofollow noopener\">\n\n              <svg xmlns=\"http:\/\/www.w3.org\/2000\/svg\" width=\"100%\" viewbox=\"0 0 512 512\">\n          <path d=\"M389.2 48h70.6L305.6 224.2 487 464H345L233.7 318.6 106.5 464H35.8L200.7 275.5 26.8 48H172.4L272.9 180.9 389.2 48zM364.4 421.8h39.1L151.1 88h-42L364.4 421.8z\" \/>\n        <\/svg>\n              <\/a>\n\n                    \n            \n            \n\n    \n    \n    \n    \n    \n    <a class=\"breakdance-link bde-social-icons__icon-wrapper bde-social-icons__icon-instagram\" href=\"https:\/\/www.instagram.com\/ruikelai_global\" target=\"_self\" data-type=\"url\" aria-label=\"Instagramo\" rel=\"nofollow noopener\">\n\n             <svg xmlns=\"http:\/\/www.w3.org\/2000\/svg\" width=\"100%\" viewbox=\"0 0 24 24\">\n            <path d=\"M12 2.163c3.204 0 3.584.012 4.85.07 3.252.148 4.771 1.691 4.919 4.919.058 1.265.069 1.645.069 4.849 0 3.205-.012 3.584-.069 4.849-.149 3.225-1.664 4.771-4.919 4.919-1.266.058-1.644.07-4.85.07-3.204 0-3.584-.012-4.849-.07-3.26-.149-4.771-1.699-4.919-4.92-.058-1.265-.07-1.644-.07-4.849 0-3.204.013-3.583.07-4.849.149-3.227 1.664-4.771 4.919-4.919 1.266-.057 1.645-.069 4.849-.069zm0-2.163c-3.259 0-3.667.014-4.947.072-4.358.2-6.78 2.618-6.98 6.98-.059 1.281-.073 1.689-.073 4.948 0 3.259.014 3.668.072 4.948.2 4.358 2.618 6.78 6.98 6.98 1.281.058 1.689.072 4.948.072 3.259 0 3.668-.014 4.948-.072 4.354-.2 6.782-2.618 6.979-6.98.059-1.28.073-1.689.073-4.948 0-3.259-.014-3.667-.072-4.947-.196-4.354-2.617-6.78-6.979-6.98-1.281-.059-1.69-.073-4.949-.073zm0 5.838c-3.403 0-6.162 2.759-6.162 6.162s2.759 6.163 6.162 6.163 6.162-2.759 6.162-6.163c0-3.403-2.759-6.162-6.162-6.162zm0 10.162c-2.209 0-4-1.79-4-4 0-2.209 1.791-4 4-4s4 1.791 4 4c0 2.21-1.791 4-4 4zm6.406-11.845c-.796 0-1.441.645-1.441 1.44s.645 1.44 1.441 1.44c.795 0 1.439-.645 1.439-1.44s-.644-1.44-1.439-1.44z\"\/>\n       <\/svg>\n              <\/a>\n\n                    \n            \n            \n\n    \n    \n    \n    \n    \n    <a class=\"breakdance-link bde-social-icons__icon-wrapper bde-social-icons__icon-youtube\" href=\"https:\/\/www.youtube.com\/@RuikelaiGlobal\" target=\"_self\" data-type=\"url\" aria-label=\"jutoubo\" rel=\"nofollow noopener\">\n\n             <svg xmlns=\"http:\/\/www.w3.org\/2000\/svg\" width=\"100%\" viewbox=\"0 0 24 24\">\n            <path d=\"M19.615 3.184c-3.604-.246-11.631-.245-15.23 0-3.897.266-4.356 2.62-4.385 8.816.029 6.185.484 8.549 4.385 8.816 3.6.245 11.626.246 15.23 0 3.897-.266 4.356-2.62 4.385-8.816-.029-6.185-.484-8.549-4.385-8.816zm-10.615 12.816v-8l8 3.993-8 4.007z\"\/>\n       <\/svg>\n              <\/a>\n\n                    \n            \n            \n\n    \n    \n    \n    \n    \n    <a class=\"breakdance-link bde-social-icons__icon-wrapper bde-social-icons__icon-custom\" href=\"mailto:ruikelai@outlook.com?subject=Hi\uff0cI\u2018ll get inHi, I'll Get in Touch for Tailored Flavor Solutions&body=Hi, Mia\" target=\"_self\" data-type=\"contact\" aria-label=\"personigita\" >\n\n                        <svg xmlns=\"http:\/\/www.w3.org\/2000\/svg\" id=\"icon-mail\" viewbox=\"0 0 32 32\">\n<path d=\"M26.666 0h-21.332c-2.934 0-5.334 2.4-5.334 5.333v21.333c0 2.934 2.4 5.334 5.334 5.334h21.332c2.936 0 5.334-2.4 5.334-5.334v-21.333c0-2.934-2.398-5.333-5.334-5.333zM8 8h16c0.286 0 0.563 0.061 0.817 0.177l-8.817 10.286-8.817-10.287c0.254-0.116 0.531-0.177 0.817-0.177zM6 22v-12c0-0.042 0.002-0.084 0.004-0.125l5.864 6.842-5.8 5.8c-0.045-0.167-0.069-0.34-0.069-0.517zM24 24h-16c-0.177 0-0.35-0.024-0.517-0.069l5.691-5.691 2.826 3.297 2.826-3.297 5.691 5.691c-0.167 0.045-0.34 0.069-0.517 0.069zM26 22c0 0.177-0.024 0.35-0.069 0.517l-5.8-5.8 5.864-6.842c0.003 0.041 0.004 0.083 0.004 0.125v12z\"\/>\n<\/svg>\n                      <\/a>\n\n    \n<\/div>\n<\/div>\n<\/div><\/div>\n<\/section>","protected":false},"excerpt":{"rendered":"<p>Preserving Perfection: Solutions for Flavor Stability and Shelf-Life Extension Ensure your product&#8217;s taste, freshness, and quality endure. Discover our advanced technologies for protecting flavor and extending shelf life. Explore Preservation Technologies Solutions The High Cost of Instability: Protecting Your Brand and Reducing Waste Product spoilage and sensory degradation are more than just operational hurdles; they [&hellip;]<\/p>\n","protected":false},"author":1,"featured_media":4101,"parent":0,"menu_order":0,"comment_status":"closed","ping_status":"closed","template":"","meta":{"_breakdance_hide_in_design_set":false,"_breakdance_tags":"","footnotes":""},"class_list":["post-4099","page","type-page","status-publish","has-post-thumbnail","hentry"],"_links":{"self":[{"href":"https:\/\/ruikelaiglobal.com\/eo\/wp-json\/wp\/v2\/pages\/4099","targetHints":{"allow":["GET"]}}],"collection":[{"href":"https:\/\/ruikelaiglobal.com\/eo\/wp-json\/wp\/v2\/pages"}],"about":[{"href":"https:\/\/ruikelaiglobal.com\/eo\/wp-json\/wp\/v2\/types\/page"}],"author":[{"embeddable":true,"href":"https:\/\/ruikelaiglobal.com\/eo\/wp-json\/wp\/v2\/users\/1"}],"replies":[{"embeddable":true,"href":"https:\/\/ruikelaiglobal.com\/eo\/wp-json\/wp\/v2\/comments?post=4099"}],"version-history":[{"count":54,"href":"https:\/\/ruikelaiglobal.com\/eo\/wp-json\/wp\/v2\/pages\/4099\/revisions"}],"predecessor-version":[{"id":4834,"href":"https:\/\/ruikelaiglobal.com\/eo\/wp-json\/wp\/v2\/pages\/4099\/revisions\/4834"}],"wp:featuredmedia":[{"embeddable":true,"href":"https:\/\/ruikelaiglobal.com\/eo\/wp-json\/wp\/v2\/media\/4101"}],"wp:attachment":[{"href":"https:\/\/ruikelaiglobal.com\/eo\/wp-json\/wp\/v2\/media?parent=4099"}],"curies":[{"name":"wp","href":"https:\/\/api.w.org\/{rel}","templated":true}]}}