{"id":4004,"date":"2025-08-27T05:56:13","date_gmt":"2025-08-27T05:56:13","guid":{"rendered":"https:\/\/ruikelaiglobal.com\/?page_id=4004"},"modified":"2025-08-27T06:05:01","modified_gmt":"2025-08-27T06:05:01","slug":"sugar-salt-reduction-solutions","status":"publish","type":"page","link":"https:\/\/ruikelaiglobal.com\/eo\/sugar-salt-reduction-solutions\/","title":{"rendered":"Solvoj por redukto de sukero kaj salo"},"content":{"rendered":"<section class=\"bde-section-4004-100 bde-section\">\n              \n  \n\t\n\n  <div class=\"section-background-overlay\"><\/div>\n\n\n<div class=\"section-container\"><div class=\"bde-div-4004-101 bde-div\">\n              \n  \n\t\n\n  <div class=\"section-background-overlay\"><\/div>\n\n\n<h1 class=\"bde-heading-4004-102 bde-heading\">\nPli sanaj produktoj, senkompromisa gusto: altnivelaj solvoj por redukto de sukero kaj salo\n<\/h1><div class=\"bde-text-4004-103 bde-text\">\nAtingu tutmondajn sancelojn kaj konsumantajn postulojn. Niaj integritaj solvoj ebligas signifan redukton de sukero kaj salo, dum ili konservas la sensan sperton, kiun viaj klientoj atendas.\n<\/div><div class=\"bde-div-4004-104 bde-div\">\n  \n\t\n\n\n\n<div class=\"bde-button-4004-105 bde-button\">\n    \n                                    \n              \n    \n    \n    \n            \n                    \n            \n            \n\n    \n    \n              \n    \n    \n    <a class=\"breakdance-link button-atom button-atom--custom bde-button__button\" href=\"#https:\/\/ruikelaiglobal.com\/reduction-solutions\/\" target=\"_self\" data-type=\"url\"  id=\"#743\" >\n\n    \n        <span class=\"button-atom__text\">Esploru reduktajn solvojn<\/span>\n\n        \n        \n                <\/a>\n\n    \n\n\n<\/div>\n<\/div>\n<\/div><\/div>\n<\/section><section class=\"bde-section-4004-106 bde-section\">\n  \n\t\n\n\n\n<div class=\"section-container\"><h2 class=\"bde-heading-4004-113 bde-heading\">\nLa Tutmonda Mandato por Pli Sanaj Formuloj\n<\/h2><div class=\"bde-columns-4004-107 bde-columns\"><div class=\"bde-column-4004-108 bde-column\">\n  \n\t\n\n\n\n<div class=\"bde-image-4004-109 bde-image\">\n<figure class=\"breakdance-image breakdance-image--4013\">\n\t<div class=\"breakdance-image-container\">\n\t\t<div class=\"breakdance-image-clip\"><img decoding=\"async\" class=\"breakdance-image-object\" src=\"https:\/\/ruikelaiglobal.com\/wp-content\/uploads\/2025\/08\/The-Global-Mandate-for-Healthier-Formulations_RuikelaiGlobal.webp\" width=\"1200\" height=\"800\" srcset=\"https:\/\/ruikelaiglobal.com\/wp-content\/uploads\/2025\/08\/The-Global-Mandate-for-Healthier-Formulations_RuikelaiGlobal.webp 1200w, https:\/\/ruikelaiglobal.com\/wp-content\/uploads\/2025\/08\/The-Global-Mandate-for-Healthier-Formulations_RuikelaiGlobal-300x200.webp 300w, https:\/\/ruikelaiglobal.com\/wp-content\/uploads\/2025\/08\/The-Global-Mandate-for-Healthier-Formulations_RuikelaiGlobal-1024x683.webp 1024w, https:\/\/ruikelaiglobal.com\/wp-content\/uploads\/2025\/08\/The-Global-Mandate-for-Healthier-Formulations_RuikelaiGlobal-768x512.webp 768w, https:\/\/ruikelaiglobal.com\/wp-content\/uploads\/2025\/08\/The-Global-Mandate-for-Healthier-Formulations_RuikelaiGlobal-18x12.webp 18w, https:\/\/ruikelaiglobal.com\/wp-content\/uploads\/2025\/08\/The-Global-Mandate-for-Healthier-Formulations_RuikelaiGlobal-800x533.webp 800w\" sizes=\"(max-width: 1200px) 100vw, 1200px\" alt=\"\" title=\"\"><\/div>\n\t<\/div><\/figure>\n\n<\/div>\n<\/div><div class=\"bde-column-4004-110 bde-column\">\n  \n\t\n\n\n\n<div class=\"bde-text-4004-112 bde-text\">\nPotenca kunfluo de reguliga premo kaj konsumanta postulo metis la redukton de sukero kaj natrio \u0109e la supro de la tagordo de la man\u011da\u0135a industrio. Tio ne estas pasema tendenco, sed fundamenta merkata \u015dan\u011do. La Monda Organiza\u0135o pri Sano (MOS) rekomendas, ke plenkreskuloj konsumu malpli ol 2 000 mg da natrio (ekvivalenta al 5 gramoj da salo) tage, tamen la tutmonda mezumo estas pli ol duobla, je 4 310 mg. Tiu troa kvanto estas asociita kun la\u016dtakse 1,89 milionoj da mortoj jare. \u00a0 <br>Responde al tio, registaroj prenas decidajn agojn. La Usona Administracio pri Man\u011da\u0135oj kaj Medikamentoj (FDA) gvidas la industrion per fazita redukta strategio, kun komencaj celoj celantaj malaltigi la avera\u011dan natrian konsumon de 3 400 mg al 3 000 mg tage, kun pliaj reduktoj planitaj. Paralelaj klopodoj, kiel la Nacia Iniciato pri Redukto de Sodo kaj Sukero (NSSRI), starigis volontulajn celojn por redukti sukeron en 15 kategorioj de man\u011da\u0135oj kaj trinka\u0135oj. Atingi \u0109i tiujn celojn povus malhelpi milionojn da kardiovaskulaj eventoj kaj kazoj de diabeto, \u015dparante pli ol $160 miliardojn en vivda\u016draj sanprizorgaj kostoj. \u00a0 <br>\u0108i tiu reguliga pu\u015do estas plifortigita de potenca konsumant-gvidata movado. Hodia\u016daj a\u0109etantoj aktive ser\u0109as pli sanajn, \"pur-etikedajn\" produktojn kaj atente ekzamenas ingrediencajn listojn por eviti troan sukeron kaj salon. Por man\u011da\u0135produktantoj, strategia reformulado ne plu temas nur pri konformeco\u2014\u011di estas kritika \u015danco por novigado, merkata gvidado kaj da\u016dripova kresko.\n<\/div>\n<\/div><\/div><\/div>\n<\/section><section class=\"bde-section-4004-114 bde-section\">\n  \n\t\n\n\n\n<div class=\"section-container\"><h2 class=\"bde-heading-4004-125 bde-heading\">\nSolvi la puzlon pri sukera redukto: Pretere de dol\u0109eco\n<\/h2><div class=\"bde-text-4004-124 bde-text\">\nForigi sukeron estas multe pli kompleksa ol simple anstata\u016digi \u011dian dol\u0109econ. Sukero estas multfunkcia labor\u0109evalo, kiu kontribuas al la esenca teksturo, korpo, konservado kaj \u011denerala gustobalanco de produkto. Sukcesa strategio por redukti sukeron devas do esti holisma, dekonstruante la multajn rolojn de sukero kaj rekonstruante \u0109iun el ili per sinergia ilaro de altnivelaj ingrediencoj.\n<\/div><div class=\"bde-columns-4004-115 bde-columns\"><div class=\"bde-column-4004-116 bde-column\">\n  \n\t\n\n\n\n<h3 class=\"bde-heading-4004-118 bde-heading\">\n\ud83d\udca7Rekonstruado de bu\u015dsento kaj korpo\n<\/h3><div class=\"bde-text-4004-119 bde-text\">\nBu\u015dsentaj kaj korpaj plibonigiloj, inkluzive de specialigitaj fibrobazitaj ingrediencoj, estas desegnitaj por restarigi la ri\u0109an, plenkorpan teksturon perditan en malalt-sukeraj formuloj, certigante kontentigan sperton por la konsumanto.\n<\/div><h3 class=\"bde-heading-4004-120 bde-heading\">\n\ud83d\udee1\ufe0fMaski\u011da dol\u0109igilo: postgusto\n<\/h3><div class=\"bde-text-4004-121 bde-text\">\nAltintensaj dol\u0109igiloj kiel stevio povas postlasi amaran a\u016d metalecan postguston. Niaj specialaj maskaj agentoj ne\u016dtraligas \u0109i tiujn malagrablajn notojn, liverante puran, sukerecan dol\u0109an profilon.\n<\/div><h3 class=\"bde-heading-4004-126 bde-heading\">\n\ud83d\udc45 Plibonigo de la \u011denerala gusto-percepto\n<\/h3><div class=\"bde-text-4004-127 bde-text\">\nSukero anka\u016d funkcias kiel portanto de gusto. Niaj moduliloj de dol\u0109eco sinergie kunagas kun aliaj gustoj en la formulado por certigi ekvilibran kaj efikan gustan sperton de la komenco \u011dis la fino.\n<\/div>\n<\/div><div class=\"bde-column-4004-122 bde-column\">\n  \n\t\n\n\n\n<div class=\"bde-image-4004-123 bde-image\">\n<figure class=\"breakdance-image breakdance-image--4016\">\n\t<div class=\"breakdance-image-container\">\n\t\t<div class=\"breakdance-image-clip\"><img decoding=\"async\" class=\"breakdance-image-object\" src=\"https:\/\/ruikelaiglobal.com\/wp-content\/uploads\/2025\/08\/Solving-the-Sugar-Reduction-Puzzle-Beyond-Sweetness_RuikelaiGlobal.webp\" width=\"1200\" height=\"600\" srcset=\"https:\/\/ruikelaiglobal.com\/wp-content\/uploads\/2025\/08\/Solving-the-Sugar-Reduction-Puzzle-Beyond-Sweetness_RuikelaiGlobal.webp 1200w, https:\/\/ruikelaiglobal.com\/wp-content\/uploads\/2025\/08\/Solving-the-Sugar-Reduction-Puzzle-Beyond-Sweetness_RuikelaiGlobal-300x150.webp 300w, https:\/\/ruikelaiglobal.com\/wp-content\/uploads\/2025\/08\/Solving-the-Sugar-Reduction-Puzzle-Beyond-Sweetness_RuikelaiGlobal-1024x512.webp 1024w, https:\/\/ruikelaiglobal.com\/wp-content\/uploads\/2025\/08\/Solving-the-Sugar-Reduction-Puzzle-Beyond-Sweetness_RuikelaiGlobal-768x384.webp 768w, https:\/\/ruikelaiglobal.com\/wp-content\/uploads\/2025\/08\/Solving-the-Sugar-Reduction-Puzzle-Beyond-Sweetness_RuikelaiGlobal-18x9.webp 18w, https:\/\/ruikelaiglobal.com\/wp-content\/uploads\/2025\/08\/Solving-the-Sugar-Reduction-Puzzle-Beyond-Sweetness_RuikelaiGlobal-800x400.webp 800w\" sizes=\"(max-width: 1200px) 100vw, 1200px\" alt=\"\" title=\"\"><\/div>\n\t<\/div><\/figure>\n\n<\/div>\n<\/div><\/div><\/div>\n<\/section><section class=\"bde-section-4004-128 bde-section\">\n  \n\t\n\n\n\n<div class=\"section-container\"><div class=\"bde-columns-4004-129 bde-columns\"><div class=\"bde-column-4004-130 bde-column\">\n  \n\t\n\n\n\n<div class=\"bde-image-4004-131 bde-image\">\n<figure class=\"breakdance-image breakdance-image--4032\">\n\t<div class=\"breakdance-image-container\">\n\t\t<div class=\"breakdance-image-clip\"><img decoding=\"async\" class=\"breakdance-image-object\" src=\"https:\/\/ruikelaiglobal.com\/wp-content\/uploads\/2025\/08\/Mastering-Salt-Reduction-Rebuilding-the-Complete-Savory-Experience_RuikelaiGlobal-1.webp\" width=\"1200\" height=\"800\" srcset=\"https:\/\/ruikelaiglobal.com\/wp-content\/uploads\/2025\/08\/Mastering-Salt-Reduction-Rebuilding-the-Complete-Savory-Experience_RuikelaiGlobal-1.webp 1200w, https:\/\/ruikelaiglobal.com\/wp-content\/uploads\/2025\/08\/Mastering-Salt-Reduction-Rebuilding-the-Complete-Savory-Experience_RuikelaiGlobal-1-300x200.webp 300w, https:\/\/ruikelaiglobal.com\/wp-content\/uploads\/2025\/08\/Mastering-Salt-Reduction-Rebuilding-the-Complete-Savory-Experience_RuikelaiGlobal-1-1024x683.webp 1024w, https:\/\/ruikelaiglobal.com\/wp-content\/uploads\/2025\/08\/Mastering-Salt-Reduction-Rebuilding-the-Complete-Savory-Experience_RuikelaiGlobal-1-768x512.webp 768w, https:\/\/ruikelaiglobal.com\/wp-content\/uploads\/2025\/08\/Mastering-Salt-Reduction-Rebuilding-the-Complete-Savory-Experience_RuikelaiGlobal-1-18x12.webp 18w, https:\/\/ruikelaiglobal.com\/wp-content\/uploads\/2025\/08\/Mastering-Salt-Reduction-Rebuilding-the-Complete-Savory-Experience_RuikelaiGlobal-1-800x533.webp 800w\" sizes=\"(max-width: 1200px) 100vw, 1200px\" alt=\"\" title=\"\"><\/div>\n\t<\/div><\/figure>\n\n<\/div>\n<\/div><div class=\"bde-column-4004-132 bde-column\">\n  \n\t\n\n\n\n<h2 class=\"bde-heading-4004-133 bde-heading\">\nMajstrado de sala redukto: Rekonstruado de la kompleta sala sperto\n<\/h2><div class=\"bde-rich-text-4004-135 bde-rich-text breakdance-rich-text-styles\">\n<p>La kontribuo de salo al gusto estas dinamika voja\u011do, ne unuopa noto. Ni nomas tion la \"Sala Kurbo\": komenca sala efiko, fazo de plifortigita korpo kaj bu\u015dsento, kaj pura postgusto. Simple forigi salon a\u016d anstata\u016digi \u011din per kalioklorido (KCl) interrompas \u0109i tiun kurbon, kondukante al plata gustoprofilon kaj nedezirataj amaraj a\u016d metalaj kromgustoj. La aliro de Ruikelai estas rekonstrui \u0109i tiun tutan sensan sperton. Ni uzas kombina\u0135on de <b>Fortegaj Salaj Gustoj<\/b> por liveri la komencan salan baton, <b>umami-ri\u0109aj gistaj ekstraktoj<\/b> por provizi bongustan profundon kaj kokumi (\"bu\u015dplenecon\"), kaj specialigita\u00a0<b>plibonigiloj de bu\u015dsento<\/b> por reprodukti \u0109iujn funkciojn de salo, kreante kompletan kaj kontentigan sensan voja\u011don.<\/p>\n<\/div>\n<\/div><\/div><\/div>\n<\/section><section class=\"bde-section-4004-136 bde-section\">\n  \n\t\n\n\n\n<div class=\"section-container\"><h2 class=\"bde-heading-4004-137 bde-heading\">\nNia Portofolio de Redukta Teknologio\n<\/h2><div class=\"bde-grid-4004-139 bde-grid\">\n  \n\t\n\n\n\n<div class=\"bde-div-4004-140 bde-div\">\n              \n  \n\t\n\n  <div class=\"section-background-overlay\"><\/div>\n\n\n<div class=\"bde-text-4004-141 bde-text\">\n\ud83c\udf3f\n<\/div><h3 class=\"bde-heading-4004-142 bde-heading\">\nModuliloj de natura dol\u0109eco\n<\/h3><div class=\"bde-text-4004-143 bde-text\">\nNiaj solvoj kun pura etikedo plibonigas la percepton de dol\u0109eco, ebligante redukton de sukero \u011dis 30\u201350 % (50%). Ili estas sperte desegnitaj por maski la malagrablajn notojn de altintensaj dol\u0109igiloj, liverante ekvilibran, suker-similan guston.\n<\/div>\n<\/div><div class=\"bde-div-4004-144 bde-div\">\n              \n  \n\t\n\n  <div class=\"section-background-overlay\"><\/div>\n\n\n<div class=\"bde-text-4004-145 bde-text\">\n\ud83e\uddc2 \n<\/div><h3 class=\"bde-heading-4004-146 bde-heading\">\nAlta-efikaj salaj gustoj kaj umami-sistemoj\n<\/h3><div class=\"bde-text-4004-147 bde-text\">\n\u0108i tiu gamo de naturaj gustoj, inkluzive de botanaj ekstraktoj kaj fermenta\u0135oj, liveras fortan salan impreson, ebligante signifan redukton de natrio (\u011dis 401 TP3T) en aplikoj kiel man\u011detoj kaj prilaboritaj viandoj. Ili estas kombinitaj kun niaj umami-ri\u0109aj gistaj ekstraktoj por rekonstrui bongustan profundon kaj bu\u015dan senton.\n<\/div>\n<\/div><div class=\"bde-div-4004-148 bde-div\">\n              \n  \n\t\n\n  <div class=\"section-background-overlay\"><\/div>\n\n\n<div class=\"bde-text-4004-149 bde-text\">\n\ud83d\udca7\n<\/div><h3 class=\"bde-heading-4004-150 bde-heading\">\nPlibonigiloj de bu\u015da sento kaj korpeco\n<\/h3><div class=\"bde-text-4004-151 bde-text\">\nNia portfolion de plant-derivitaj ingrediencoj restarigas la viskozecon, ri\u0109econ kaj teksturon perditajn dum forigo de sukero a\u016d graso. \u0108i tiuj solvoj certigas kontentigan konsumantan sperton en trinka\u0135oj, lakta\u0135oj kaj bakitaj produktoj, liverante la indulgan bu\u015dsenton de la plenkaloria originalo.\n<\/div>\n<\/div>\n<\/div><\/div>\n<\/section><section class=\"bde-section-4004-156 bde-section\">\n  \n\t\n\n\n\n<div class=\"section-container\"><div class=\"bde-columns-4004-157 bde-columns\"><div class=\"bde-column-4004-160 bde-column\">\n  \n\t\n\n\n\n<h2 class=\"bde-heading-4004-161 bde-heading\">\nSukcesa Aplika Rakonto: Malalt-sodiana Spica\u0135o por Man\u011detoj\n<\/h2><div class=\"bde-rich-text-4004-163 bde-rich-text breakdance-rich-text-styles\">\n<p><span style=\"color: #cb342d;\"><b>La Defio:<\/b><\/span> Gvida marko de man\u011detoj bezonis redukti la natrio-kvanton je 351 TP3T en sia plej vendita BBQ-spica\u0135o sen kompromiti la fortan guston, kiun konsumantoj amis.<span class=\"button-container hide-from-message-actions ng-star-inserted\">\u00a0<\/span><\/p>\n<p><span style=\"color: #cb342d;\"><b>La solvo:<\/b><\/span> Ni projektis personigitan solvon por rekonstrui la kompletan sensan profilon. Ni kombinis a <b>Forte impakta sala gusto<\/b> por la komenca gusto, unu <b>Angel Yeast FA62-ekstrakto<\/b> por umam-profundeco kaj bongusta komplekseco, kaj tu\u015do de <b>ekstrakto de fumita papriko<\/b> por kongrui kun la a\u016dtentika kradrostita gustoprofilo.<\/p>\n<p><span style=\"color: #cb342d;\"><b>La rezulto:<\/b><\/span> La reformulita spica\u0135o atingis la celon de 351 TP3T da natria redukto, dum testado de konsumantaj paneloj konfirmis, ke \u011di kongruas kun la gustoprofilon kaj \u011denerala prefero de la originalo. \u0108i tiu sukceso reliefigas nian kapablon plenumi sanajn celojn sen oferi la guston.<\/p>\n<\/div>\n<\/div><div class=\"bde-column-4004-158 bde-column\">\n  \n\t\n\n\n\n<div class=\"bde-image-4004-159 bde-image\">\n<figure class=\"breakdance-image breakdance-image--4046\">\n\t<div class=\"breakdance-image-container\">\n\t\t<div class=\"breakdance-image-clip\"><img decoding=\"async\" class=\"breakdance-image-object\" src=\"https:\/\/ruikelaiglobal.com\/wp-content\/uploads\/2025\/08\/Application-Success-Story-A-Low-Sodium-Snack-Seasoning_RuikelaiGlobal.webp\" width=\"1200\" height=\"596\" srcset=\"https:\/\/ruikelaiglobal.com\/wp-content\/uploads\/2025\/08\/Application-Success-Story-A-Low-Sodium-Snack-Seasoning_RuikelaiGlobal.webp 1200w, https:\/\/ruikelaiglobal.com\/wp-content\/uploads\/2025\/08\/Application-Success-Story-A-Low-Sodium-Snack-Seasoning_RuikelaiGlobal-300x149.webp 300w, https:\/\/ruikelaiglobal.com\/wp-content\/uploads\/2025\/08\/Application-Success-Story-A-Low-Sodium-Snack-Seasoning_RuikelaiGlobal-1024x509.webp 1024w, https:\/\/ruikelaiglobal.com\/wp-content\/uploads\/2025\/08\/Application-Success-Story-A-Low-Sodium-Snack-Seasoning_RuikelaiGlobal-768x381.webp 768w, https:\/\/ruikelaiglobal.com\/wp-content\/uploads\/2025\/08\/Application-Success-Story-A-Low-Sodium-Snack-Seasoning_RuikelaiGlobal-18x9.webp 18w, https:\/\/ruikelaiglobal.com\/wp-content\/uploads\/2025\/08\/Application-Success-Story-A-Low-Sodium-Snack-Seasoning_RuikelaiGlobal-800x397.webp 800w\" sizes=\"(max-width: 1200px) 100vw, 1200px\" alt=\"\" title=\"\"><\/div>\n\t<\/div><\/figure>\n\n<\/div>\n<\/div><\/div><\/div>\n<\/section><section class=\"bde-section-4004-164 bde-section\">\n  \n\t\n\n\n\n<div class=\"section-container\"><div class=\"bde-columns-4004-165 bde-columns\"><div class=\"bde-column-4004-166 bde-column\">\n  \n\t\n\n\n\n<div class=\"bde-image-4004-167 bde-image\">\n<figure class=\"breakdance-image breakdance-image--4053\">\n\t<div class=\"breakdance-image-container\">\n\t\t<div class=\"breakdance-image-clip\"><img decoding=\"async\" class=\"breakdance-image-object\" src=\"https:\/\/ruikelaiglobal.com\/wp-content\/uploads\/2025\/08\/Reformulate-the-formula_RuikelaiGlobal.webp\" width=\"1200\" height=\"800\" srcset=\"https:\/\/ruikelaiglobal.com\/wp-content\/uploads\/2025\/08\/Reformulate-the-formula_RuikelaiGlobal.webp 1200w, https:\/\/ruikelaiglobal.com\/wp-content\/uploads\/2025\/08\/Reformulate-the-formula_RuikelaiGlobal-300x200.webp 300w, https:\/\/ruikelaiglobal.com\/wp-content\/uploads\/2025\/08\/Reformulate-the-formula_RuikelaiGlobal-1024x683.webp 1024w, https:\/\/ruikelaiglobal.com\/wp-content\/uploads\/2025\/08\/Reformulate-the-formula_RuikelaiGlobal-768x512.webp 768w, https:\/\/ruikelaiglobal.com\/wp-content\/uploads\/2025\/08\/Reformulate-the-formula_RuikelaiGlobal-18x12.webp 18w, https:\/\/ruikelaiglobal.com\/wp-content\/uploads\/2025\/08\/Reformulate-the-formula_RuikelaiGlobal-800x533.webp 800w\" sizes=\"(max-width: 1200px) 100vw, 1200px\" alt=\"\" title=\"\"><\/div>\n\t<\/div><\/figure>\n\n<\/div>\n<\/div><div class=\"bde-column-4004-168 bde-column\">\n  \n\t\n\n\n\n<h2 class=\"bde-heading-4004-169 bde-heading\">\nNi reformulu kune\n<\/h2><div class=\"bde-text-4004-170 bde-text\">\n\u0108iu reformuliga projekto estas unika. La sukceso de via produkto dependas de solvo adaptita al viaj specifaj postuloj pri produkto, procezo kaj etikedado. Ni invitas vin partneri\u011di kun la dedi\u0109ita teknika teamo de Ruikelai. Ni transiru preter simpla anstata\u016digo de ingrediencoj kaj kun-disvolvu personigitan solvon, kiu atingas viajn sanajn celojn kaj superas la atendojn de viaj konsumantoj.\n<\/div><div class=\"bde-button-4004-171 bde-button\">\n    \n                                    \n    \n    \n    \n    \n            \n                    \n            \n                           \n                       \n                 \n\n    \n    \n    \n                    \n    \n    <a class=\"breakdance-link button-atom button-atom--custom bde-button__button\" href=\"#\" target=\"_self\" data-type=\"action\"  data-action='{\"type\":\"popup\",\"popupOptions\":{\"popupId\":\"3392\",\"popupAction\":\"toggle\"}}' >\n\n    \n        <span class=\"button-atom__text\">Komencu vian reformulan projekton<\/span>\n\n        \n        \n                <\/a>\n\n    \n\n\n<\/div><div class=\"bde-div-4004-176 bde-div\">\n  \n\t\n\n\n\n<div class=\"bde-text-4004-177 bde-text\">\nKunhavigu en:\n<\/div><div class=\"bde-social-icons-4004-178 bde-social-icons\">\n                  \n            \n            \n\n    \n    \n    \n    \n    \n    <a class=\"breakdance-link bde-social-icons__icon-wrapper bde-social-icons__icon-facebook\" href=\"https:\/\/www.facebook.com\/RuikelaiGlobal\" target=\"_self\" data-type=\"url\" aria-label=\"Fejsbuko\" rel=\"nofollow noopener\">\n\n             <svg xmlns=\"http:\/\/www.w3.org\/2000\/svg\" width=\"100%\" viewbox=\"0 0 24 24\">\n            <path d=\"M9 8h-3v4h3v12h5v-12h3.642l.358-4h-4v-1.667c0-.955.192-1.333 1.115-1.333h2.885v-5h-3.808c-3.596 0-5.192 1.583-5.192 4.615v3.385z\"\/>\n       <\/svg>\n              <\/a>\n\n                    \n            \n            \n\n    \n    \n    \n    \n    \n    <a class=\"breakdance-link bde-social-icons__icon-wrapper bde-social-icons__icon-twitter\" href=\"https:\/\/twitter.com\/RuikelaiGlobal\" target=\"_self\" data-type=\"url\" aria-label=\"Tvitero\" rel=\"nofollow noopener\">\n\n              <svg xmlns=\"http:\/\/www.w3.org\/2000\/svg\" width=\"100%\" viewbox=\"0 0 512 512\">\n          <path d=\"M389.2 48h70.6L305.6 224.2 487 464H345L233.7 318.6 106.5 464H35.8L200.7 275.5 26.8 48H172.4L272.9 180.9 389.2 48zM364.4 421.8h39.1L151.1 88h-42L364.4 421.8z\" \/>\n        <\/svg>\n              <\/a>\n\n                    \n            \n            \n\n    \n    \n    \n    \n    \n    <a class=\"breakdance-link bde-social-icons__icon-wrapper bde-social-icons__icon-instagram\" href=\"https:\/\/www.instagram.com\/ruikelai_global\" target=\"_self\" data-type=\"url\" aria-label=\"Instagramo\" rel=\"nofollow noopener\">\n\n             <svg xmlns=\"http:\/\/www.w3.org\/2000\/svg\" width=\"100%\" viewbox=\"0 0 24 24\">\n            <path d=\"M12 2.163c3.204 0 3.584.012 4.85.07 3.252.148 4.771 1.691 4.919 4.919.058 1.265.069 1.645.069 4.849 0 3.205-.012 3.584-.069 4.849-.149 3.225-1.664 4.771-4.919 4.919-1.266.058-1.644.07-4.85.07-3.204 0-3.584-.012-4.849-.07-3.26-.149-4.771-1.699-4.919-4.92-.058-1.265-.07-1.644-.07-4.849 0-3.204.013-3.583.07-4.849.149-3.227 1.664-4.771 4.919-4.919 1.266-.057 1.645-.069 4.849-.069zm0-2.163c-3.259 0-3.667.014-4.947.072-4.358.2-6.78 2.618-6.98 6.98-.059 1.281-.073 1.689-.073 4.948 0 3.259.014 3.668.072 4.948.2 4.358 2.618 6.78 6.98 6.98 1.281.058 1.689.072 4.948.072 3.259 0 3.668-.014 4.948-.072 4.354-.2 6.782-2.618 6.979-6.98.059-1.28.073-1.689.073-4.948 0-3.259-.014-3.667-.072-4.947-.196-4.354-2.617-6.78-6.979-6.98-1.281-.059-1.69-.073-4.949-.073zm0 5.838c-3.403 0-6.162 2.759-6.162 6.162s2.759 6.163 6.162 6.163 6.162-2.759 6.162-6.163c0-3.403-2.759-6.162-6.162-6.162zm0 10.162c-2.209 0-4-1.79-4-4 0-2.209 1.791-4 4-4s4 1.791 4 4c0 2.21-1.791 4-4 4zm6.406-11.845c-.796 0-1.441.645-1.441 1.44s.645 1.44 1.441 1.44c.795 0 1.439-.645 1.439-1.44s-.644-1.44-1.439-1.44z\"\/>\n       <\/svg>\n              <\/a>\n\n                    \n            \n            \n\n    \n    \n    \n    \n    \n    <a class=\"breakdance-link bde-social-icons__icon-wrapper bde-social-icons__icon-youtube\" href=\"https:\/\/www.youtube.com\/@RuikelaiGlobal\" target=\"_self\" data-type=\"url\" aria-label=\"jutoubo\" rel=\"nofollow noopener\">\n\n             <svg xmlns=\"http:\/\/www.w3.org\/2000\/svg\" width=\"100%\" viewbox=\"0 0 24 24\">\n            <path d=\"M19.615 3.184c-3.604-.246-11.631-.245-15.23 0-3.897.266-4.356 2.62-4.385 8.816.029 6.185.484 8.549 4.385 8.816 3.6.245 11.626.246 15.23 0 3.897-.266 4.356-2.62 4.385-8.816-.029-6.185-.484-8.549-4.385-8.816zm-10.615 12.816v-8l8 3.993-8 4.007z\"\/>\n       <\/svg>\n              <\/a>\n\n                    \n            \n            \n\n    \n    \n    \n    \n    \n    <a class=\"breakdance-link bde-social-icons__icon-wrapper bde-social-icons__icon-custom\" href=\"mailto:ruikelai@outlook.com?subject=Hi\uff0cI\u2018ll get inHi, I'll Get in Touch for Tailored Flavor Solutions&body=Hi, Mia\" target=\"_self\" data-type=\"contact\" aria-label=\"personigita\" >\n\n                        <svg xmlns=\"http:\/\/www.w3.org\/2000\/svg\" id=\"icon-mail\" viewbox=\"0 0 32 32\">\n<path d=\"M26.666 0h-21.332c-2.934 0-5.334 2.4-5.334 5.333v21.333c0 2.934 2.4 5.334 5.334 5.334h21.332c2.936 0 5.334-2.4 5.334-5.334v-21.333c0-2.934-2.398-5.333-5.334-5.333zM8 8h16c0.286 0 0.563 0.061 0.817 0.177l-8.817 10.286-8.817-10.287c0.254-0.116 0.531-0.177 0.817-0.177zM6 22v-12c0-0.042 0.002-0.084 0.004-0.125l5.864 6.842-5.8 5.8c-0.045-0.167-0.069-0.34-0.069-0.517zM24 24h-16c-0.177 0-0.35-0.024-0.517-0.069l5.691-5.691 2.826 3.297 2.826-3.297 5.691 5.691c-0.167 0.045-0.34 0.069-0.517 0.069zM26 22c0 0.177-0.024 0.35-0.069 0.517l-5.8-5.8 5.864-6.842c0.003 0.041 0.004 0.083 0.004 0.125v12z\"\/>\n<\/svg>\n                      <\/a>\n\n    \n<\/div>\n<\/div>\n<\/div><\/div><\/div>\n<\/section>","protected":false},"excerpt":{"rendered":"<p>Healthier Products, Uncompromised Taste: Advanced Sugar and Salt Reduction Solutions Meet global health targets and consumer demand. Our integrated solutions enable significant sugar and salt reduction while preserving the sensory experience your customers expect. Explore Reduction Solutions The Global Mandate for Healthier Formulations A powerful convergence of regulatory pressure and consumer demand has placed sugar [&hellip;]<\/p>\n","protected":false},"author":1,"featured_media":4006,"parent":0,"menu_order":0,"comment_status":"closed","ping_status":"closed","template":"","meta":{"_breakdance_hide_in_design_set":false,"_breakdance_tags":"","footnotes":""},"class_list":["post-4004","page","type-page","status-publish","has-post-thumbnail","hentry"],"_links":{"self":[{"href":"https:\/\/ruikelaiglobal.com\/eo\/wp-json\/wp\/v2\/pages\/4004","targetHints":{"allow":["GET"]}}],"collection":[{"href":"https:\/\/ruikelaiglobal.com\/eo\/wp-json\/wp\/v2\/pages"}],"about":[{"href":"https:\/\/ruikelaiglobal.com\/eo\/wp-json\/wp\/v2\/types\/page"}],"author":[{"embeddable":true,"href":"https:\/\/ruikelaiglobal.com\/eo\/wp-json\/wp\/v2\/users\/1"}],"replies":[{"embeddable":true,"href":"https:\/\/ruikelaiglobal.com\/eo\/wp-json\/wp\/v2\/comments?post=4004"}],"version-history":[{"count":72,"href":"https:\/\/ruikelaiglobal.com\/eo\/wp-json\/wp\/v2\/pages\/4004\/revisions"}],"predecessor-version":[{"id":4820,"href":"https:\/\/ruikelaiglobal.com\/eo\/wp-json\/wp\/v2\/pages\/4004\/revisions\/4820"}],"wp:featuredmedia":[{"embeddable":true,"href":"https:\/\/ruikelaiglobal.com\/eo\/wp-json\/wp\/v2\/media\/4006"}],"wp:attachment":[{"href":"https:\/\/ruikelaiglobal.com\/eo\/wp-json\/wp\/v2\/media?parent=4004"}],"curies":[{"name":"wp","href":"https:\/\/api.w.org\/{rel}","templated":true}]}}