{"id":918,"date":"2025-03-18T01:04:08","date_gmt":"2025-03-18T01:04:08","guid":{"rendered":"https:\/\/ruikelaiglobal.com\/?post_type=product&#038;p=918"},"modified":"2025-06-11T06:02:17","modified_gmt":"2025-06-11T06:02:17","slug":"meat-fragrant-king","status":"publish","type":"product","link":"https:\/\/ruikelaiglobal.com\/de\/meat-fragrant-king\/","title":{"rendered":"Fleisch Duftender K\u00f6nig"},"content":{"rendered":"<h2>Meat Fragrant King: Hochwertiger, w\u00fcrziger Fleischgeschmacksverst\u00e4rker<\/h2>\n<p>Meat Fragrant King ist ein hochwertiges Pulver zur Verbesserung des Fleischgeschmacks, das sorgf\u00e4ltig formuliert wurde, um die fleischige Tiefe, den Umami-Reichtum und die aromatische Anziehungskraft in der industriellen Lebensmittelproduktion zu erh\u00f6hen. Diese konzentrierte Mischung aus hydrolysierten Proteinen, Hefeextrakten und nat\u00fcrlichen Gew\u00fcrzen l\u00e4sst sich nahtlos in W\u00fcrste, Pasteten, Marinaden, Eint\u00f6pfe, F\u00fcllungen und sogar pflanzliche Fleischalternativen integrieren. Durch die Intensivierung des inh\u00e4renten Fleischgeschmacks und die Maskierung von Nebenger\u00e4uschen verbessert Meat Fragrant King das Geschmacksprofil von Produkten und reduziert gleichzeitig den Bedarf an teuren festen Fleischbestandteilen. Als einer der f\u00fchrenden Lieferanten von Ruikelai-Fleischaroma-Pulver gew\u00e4hrleistet diese ISO-zertifizierte Clean-Label-Formel Konsistenz von Charge zu Charge, optimierte W\u00fcrz-Workflows und skalierbare Leistung - perfekt f\u00fcr Lebensmittelverarbeiter, Fleischbetriebe und Hersteller von Fertiggerichten, die authentische, schmackhafte Ergebnisse erzielen wollen.<\/p>","protected":false},"excerpt":{"rendered":"<h3 style=\"color: #cb342d; margin-bottom: 12px;\">Beschreibung des Produkts:<\/h3>\n<p data-start=\"799\" data-end=\"925\"><strong data-start=\"799\" data-end=\"819\"><span style=\"color: #cb342d; margin-right: 8px;\">\u2022<\/span>Tiefer Umami-Schub<\/strong>: Wirkt als Umami-Fleischverst\u00e4rker f\u00fcr die industrielle K\u00fcche, um die Geschmackstiefe in allen Fleischprodukten zu verbessern.<\/p>\n<p data-start=\"928\" data-end=\"1066\"><strong data-start=\"928\" data-end=\"954\"><span style=\"color: #cb342d; margin-right: 8px;\">\u2022<\/span>Vielseitige Anwendungen<\/strong>: Ideales W\u00fcrzmittel f\u00fcr verarbeitete Fleischprodukte, von W\u00fcrstchen und Burgern bis hin zu Eint\u00f6pfen und F\u00fcllungen.<\/p>\n<p data-start=\"1069\" data-end=\"1191\"><strong data-start=\"1069\" data-end=\"1089\"><span style=\"color: #cb342d; margin-right: 8px;\">\u2022<\/span>Bulk &amp; Gro\u00dfhandel<\/strong>: Erh\u00e4ltlich Meat Fragrant King Gro\u00dfhandel direkt von unserem chinesischen Fleisch Gew\u00fcrzpulver Lieferanten.<\/p>\n<p data-start=\"1194\" data-end=\"1297\"><strong data-start=\"1194\" data-end=\"1217\"><span style=\"color: #cb342d; margin-right: 8px;\">\u2022<\/span>Clean-Label-Formel<\/strong>: Verwendet nat\u00fcrliche Gew\u00fcrze und hydrolisierte Proteine - ohne k\u00fcnstliche Farb- oder Geschmacksstoffe.<\/p>\n<p data-start=\"1194\" data-end=\"1297\"><strong data-start=\"1300\" data-end=\"1318\"><span style=\"color: #cb342d; margin-right: 8px;\">\u2022<\/span>Hohe Stabilit\u00e4t<\/strong>: Beh\u00e4lt seine Wirksamkeit durch Kochen bei hoher Hitze und verl\u00e4ngerte Haltbarkeit.<\/p>\n<p data-start=\"1194\" data-end=\"1297\"><strong data-start=\"1393\" data-end=\"1413\"><span style=\"color: #cb342d; margin-right: 8px;\">\u2022<\/span>Einfache Beschaffung<\/strong>: Kaufen Sie schnell Meat Fragrant King Gew\u00fcrze online mit OEM-Unterst\u00fctzung f\u00fcr kundenspezifische Mischungen.<\/p>","protected":false},"featured_media":1457,"comment_status":"closed","ping_status":"closed","template":"","meta":[],"product_brand":[24],"product_cat":[95,18],"product_tag":[71,69],"class_list":{"0":"post-918","1":"product","2":"type-product","3":"status-publish","4":"has-post-thumbnail","6":"product_brand-ruikelai","7":"product_cat-meat-flavor-enhancers","8":"product_cat-seasoning","9":"product_tag-meat-flavor","10":"product_tag-powder","11":"pa_form-powder","12":"pa_taste-enhancing-meat-flavor","14":"first","15":"instock","16":"sale","17":"shipping-taxable","18":"purchasable","19":"product-type-simple"},"_links":{"self":[{"href":"https:\/\/ruikelaiglobal.com\/de\/wp-json\/wp\/v2\/product\/918","targetHints":{"allow":["GET"]}}],"collection":[{"href":"https:\/\/ruikelaiglobal.com\/de\/wp-json\/wp\/v2\/product"}],"about":[{"href":"https:\/\/ruikelaiglobal.com\/de\/wp-json\/wp\/v2\/types\/product"}],"replies":[{"embeddable":true,"href":"https:\/\/ruikelaiglobal.com\/de\/wp-json\/wp\/v2\/comments?post=918"}],"wp:featuredmedia":[{"embeddable":true,"href":"https:\/\/ruikelaiglobal.com\/de\/wp-json\/wp\/v2\/media\/1457"}],"wp:attachment":[{"href":"https:\/\/ruikelaiglobal.com\/de\/wp-json\/wp\/v2\/media?parent=918"}],"wp:term":[{"taxonomy":"product_brand","embeddable":true,"href":"https:\/\/ruikelaiglobal.com\/de\/wp-json\/wp\/v2\/product_brand?post=918"},{"taxonomy":"product_cat","embeddable":true,"href":"https:\/\/ruikelaiglobal.com\/de\/wp-json\/wp\/v2\/product_cat?post=918"},{"taxonomy":"product_tag","embeddable":true,"href":"https:\/\/ruikelaiglobal.com\/de\/wp-json\/wp\/v2\/product_tag?post=918"}],"curies":[{"name":"wp","href":"https:\/\/api.w.org\/{rel}","templated":true}]}}