{"id":899,"date":"2025-03-17T09:03:21","date_gmt":"2025-03-17T09:03:21","guid":{"rendered":"https:\/\/ruikelaiglobal.com\/?post_type=product&#038;p=899"},"modified":"2025-06-02T07:06:38","modified_gmt":"2025-06-02T07:06:38","slug":"concentrated-fresh-flavor-powder","status":"publish","type":"product","link":"https:\/\/ruikelaiglobal.com\/de\/concentrated-fresh-flavor-powder\/","title":{"rendered":"Konzentriertes Frisch-Aroma-Pulver"},"content":{"rendered":"<p>Unser <strong>Konzentriertes Frisch-Aroma-Pulver<\/strong> ist ein hochwertiges W\u00fcrzmittel, das Ihren Gerichten einen authentischen und lebendigen Geschmack verleiht. Dieses Gew\u00fcrzpulver wird aus sorgf\u00e4ltig ausgew\u00e4hlten, frischen Zutaten mit Hilfe fortschrittlicher Extraktionstechniken hergestellt und intensiviert die nat\u00fcrlichen Geschmacksprofile von Suppen, Saucen, Snacks und Fertiggerichten. Seine hohe Konzentration sorgt daf\u00fcr, dass bereits eine kleine Menge eine starke W\u00fcrzwirkung entfaltet und die Attraktivit\u00e4t und Konsistenz Ihrer Rezepte insgesamt verbessert. Mit einer Clean-Label-Formulierung ohne k\u00fcnstliche Zusatzstoffe und ohne GVO-Zutaten ist es die ideale Wahl f\u00fcr Gro\u00dfk\u00fcchen und Lebensmittelhersteller, die ihre W\u00fcrzl\u00f6sungen mit nat\u00fcrlicher, konzentrierter Qualit\u00e4t aufwerten m\u00f6chten.<\/p>","protected":false},"excerpt":{"rendered":"<h3 style=\"color: #cb342d; margin-bottom: 12px;\">Beschreibung des Produkts:<\/h3>\n<p><strong data-start=\"751\" data-end=\"768\"><span style=\"color: #cb342d; margin-right: 8px;\">\u2022<\/span>Hohe Potenz:<\/strong> Sorgt f\u00fcr eine intensive W\u00fcrzwirkung und erm\u00f6glicht einen kr\u00e4ftigen Geschmack bei minimalem Verbrauch.<\/p>\n<p><strong data-start=\"868\" data-end=\"897\"><span style=\"color: #cb342d; margin-right: 8px;\">\u2022<\/span>Premium Natural Sourcing:<\/strong> Hergestellt aus frischen, hochwertigen Zutaten, um ein authentisches W\u00fcrz-Erlebnis zu gew\u00e4hrleisten.<\/p>\n<p><strong data-start=\"989\" data-end=\"1015\"><span style=\"color: #cb342d; margin-right: 8px;\">\u2022<\/span>Vielseitige Anwendung:<\/strong> Ideal f\u00fcr verschiedene kulinarische Verwendungszwecke, von Suppen und Saucen bis hin zu verarbeiteten Lebensmitteln und Fertiggerichten.<\/p>\n<p><strong data-start=\"1111\" data-end=\"1138\"><span style=\"color: #cb342d; margin-right: 8px;\">\u2022<\/span>Clean Label-Verpflichtung:<\/strong> Die Rezeptur entspricht den modernen Clean-Label-Standards und gew\u00e4hrleistet eine nat\u00fcrliche W\u00fcrzl\u00f6sung ohne k\u00fcnstliche Zusatzstoffe.<\/p>\n<p><strong data-start=\"1260\" data-end=\"1281\"><span style=\"color: #cb342d; margin-right: 8px;\">\u2022<\/span>Einfache Integration:<\/strong> L\u00f6st sich nahtlos in Rezepten auf und sorgt f\u00fcr eine gleichm\u00e4\u00dfige Verteilung der Gew\u00fcrze und einen gleichbleibenden Geschmack in Ihrem Gericht.<\/p>\n<p><strong data-start=\"1402\" data-end=\"1425\"><span style=\"color: #cb342d; margin-right: 8px;\">\u2022<\/span>Stabile Leistung:<\/strong> Es beh\u00e4lt seine W\u00fcrzkraft und sein Aroma auch bei der Verarbeitung bei hohen Temperaturen und bei langer Lagerung, was es zu einer zuverl\u00e4ssigen Wahl f\u00fcr private und industrielle Anwendungen macht.<\/p>","protected":false},"featured_media":1462,"comment_status":"closed","ping_status":"closed","template":"","meta":[],"product_brand":[24],"product_cat":[31,18],"product_tag":[69],"class_list":{"0":"post-899","1":"product","2":"type-product","3":"status-publish","4":"has-post-thumbnail","6":"product_brand-ruikelai","7":"product_cat-chicken-bouillon-seasoning","8":"product_cat-seasoning","9":"product_tag-powder","10":"pa_form-powder","11":"pa_taste-chicken-flavor","13":"first","14":"instock","15":"sale","16":"shipping-taxable","17":"purchasable","18":"product-type-simple"},"_links":{"self":[{"href":"https:\/\/ruikelaiglobal.com\/de\/wp-json\/wp\/v2\/product\/899","targetHints":{"allow":["GET"]}}],"collection":[{"href":"https:\/\/ruikelaiglobal.com\/de\/wp-json\/wp\/v2\/product"}],"about":[{"href":"https:\/\/ruikelaiglobal.com\/de\/wp-json\/wp\/v2\/types\/product"}],"replies":[{"embeddable":true,"href":"https:\/\/ruikelaiglobal.com\/de\/wp-json\/wp\/v2\/comments?post=899"}],"wp:featuredmedia":[{"embeddable":true,"href":"https:\/\/ruikelaiglobal.com\/de\/wp-json\/wp\/v2\/media\/1462"}],"wp:attachment":[{"href":"https:\/\/ruikelaiglobal.com\/de\/wp-json\/wp\/v2\/media?parent=899"}],"wp:term":[{"taxonomy":"product_brand","embeddable":true,"href":"https:\/\/ruikelaiglobal.com\/de\/wp-json\/wp\/v2\/product_brand?post=899"},{"taxonomy":"product_cat","embeddable":true,"href":"https:\/\/ruikelaiglobal.com\/de\/wp-json\/wp\/v2\/product_cat?post=899"},{"taxonomy":"product_tag","embeddable":true,"href":"https:\/\/ruikelaiglobal.com\/de\/wp-json\/wp\/v2\/product_tag?post=899"}],"curies":[{"name":"wp","href":"https:\/\/api.w.org\/{rel}","templated":true}]}}