{"id":2673,"date":"2025-05-07T08:00:17","date_gmt":"2025-05-07T08:00:17","guid":{"rendered":"https:\/\/ruikelaiglobal.com\/?post_type=product&#038;p=2673"},"modified":"2025-07-02T05:17:25","modified_gmt":"2025-07-02T05:17:25","slug":"barbecue-flavor-enhancer","status":"publish","type":"product","link":"https:\/\/ruikelaiglobal.com\/de\/barbecue-flavor-enhancer\/","title":{"rendered":"Barbecue-Geschmacksverst\u00e4rker"},"content":{"rendered":"<h2>Gro\u00dfhandel Barbecue Flavor Enhancer f\u00fcr industrielle und Foodservice-Anwendungen<\/h2>\n<p>Erzielen Sie mit dem Ruilisi\u00ae Barbecue Flavor Enhancer 7710 eine unvergleichliche Tiefe und Konsistenz Ihrer Grillprodukte. Als f\u00fchrender Hersteller von Barbecue Flavor Enhancer in loser Sch\u00fcttung haben wir dieses Pulver in Profiqualit\u00e4t speziell f\u00fcr industrielle Lebensmittelhersteller, gro\u00dfe Gastronomiebetriebe und Handelsmarken entwickelt, die einen deutlichen Wettbewerbsvorteil suchen.<\/p>\n<p>Unsere innovative Formel basiert auf fortschrittlichen <b>Deep-Infusion- und Thermal-Lock-Technologie<\/b>. Dieses System verwendet eine gesch\u00fctzte Mischung von Geschmacksvorl\u00e4ufern, einschlie\u00dflich hochwirksamer Hefeextrakte, die synergetisch wirken, um die Maillard-Reaktion tief in der Proteinmatrix zu optimieren. Das Ergebnis ist nicht nur eine oberfl\u00e4chliche W\u00fcrzung, sondern ein reichhaltiger, schmackhafter und authentischer Grillcharakter, der jede Faser des Fleisches durchdringt. Dieser Umami-Verst\u00e4rker f\u00fcr Barbecue-Injektionen und -Marinaden erzeugt einen grundlegenden Fleischgeschmack, der robust und komplex ist.<\/p>\n<p>Dar\u00fcber hinaus sorgt die Thermal-Lock-Komponente daf\u00fcr, dass dieses sorgf\u00e4ltig entwickelte Geschmacksprofil stabil und wirksam bleibt, selbst wenn es den strengen Anforderungen der industriellen Verarbeitung wie Grillen bei hoher Hitze, R\u00e4uchern, Retortieren und l\u00e4ngeres Hei\u00dfhalten ausgesetzt ist. Dieses hitzestabile Grillaroma f\u00fcr verarbeitetes Fleisch garantiert eine gleichbleibende Konsistenz von Charge zu Charge und ein hervorragendes sensorisches Erlebnis f\u00fcr den Endverbraucher. Gehen Sie eine Partnerschaft mit einem f\u00fchrenden Hersteller von Fleischgew\u00fcrzen ein, um Ihre Produktlinie mit einem reinen Raucharoma-Pulver aufzuwerten, das zuverl\u00e4ssige Leistung und einen wirklich unvergesslichen Geschmack bietet.<\/p>","protected":false},"excerpt":{"rendered":"<h2><strong><span style=\"color: #cb342d; font-family: Arial, sans-serif;\">Beschreibung des Produkts:<\/span><\/strong><\/h2>\n<div style=\"font-family: Arial, sans-serif; line-height: 1.6;\">\n<ul style=\"list-style: none; padding-left: 0; margin: 0;\">\n<li style=\"margin-bottom: 10px;\"><span style=\"color: #cb342d; margin-right: 8px;\">\u2022<\/span><b>Merkmal:<\/b> Fortschrittliche Deep-Infusion- und Thermal-Lock-Technologie.\n<ul>\n<li><b>Nutzen:<\/b> Sorgt daf\u00fcr, dass der robuste, authentische Grillgeschmack tief eindringt und der Verarbeitung bei hohen Temperaturen standh\u00e4lt, um Ihren Kunden ein konsistentes und k\u00f6stliches Endprodukt zu garantieren.<\/li>\n<\/ul>\n<\/li>\n<li><b><span style=\"color: #cb342d; margin-right: 8px;\">\u2022<\/span>Merkmal:<\/b> Konzentriertes Bohnenkraut- und Umami-Profil.\n<ul>\n<li><b>Nutzen:<\/b> Mit nat\u00fcrlichen Hefeextrakten liefert es einen reichen, fleischigen Geschmack und erm\u00f6glicht die Herstellung von Clean-Label-Produkten, indem es MNG reduziert oder ersetzt und gleichzeitig den Gesamtgeschmack verst\u00e4rkt.<\/li>\n<\/ul>\n<\/li>\n<li><b><span style=\"color: #cb342d; margin-right: 8px;\">\u2022<\/span>Merkmal:<\/b> Hochl\u00f6sliche Pulverform.\n<ul>\n<li><b>Nutzen:<\/b> Es l\u00e4sst sich nahtlos sowohl in trockene als auch in fl\u00fcssige Systeme integrieren und eignet sich daher ideal f\u00fcr eine breite Palette industrieller W\u00fcrzmittelanwendungen, einschlie\u00dflich trockener W\u00fcrzmischungen, fl\u00fcssiger Marinaden, Injektionen, Glasuren und So\u00dfengrundlagen.<\/li>\n<\/ul>\n<\/li>\n<li><b><span style=\"color: #cb342d; margin-right: 8px;\">\u2022<\/span>Merkmal:<\/b> Vielseitige Geschmacksgrundlage.\n<ul>\n<li><b>Nutzen:<\/b> Bietet ein neutrales und dennoch robustes Barbecue-Grundger\u00fcst, das ein breites Spektrum an Geschmacksprofilen unterst\u00fctzt, vom klassischen amerikanischen Hickory-Rauch bis hin zu trendigen globalen Variationen wie Koreanisch oder Cajun, und beschleunigt so Ihren Produktentwicklungszyklus.<\/li>\n<\/ul>\n<\/li>\n<li><b><span style=\"color: #cb342d; margin-right: 8px;\">\u2022<\/span>Merkmal:<\/b> Stammt aus einer ISO22000-zertifizierten Einrichtung.\n<ul>\n<li><b>Nutzen:<\/b> Garantiert die Einhaltung der h\u00f6chsten internationalen Standards f\u00fcr Lebensmittelsicherheit, Qualit\u00e4t und R\u00fcckverfolgbarkeit und bietet Ihnen einen zuverl\u00e4ssigen und sicheren Rohstoff f\u00fcr Ihre globale Lieferkette.<\/li>\n<\/ul>\n<\/li>\n<\/ul>\n<\/div>","protected":false},"featured_media":2677,"comment_status":"open","ping_status":"closed","template":"","meta":[],"product_brand":[36],"product_cat":[105,85,18],"product_tag":[106],"class_list":{"0":"post-2673","1":"product","2":"type-product","3":"status-publish","4":"has-post-thumbnail","6":"product_brand-ruilisi","7":"product_cat-barbecue-falvor-seasonings","8":"product_cat-deep-fry-bbq","9":"product_cat-seasoning","10":"product_tag-barbecue-flavor","11":"pa_form-powder","12":"pa_taste-enhancing-meat-flavor","14":"first","15":"instock","16":"shipping-taxable","17":"product-type-simple"},"_links":{"self":[{"href":"https:\/\/ruikelaiglobal.com\/de\/wp-json\/wp\/v2\/product\/2673","targetHints":{"allow":["GET"]}}],"collection":[{"href":"https:\/\/ruikelaiglobal.com\/de\/wp-json\/wp\/v2\/product"}],"about":[{"href":"https:\/\/ruikelaiglobal.com\/de\/wp-json\/wp\/v2\/types\/product"}],"replies":[{"embeddable":true,"href":"https:\/\/ruikelaiglobal.com\/de\/wp-json\/wp\/v2\/comments?post=2673"}],"wp:featuredmedia":[{"embeddable":true,"href":"https:\/\/ruikelaiglobal.com\/de\/wp-json\/wp\/v2\/media\/2677"}],"wp:attachment":[{"href":"https:\/\/ruikelaiglobal.com\/de\/wp-json\/wp\/v2\/media?parent=2673"}],"wp:term":[{"taxonomy":"product_brand","embeddable":true,"href":"https:\/\/ruikelaiglobal.com\/de\/wp-json\/wp\/v2\/product_brand?post=2673"},{"taxonomy":"product_cat","embeddable":true,"href":"https:\/\/ruikelaiglobal.com\/de\/wp-json\/wp\/v2\/product_cat?post=2673"},{"taxonomy":"product_tag","embeddable":true,"href":"https:\/\/ruikelaiglobal.com\/de\/wp-json\/wp\/v2\/product_tag?post=2673"}],"curies":[{"name":"wp","href":"https:\/\/api.w.org\/{rel}","templated":true}]}}