{"id":4099,"date":"2025-08-27T07:35:50","date_gmt":"2025-08-27T07:35:50","guid":{"rendered":"https:\/\/ruikelaiglobal.com\/?page_id=4099"},"modified":"2025-08-27T07:46:30","modified_gmt":"2025-08-27T07:46:30","slug":"flavor-stability-shelf-life-extension","status":"publish","type":"page","link":"https:\/\/ruikelaiglobal.com\/de\/flavor-stability-shelf-life-extension\/","title":{"rendered":"Geschmacksstabilit\u00e4t &amp; Verl\u00e4ngerung der Lagerf\u00e4higkeit"},"content":{"rendered":"<section class=\"bde-section-4099-100 bde-section\">\n              \n  \n\t\n\n  <div class=\"section-background-overlay\"><\/div>\n\n\n<div class=\"section-container\"><div class=\"bde-div-4099-101 bde-div\">\n              \n  \n\t\n\n  <div class=\"section-background-overlay\"><\/div>\n\n\n<h1 class=\"bde-heading-4099-102 bde-heading\">\nPerfektion bewahren: L\u00f6sungen f\u00fcr Geschmacksstabilit\u00e4t und verl\u00e4ngerte Haltbarkeit\n<\/h1><div class=\"bde-text-4099-103 bde-text\">\nSorgen Sie daf\u00fcr, dass der Geschmack, die Frische und die Qualit\u00e4t Ihrer Produkte erhalten bleiben. Entdecken Sie unsere fortschrittlichen Technologien zum Schutz des Geschmacks und zur Verl\u00e4ngerung der Haltbarkeit.\n<\/div><div class=\"bde-div-4099-104 bde-div\">\n  \n\t\n\n\n\n<div class=\"bde-button-4099-105 bde-button\">\n    \n                                    \n              \n    \n    \n    \n            \n                    \n            \n            \n\n    \n    \n              \n    \n    \n    <a class=\"breakdance-link button-atom button-atom--custom bde-button__button\" href=\"#https:\/\/ruikelaiglobal.com\/Preservation-Technologies\/\" target=\"_self\" data-type=\"url\"  id=\"#743\" >\n\n    \n        <span class=\"button-atom__text\">Konservierungstechnologien erforschen<\/span>\n\n        \n        \n                <\/a>\n\n    \n\n\n<\/div>\n<\/div>\n<\/div><\/div>\n<\/section><section class=\"bde-section-4099-106 bde-section\">\n  \n\t\n\n\n\n<div class=\"section-container\"><div class=\"bde-columns-4099-107 bde-columns\"><div class=\"bde-column-4099-108 bde-column\">\n  \n\t\n\n\n\n<div class=\"bde-fancy-divider-4099-109 bde-fancy-divider\">\n\n\n<div class=\"bde-fancy-divider__wrapper\">\n  <div class=\"bde-fancy-divider__separator has-content has-content-flex-end\">\n  \t    \t    \t          <div class=\"bde-fancy-divider__content bde-fancy-divider__content--text\">\n          L\u00f6sungen\n          <\/div>\n    \t      <\/div>\n<\/div>\n\n<\/div><h2 class=\"bde-heading-4099-110 bde-heading\">\nDie hohen Kosten der Instabilit\u00e4t: Sch\u00fctzen Sie Ihre Marke und reduzieren Sie die Verschwendung\n<\/h2>\n<\/div><div class=\"bde-column-4099-111 bde-column\">\n  \n\t\n\n\n\n<div class=\"bde-rich-text-4099-112 bde-rich-text breakdance-rich-text-styles\">\n<p>Produktverderb und sensorische Beeintr\u00e4chtigung sind mehr als nur betriebliche H\u00fcrden; sie sind eine erhebliche Bedrohung f\u00fcr Ihr Endergebnis und den Ruf Ihrer Marke. J\u00e4hrlich entstehen der Weltwirtschaft durch Lebensmittelverschwendung Kosten in H\u00f6he von \u00fcber $1 Billion, wobei ein erheblicher Teil davon auf Produkte zur\u00fcckzuf\u00fchren ist, die ihre Qualit\u00e4t verlieren, bevor sie verzehrt werden k\u00f6nnen. F\u00fcr einen Lebensmittelhersteller bedeutet dies direkte Verluste durch weggeworfene Best\u00e4nde und indirekte Kosten aufgrund von Ineffizienzen bei Arbeit und Betriebsmitteln. Dar\u00fcber hinaus kann ein einziger R\u00fcckruf von Lebensmitteln durchschnittlich $10 Millionen an direkten Kosten verursachen, wobei der langfristige Schaden f\u00fcr das Vertrauen der Verbraucher und die Markentreue noch nicht ber\u00fccksichtigt ist. Wenn Sie in eine effektive Konservierung investieren, sch\u00fctzen Sie nicht nur Ihre Produkte, sondern verst\u00e4rken auch das Engagement Ihrer Marke f\u00fcr Nachhaltigkeit - ein Wert, der den Verbrauchern immer wichtiger wird -, indem Sie Lebensmittelabf\u00e4lle aktiv reduzieren.<\/p>\n<\/div>\n<\/div><\/div><\/div>\n<\/section><section class=\"bde-section-4099-113 bde-section\">\n  \n\t\n\n\n\n<div class=\"section-container\"><h2 class=\"bde-heading-4099-114 bde-heading\">\nEin doppelter Ansatz f\u00fcr die Bewahrung\n<\/h2><div class=\"bde-columns-4099-128 bde-columns\"><div class=\"bde-column-4099-129 bde-column\">\n  \n\t\n\n\n\n<div class=\"bde-text-4099-117 bde-text\">\n\ud83e\udda0\n<\/div><h3 class=\"bde-heading-4099-118 bde-heading\">\nSicherstellung der mikrobiellen Stabilit\u00e4t (Lebensmittelsicherheit)\n<\/h3><div class=\"bde-text-4099-119 bde-text\">\nDie erste Verteidigungslinie bei der Konservierung ist die Gew\u00e4hrleistung der Produktsicherheit. Dazu geh\u00f6rt die Hemmung des Wachstums von verderblichen Mikroorganismen wie Bakterien, Hefe und Schimmel, die die Hauptursache f\u00fcr lebensmittelbedingte Krankheiten und Produktr\u00fcckrufe sind. Unsere antimikrobiellen Clean-Label-L\u00f6sungen, die aus nat\u00fcrlichen Quellen wie der Fermentation gewonnen werden, verl\u00e4ngern effektiv die Haltbarkeit und sch\u00fctzen die Gesundheit der Verbraucher. So k\u00f6nnen Sie Produkte anbieten, die sowohl sicher als auch frei von unerw\u00fcnschten synthetischen Konservierungsstoffen sind.\n<\/div>\n<\/div><div class=\"bde-column-4099-130 bde-column\">\n  \n\t\n\n\n\n<div class=\"bde-text-4099-121 bde-text\">\n\ud83c\udfa8\n<\/div><h3 class=\"bde-heading-4099-122 bde-heading\">\nAufrechterhaltung der sensorischen Stabilit\u00e4t (Geschmack und Farbe)\n<\/h3><div class=\"bde-text-4099-123 bde-text\">\n\u00dcber die Sicherheit hinaus ist es wichtig, das beabsichtigte sensorische Erlebnis, das Ihr Produkt ausmacht, zu sch\u00fctzen. Geschmack, Farbe und Aroma k\u00f6nnen durch Umwelteinfl\u00fcsse wie Oxidation, Licht und Hitze beeintr\u00e4chtigt werden, was zu Fehlnoten, Ranzigkeit und Verf\u00e4rbung f\u00fchrt. Unsere fortschrittlichen L\u00f6sungen, einschlie\u00dflich Antioxidantien auf pflanzlicher Basis und Verkapselung von Aromen, sch\u00fctzen diese empfindlichen Bestandteile und sorgen daf\u00fcr, dass Ihr Produkt am letzten Tag genauso perfekt schmeckt, riecht und aussieht wie am ersten Tag.\n<\/div>\n<\/div><\/div><\/div>\n<\/section><section class=\"bde-section-4099-131 bde-section\">\n  \n\t\n\n\n\n<div class=\"section-container\"><h2 class=\"bde-heading-4099-132 bde-heading\">\nTechnologie-Schaufenster: Fortschrittliche Geschmacksschutzsysteme\n<\/h2><div class=\"bde-grid-4099-133 bde-grid\">\n  \n\t\n\n\n\n<div class=\"bde-div-4099-134 bde-div\">\n              \n  \n\t\n\n  <div class=\"section-background-overlay\"><\/div>\n\n\n<div class=\"bde-text-4099-135 bde-text\">\n\ud83e\uddea\n<\/div><h3 class=\"bde-heading-4099-136 bde-heading\">\nNat\u00fcrliche antimikrobielle Mittel &amp; Fermentate\n<\/h3><div class=\"bde-text-4099-137 bde-text\">\nUnser Portfolio an Clean-Label-Zutaten, wie fermentiertes Weizenmehl und kultivierte Dextrose, hemmt auf nat\u00fcrliche Weise den mikrobiellen Verderb in einer Vielzahl von Anwendungen, von Backwaren bis zu verarbeitetem Fleisch. Diese Zutaten sind wirksame, verbraucherfreundliche Alternativen zu synthetischen Konservierungsmitteln wie Kalziumpropionat und helfen Ihnen, eine einfachere, transparentere Zutatenliste zu erstellen.\n<\/div>\n<\/div><div class=\"bde-div-4099-138 bde-div\">\n              \n  \n\t\n\n  <div class=\"section-background-overlay\"><\/div>\n\n\n<div class=\"bde-text-4099-139 bde-text\">\n\ud83c\udf3f\n<\/div><h3 class=\"bde-heading-4099-140 bde-heading\">\nAntioxidantien-Botanik-Mischungen\n<\/h3><div class=\"bde-text-4099-141 bde-text\">\nNutzen Sie die Kraft der Natur mit unseren standardisierten Extrakten aus Quellen wie Rosmarin, gr\u00fcnem Tee und Acerola. Diese wirksamen Mischungen sch\u00fctzen vor Oxidation, indem sie freie Radikale neutralisieren, das Ranzigwerden von Fetten und \u00d6len verhindern und den frischen Geschmack und die leuchtende Farbe Ihrer Produkte bewahren.\n<\/div>\n<\/div><div class=\"bde-div-4099-142 bde-div\">\n              \n  \n\t\n\n  <div class=\"section-background-overlay\"><\/div>\n\n\n<div class=\"bde-text-4099-143 bde-text\">\n\ud83e\uddec\n<\/div><h3 class=\"bde-heading-4099-144 bde-heading\">\nFortschrittliche Geschmackskapselung\n<\/h3><div class=\"bde-text-4099-145 bde-text\">\nUnsere hochmoderne Verkapselungstechnologie schafft eine mikroskopisch kleine Schutzbarriere um fl\u00fcchtige Aromamolek\u00fcle. Dadurch werden sie w\u00e4hrend der Verarbeitung und Lagerung vor Hitze, Sauerstoff und Feuchtigkeit gesch\u00fctzt, was eine starke, kontrollierte Freisetzung der Aromen im Moment des Verzehrs f\u00fcr ein hervorragendes sensorisches Erlebnis gew\u00e4hrleistet.\n<\/div>\n<\/div>\n<\/div><\/div>\n<\/section><section class=\"bde-section-4099-182 bde-section\">\n  \n\t\n\n\n\n<div class=\"section-container\"><div class=\"bde-columns-4099-183 bde-columns\"><div class=\"bde-column-4099-186 bde-column\">\n  \n\t\n\n\n\n<h2 class=\"bde-heading-4099-187 bde-heading\">\nAnwendungsschwerpunkt: Erhaltung der Frische von Backwaren\n<\/h2><div class=\"bde-rich-text-4099-188 bde-rich-text breakdance-rich-text-styles\">\n<p>Nehmen wir an, ein Hersteller von verpackten Muffins m\u00f6chte die Haltbarkeitsdauer von typischerweise 7 Tagen auf \u00fcber 14 Tage verl\u00e4ngern und dabei Retouren und Abfall reduzieren. Mit unserem zweigleisigen Ansatz l\u00e4sst sich dies erreichen. Erstens wird eine fermentierte Weizenzutat in den Teig eingearbeitet, um das Schimmelwachstum zu hemmen, die mikrobielle Stabilit\u00e4t zu verbessern und sicherzustellen, dass das Produkt sicher und optisch ansprechend bleibt. Zweitens wird ein eingekapseltes Vanillearoma verwendet, um das delikate Aroma w\u00e4hrend des Backens und der Lagerung vor dem Abbau zu sch\u00fctzen. Dies gew\u00e4hrleistet die sensorische Stabilit\u00e4t und bietet dem Verbraucher auch noch Wochen nach der Herstellung ein frisches, aromatisches Vanilleerlebnis.<\/p>\n<\/div>\n<\/div><div class=\"bde-column-4099-184 bde-column\">\n  \n\t\n\n\n\n<div class=\"bde-image-4099-185 bde-image\">\n<figure class=\"breakdance-image breakdance-image--4138\">\n\t<div class=\"breakdance-image-container\">\n\t\t<div class=\"breakdance-image-clip\"><img decoding=\"async\" class=\"breakdance-image-object\" src=\"https:\/\/ruikelaiglobal.com\/wp-content\/uploads\/2025\/08\/Maintaining-Freshness-in-Baked-Goods_RuikelaiGlobal.webp\" width=\"1200\" height=\"597\" srcset=\"https:\/\/ruikelaiglobal.com\/wp-content\/uploads\/2025\/08\/Maintaining-Freshness-in-Baked-Goods_RuikelaiGlobal.webp 1200w, https:\/\/ruikelaiglobal.com\/wp-content\/uploads\/2025\/08\/Maintaining-Freshness-in-Baked-Goods_RuikelaiGlobal-300x149.webp 300w, https:\/\/ruikelaiglobal.com\/wp-content\/uploads\/2025\/08\/Maintaining-Freshness-in-Baked-Goods_RuikelaiGlobal-1024x509.webp 1024w, https:\/\/ruikelaiglobal.com\/wp-content\/uploads\/2025\/08\/Maintaining-Freshness-in-Baked-Goods_RuikelaiGlobal-768x382.webp 768w, https:\/\/ruikelaiglobal.com\/wp-content\/uploads\/2025\/08\/Maintaining-Freshness-in-Baked-Goods_RuikelaiGlobal-18x9.webp 18w, https:\/\/ruikelaiglobal.com\/wp-content\/uploads\/2025\/08\/Maintaining-Freshness-in-Baked-Goods_RuikelaiGlobal-800x398.webp 800w\" sizes=\"(max-width: 1200px) 100vw, 1200px\" alt=\"\" title=\"\"><\/div>\n\t<\/div><\/figure>\n\n<\/div>\n<\/div><\/div><\/div>\n<\/section><section class=\"bde-section-4099-189 bde-section\">\n  \n\t\n\n\n\n<div class=\"section-container\"><div class=\"bde-div-4099-190 bde-div\">\n  \n\t\n\n\n\n<h2 class=\"bde-heading-4099-191 bde-heading\">\nPartnerschaft mit uns f\u00fcr dauerhafte Qualit\u00e4t\n<\/h2><div class=\"bde-text-4099-192 bde-text\">\nUm die Unversehrtheit Ihres Produkts zu sch\u00fctzen, braucht es mehr als nur Inhaltsstoffe; es braucht eine Partnerschaft. Die Experten unseres technischen Teams sind bereit, mit Ihnen zusammenzuarbeiten, um Ihre spezifischen Konservierungsprobleme zu l\u00f6sen. Wir k\u00f6nnen umfassende Haltbarkeitsstudien durchf\u00fchren und ein ma\u00dfgeschneidertes System von L\u00f6sungen empfehlen, das auf die besonderen Anforderungen Ihrer Produktmatrix, Verarbeitungsbedingungen und Lieferkette abgestimmt ist. Lassen Sie uns gemeinsam daran arbeiten, dauerhafte Qualit\u00e4t in jedes Ihrer Produkte zu bringen.\n<\/div><div class=\"bde-button-4099-193 bde-button\">\n    \n                                    \n    \n    \n    \n    \n            \n                    \n            \n                           \n                       \n                 \n\n    \n    \n    \n                    \n    \n    <a class=\"breakdance-link button-atom button-atom--custom bde-button__button\" href=\"#\" target=\"_self\" data-type=\"action\"  data-action='{\"type\":\"popup\",\"popupOptions\":{\"popupId\":\"3392\",\"popupAction\":\"toggle\"}}' >\n\n    \n        <span class=\"button-atom__text\">Stabilit\u00e4tsberatung anfordern<\/span>\n\n        \n        \n                <\/a>\n\n    \n\n\n<\/div><div class=\"bde-div-4099-212 bde-div\">\n  \n\t\n\n\n\n<div class=\"bde-text-4099-213 bde-text\">\nWeitergeben:\n<\/div><div class=\"bde-social-icons-4099-214 bde-social-icons\">\n                  \n            \n            \n\n    \n    \n    \n    \n    \n    <a class=\"breakdance-link bde-social-icons__icon-wrapper bde-social-icons__icon-facebook\" href=\"https:\/\/www.facebook.com\/RuikelaiGlobal\" target=\"_self\" data-type=\"url\" aria-label=\"facebook\" rel=\"nofollow noopener\">\n\n             <svg xmlns=\"http:\/\/www.w3.org\/2000\/svg\" width=\"100%\" viewbox=\"0 0 24 24\">\n            <path d=\"M9 8h-3v4h3v12h5v-12h3.642l.358-4h-4v-1.667c0-.955.192-1.333 1.115-1.333h2.885v-5h-3.808c-3.596 0-5.192 1.583-5.192 4.615v3.385z\"\/>\n       <\/svg>\n              <\/a>\n\n                    \n            \n            \n\n    \n    \n    \n    \n    \n    <a class=\"breakdance-link bde-social-icons__icon-wrapper bde-social-icons__icon-twitter\" href=\"https:\/\/twitter.com\/RuikelaiGlobal\" target=\"_self\" data-type=\"url\" aria-label=\"twitter\" rel=\"nofollow noopener\">\n\n              <svg xmlns=\"http:\/\/www.w3.org\/2000\/svg\" width=\"100%\" viewbox=\"0 0 512 512\">\n          <path d=\"M389.2 48h70.6L305.6 224.2 487 464H345L233.7 318.6 106.5 464H35.8L200.7 275.5 26.8 48H172.4L272.9 180.9 389.2 48zM364.4 421.8h39.1L151.1 88h-42L364.4 421.8z\" \/>\n        <\/svg>\n              <\/a>\n\n                    \n            \n            \n\n    \n    \n    \n    \n    \n    <a class=\"breakdance-link bde-social-icons__icon-wrapper bde-social-icons__icon-instagram\" href=\"https:\/\/www.instagram.com\/ruikelai_global\" target=\"_self\" data-type=\"url\" aria-label=\"instagram\" rel=\"nofollow noopener\">\n\n             <svg xmlns=\"http:\/\/www.w3.org\/2000\/svg\" width=\"100%\" viewbox=\"0 0 24 24\">\n            <path d=\"M12 2.163c3.204 0 3.584.012 4.85.07 3.252.148 4.771 1.691 4.919 4.919.058 1.265.069 1.645.069 4.849 0 3.205-.012 3.584-.069 4.849-.149 3.225-1.664 4.771-4.919 4.919-1.266.058-1.644.07-4.85.07-3.204 0-3.584-.012-4.849-.07-3.26-.149-4.771-1.699-4.919-4.92-.058-1.265-.07-1.644-.07-4.849 0-3.204.013-3.583.07-4.849.149-3.227 1.664-4.771 4.919-4.919 1.266-.057 1.645-.069 4.849-.069zm0-2.163c-3.259 0-3.667.014-4.947.072-4.358.2-6.78 2.618-6.98 6.98-.059 1.281-.073 1.689-.073 4.948 0 3.259.014 3.668.072 4.948.2 4.358 2.618 6.78 6.98 6.98 1.281.058 1.689.072 4.948.072 3.259 0 3.668-.014 4.948-.072 4.354-.2 6.782-2.618 6.979-6.98.059-1.28.073-1.689.073-4.948 0-3.259-.014-3.667-.072-4.947-.196-4.354-2.617-6.78-6.979-6.98-1.281-.059-1.69-.073-4.949-.073zm0 5.838c-3.403 0-6.162 2.759-6.162 6.162s2.759 6.163 6.162 6.163 6.162-2.759 6.162-6.163c0-3.403-2.759-6.162-6.162-6.162zm0 10.162c-2.209 0-4-1.79-4-4 0-2.209 1.791-4 4-4s4 1.791 4 4c0 2.21-1.791 4-4 4zm6.406-11.845c-.796 0-1.441.645-1.441 1.44s.645 1.44 1.441 1.44c.795 0 1.439-.645 1.439-1.44s-.644-1.44-1.439-1.44z\"\/>\n       <\/svg>\n              <\/a>\n\n                    \n            \n            \n\n    \n    \n    \n    \n    \n    <a class=\"breakdance-link bde-social-icons__icon-wrapper bde-social-icons__icon-youtube\" href=\"https:\/\/www.youtube.com\/@RuikelaiGlobal\" target=\"_self\" data-type=\"url\" aria-label=\"youtube\" rel=\"nofollow noopener\">\n\n             <svg xmlns=\"http:\/\/www.w3.org\/2000\/svg\" width=\"100%\" viewbox=\"0 0 24 24\">\n            <path d=\"M19.615 3.184c-3.604-.246-11.631-.245-15.23 0-3.897.266-4.356 2.62-4.385 8.816.029 6.185.484 8.549 4.385 8.816 3.6.245 11.626.246 15.23 0 3.897-.266 4.356-2.62 4.385-8.816-.029-6.185-.484-8.549-4.385-8.816zm-10.615 12.816v-8l8 3.993-8 4.007z\"\/>\n       <\/svg>\n              <\/a>\n\n                    \n            \n            \n\n    \n    \n    \n    \n    \n    <a class=\"breakdance-link bde-social-icons__icon-wrapper bde-social-icons__icon-custom\" href=\"mailto:ruikelai@outlook.com?subject=Hi\uff0cI\u2018ll get inHi, I'll Get in Touch for Tailored Flavor Solutions&body=Hi, Mia\" target=\"_self\" data-type=\"contact\" aria-label=\"benutzerdefinierte\" >\n\n                        <svg xmlns=\"http:\/\/www.w3.org\/2000\/svg\" id=\"icon-mail\" viewbox=\"0 0 32 32\">\n<path d=\"M26.666 0h-21.332c-2.934 0-5.334 2.4-5.334 5.333v21.333c0 2.934 2.4 5.334 5.334 5.334h21.332c2.936 0 5.334-2.4 5.334-5.334v-21.333c0-2.934-2.398-5.333-5.334-5.333zM8 8h16c0.286 0 0.563 0.061 0.817 0.177l-8.817 10.286-8.817-10.287c0.254-0.116 0.531-0.177 0.817-0.177zM6 22v-12c0-0.042 0.002-0.084 0.004-0.125l5.864 6.842-5.8 5.8c-0.045-0.167-0.069-0.34-0.069-0.517zM24 24h-16c-0.177 0-0.35-0.024-0.517-0.069l5.691-5.691 2.826 3.297 2.826-3.297 5.691 5.691c-0.167 0.045-0.34 0.069-0.517 0.069zM26 22c0 0.177-0.024 0.35-0.069 0.517l-5.8-5.8 5.864-6.842c0.003 0.041 0.004 0.083 0.004 0.125v12z\"\/>\n<\/svg>\n                      <\/a>\n\n    \n<\/div>\n<\/div>\n<\/div><\/div>\n<\/section>","protected":false},"excerpt":{"rendered":"<p>Preserving Perfection: Solutions for Flavor Stability and Shelf-Life Extension Ensure your product&#8217;s taste, freshness, and quality endure. Discover our advanced technologies for protecting flavor and extending shelf life. Explore Preservation Technologies Solutions The High Cost of Instability: Protecting Your Brand and Reducing Waste Product spoilage and sensory degradation are more than just operational hurdles; they [&hellip;]<\/p>\n","protected":false},"author":1,"featured_media":4101,"parent":0,"menu_order":0,"comment_status":"closed","ping_status":"closed","template":"","meta":{"_breakdance_hide_in_design_set":false,"_breakdance_tags":"","footnotes":""},"class_list":["post-4099","page","type-page","status-publish","has-post-thumbnail","hentry"],"_links":{"self":[{"href":"https:\/\/ruikelaiglobal.com\/de\/wp-json\/wp\/v2\/pages\/4099","targetHints":{"allow":["GET"]}}],"collection":[{"href":"https:\/\/ruikelaiglobal.com\/de\/wp-json\/wp\/v2\/pages"}],"about":[{"href":"https:\/\/ruikelaiglobal.com\/de\/wp-json\/wp\/v2\/types\/page"}],"author":[{"embeddable":true,"href":"https:\/\/ruikelaiglobal.com\/de\/wp-json\/wp\/v2\/users\/1"}],"replies":[{"embeddable":true,"href":"https:\/\/ruikelaiglobal.com\/de\/wp-json\/wp\/v2\/comments?post=4099"}],"version-history":[{"count":54,"href":"https:\/\/ruikelaiglobal.com\/de\/wp-json\/wp\/v2\/pages\/4099\/revisions"}],"predecessor-version":[{"id":4834,"href":"https:\/\/ruikelaiglobal.com\/de\/wp-json\/wp\/v2\/pages\/4099\/revisions\/4834"}],"wp:featuredmedia":[{"embeddable":true,"href":"https:\/\/ruikelaiglobal.com\/de\/wp-json\/wp\/v2\/media\/4101"}],"wp:attachment":[{"href":"https:\/\/ruikelaiglobal.com\/de\/wp-json\/wp\/v2\/media?parent=4099"}],"curies":[{"name":"wp","href":"https:\/\/api.w.org\/{rel}","templated":true}]}}