{"id":4004,"date":"2025-08-27T05:56:13","date_gmt":"2025-08-27T05:56:13","guid":{"rendered":"https:\/\/ruikelaiglobal.com\/?page_id=4004"},"modified":"2025-08-27T06:05:01","modified_gmt":"2025-08-27T06:05:01","slug":"sugar-salt-reduction-solutions","status":"publish","type":"page","link":"https:\/\/ruikelaiglobal.com\/de\/sugar-salt-reduction-solutions\/","title":{"rendered":"L\u00f6sungen zur Reduzierung von Zucker und Salz"},"content":{"rendered":"<section class=\"bde-section-4004-100 bde-section\">\n              \n  \n\t\n\n  <div class=\"section-background-overlay\"><\/div>\n\n\n<div class=\"section-container\"><div class=\"bde-div-4004-101 bde-div\">\n              \n  \n\t\n\n  <div class=\"section-background-overlay\"><\/div>\n\n\n<h1 class=\"bde-heading-4004-102 bde-heading\">\nGes\u00fcndere Produkte, unverf\u00e4lschter Geschmack: Fortschrittliche L\u00f6sungen zur Zucker- und Salzreduzierung\n<\/h1><div class=\"bde-text-4004-103 bde-text\">\nErf\u00fcllen Sie die globalen Gesundheitsziele und die Nachfrage der Verbraucher. Unsere integrierten L\u00f6sungen erm\u00f6glichen eine deutliche Zucker- und Salzreduzierung bei gleichzeitiger Wahrung des sensorischen Erlebnisses, das Ihre Kunden erwarten.\n<\/div><div class=\"bde-div-4004-104 bde-div\">\n  \n\t\n\n\n\n<div class=\"bde-button-4004-105 bde-button\">\n    \n                                    \n              \n    \n    \n    \n            \n                    \n            \n            \n\n    \n    \n              \n    \n    \n    <a class=\"breakdance-link button-atom button-atom--custom bde-button__button\" href=\"#https:\/\/ruikelaiglobal.com\/reduction-solutions\/\" target=\"_self\" data-type=\"url\"  id=\"#743\" >\n\n    \n        <span class=\"button-atom__text\">L\u00f6sungen zur Reduzierung der Kosten<\/span>\n\n        \n        \n                <\/a>\n\n    \n\n\n<\/div>\n<\/div>\n<\/div><\/div>\n<\/section><section class=\"bde-section-4004-106 bde-section\">\n  \n\t\n\n\n\n<div class=\"section-container\"><h2 class=\"bde-heading-4004-113 bde-heading\">\nDas globale Mandat f\u00fcr ges\u00fcndere Formulierungen\n<\/h2><div class=\"bde-columns-4004-107 bde-columns\"><div class=\"bde-column-4004-108 bde-column\">\n  \n\t\n\n\n\n<div class=\"bde-image-4004-109 bde-image\">\n<figure class=\"breakdance-image breakdance-image--4013\">\n\t<div class=\"breakdance-image-container\">\n\t\t<div class=\"breakdance-image-clip\"><img decoding=\"async\" class=\"breakdance-image-object\" src=\"https:\/\/ruikelaiglobal.com\/wp-content\/uploads\/2025\/08\/The-Global-Mandate-for-Healthier-Formulations_RuikelaiGlobal.webp\" width=\"1200\" height=\"800\" srcset=\"https:\/\/ruikelaiglobal.com\/wp-content\/uploads\/2025\/08\/The-Global-Mandate-for-Healthier-Formulations_RuikelaiGlobal.webp 1200w, https:\/\/ruikelaiglobal.com\/wp-content\/uploads\/2025\/08\/The-Global-Mandate-for-Healthier-Formulations_RuikelaiGlobal-300x200.webp 300w, https:\/\/ruikelaiglobal.com\/wp-content\/uploads\/2025\/08\/The-Global-Mandate-for-Healthier-Formulations_RuikelaiGlobal-1024x683.webp 1024w, https:\/\/ruikelaiglobal.com\/wp-content\/uploads\/2025\/08\/The-Global-Mandate-for-Healthier-Formulations_RuikelaiGlobal-768x512.webp 768w, https:\/\/ruikelaiglobal.com\/wp-content\/uploads\/2025\/08\/The-Global-Mandate-for-Healthier-Formulations_RuikelaiGlobal-18x12.webp 18w, https:\/\/ruikelaiglobal.com\/wp-content\/uploads\/2025\/08\/The-Global-Mandate-for-Healthier-Formulations_RuikelaiGlobal-800x533.webp 800w\" sizes=\"(max-width: 1200px) 100vw, 1200px\" alt=\"\" title=\"\"><\/div>\n\t<\/div><\/figure>\n\n<\/div>\n<\/div><div class=\"bde-column-4004-110 bde-column\">\n  \n\t\n\n\n\n<div class=\"bde-text-4004-112 bde-text\">\nEine starke Konvergenz von regulatorischem Druck und Verbrauchernachfrage hat die Reduzierung von Zucker und Natrium ganz oben auf die Tagesordnung der Lebensmittelindustrie gesetzt. Dabei handelt es sich nicht um einen vor\u00fcbergehenden Trend, sondern um eine grundlegende Marktver\u00e4nderung. Die Weltgesundheitsorganisation (WHO) empfiehlt, dass Erwachsene weniger als 2.000 mg Natrium (entspricht 5 Gramm Salz) pro Tag zu sich nehmen, doch der weltweite Durchschnitt liegt mit 4.310 mg mehr als doppelt so hoch. Dieser \u00dcberschuss wird mit sch\u00e4tzungsweise 1,89 Millionen Todesf\u00e4llen pro Jahr in Verbindung gebracht. \u00a0 <br>Als Reaktion darauf haben die Regierungen entschiedene Ma\u00dfnahmen ergriffen. Die US-Lebensmittel- und Arzneimittelbeh\u00f6rde (FDA) leitet die Industrie durch eine stufenweise Reduktionsstrategie, deren erste Ziele eine Senkung der durchschnittlichen Natriumaufnahme von 3.400 mg auf 3.000 mg pro Tag vorsehen, wobei weitere Reduzierungen geplant sind. Parallel dazu wurden im Rahmen der National Salt and Sugar Reduction Initiative (NSSRI) freiwillige Zuckerreduktionsziele f\u00fcr 15 Lebensmittel- und Getr\u00e4nkekategorien festgelegt. Durch das Erreichen dieser Ziele k\u00f6nnten Millionen von kardiovaskul\u00e4ren Ereignissen und Diabetesf\u00e4llen vermieden werden, was zu Einsparungen von \u00fcber $160 Milliarden an lebenslangen Gesundheitskosten f\u00fchren w\u00fcrde. \u00a0 <br>Dieser regulatorische Druck wird durch eine starke, von den Verbrauchern angef\u00fchrte Bewegung verst\u00e4rkt. Die K\u00e4ufer von heute suchen aktiv nach ges\u00fcnderen Produkten mit \"reinen Etiketten\" und pr\u00fcfen die Zutatenlisten genau, um \u00fcberm\u00e4\u00dfigen Zucker und Salz zu vermeiden. F\u00fcr Lebensmittelhersteller geht es bei der strategischen Neuformulierung nicht mehr nur um die Einhaltung von Vorschriften, sondern um eine entscheidende Chance f\u00fcr Innovation, Marktf\u00fchrerschaft und nachhaltiges Wachstum.\n<\/div>\n<\/div><\/div><\/div>\n<\/section><section class=\"bde-section-4004-114 bde-section\">\n  \n\t\n\n\n\n<div class=\"section-container\"><h2 class=\"bde-heading-4004-125 bde-heading\">\nDas R\u00e4tsel der Zuckerreduzierung l\u00f6sen: Jenseits der S\u00fc\u00dfe\n<\/h2><div class=\"bde-text-4004-124 bde-text\">\nDer Verzicht auf Zucker ist weitaus komplexer als das blo\u00dfe Ersetzen von S\u00fc\u00dfe. Zucker ist ein multifunktionales Arbeitspferd, das zur Textur, zum K\u00f6rper, zur Konservierung und zur allgemeinen Geschmacksbalance eines Produkts beitr\u00e4gt. Eine erfolgreiche Strategie zur Zuckerreduzierung muss daher ganzheitlich sein, indem sie die verschiedenen Funktionen des Zuckers dekonstruiert und jede von ihnen mit einem synergetischen Werkzeugkasten fortschrittlicher Inhaltsstoffe wieder aufbaut.\n<\/div><div class=\"bde-columns-4004-115 bde-columns\"><div class=\"bde-column-4004-116 bde-column\">\n  \n\t\n\n\n\n<h3 class=\"bde-heading-4004-118 bde-heading\">\n\ud83d\udca7Wiederherstellung von Mundgef\u00fchl und K\u00f6rper\n<\/h3><div class=\"bde-text-4004-119 bde-text\">\nMouthfeel &amp; Body Enhancers, einschlie\u00dflich spezieller Inhaltsstoffe auf Faserbasis, wurden entwickelt, um die reichhaltige, vollmundige Textur wiederherzustellen, die bei zuckerreduzierten Rezepturen verloren gegangen ist, und so ein zufriedenstellendes Verbrauchererlebnis zu gew\u00e4hrleisten.\n<\/div><h3 class=\"bde-heading-4004-120 bde-heading\">\n\ud83d\udee1\ufe0fMasking Nachgeschmack von S\u00fc\u00dfstoff\n<\/h3><div class=\"bde-text-4004-121 bde-text\">\nHochintensive S\u00fc\u00dfungsmittel wie Stevia k\u00f6nnen einen bitteren oder metallischen Nachgeschmack hinterlassen. Unsere speziellen Maskierungsmittel neutralisieren diesen Nachgeschmack und sorgen f\u00fcr ein sauberes, zucker\u00e4hnliches S\u00fc\u00dfeprofil.\n<\/div><h3 class=\"bde-heading-4004-126 bde-heading\">\n\ud83d\udc45 Verbesserung der allgemeinen Geschmackswahrnehmung\n<\/h3><div class=\"bde-text-4004-127 bde-text\">\nZucker dient auch als Geschmackstr\u00e4ger. Unsere S\u00fc\u00dfungsmodulatoren arbeiten synergetisch mit anderen Aromen in der Formulierung, um ein ausgewogenes und eindrucksvolles Geschmackserlebnis von Anfang bis Ende zu gew\u00e4hrleisten.\n<\/div>\n<\/div><div class=\"bde-column-4004-122 bde-column\">\n  \n\t\n\n\n\n<div class=\"bde-image-4004-123 bde-image\">\n<figure class=\"breakdance-image breakdance-image--4016\">\n\t<div class=\"breakdance-image-container\">\n\t\t<div class=\"breakdance-image-clip\"><img decoding=\"async\" class=\"breakdance-image-object\" src=\"https:\/\/ruikelaiglobal.com\/wp-content\/uploads\/2025\/08\/Solving-the-Sugar-Reduction-Puzzle-Beyond-Sweetness_RuikelaiGlobal.webp\" width=\"1200\" height=\"600\" srcset=\"https:\/\/ruikelaiglobal.com\/wp-content\/uploads\/2025\/08\/Solving-the-Sugar-Reduction-Puzzle-Beyond-Sweetness_RuikelaiGlobal.webp 1200w, https:\/\/ruikelaiglobal.com\/wp-content\/uploads\/2025\/08\/Solving-the-Sugar-Reduction-Puzzle-Beyond-Sweetness_RuikelaiGlobal-300x150.webp 300w, https:\/\/ruikelaiglobal.com\/wp-content\/uploads\/2025\/08\/Solving-the-Sugar-Reduction-Puzzle-Beyond-Sweetness_RuikelaiGlobal-1024x512.webp 1024w, https:\/\/ruikelaiglobal.com\/wp-content\/uploads\/2025\/08\/Solving-the-Sugar-Reduction-Puzzle-Beyond-Sweetness_RuikelaiGlobal-768x384.webp 768w, https:\/\/ruikelaiglobal.com\/wp-content\/uploads\/2025\/08\/Solving-the-Sugar-Reduction-Puzzle-Beyond-Sweetness_RuikelaiGlobal-18x9.webp 18w, https:\/\/ruikelaiglobal.com\/wp-content\/uploads\/2025\/08\/Solving-the-Sugar-Reduction-Puzzle-Beyond-Sweetness_RuikelaiGlobal-800x400.webp 800w\" sizes=\"(max-width: 1200px) 100vw, 1200px\" alt=\"\" title=\"\"><\/div>\n\t<\/div><\/figure>\n\n<\/div>\n<\/div><\/div><\/div>\n<\/section><section class=\"bde-section-4004-128 bde-section\">\n  \n\t\n\n\n\n<div class=\"section-container\"><div class=\"bde-columns-4004-129 bde-columns\"><div class=\"bde-column-4004-130 bde-column\">\n  \n\t\n\n\n\n<div class=\"bde-image-4004-131 bde-image\">\n<figure class=\"breakdance-image breakdance-image--4032\">\n\t<div class=\"breakdance-image-container\">\n\t\t<div class=\"breakdance-image-clip\"><img decoding=\"async\" class=\"breakdance-image-object\" src=\"https:\/\/ruikelaiglobal.com\/wp-content\/uploads\/2025\/08\/Mastering-Salt-Reduction-Rebuilding-the-Complete-Savory-Experience_RuikelaiGlobal-1.webp\" width=\"1200\" height=\"800\" srcset=\"https:\/\/ruikelaiglobal.com\/wp-content\/uploads\/2025\/08\/Mastering-Salt-Reduction-Rebuilding-the-Complete-Savory-Experience_RuikelaiGlobal-1.webp 1200w, https:\/\/ruikelaiglobal.com\/wp-content\/uploads\/2025\/08\/Mastering-Salt-Reduction-Rebuilding-the-Complete-Savory-Experience_RuikelaiGlobal-1-300x200.webp 300w, https:\/\/ruikelaiglobal.com\/wp-content\/uploads\/2025\/08\/Mastering-Salt-Reduction-Rebuilding-the-Complete-Savory-Experience_RuikelaiGlobal-1-1024x683.webp 1024w, https:\/\/ruikelaiglobal.com\/wp-content\/uploads\/2025\/08\/Mastering-Salt-Reduction-Rebuilding-the-Complete-Savory-Experience_RuikelaiGlobal-1-768x512.webp 768w, https:\/\/ruikelaiglobal.com\/wp-content\/uploads\/2025\/08\/Mastering-Salt-Reduction-Rebuilding-the-Complete-Savory-Experience_RuikelaiGlobal-1-18x12.webp 18w, https:\/\/ruikelaiglobal.com\/wp-content\/uploads\/2025\/08\/Mastering-Salt-Reduction-Rebuilding-the-Complete-Savory-Experience_RuikelaiGlobal-1-800x533.webp 800w\" sizes=\"(max-width: 1200px) 100vw, 1200px\" alt=\"\" title=\"\"><\/div>\n\t<\/div><\/figure>\n\n<\/div>\n<\/div><div class=\"bde-column-4004-132 bde-column\">\n  \n\t\n\n\n\n<h2 class=\"bde-heading-4004-133 bde-heading\">\nDie Salzreduzierung meistern: Die Wiederherstellung des kompletten Geschmackserlebnisses\n<\/h2><div class=\"bde-rich-text-4004-135 bde-rich-text breakdance-rich-text-styles\">\n<p>Der Beitrag des Salzes zum Geschmack ist eine dynamische Reise, nicht eine einzelne Note. Wir nennen dies die \"Salzkurve\": eine anf\u00e4ngliche salzige Wirkung, eine Phase mit verbessertem K\u00f6rper und Mundgef\u00fchl und ein sauberer Nachgeschmack. Wenn man Salz einfach wegl\u00e4sst oder durch Kaliumchlorid (KCl) ersetzt, wird diese Kurve unterbrochen, was zu einem flachen Geschmacksprofil und unerw\u00fcnschten bitteren oder metallischen Off-Noten f\u00fchrt. Der Ansatz von Ruikelai besteht darin, dieses gesamte sensorische Erlebnis neu zu gestalten. Wir verwenden eine Kombination aus <b>Hochwirksame salzige Geschmacksrichtungen<\/b> um den ersten salzigen Treffer zu landen, <b>umami-reiche Hefeextrakte<\/b> f\u00fcr geschmackliche Tiefe und Kokumi (\"Bissigkeit\"), und spezielle\u00a0<b>Mundgef\u00fchlsverbesserer<\/b> um alle Funktionen des Salzes nachzubilden und eine vollst\u00e4ndige und befriedigende sensorische Reise zu schaffen.<\/p>\n<\/div>\n<\/div><\/div><\/div>\n<\/section><section class=\"bde-section-4004-136 bde-section\">\n  \n\t\n\n\n\n<div class=\"section-container\"><h2 class=\"bde-heading-4004-137 bde-heading\">\nUnser Portfolio an Reduktionstechnologie\n<\/h2><div class=\"bde-grid-4004-139 bde-grid\">\n  \n\t\n\n\n\n<div class=\"bde-div-4004-140 bde-div\">\n              \n  \n\t\n\n  <div class=\"section-background-overlay\"><\/div>\n\n\n<div class=\"bde-text-4004-141 bde-text\">\n\ud83c\udf3f\n<\/div><h3 class=\"bde-heading-4004-142 bde-heading\">\nNat\u00fcrliche S\u00fc\u00dfkraftmodulatoren\n<\/h3><div class=\"bde-text-4004-143 bde-text\">\nUnsere Clean-Label-L\u00f6sungen verbessern die Wahrnehmung von S\u00fc\u00dfe und erm\u00f6glichen eine Zuckerreduktion von bis zu 30-50%. Sie sind so konzipiert, dass sie die Nebenger\u00e4usche von hochintensiven S\u00fc\u00dfungsmitteln \u00fcberdecken und einen ausgewogenen, zucker\u00e4hnlichen Geschmack liefern.\n<\/div>\n<\/div><div class=\"bde-div-4004-144 bde-div\">\n              \n  \n\t\n\n  <div class=\"section-background-overlay\"><\/div>\n\n\n<div class=\"bde-text-4004-145 bde-text\">\n\ud83e\uddc2 \n<\/div><h3 class=\"bde-heading-4004-146 bde-heading\">\nHochwirksame salzige Aromen &amp; Umami-Systeme\n<\/h3><div class=\"bde-text-4004-147 bde-text\">\nDiese Palette nat\u00fcrlicher Aromen, einschlie\u00dflich pflanzlicher Extrakte und Fermente, vermittelt einen stark salzigen Eindruck und erm\u00f6glicht eine erhebliche Natriumreduzierung (bis zu 40%) in Anwendungen wie Snacks und Wurstwaren. Diese werden mit unseren umamireichen Hefeextrakten gepaart, um die schmackhafte Tiefe und das Mundgef\u00fchl zu verst\u00e4rken.\n<\/div>\n<\/div><div class=\"bde-div-4004-148 bde-div\">\n              \n  \n\t\n\n  <div class=\"section-background-overlay\"><\/div>\n\n\n<div class=\"bde-text-4004-149 bde-text\">\n\ud83d\udca7\n<\/div><h3 class=\"bde-heading-4004-150 bde-heading\">\nMundgef\u00fchl &amp; K\u00f6rperverbesserer\n<\/h3><div class=\"bde-text-4004-151 bde-text\">\nUnser Portfolio an pflanzlichen Inhaltsstoffen stellt die Viskosit\u00e4t, Reichhaltigkeit und Textur wieder her, die beim Entfernen von Zucker oder Fett verloren gehen. Diese L\u00f6sungen sorgen f\u00fcr ein zufriedenstellendes Verbrauchererlebnis in Getr\u00e4nken, Milchprodukten und Backwaren und bieten das genussvolle Mundgef\u00fchl des kalorienreichen Originals.\n<\/div>\n<\/div>\n<\/div><\/div>\n<\/section><section class=\"bde-section-4004-156 bde-section\">\n  \n\t\n\n\n\n<div class=\"section-container\"><div class=\"bde-columns-4004-157 bde-columns\"><div class=\"bde-column-4004-160 bde-column\">\n  \n\t\n\n\n\n<h2 class=\"bde-heading-4004-161 bde-heading\">\nErfolgsgeschichte einer Anwendung: Ein natriumarmes Snackgew\u00fcrz\n<\/h2><div class=\"bde-rich-text-4004-163 bde-rich-text breakdance-rich-text-styles\">\n<p><span style=\"color: #cb342d;\"><b>Die Herausforderung:<\/b><\/span> Eine f\u00fchrende Snackmarke musste den Natriumgehalt ihres meistverkauften BBQ-Gew\u00fcrzes um 35% reduzieren, ohne den von den Verbrauchern gesch\u00e4tzten kr\u00e4ftigen Geschmack zu beeintr\u00e4chtigen.<span class=\"button-container hide-from-message-actions ng-star-inserted\">\u00a0<\/span><\/p>\n<p><span style=\"color: #cb342d;\"><b>Die L\u00f6sung:<\/b><\/span> Wir haben eine ma\u00dfgeschneiderte L\u00f6sung entwickelt, um das gesamte sensorische Profil wiederherzustellen. Wir kombinierten eine <b>hochgradig salziger Geschmack<\/b> f\u00fcr den ersten Geschmack, eine <b>Engel Hefe FA62 Extrakt<\/b> f\u00fcr Umami-Tiefe und pikante Komplexit\u00e4t, und ein Hauch von <b>ger\u00e4ucherter Paprikaextrakt<\/b> um das authentische BBQ-Geschmacksprofil zu erreichen.<\/p>\n<p><span style=\"color: #cb342d;\"><b>Das Ergebnis:<\/b><\/span> Die neu formulierte W\u00fcrzmischung erreichte das Ziel der Natriumreduzierung von 35%, w\u00e4hrend Verbraucherpaneltests best\u00e4tigten, dass sie dem Geschmacksprofil und der allgemeinen Pr\u00e4ferenz des Originals entsprach. Dieser Erfolg unterstreicht unsere F\u00e4higkeit, Gesundheitsziele zu erreichen, ohne den Geschmack zu beeintr\u00e4chtigen.<\/p>\n<\/div>\n<\/div><div class=\"bde-column-4004-158 bde-column\">\n  \n\t\n\n\n\n<div class=\"bde-image-4004-159 bde-image\">\n<figure class=\"breakdance-image breakdance-image--4046\">\n\t<div class=\"breakdance-image-container\">\n\t\t<div class=\"breakdance-image-clip\"><img decoding=\"async\" class=\"breakdance-image-object\" src=\"https:\/\/ruikelaiglobal.com\/wp-content\/uploads\/2025\/08\/Application-Success-Story-A-Low-Sodium-Snack-Seasoning_RuikelaiGlobal.webp\" width=\"1200\" height=\"596\" srcset=\"https:\/\/ruikelaiglobal.com\/wp-content\/uploads\/2025\/08\/Application-Success-Story-A-Low-Sodium-Snack-Seasoning_RuikelaiGlobal.webp 1200w, https:\/\/ruikelaiglobal.com\/wp-content\/uploads\/2025\/08\/Application-Success-Story-A-Low-Sodium-Snack-Seasoning_RuikelaiGlobal-300x149.webp 300w, https:\/\/ruikelaiglobal.com\/wp-content\/uploads\/2025\/08\/Application-Success-Story-A-Low-Sodium-Snack-Seasoning_RuikelaiGlobal-1024x509.webp 1024w, https:\/\/ruikelaiglobal.com\/wp-content\/uploads\/2025\/08\/Application-Success-Story-A-Low-Sodium-Snack-Seasoning_RuikelaiGlobal-768x381.webp 768w, https:\/\/ruikelaiglobal.com\/wp-content\/uploads\/2025\/08\/Application-Success-Story-A-Low-Sodium-Snack-Seasoning_RuikelaiGlobal-18x9.webp 18w, https:\/\/ruikelaiglobal.com\/wp-content\/uploads\/2025\/08\/Application-Success-Story-A-Low-Sodium-Snack-Seasoning_RuikelaiGlobal-800x397.webp 800w\" sizes=\"(max-width: 1200px) 100vw, 1200px\" alt=\"\" title=\"\"><\/div>\n\t<\/div><\/figure>\n\n<\/div>\n<\/div><\/div><\/div>\n<\/section><section class=\"bde-section-4004-164 bde-section\">\n  \n\t\n\n\n\n<div class=\"section-container\"><div class=\"bde-columns-4004-165 bde-columns\"><div class=\"bde-column-4004-166 bde-column\">\n  \n\t\n\n\n\n<div class=\"bde-image-4004-167 bde-image\">\n<figure class=\"breakdance-image breakdance-image--4053\">\n\t<div class=\"breakdance-image-container\">\n\t\t<div class=\"breakdance-image-clip\"><img decoding=\"async\" class=\"breakdance-image-object\" src=\"https:\/\/ruikelaiglobal.com\/wp-content\/uploads\/2025\/08\/Reformulate-the-formula_RuikelaiGlobal.webp\" width=\"1200\" height=\"800\" srcset=\"https:\/\/ruikelaiglobal.com\/wp-content\/uploads\/2025\/08\/Reformulate-the-formula_RuikelaiGlobal.webp 1200w, https:\/\/ruikelaiglobal.com\/wp-content\/uploads\/2025\/08\/Reformulate-the-formula_RuikelaiGlobal-300x200.webp 300w, https:\/\/ruikelaiglobal.com\/wp-content\/uploads\/2025\/08\/Reformulate-the-formula_RuikelaiGlobal-1024x683.webp 1024w, https:\/\/ruikelaiglobal.com\/wp-content\/uploads\/2025\/08\/Reformulate-the-formula_RuikelaiGlobal-768x512.webp 768w, https:\/\/ruikelaiglobal.com\/wp-content\/uploads\/2025\/08\/Reformulate-the-formula_RuikelaiGlobal-18x12.webp 18w, https:\/\/ruikelaiglobal.com\/wp-content\/uploads\/2025\/08\/Reformulate-the-formula_RuikelaiGlobal-800x533.webp 800w\" sizes=\"(max-width: 1200px) 100vw, 1200px\" alt=\"\" title=\"\"><\/div>\n\t<\/div><\/figure>\n\n<\/div>\n<\/div><div class=\"bde-column-4004-168 bde-column\">\n  \n\t\n\n\n\n<h2 class=\"bde-heading-4004-169 bde-heading\">\nLassen Sie uns gemeinsam neu formulieren\n<\/h2><div class=\"bde-text-4004-170 bde-text\">\nJedes Reformulierungsprojekt ist einzigartig. Der Erfolg Ihres Produkts h\u00e4ngt von einer L\u00f6sung ab, die auf Ihre spezifischen Produkt-, Prozess- und Kennzeichnungsanforderungen zugeschnitten ist. Wir laden Sie zu einer Partnerschaft mit dem engagierten technischen Team von Ruikelai ein. Lassen Sie uns \u00fcber den einfachen Austausch von Zutaten hinausgehen und gemeinsam eine ma\u00dfgeschneiderte L\u00f6sung entwickeln, die Ihre Gesundheitsziele erf\u00fcllt und die Erwartungen Ihrer Verbraucher \u00fcbertrifft.\n<\/div><div class=\"bde-button-4004-171 bde-button\">\n    \n                                    \n    \n    \n    \n    \n            \n                    \n            \n                           \n                       \n                 \n\n    \n    \n    \n                    \n    \n    <a class=\"breakdance-link button-atom button-atom--custom bde-button__button\" href=\"#\" target=\"_self\" data-type=\"action\"  data-action='{\"type\":\"popup\",\"popupOptions\":{\"popupId\":\"3392\",\"popupAction\":\"toggle\"}}' >\n\n    \n        <span class=\"button-atom__text\">Starten Sie Ihr Reformulierungsprojekt<\/span>\n\n        \n        \n                <\/a>\n\n    \n\n\n<\/div><div class=\"bde-div-4004-176 bde-div\">\n  \n\t\n\n\n\n<div class=\"bde-text-4004-177 bde-text\">\nWeitergeben:\n<\/div><div class=\"bde-social-icons-4004-178 bde-social-icons\">\n                  \n            \n            \n\n    \n    \n    \n    \n    \n    <a class=\"breakdance-link bde-social-icons__icon-wrapper bde-social-icons__icon-facebook\" href=\"https:\/\/www.facebook.com\/RuikelaiGlobal\" target=\"_self\" data-type=\"url\" aria-label=\"facebook\" rel=\"nofollow noopener\">\n\n             <svg xmlns=\"http:\/\/www.w3.org\/2000\/svg\" width=\"100%\" viewbox=\"0 0 24 24\">\n            <path d=\"M9 8h-3v4h3v12h5v-12h3.642l.358-4h-4v-1.667c0-.955.192-1.333 1.115-1.333h2.885v-5h-3.808c-3.596 0-5.192 1.583-5.192 4.615v3.385z\"\/>\n       <\/svg>\n              <\/a>\n\n                    \n            \n            \n\n    \n    \n    \n    \n    \n    <a class=\"breakdance-link bde-social-icons__icon-wrapper bde-social-icons__icon-twitter\" href=\"https:\/\/twitter.com\/RuikelaiGlobal\" target=\"_self\" data-type=\"url\" aria-label=\"twitter\" rel=\"nofollow noopener\">\n\n              <svg xmlns=\"http:\/\/www.w3.org\/2000\/svg\" width=\"100%\" viewbox=\"0 0 512 512\">\n          <path d=\"M389.2 48h70.6L305.6 224.2 487 464H345L233.7 318.6 106.5 464H35.8L200.7 275.5 26.8 48H172.4L272.9 180.9 389.2 48zM364.4 421.8h39.1L151.1 88h-42L364.4 421.8z\" \/>\n        <\/svg>\n              <\/a>\n\n                    \n            \n            \n\n    \n    \n    \n    \n    \n    <a class=\"breakdance-link bde-social-icons__icon-wrapper bde-social-icons__icon-instagram\" href=\"https:\/\/www.instagram.com\/ruikelai_global\" target=\"_self\" data-type=\"url\" aria-label=\"instagram\" rel=\"nofollow noopener\">\n\n             <svg xmlns=\"http:\/\/www.w3.org\/2000\/svg\" width=\"100%\" viewbox=\"0 0 24 24\">\n            <path d=\"M12 2.163c3.204 0 3.584.012 4.85.07 3.252.148 4.771 1.691 4.919 4.919.058 1.265.069 1.645.069 4.849 0 3.205-.012 3.584-.069 4.849-.149 3.225-1.664 4.771-4.919 4.919-1.266.058-1.644.07-4.85.07-3.204 0-3.584-.012-4.849-.07-3.26-.149-4.771-1.699-4.919-4.92-.058-1.265-.07-1.644-.07-4.849 0-3.204.013-3.583.07-4.849.149-3.227 1.664-4.771 4.919-4.919 1.266-.057 1.645-.069 4.849-.069zm0-2.163c-3.259 0-3.667.014-4.947.072-4.358.2-6.78 2.618-6.98 6.98-.059 1.281-.073 1.689-.073 4.948 0 3.259.014 3.668.072 4.948.2 4.358 2.618 6.78 6.98 6.98 1.281.058 1.689.072 4.948.072 3.259 0 3.668-.014 4.948-.072 4.354-.2 6.782-2.618 6.979-6.98.059-1.28.073-1.689.073-4.948 0-3.259-.014-3.667-.072-4.947-.196-4.354-2.617-6.78-6.979-6.98-1.281-.059-1.69-.073-4.949-.073zm0 5.838c-3.403 0-6.162 2.759-6.162 6.162s2.759 6.163 6.162 6.163 6.162-2.759 6.162-6.163c0-3.403-2.759-6.162-6.162-6.162zm0 10.162c-2.209 0-4-1.79-4-4 0-2.209 1.791-4 4-4s4 1.791 4 4c0 2.21-1.791 4-4 4zm6.406-11.845c-.796 0-1.441.645-1.441 1.44s.645 1.44 1.441 1.44c.795 0 1.439-.645 1.439-1.44s-.644-1.44-1.439-1.44z\"\/>\n       <\/svg>\n              <\/a>\n\n                    \n            \n            \n\n    \n    \n    \n    \n    \n    <a class=\"breakdance-link bde-social-icons__icon-wrapper bde-social-icons__icon-youtube\" href=\"https:\/\/www.youtube.com\/@RuikelaiGlobal\" target=\"_self\" data-type=\"url\" aria-label=\"youtube\" rel=\"nofollow noopener\">\n\n             <svg xmlns=\"http:\/\/www.w3.org\/2000\/svg\" width=\"100%\" viewbox=\"0 0 24 24\">\n            <path d=\"M19.615 3.184c-3.604-.246-11.631-.245-15.23 0-3.897.266-4.356 2.62-4.385 8.816.029 6.185.484 8.549 4.385 8.816 3.6.245 11.626.246 15.23 0 3.897-.266 4.356-2.62 4.385-8.816-.029-6.185-.484-8.549-4.385-8.816zm-10.615 12.816v-8l8 3.993-8 4.007z\"\/>\n       <\/svg>\n              <\/a>\n\n                    \n            \n            \n\n    \n    \n    \n    \n    \n    <a class=\"breakdance-link bde-social-icons__icon-wrapper bde-social-icons__icon-custom\" href=\"mailto:ruikelai@outlook.com?subject=Hi\uff0cI\u2018ll get inHi, I'll Get in Touch for Tailored Flavor Solutions&body=Hi, Mia\" target=\"_self\" data-type=\"contact\" aria-label=\"benutzerdefinierte\" >\n\n                        <svg xmlns=\"http:\/\/www.w3.org\/2000\/svg\" id=\"icon-mail\" viewbox=\"0 0 32 32\">\n<path d=\"M26.666 0h-21.332c-2.934 0-5.334 2.4-5.334 5.333v21.333c0 2.934 2.4 5.334 5.334 5.334h21.332c2.936 0 5.334-2.4 5.334-5.334v-21.333c0-2.934-2.398-5.333-5.334-5.333zM8 8h16c0.286 0 0.563 0.061 0.817 0.177l-8.817 10.286-8.817-10.287c0.254-0.116 0.531-0.177 0.817-0.177zM6 22v-12c0-0.042 0.002-0.084 0.004-0.125l5.864 6.842-5.8 5.8c-0.045-0.167-0.069-0.34-0.069-0.517zM24 24h-16c-0.177 0-0.35-0.024-0.517-0.069l5.691-5.691 2.826 3.297 2.826-3.297 5.691 5.691c-0.167 0.045-0.34 0.069-0.517 0.069zM26 22c0 0.177-0.024 0.35-0.069 0.517l-5.8-5.8 5.864-6.842c0.003 0.041 0.004 0.083 0.004 0.125v12z\"\/>\n<\/svg>\n                      <\/a>\n\n    \n<\/div>\n<\/div>\n<\/div><\/div><\/div>\n<\/section>","protected":false},"excerpt":{"rendered":"<p>Healthier Products, Uncompromised Taste: Advanced Sugar and Salt Reduction Solutions Meet global health targets and consumer demand. Our integrated solutions enable significant sugar and salt reduction while preserving the sensory experience your customers expect. Explore Reduction Solutions The Global Mandate for Healthier Formulations A powerful convergence of regulatory pressure and consumer demand has placed sugar [&hellip;]<\/p>\n","protected":false},"author":1,"featured_media":4006,"parent":0,"menu_order":0,"comment_status":"closed","ping_status":"closed","template":"","meta":{"_breakdance_hide_in_design_set":false,"_breakdance_tags":"","footnotes":""},"class_list":["post-4004","page","type-page","status-publish","has-post-thumbnail","hentry"],"_links":{"self":[{"href":"https:\/\/ruikelaiglobal.com\/de\/wp-json\/wp\/v2\/pages\/4004","targetHints":{"allow":["GET"]}}],"collection":[{"href":"https:\/\/ruikelaiglobal.com\/de\/wp-json\/wp\/v2\/pages"}],"about":[{"href":"https:\/\/ruikelaiglobal.com\/de\/wp-json\/wp\/v2\/types\/page"}],"author":[{"embeddable":true,"href":"https:\/\/ruikelaiglobal.com\/de\/wp-json\/wp\/v2\/users\/1"}],"replies":[{"embeddable":true,"href":"https:\/\/ruikelaiglobal.com\/de\/wp-json\/wp\/v2\/comments?post=4004"}],"version-history":[{"count":72,"href":"https:\/\/ruikelaiglobal.com\/de\/wp-json\/wp\/v2\/pages\/4004\/revisions"}],"predecessor-version":[{"id":4820,"href":"https:\/\/ruikelaiglobal.com\/de\/wp-json\/wp\/v2\/pages\/4004\/revisions\/4820"}],"wp:featuredmedia":[{"embeddable":true,"href":"https:\/\/ruikelaiglobal.com\/de\/wp-json\/wp\/v2\/media\/4006"}],"wp:attachment":[{"href":"https:\/\/ruikelaiglobal.com\/de\/wp-json\/wp\/v2\/media?parent=4004"}],"curies":[{"name":"wp","href":"https:\/\/api.w.org\/{rel}","templated":true}]}}