{"id":1745,"date":"2025-04-06T03:41:36","date_gmt":"2025-04-06T03:41:36","guid":{"rendered":"https:\/\/ruikelaiglobal.com\/?page_id=1745"},"modified":"2025-04-08T12:35:33","modified_gmt":"2025-04-08T12:35:33","slug":"terms-of-use","status":"publish","type":"page","link":"https:\/\/ruikelaiglobal.com\/de\/terms-of-use\/","title":{"rendered":"Nutzungsbedingungen"},"content":{"rendered":"<section class=\"bde-section-1745-100 bde-section\">\n  \n\t\n\n\n\n<div class=\"section-container\"><div class=\"bde-rich-text-1745-101 bde-rich-text breakdance-rich-text-styles\">\n<h1>Nutzungsbedingungen<\/h1>\n<p><\/p>\n<p><strong>Datum des Inkrafttretens: April 2, 2025<\/strong><\/p>\n<p> <\/p>\n<p>Willkommen bei <strong>RUIKELAI GLOBAL<\/strong>die Online-Pr\u00e4senz von <strong>Qingdao Ruikelai Food Ingredients Co, Ltd.<\/strong> (\"Unternehmen\", \"wir\", \"uns\", oder \"unser\"). Diese Nutzungsbedingungen (\"Bedingungen\") regeln Ihren Zugang zu und Ihre Nutzung unserer Website unter der Adresse <strong><a class=\"\" href=\"https:\/\/ruikelaiglobal.com\/de\/\">https:\/\/ruikelaiglobal.com<\/a><\/strong> (die \"Website\"), einschlie\u00dflich aller Inhalte, Funktionen und Dienstleistungen, die auf oder \u00fcber die Website angeboten werden. Durch den Zugriff auf die Website oder deren Nutzung erkl\u00e4ren Sie sich mit diesen Bedingungen einverstanden. Wenn Sie mit diesen Bedingungen nicht einverstanden sind, nutzen Sie die Website bitte nicht.<\/p>\n<p> <\/p>\n<hr class=\"wp-block-separator has-alpha-channel-opacity\" \/>\n<p> <\/p>\n<h2 class=\"wp-block-heading\">1. Akzeptanz der Bedingungen<\/h2>\n<p> <\/p>\n<p>Indem Sie auf Ruikelai Global zugreifen oder Ruikelai Global nutzen, best\u00e4tigen Sie, dass Sie diese Bedingungen und alle zus\u00e4tzlichen Richtlinien, Leitlinien oder Regeln, die von Zeit zu Zeit auf der Website ver\u00f6ffentlicht werden k\u00f6nnen, gelesen und verstanden haben und damit einverstanden sind.<\/p>\n<p> <\/p>\n<hr class=\"wp-block-separator has-alpha-channel-opacity\" \/>\n<p> <\/p>\n<h2 class=\"wp-block-heading\">2. Nutzung der Website<\/h2>\n<p> <\/p>\n<h3 class=\"wp-block-heading\">2.1. F\u00f6rderungsw\u00fcrdigkeit<\/h3>\n<p> <\/p>\n<p>Sie erkl\u00e4ren und garantieren, dass Sie mindestens 18 Jahre alt und in der Lage sind, eine rechtsverbindliche Vereinbarung zu treffen. Wenn Sie auf die Website im Namen einer juristischen Person zugreifen oder sie nutzen, versichern Sie, dass Sie die Befugnis haben, diese juristische Person an diese Bedingungen zu binden.<\/p>\n<p> <\/p>\n<h3 class=\"wp-block-heading\">2.2. Zul\u00e4ssige Nutzung<\/h3>\n<p> <\/p>\n<p>Sie d\u00fcrfen die Website nur f\u00fcr rechtm\u00e4\u00dfige Zwecke und in \u00dcbereinstimmung mit diesen Bedingungen nutzen. Sie verpflichten sich, die Website nicht zu nutzen:<\/p>\n<p> <\/p>\n<ul class=\"wp-block-list\">\n<li>in einer Weise, die gegen geltende lokale, staatliche, nationale oder internationale Gesetze oder Vorschriften verst\u00f6\u00dft.<\/li>\n \n<li>sich an betr\u00fcgerischen, missbr\u00e4uchlichen oder sch\u00e4dlichen Aktivit\u00e4ten zu beteiligen oder diese zu f\u00f6rdern.<\/li>\n \n<li>Viren oder andere Computercodes, Dateien oder Programme zu \u00fcbertragen, die die Funktionalit\u00e4t von Computersoftware oder -hardware unterbrechen, zerst\u00f6ren oder einschr\u00e4nken k\u00f6nnen.<\/li>\n<\/ul>\n<p> <\/p>\n<hr class=\"wp-block-separator has-alpha-channel-opacity\" \/>\n<p> <\/p>\n<h2 class=\"wp-block-heading\">3. Rechte an geistigem Eigentum<\/h2>\n<p> <\/p>\n<p>Der gesamte Inhalt von Ruikelai Global, einschlie\u00dflich, aber nicht beschr\u00e4nkt auf Text, Grafiken, Logos, Bilder, Audioclips, digitale Downloads, Datenzusammenstellungen und Software, ist Eigentum von Qingdao Ruikelai Food Ingredients Co., Ltd. oder seinen Inhaltslieferanten und ist durch internationale Urheberrechts- und Markengesetze gesch\u00fctzt.<\/p>\n<p> <\/p>\n<p>Es ist Ihnen nicht gestattet, Inhalte ohne unsere vorherige schriftliche Genehmigung zu vervielf\u00e4ltigen, zu verbreiten, zu ver\u00e4ndern, zu bearbeiten, \u00f6ffentlich auszustellen oder anderweitig zu nutzen, es sei denn, dies ist in diesen Bedingungen ausdr\u00fccklich gestattet.<\/p>\n<p> <\/p>\n<hr class=\"wp-block-separator has-alpha-channel-opacity\" \/>\n<p> <\/p>\n<h2 class=\"wp-block-heading\">4. Benutzer Inhalt<\/h2>\n<p> <\/p>\n<p>Sie haben m\u00f6glicherweise die M\u00f6glichkeit, Kommentare, Feedback oder andere Inhalte (\"Benutzerinhalte\") an die Website zu \u00fcbermitteln. Durch das Einstellen von Benutzerinhalten gew\u00e4hren Sie uns eine nicht-exklusive, geb\u00fchrenfreie, weltweite, unbefristete und unwiderrufliche Lizenz zur Nutzung, Reproduktion, \u00c4nderung, Anpassung, Ver\u00f6ffentlichung, \u00dcbersetzung, Verbreitung und Anzeige solcher Inhalte auf der Website und in Verbindung mit unserem Gesch\u00e4ft.<\/p>\n<p> <\/p>\n<p>Sie versichern, dass Ihre Benutzerinhalte nicht die geistigen Eigentumsrechte oder andere Rechte Dritter verletzen und dass sie mit allen geltenden Gesetzen \u00fcbereinstimmen.<\/p>\n<p> <\/p>\n<hr class=\"wp-block-separator has-alpha-channel-opacity\" \/>\n<p> <\/p>\n<h2 class=\"wp-block-heading\">5. Haftungsausschl\u00fcsse und Haftungsbeschr\u00e4nkung<\/h2>\n<p> <\/p>\n<h3 class=\"wp-block-heading\">5.1. Ausschluss von Garantien<\/h3>\n<p> <\/p>\n<p>Die Website und alle Informationen, Inhalte, Materialien und Dienstleistungen, die auf oder \u00fcber die Website zur Verf\u00fcgung gestellt werden, werden ohne jegliche ausdr\u00fcckliche oder stillschweigende Gew\u00e4hrleistungen bereitgestellt. Wir garantieren nicht, dass die Website ununterbrochen, fehlerfrei oder vollst\u00e4ndig sicher sein wird.<\/p>\n<p> <\/p>\n<h3 class=\"wp-block-heading\">5.2. Begrenzung der Haftung<\/h3>\n<p> <\/p>\n<p>In keinem Fall haften Qingdao Ruikelai Food Ingredients Co., Ltd, ihre Tochtergesellschaften oder ihre Lizenzgeber f\u00fcr direkte, indirekte, zuf\u00e4llige, besondere oder Folgesch\u00e4den, die sich aus der Nutzung oder der Unm\u00f6glichkeit der Nutzung der Website ergeben, selbst wenn wir auf die M\u00f6glichkeit solcher Sch\u00e4den hingewiesen wurden.<\/p>\n<p> <\/p>\n<hr class=\"wp-block-separator has-alpha-channel-opacity\" \/>\n<p> <\/p>\n<h2 class=\"wp-block-heading\">6. Externe Links<\/h2>\n<p> <\/p>\n<p>Die Website kann Links zu Websites Dritter enthalten, die sich nicht in unserem Besitz befinden oder von uns kontrolliert werden. Wir haben keine Kontrolle \u00fcber und \u00fcbernehmen keine Verantwortung f\u00fcr den Inhalt, die Datenschutzrichtlinien oder die Praktiken von Websites oder Diensten Dritter. Sie erkennen an und erkl\u00e4ren sich damit einverstanden, dass wir weder direkt noch indirekt f\u00fcr Sch\u00e4den oder Verluste verantwortlich oder haftbar sind, die durch oder in Verbindung mit Ihrer Nutzung einer Website Dritter entstehen.<\/p>\n<p> <\/p>\n<hr class=\"wp-block-separator has-alpha-channel-opacity\" \/>\n<p> <\/p>\n<h2 class=\"wp-block-heading\">7. Geltendes Recht<\/h2>\n<p> <\/p>\n<p>Diese Bedingungen unterliegen den Gesetzen der Volksrepublik China und sind in \u00dcbereinstimmung mit diesen auszulegen, ohne R\u00fccksicht auf die Bestimmungen des Kollisionsrechts. Alle Klagen oder Verfahren, die sich aus diesen Bedingungen ergeben oder mit ihnen in Zusammenhang stehen, werden ausschlie\u00dflich vor den zust\u00e4ndigen Gerichten in Pingdu verhandelt, und Sie stimmen hiermit der pers\u00f6nlichen Zust\u00e4ndigkeit dieser Gerichte zu.<\/p>\n<p> <\/p>\n<hr class=\"wp-block-separator has-alpha-channel-opacity\" \/>\n<p> <\/p>\n<h2 class=\"wp-block-heading\">8. \u00c4nderungen der vorliegenden Bedingungen<\/h2>\n<p> <\/p>\n<p>Wir behalten uns das Recht vor, diese Bedingungen jederzeit zu \u00e4ndern oder zu aktualisieren. Jegliche \u00c4nderungen treten unmittelbar nach ihrer Ver\u00f6ffentlichung auf der Website in Kraft, und Ihre fortgesetzte Nutzung der Website gilt als Zustimmung zu diesen \u00c4nderungen. Wir empfehlen Ihnen, diese Bedingungen regelm\u00e4\u00dfig zu \u00fcberpr\u00fcfen.<\/p>\n<p> <\/p>\n<hr class=\"wp-block-separator has-alpha-channel-opacity\" \/>\n<p> <\/p>\n<h2 class=\"wp-block-heading\">9. Beendigung<\/h2>\n<p> <\/p>\n<p>Wir k\u00f6nnen Ihren Zugang zur Website sofort und ohne vorherige Ank\u00fcndigung oder Haftung aus beliebigen Gr\u00fcnden k\u00fcndigen oder aussetzen, auch wenn Sie gegen diese Bedingungen versto\u00dfen. Mit der K\u00fcndigung erlischt Ihr Recht zur Nutzung der Website sofort.<\/p>\n<p> <\/p>\n<hr class=\"wp-block-separator has-alpha-channel-opacity\" \/>\n<p> <\/p>\n<h2 class=\"wp-block-heading\">10. Kontaktinformationen<\/h2>\n<p> <\/p>\n<p>Wenn Sie Fragen oder Bedenken bez\u00fcglich dieser Bedingungen oder der Website haben, wenden Sie sich bitte an uns:<\/p>\n<p> <\/p>\n<p><strong>Qingdao Ruikelai Food Ingredients Co, Ltd.<\/strong><br \/>E-Mail: info@ruikelaiglobal.com<br \/>Adresse: No.277 Chongqing Rd, Pingdu Ecnomic Development Zone, Qingdao City, Shandong Province, China<\/p>\n<p> <\/p>\n<hr class=\"wp-block-separator has-alpha-channel-opacity\" \/>\n<p> <\/p>\n<p><em>Durch die Verwendung von <strong>Ruikelai Global<\/strong>best\u00e4tigen Sie, dass Sie diese Nutzungsbedingungen gelesen haben und sich mit ihnen einverstanden erkl\u00e4ren.<\/em><\/p>\n<p><\/p>\n<\/div><\/div>\n<\/section>","protected":false},"excerpt":{"rendered":"<p>Terms of Use Effective Date: April 2, 2025 Welcome to RUIKELAI GLOBAL, the online presence of Qingdao Ruikelai Food Ingredients Co., Ltd. (\u201cCompany\u201d, \u201cwe\u201d, \u201cus\u201d, or \u201cour\u201d). These Terms of Use (\u201cTerms\u201d) govern your access to and use of our website located at https:\/\/ruikelaiglobal.com (the \u201cSite\u201d), including all content, features, and services offered on or [&hellip;]<\/p>\n","protected":false},"author":1,"featured_media":0,"parent":0,"menu_order":0,"comment_status":"closed","ping_status":"closed","template":"","meta":{"_breakdance_hide_in_design_set":false,"_breakdance_tags":"","footnotes":""},"class_list":["post-1745","page","type-page","status-publish","hentry"],"_links":{"self":[{"href":"https:\/\/ruikelaiglobal.com\/de\/wp-json\/wp\/v2\/pages\/1745","targetHints":{"allow":["GET"]}}],"collection":[{"href":"https:\/\/ruikelaiglobal.com\/de\/wp-json\/wp\/v2\/pages"}],"about":[{"href":"https:\/\/ruikelaiglobal.com\/de\/wp-json\/wp\/v2\/types\/page"}],"author":[{"embeddable":true,"href":"https:\/\/ruikelaiglobal.com\/de\/wp-json\/wp\/v2\/users\/1"}],"replies":[{"embeddable":true,"href":"https:\/\/ruikelaiglobal.com\/de\/wp-json\/wp\/v2\/comments?post=1745"}],"version-history":[{"count":5,"href":"https:\/\/ruikelaiglobal.com\/de\/wp-json\/wp\/v2\/pages\/1745\/revisions"}],"predecessor-version":[{"id":1883,"href":"https:\/\/ruikelaiglobal.com\/de\/wp-json\/wp\/v2\/pages\/1745\/revisions\/1883"}],"wp:attachment":[{"href":"https:\/\/ruikelaiglobal.com\/de\/wp-json\/wp\/v2\/media?parent=1745"}],"curies":[{"name":"wp","href":"https:\/\/api.w.org\/{rel}","templated":true}]}}